{"id":1509,"date":"2015-03-21T21:35:19","date_gmt":"2015-03-21T20:35:19","guid":{"rendered":"https:\/\/www.upo.es\/gepdo\/?page_id=1509"},"modified":"2016-03-19T11:57:04","modified_gmt":"2016-03-19T10:57:04","slug":"alicia-perez-garcia","status":"publish","type":"page","link":"https:\/\/www.upo.es\/gepdo\/quienes-somos\/alicia-perez-garcia\/","title":{"rendered":"Alicia P\u00e9rez Garc\u00eda"},"content":{"rendered":"<h3 style=\"text-align: justify\"><a href=\"https:\/\/www.upo.es\/gepdo\/wp-content\/uploads\/2015\/03\/foto.jpg\"><img decoding=\"async\" loading=\"lazy\" class=\"alignleft wp-image-1510 size-medium\" src=\"https:\/\/www.upo.es\/gepdo\/wp-content\/uploads\/2015\/03\/foto-300x247.jpg\" alt=\"foto\" width=\"300\" height=\"247\" srcset=\"https:\/\/www.upo.es\/gepdo\/wp-content\/uploads\/2015\/03\/foto-300x247.jpg 300w, https:\/\/www.upo.es\/gepdo\/wp-content\/uploads\/2015\/03\/foto-181x150.jpg 181w, https:\/\/www.upo.es\/gepdo\/wp-content\/uploads\/2015\/03\/foto-150x123.jpg 150w, https:\/\/www.upo.es\/gepdo\/wp-content\/uploads\/2015\/03\/foto.jpg 718w\" sizes=\"(max-width: 300px) 100vw, 300px\" \/><\/a>Arquitecta por la Escuela T\u00e9cnica Superior de Arquitectura de Sevilla (2003). Durante m\u00e1s de diez a\u00f1os, mi principal actividad se ha centrado en la rehabilitaci\u00f3n de infravivienda dentro de los programas de la Administraci\u00f3n Regional de Andaluc\u00eda. Dentro de este marco profesional, al conocimiento t\u00e9cnico, hay que sumarle la componente social de an\u00e1lisis, seguimiento y evaluaci\u00f3n de la problem\u00e1tica de la poblaci\u00f3n afectada, lo que sumado a mis a\u00f1os como expatriada en Marruecos y Cuba ha derivado en la decisi\u00f3n de combinar el trabajo como arquitecta con una formaci\u00f3n en el marco de lo social, diplom\u00e1ndome en Resoluci\u00f3n de Conflictos y Cultura de Paz en la Escola de Cultura de Pau de la UAB (2009) y realizando el M\u00e1ster de G\u00e9nero e Igualdad de Oportunidades de la Universidad Pablo Olavide (2014).<\/h3>\n<h3 style=\"text-align: justify\">Actualmente estoy cursando el doctorado en Ciencias Sociales en la UPO con un proyecto de Tesis sobre: Ciudad, Desarrollo Humano y Trabajos de Cuidados desde una perspectiva de G\u00e9nero.<\/h3>\n","protected":false},"excerpt":{"rendered":"<p>Arquitecta por la Escuela T\u00e9cnica Superior de Arquitectura de Sevilla (2003). Durante m\u00e1s de diez a\u00f1os, mi principal actividad se ha centrado en la rehabilitaci\u00f3n de infravivienda dentro de los programas de la Administraci\u00f3n Regional de Andaluc\u00eda. Dentro de este marco profesional, al conocimiento t\u00e9cnico, hay que sumarle la componente social de an\u00e1lisis, seguimiento y&hellip;<\/p>\n","protected":false},"author":3,"featured_media":0,"parent":227,"menu_order":15,"comment_status":"closed","ping_status":"open","template":"template-onecolumn.php","meta":[],"_links":{"self":[{"href":"https:\/\/www.upo.es\/gepdo\/wp-json\/wp\/v2\/pages\/1509"}],"collection":[{"href":"https:\/\/www.upo.es\/gepdo\/wp-json\/wp\/v2\/pages"}],"about":[{"href":"https:\/\/www.upo.es\/gepdo\/wp-json\/wp\/v2\/types\/page"}],"author":[{"embeddable":true,"href":"https:\/\/www.upo.es\/gepdo\/wp-json\/wp\/v2\/users\/3"}],"replies":[{"embeddable":true,"href":"https:\/\/www.upo.es\/gepdo\/wp-json\/wp\/v2\/comments?post=1509"}],"version-history":[{"count":5,"href":"https:\/\/www.upo.es\/gepdo\/wp-json\/wp\/v2\/pages\/1509\/revisions"}],"predecessor-version":[{"id":1792,"href":"https:\/\/www.upo.es\/gepdo\/wp-json\/wp\/v2\/pages\/1509\/revisions\/1792"}],"up":[{"embeddable":true,"href":"https:\/\/www.upo.es\/gepdo\/wp-json\/wp\/v2\/pages\/227"}],"wp:attachment":[{"href":"https:\/\/www.upo.es\/gepdo\/wp-json\/wp\/v2\/media?parent=1509"}],"curies":[{"name":"wp","href":"https:\/\/api.w.org\/{rel}","templated":true}]}}