{"id":1876,"date":"2016-03-31T19:58:04","date_gmt":"2016-03-31T17:58:04","guid":{"rendered":"https:\/\/www.upo.es\/gepdo\/?page_id=1876"},"modified":"2019-06-06T20:42:17","modified_gmt":"2019-06-06T18:42:17","slug":"mariagiulia-costanzo","status":"publish","type":"page","link":"https:\/\/www.upo.es\/gepdo\/quienes-somos\/mariagiulia-costanzo\/","title":{"rendered":"MGiulia Costanzo Talarico"},"content":{"rendered":"<h4 style=\"text-align: justify\"><span style=\"color: #000000\"><a href=\"https:\/\/www.upo.es\/gepdo\/wp-content\/uploads\/2016\/03\/foto_perfil1.jpg\"><img decoding=\"async\" loading=\"lazy\" class=\"alignleft wp-image-2275 size-medium\" src=\"https:\/\/www.upo.es\/gepdo\/wp-content\/uploads\/2016\/03\/foto_perfil1-e1556277407485-300x268.jpg\" alt=\"\" width=\"300\" height=\"268\" srcset=\"https:\/\/www.upo.es\/gepdo\/wp-content\/uploads\/2016\/03\/foto_perfil1-e1556277407485-300x268.jpg 300w, https:\/\/www.upo.es\/gepdo\/wp-content\/uploads\/2016\/03\/foto_perfil1-e1556277407485-167x150.jpg 167w, https:\/\/www.upo.es\/gepdo\/wp-content\/uploads\/2016\/03\/foto_perfil1-e1556277407485-150x134.jpg 150w, https:\/\/www.upo.es\/gepdo\/wp-content\/uploads\/2016\/03\/foto_perfil1-e1556277407485.jpg 760w\" sizes=\"(max-width: 300px) 100vw, 300px\" \/><\/a>Licenciada cum laude en Disciplinas Econ\u00f3micas y Sociales por el Desarrollo y la Cooperaci\u00f3n Internacional (Universidad de Calabria, Italia), M\u00e1ster en Agroecolog\u00eda (Universidad Internacional de Andaluc\u00eda) y actualmente doctoranda en Medio Ambiente y Sociedad en la Universidad Pablo de Olavide.\u00a0Investigadora afiliada en el grupo de investigaci\u00f3n EcoEcoFem.\u00a0<\/span>Formo parte del Grupo de Trabajo Mujeres, Agroecolog\u00eda y Econom\u00eda Solidaria de Consejo Latinoamericano de Ciencias Sociales (CLACSO).<\/h4>\n<h4 style=\"text-align: justify\"><span style=\"color: #000000\">Soci\u00f3loga y activista ecofeminista,\u00a0mis\u00a0trabajos se enfocan sobre los movimientos de resistencia Ecofeministas, visibilizando la violencia estructural del sistema patriarcal\/neoliberal, y poniendo \u00e9nfasis sobre el tema de la centralidad de la comida, los saberes locales y el papel fundamental de las mujeres del Sur en la defensa de los bienes comunes, la tierra y el territorio.\u00a0<\/span><\/h4>\n<h4 style=\"text-align: justify\">En 2017, mi tesis\u00a0\u00ab<a href=\"https:\/\/www.upo.es\/gepdo\/wp-content\/uploads\/2017\/05\/tesi_firmata_unical-ilovepdf-compressed.pdf\" target=\"_blank\">Il Rispetto per la Pachamama. Pratiche ancestrali, innovazione e contraddizioni in Bolivia<\/a>\u00bb ha sido reconocida con el Premio Olvaldo Pieroni, promovido por la secci\u00f3n de Sociolog\u00eda del Territorio de AIS (Asociaci\u00f3n Italiana de Sociolog\u00eda) en colaboraci\u00f3n con la Universidad de Calabria (Italia).<\/h4>\n<h4>Coordinadora del proyecto \u201cMujeres y Derechos Humanos\u201d de Alianza por la Solidaridad Andaluc\u00eda, donde\u00a0estoy dirigiendo un diagnostico participativo con colectivos de mujeres de Sevilla y Granada.<\/h4>\n","protected":false},"excerpt":{"rendered":"<p>Licenciada cum laude en Disciplinas Econ\u00f3micas y Sociales por el Desarrollo y la Cooperaci\u00f3n Internacional (Universidad de Calabria, Italia), M\u00e1ster en Agroecolog\u00eda (Universidad Internacional de Andaluc\u00eda) y actualmente doctoranda en Medio Ambiente y Sociedad en la Universidad Pablo de Olavide.\u00a0Investigadora afiliada en el grupo de investigaci\u00f3n EcoEcoFem.\u00a0Formo parte del Grupo de Trabajo Mujeres, Agroecolog\u00eda y&hellip;<\/p>\n","protected":false},"author":3,"featured_media":0,"parent":227,"menu_order":0,"comment_status":"closed","ping_status":"open","template":"","meta":[],"_links":{"self":[{"href":"https:\/\/www.upo.es\/gepdo\/wp-json\/wp\/v2\/pages\/1876"}],"collection":[{"href":"https:\/\/www.upo.es\/gepdo\/wp-json\/wp\/v2\/pages"}],"about":[{"href":"https:\/\/www.upo.es\/gepdo\/wp-json\/wp\/v2\/types\/page"}],"author":[{"embeddable":true,"href":"https:\/\/www.upo.es\/gepdo\/wp-json\/wp\/v2\/users\/3"}],"replies":[{"embeddable":true,"href":"https:\/\/www.upo.es\/gepdo\/wp-json\/wp\/v2\/comments?post=1876"}],"version-history":[{"count":13,"href":"https:\/\/www.upo.es\/gepdo\/wp-json\/wp\/v2\/pages\/1876\/revisions"}],"predecessor-version":[{"id":2280,"href":"https:\/\/www.upo.es\/gepdo\/wp-json\/wp\/v2\/pages\/1876\/revisions\/2280"}],"up":[{"embeddable":true,"href":"https:\/\/www.upo.es\/gepdo\/wp-json\/wp\/v2\/pages\/227"}],"wp:attachment":[{"href":"https:\/\/www.upo.es\/gepdo\/wp-json\/wp\/v2\/media?parent=1876"}],"curies":[{"name":"wp","href":"https:\/\/api.w.org\/{rel}","templated":true}]}}