{"id":1978,"date":"2017-01-19T19:23:31","date_gmt":"2017-01-19T18:23:31","guid":{"rendered":"https:\/\/www.upo.es\/gepdo\/?page_id=1978"},"modified":"2018-02-26T18:03:50","modified_gmt":"2018-02-26T17:03:50","slug":"laura-perez-prieto-2","status":"publish","type":"page","link":"https:\/\/www.upo.es\/gepdo\/quienes-somos\/laura-perez-prieto-2\/","title":{"rendered":"Laura P\u00e9rez Prieto"},"content":{"rendered":"<h3 style=\"text-align: justify\"><a href=\"https:\/\/www.upo.es\/gepdo\/wp-content\/uploads\/2017\/01\/lau2012_40.jpg\"><img decoding=\"async\" loading=\"lazy\" class=\"alignleft size-medium wp-image-1982\" src=\"https:\/\/www.upo.es\/gepdo\/wp-content\/uploads\/2017\/01\/lau2012_40-200x300.jpg\" alt=\"lau2012_40\" width=\"200\" height=\"300\" srcset=\"https:\/\/www.upo.es\/gepdo\/wp-content\/uploads\/2017\/01\/lau2012_40-200x300.jpg 200w, https:\/\/www.upo.es\/gepdo\/wp-content\/uploads\/2017\/01\/lau2012_40-682x1024.jpg 682w, https:\/\/www.upo.es\/gepdo\/wp-content\/uploads\/2017\/01\/lau2012_40-100x150.jpg 100w, https:\/\/www.upo.es\/gepdo\/wp-content\/uploads\/2017\/01\/lau2012_40.jpg 1024w\" sizes=\"(max-width: 200px) 100vw, 200px\" \/><\/a>Soy Licenciada en Ciencias Ambientales, Educadora Ambiental, Experta en Investigaci\u00f3n Acci\u00f3n Participativa y Master en G\u00e9nero e Igualdad por la Universidad Pablo Olavide, Sevilla. Recientemente he terminado mi tesis, titulada \u201cLa sostenibilidad de la vida humana y no humana: una aproximaci\u00f3n feminista y ecologista a las ciudades\u201d, en el marco del Programa de Doctorado \u201cDesarrollo y Ciudadan\u00eda: Derechos humanos, Igualdad, Educaci\u00f3n e Intervenci\u00f3n Social\u201d.<\/h3>\n<h3 style=\"text-align: justify\">Mis\u00a0motivaciones profesionales y pol\u00edticas son variadas y he desarrollado competencias\u00a0en el \u00e1mbito de la cooperaci\u00f3n al desarrollo, la interculturalidad, la gesti\u00f3n social del h\u00e1bitat y el urbanismo participativo, el medio ambiente,\u00a0la igualdad de g\u00e9nero y la educaci\u00f3n social, a partir de trabajos tanto remunerados como voluntarios en la administraci\u00f3n p\u00fablica, en ONGDs, en asociaciones, fundaciones, etc.<\/h3>\n<h3 style=\"text-align: justify\">Mis principales temas de inter\u00e9s a nivel acad\u00e9mico y de investigaci\u00f3n pasan por la ecolog\u00eda pol\u00edtica, el decrecimiento, la econom\u00eda feminista, la econom\u00eda ecol\u00f3gica, los ecofeminismos,\u2026y todas las disciplinas y corrientes que me parecen relevantes para analizar los v\u00ednculos entre la sostenibilidad ambiental y la social. Tratando de sintetizar, puedo decir que a nivel general trato de hacer una revisi\u00f3n ecofeminista de las teor\u00edas de desarrollo, postdesarrollistas y del pensamiento verde, y a nivel pr\u00e1ctico, de hacer una lectura ecofeminista de las praxis de los movimientos sociales, la sostenibilidad urbana y el derecho a la ciudad.<\/h3>\n<h2><a href=\"https:\/\/www.upo.es\/gepdo\/wp-content\/uploads\/2017\/01\/CV-ACAD\u00c9MICO-PLANTILLA.pdf\">CV (Febrero 2018)<\/a><\/h2>\n<h3><strong>\u00a0<\/strong><\/h3>\n<p>&nbsp;<\/p>\n","protected":false},"excerpt":{"rendered":"<p>Soy Licenciada en Ciencias Ambientales, Educadora Ambiental, Experta en Investigaci\u00f3n Acci\u00f3n Participativa y Master en G\u00e9nero e Igualdad por la Universidad Pablo Olavide, Sevilla. Recientemente he terminado mi tesis, titulada \u201cLa sostenibilidad de la vida humana y no humana: una aproximaci\u00f3n feminista y ecologista a las ciudades\u201d, en el marco del Programa de Doctorado \u201cDesarrollo&hellip;<\/p>\n","protected":false},"author":3,"featured_media":0,"parent":227,"menu_order":0,"comment_status":"closed","ping_status":"open","template":"","meta":[],"_links":{"self":[{"href":"https:\/\/www.upo.es\/gepdo\/wp-json\/wp\/v2\/pages\/1978"}],"collection":[{"href":"https:\/\/www.upo.es\/gepdo\/wp-json\/wp\/v2\/pages"}],"about":[{"href":"https:\/\/www.upo.es\/gepdo\/wp-json\/wp\/v2\/types\/page"}],"author":[{"embeddable":true,"href":"https:\/\/www.upo.es\/gepdo\/wp-json\/wp\/v2\/users\/3"}],"replies":[{"embeddable":true,"href":"https:\/\/www.upo.es\/gepdo\/wp-json\/wp\/v2\/comments?post=1978"}],"version-history":[{"count":8,"href":"https:\/\/www.upo.es\/gepdo\/wp-json\/wp\/v2\/pages\/1978\/revisions"}],"predecessor-version":[{"id":2149,"href":"https:\/\/www.upo.es\/gepdo\/wp-json\/wp\/v2\/pages\/1978\/revisions\/2149"}],"up":[{"embeddable":true,"href":"https:\/\/www.upo.es\/gepdo\/wp-json\/wp\/v2\/pages\/227"}],"wp:attachment":[{"href":"https:\/\/www.upo.es\/gepdo\/wp-json\/wp\/v2\/media?parent=1978"}],"curies":[{"name":"wp","href":"https:\/\/api.w.org\/{rel}","templated":true}]}}