{"id":2029,"date":"2017-04-08T12:45:09","date_gmt":"2017-04-08T10:45:09","guid":{"rendered":"https:\/\/www.upo.es\/gepdo\/?page_id=2029"},"modified":"2018-10-20T20:09:17","modified_gmt":"2018-10-20T18:09:17","slug":"belen-zurbano-berenguer","status":"publish","type":"page","link":"https:\/\/www.upo.es\/gepdo\/quienes-somos\/belen-zurbano-berenguer\/","title":{"rendered":"Bel\u00e9n Zurbano Berenguer"},"content":{"rendered":"<h3 style=\"text-align: justify\"><a href=\"https:\/\/www.upo.es\/gepdo\/wp-content\/uploads\/2017\/04\/mezquita-y-tortilla-2.jpeg\"><img decoding=\"async\" loading=\"lazy\" class=\"alignleft wp-image-2255 size-thumbnail\" src=\"https:\/\/www.upo.es\/gepdo\/wp-content\/uploads\/2017\/04\/mezquita-y-tortilla-2-150x150.jpeg\" alt=\"\" width=\"150\" height=\"150\" \/><\/a><strong>Bel\u00e9n Zurbano Berenguer<\/strong>. Licenciada en Periodismo, M\u00e1ster en Comunicaci\u00f3n y Cultura y doctora en Ciencias de la Comunicaci\u00f3n. Entre mis l\u00edneas de investigaci\u00f3n se encuentran los discursos medi\u00e1ticos sobre las violencias de g\u00e9nero, las conceptualizaciones te\u00f3ricas y los discursos jur\u00eddicos sobre las violencias de g\u00e9nero, los discursos audiovisuales y las representaciones de g\u00e9nero, la comunicaci\u00f3n y la cooperaci\u00f3n para el desarrollo social as\u00ed como los feminismos isl\u00e1micos y el g\u00e9nero y la igualdad en el Magreb.<\/h3>\n<h3 style=\"text-align: justify\">Investigadora y profesora en estudios de comunicaci\u00f3n, g\u00e9nero y violencias. Participo en el grupo de investigaci\u00f3n Estudios de Medios para un Periodismo de Calidad (SEJ001) as\u00ed como en la Asociaci\u00f3n Espa\u00f1ola de Investigaci\u00f3n de la Comunicaci\u00f3n, la Red Espa\u00f1ola de Estudios del Desarrollo y la Asamblea de Mujeres Periodistas de Sevilla entre otras sociedades y redes cient\u00edfico-profesionales.<\/h3>\n<h3 style=\"text-align: justify\">He desarrollado mi labor investigadora en centros nacionales e internacional como el Institutos de Investigaci\u00f3n Feministas de la Universidad Complutense de Madrid, la Universidad del Pa\u00eds Vasco (Euskal Herriko Unibersitatea) o la Universidad Moulay Ismail de Mekn\u00e8s.<\/h3>\n<h3 style=\"text-align: justify\">M\u00e1s informaci\u00f3n sobre mis publicaciones en:\u00a0<a href=\"https:\/\/dialnet.unirioja.es\/servlet\/autor?codigo=3226223\" target=\"_blank\">https:\/\/dialnet.unirioja.es\/servlet\/autor?codigo=3226223<\/a><\/h3>\n","protected":false},"excerpt":{"rendered":"<p>Bel\u00e9n Zurbano Berenguer. Licenciada en Periodismo, M\u00e1ster en Comunicaci\u00f3n y Cultura y doctora en Ciencias de la Comunicaci\u00f3n. Entre mis l\u00edneas de investigaci\u00f3n se encuentran los discursos medi\u00e1ticos sobre las violencias de g\u00e9nero, las conceptualizaciones te\u00f3ricas y los discursos jur\u00eddicos sobre las violencias de g\u00e9nero, los discursos audiovisuales y las representaciones de g\u00e9nero, la comunicaci\u00f3n&hellip;<\/p>\n","protected":false},"author":3,"featured_media":0,"parent":227,"menu_order":0,"comment_status":"closed","ping_status":"open","template":"","meta":[],"_links":{"self":[{"href":"https:\/\/www.upo.es\/gepdo\/wp-json\/wp\/v2\/pages\/2029"}],"collection":[{"href":"https:\/\/www.upo.es\/gepdo\/wp-json\/wp\/v2\/pages"}],"about":[{"href":"https:\/\/www.upo.es\/gepdo\/wp-json\/wp\/v2\/types\/page"}],"author":[{"embeddable":true,"href":"https:\/\/www.upo.es\/gepdo\/wp-json\/wp\/v2\/users\/3"}],"replies":[{"embeddable":true,"href":"https:\/\/www.upo.es\/gepdo\/wp-json\/wp\/v2\/comments?post=2029"}],"version-history":[{"count":5,"href":"https:\/\/www.upo.es\/gepdo\/wp-json\/wp\/v2\/pages\/2029\/revisions"}],"predecessor-version":[{"id":2256,"href":"https:\/\/www.upo.es\/gepdo\/wp-json\/wp\/v2\/pages\/2029\/revisions\/2256"}],"up":[{"embeddable":true,"href":"https:\/\/www.upo.es\/gepdo\/wp-json\/wp\/v2\/pages\/227"}],"wp:attachment":[{"href":"https:\/\/www.upo.es\/gepdo\/wp-json\/wp\/v2\/media?parent=2029"}],"curies":[{"name":"wp","href":"https:\/\/api.w.org\/{rel}","templated":true}]}}