{"id":2130,"date":"2018-02-20T13:59:08","date_gmt":"2018-02-20T12:59:08","guid":{"rendered":"https:\/\/www.upo.es\/gepdo\/?page_id=2130"},"modified":"2018-02-20T14:14:36","modified_gmt":"2018-02-20T13:14:36","slug":"maria-nazareth-gallego-moron","status":"publish","type":"page","link":"https:\/\/www.upo.es\/gepdo\/maria-nazareth-gallego-moron\/","title":{"rendered":"Mar\u00eda Nazareth Gallego Mor\u00f3n"},"content":{"rendered":"<p>Diplomada e<img decoding=\"async\" loading=\"lazy\" class=\"alignleft wp-image-2131 \" src=\"https:\/\/www.upo.es\/gepdo\/wp-content\/uploads\/2018\/02\/IMG_20141019_133201-2-198x300.jpg\" alt=\"IMG_20141019_133201 (2)\" width=\"162\" height=\"245\" \/>n Educaci\u00f3n Social y Trabajo Social (2011) y M\u00e1ster en G\u00e9nero e Igualdad (2012). Desde 2016 es investigadora predoctoral FPU del Departamento de Econom\u00eda, M\u00e9todos Cuantitativos e Historia Econ\u00f3mica de la Universidad Pablo de Olavide, donde se encuentra elaborando su tesis doctoral en el marco del Programa de Doctorado en Ciencias Sociales. Anteriormente he disfrutado de una beca predoctoral de formaci\u00f3n y colaboraci\u00f3n en la coordinaci\u00f3n del M\u00e1ster universitario \u201cG\u00e9nero e Igualdad\u00bb (2015\/16).<\/p>\n<p>Sus principales l\u00edneas de investigaci\u00f3n giran en torno al an\u00e1lisis de la participaci\u00f3n femenina en los mercados de trabajo, los estudios de usos del tiempo y\u00a0 la discriminaci\u00f3n laboral por g\u00e9nero en el \u00e1mbito p\u00fablico, especialmente en la educaci\u00f3n superior y la ciencia. Algunas de las publicaciones y comunicaciones pueden ser consultadas en <a href=\"https:\/\/www.researchgate.net\/profile\/Nazareth_Gallego_Moron\">ResearchGate<\/a> y <a href=\"orcid.org\/0000-0002-8172-4515\">ORCID<\/a>.<\/p>\n<p>Formo parte del <a href=\"https:\/\/www.upo.es\/otri\/contenido?pag=\/portal\/otri\/contenidos\/oferta_cientifico_tecnologica\/grupos_investigacion\/gruposSEJ\/Economia_Ecologia_Feminista_Desarrollo&amp;menuid=16090&amp;vE=\">grupo de investigaci\u00f3n EcoEcoFem<\/a> (Econom\u00eda Ecol\u00f3gica, Feminista y Desarrollo) y de la <a href=\"Asociaci\u00f3n%20de%20mujeres%20investigadoras%20y%20tecn\u00f3logas\">Asociaci\u00f3n de mujeres investigadoras y tecn\u00f3logas<\/a> (AMIT).<\/p>\n<p>Contacto: nazareth.gallego@gmail.com<\/p>\n<h2><a href=\"https:\/\/www.upo.es\/gepdo\/wp-content\/uploads\/2018\/02\/cvn_20171230111844732_1514629130931.pdf\">CV (Diciembre 2017)<\/a><\/h2>\n<p>&nbsp;<\/p>\n","protected":false},"excerpt":{"rendered":"<p>Diplomada en Educaci\u00f3n Social y Trabajo Social (2011) y M\u00e1ster en G\u00e9nero e Igualdad (2012). Desde 2016 es investigadora predoctoral FPU del Departamento de Econom\u00eda, M\u00e9todos Cuantitativos e Historia Econ\u00f3mica de la Universidad Pablo de Olavide, donde se encuentra elaborando su tesis doctoral en el marco del Programa de Doctorado en Ciencias Sociales. Anteriormente he&hellip;<\/p>\n","protected":false},"author":3,"featured_media":0,"parent":0,"menu_order":0,"comment_status":"closed","ping_status":"open","template":"","meta":[],"_links":{"self":[{"href":"https:\/\/www.upo.es\/gepdo\/wp-json\/wp\/v2\/pages\/2130"}],"collection":[{"href":"https:\/\/www.upo.es\/gepdo\/wp-json\/wp\/v2\/pages"}],"about":[{"href":"https:\/\/www.upo.es\/gepdo\/wp-json\/wp\/v2\/types\/page"}],"author":[{"embeddable":true,"href":"https:\/\/www.upo.es\/gepdo\/wp-json\/wp\/v2\/users\/3"}],"replies":[{"embeddable":true,"href":"https:\/\/www.upo.es\/gepdo\/wp-json\/wp\/v2\/comments?post=2130"}],"version-history":[{"count":5,"href":"https:\/\/www.upo.es\/gepdo\/wp-json\/wp\/v2\/pages\/2130\/revisions"}],"predecessor-version":[{"id":2137,"href":"https:\/\/www.upo.es\/gepdo\/wp-json\/wp\/v2\/pages\/2130\/revisions\/2137"}],"wp:attachment":[{"href":"https:\/\/www.upo.es\/gepdo\/wp-json\/wp\/v2\/media?parent=2130"}],"curies":[{"name":"wp","href":"https:\/\/api.w.org\/{rel}","templated":true}]}}