{"id":227,"date":"2013-01-23T19:19:12","date_gmt":"2013-01-23T18:19:12","guid":{"rendered":"https:\/\/www.upo.es\/gepdo\/public\/?page_id=227"},"modified":"2021-12-09T17:12:59","modified_gmt":"2021-12-09T16:12:59","slug":"quienes-somos","status":"publish","type":"page","link":"https:\/\/www.upo.es\/gepdo\/quienes-somos\/","title":{"rendered":"Qui\u00e9nes somos"},"content":{"rendered":"<p>Somos un equipo personas diversas. Todas nos sentimos comprometidas con la necesidad de avanzar hacia otro modelo de sociedad en el que la igualdad de g\u00e9nero sea una realidad; cada quien aporta desde la especificidad de su \u00e1rea de conocimiento y experiencia acumulada en la trayectoria que trae consigo.<\/p>\n<div id=\"attachment_1602\" style=\"width: 421px\" class=\"wp-caption alignright\"><a href=\"https:\/\/www.upo.es\/gepdo\/wp-content\/uploads\/2013\/01\/10422095_1494739644145440_6028869401240742455_n.jpg\"><img aria-describedby=\"caption-attachment-1602\" decoding=\"async\" loading=\"lazy\" class=\" wp-image-1602\" src=\"https:\/\/www.upo.es\/gepdo\/wp-content\/uploads\/2013\/01\/10422095_1494739644145440_6028869401240742455_n.jpg\" alt=\"Algunas de las compa\u00f1eras del Observatorio en el IV Congreso de Econom\u00eda Feminista. Foto de Mar\u00eda Ram\u00edrez Leal. \" width=\"411\" height=\"206\" \/><\/a><p id=\"caption-attachment-1602\" class=\"wp-caption-text\">Algunas de las compa\u00f1eras del Observatorio en el IV Congreso de Econom\u00eda Feminista. Foto de Mar\u00eda Ram\u00edrez Leal.<\/p><\/div>\n<ul>\n<li><strong>[<strong>PRESIDENTA<\/strong>] <a href=\"https:\/\/www.upo.es\/gepdo\/quienes-somos\/paula-rodriguez-modrono\/\">Paula Rodr\u00edguez Modro\u00f1o<\/a><\/strong><\/li>\n<li><a href=\"https:\/\/www.upo.es\/gepdo\/quienes-somos\/astrid-agenjo-calderon\">Astrid Agenjo Calder\u00f3n<\/a><\/li>\n<li><a href=\"https:\/\/www.upo.es\/gepdo\/quienes-somos\/carmen-castro-garcia\/\">Carmen Castro Garc\u00eda<\/a><\/li>\n<li><a title=\"Mariagiulia Costanzo Talarico\" href=\"https:\/\/www.upo.es\/gepdo\/quienes-somos\/mariagiulia-costanzo\/\">MGiulia Costanzo Talarico<\/a><\/li>\n<li><a href=\"https:\/\/www.upo.es\/gepdo\/quienes-somos\/lucia-del-moral-espin\/\">Luc\u00eda Del Moral Esp\u00edn<\/a><\/li>\n<li><a href=\"https:\/\/www.upo.es\/gepdo\/quienes-somos\/monica-dominguez-serrano\/\">M\u00f3nica Dom\u00ednguez Serrano<\/a><\/li>\n<li><a href=\"https:\/\/www.upo.es\/gepdo\/quienes-somos\/julia-espinosa-fajardo\/\">Julia Espinosa Fajardo<\/a><\/li>\n<li><a href=\"https:\/\/www.upo.es\/gepdo\/quienes-somos\/begona-gallardo-garcia\/\">Bego\u00f1a Gallardo Garc\u00eda<\/a><\/li>\n<li><a title=\"Mar\u00eda Nazareth Gallego Mor\u00f3n\" href=\"https:\/\/www.upo.es\/gepdo\/maria-nazareth-gallego-moron\/\">Mar\u00eda Nazareth Gallego Mor\u00f3n<\/a><\/li>\n<li><a href=\"https:\/\/www.upo.es\/gepdo\/quienes-somos\/lina-galvez-munoz\/\">Lina G\u00e1lvez Mu\u00f1oz<\/a><\/li>\n<li><a href=\"https:\/\/www.upo.es\/gepdo\/quienes-somos\/itziar-gomez-carrasco\/\">Itziar G\u00f3mez Carrasco<\/a><\/li>\n<li><a title=\"Oscar David Marcenaro Guti\u00e9rrez\" href=\"https:\/\/www.upo.es\/gepdo\/quienes-somos\/oscar-david-marcenaro-gutierrez\/\">Oscar Marcenaro Guti\u00e9rrez<\/a><\/li>\n<li><a title=\"Laura Mart\u00ednez Jim\u00e9nez\" href=\"https:\/\/www.upo.es\/gepdo\/quienes-somos\/laura-martinez-jimenez\/\">Laura Mart\u00ednez Jim\u00e9nez<\/a><\/li>\n<li><a title=\"Mauricio Matus L\u00f3pez\" href=\"https:\/\/www.upo.es\/gepdo\/quienes-somos\/mauricio-matus-lopez\/\">Mauricio Matus L\u00f3pez<\/a><\/li>\n<li><a href=\"https:\/\/www.upo.es\/gepdo\/quienes-somos\/estefania-molina\">Estefania Molina Bay\u00f3n<\/a><\/li>\n<li><a title=\"Ro Ortiz\" href=\"https:\/\/www.upo.es\/gepdo\/quienes-somos\/ro-ortiz\/\" target=\"_blank\" rel=\"noopener\">Ro Ortiz<\/a><\/li>\n<li><a title=\"Alicia P\u00e9rez Garc\u00eda\" href=\"https:\/\/www.upo.es\/gepdo\/quienes-somos\/alicia-perez-garcia\/\" target=\"_blank\" rel=\"noopener\">Alicia P\u00e9rez Garc\u00eda<\/a><\/li>\n<li><a href=\"https:\/\/www.upo.es\/gepdo\/quienes-somos\/laura-perez-prieto-2\/\">Laura P\u00e9rez Prieto<\/a><\/li>\n<li><a href=\"https:\/\/www.upo.es\/gepdo\/quienes-somos\/margarita-vega-rapun\/\">Margarita Vega Rap\u00fan<\/a><\/li>\n<li><a title=\"Bel\u00e9n Zurbano Berenguer\" href=\"https:\/\/www.upo.es\/gepdo\/quienes-somos\/belen-zurbano-berenguer\/\">Bel\u00e9n Zurbano Berenguer<\/a><\/li>\n<\/ul>\n","protected":false},"excerpt":{"rendered":"<p>Somos un equipo personas diversas. Todas nos sentimos comprometidas con la necesidad de avanzar hacia otro modelo de sociedad en el que la igualdad de g\u00e9nero sea una realidad; cada quien aporta desde la especificidad de su \u00e1rea de conocimiento y experiencia acumulada en la trayectoria que trae consigo. [PRESIDENTA] Paula Rodr\u00edguez Modro\u00f1o Astrid Agenjo&hellip;<\/p>\n","protected":false},"author":1,"featured_media":0,"parent":0,"menu_order":1,"comment_status":"closed","ping_status":"closed","template":"","meta":[],"_links":{"self":[{"href":"https:\/\/www.upo.es\/gepdo\/wp-json\/wp\/v2\/pages\/227"}],"collection":[{"href":"https:\/\/www.upo.es\/gepdo\/wp-json\/wp\/v2\/pages"}],"about":[{"href":"https:\/\/www.upo.es\/gepdo\/wp-json\/wp\/v2\/types\/page"}],"author":[{"embeddable":true,"href":"https:\/\/www.upo.es\/gepdo\/wp-json\/wp\/v2\/users\/1"}],"replies":[{"embeddable":true,"href":"https:\/\/www.upo.es\/gepdo\/wp-json\/wp\/v2\/comments?post=227"}],"version-history":[{"count":28,"href":"https:\/\/www.upo.es\/gepdo\/wp-json\/wp\/v2\/pages\/227\/revisions"}],"predecessor-version":[{"id":3746,"href":"https:\/\/www.upo.es\/gepdo\/wp-json\/wp\/v2\/pages\/227\/revisions\/3746"}],"wp:attachment":[{"href":"https:\/\/www.upo.es\/gepdo\/wp-json\/wp\/v2\/media?parent=227"}],"curies":[{"name":"wp","href":"https:\/\/api.w.org\/{rel}","templated":true}]}}