{"id":236,"date":"2013-01-23T20:09:13","date_gmt":"2013-01-23T19:09:13","guid":{"rendered":"https:\/\/www.upo.es\/gepdo\/public\/?page_id=236"},"modified":"2018-07-05T14:10:31","modified_gmt":"2018-07-05T12:10:31","slug":"lina-galvez-munoz","status":"publish","type":"page","link":"https:\/\/www.upo.es\/gepdo\/quienes-somos\/lina-galvez-munoz\/","title":{"rendered":"Lina G\u00e1lvez Mu\u00f1oz"},"content":{"rendered":"<div id=\"attachment_383\" style=\"width: 110px\" class=\"wp-caption alignleft\"><a href=\"https:\/\/www.upo.es\/gepdo\/wp-content\/uploads\/2013\/01\/Lina_Galvez.jpg\"><img aria-describedby=\"caption-attachment-383\" decoding=\"async\" loading=\"lazy\" class=\"size-full wp-image-383 \" src=\"https:\/\/www.upo.es\/gepdo\/wp-content\/uploads\/2013\/01\/Lina_Galvez.jpg\" alt=\"LINA G\u00c1LVEZ MU\u00d1OZ\" width=\"100\" height=\"100\" \/><\/a><p id=\"caption-attachment-383\" class=\"wp-caption-text\"><b><a href=\"http:\/\/www.linagalvez.com\">Web<\/a><\/b><\/p><\/div>\n<p class=\"western\" lang=\"es-ES\" style=\"margin-bottom: 0cm\" align=\"JUSTIFY\"><span style=\"font-family: Garamond,serif\"><span style=\"font-size: medium\">Catedr\u00e1tica de Historia e Instituciones Econ\u00f3micas de la Universidad Pablo de Olavide, de Sevilla. Es doctora por el Instituto Universitario Europeo de Florencia. Ha pertenecido como estudiante, investigadora o profesora a las universidades de Sevilla, Lyon, Libre de Bruselas, Instituto Universitario Europeo de Florencia, la London School of Economics, la Universidad de Reading y la Carlos III de Madrid. Adem\u00e1s de haber dado cursos de postgrado, seminarios y conferencias en varias universidades europeas y americanas, y haber colaborado con diversas instituciones, incluyendo varios organismos de Naciones Unidas.<\/span><\/span><\/p>\n<p class=\"western\" lang=\"es-ES\" style=\"margin-bottom: 0cm\" align=\"JUSTIFY\"><span style=\"font-family: Garamond,serif\"><span style=\"font-size: medium\">Con su incorporaci\u00f3n definitiva a la Universidad Pablo de Olavide, obtuvo en 2007, del Ministerio de Innovaci\u00f3n y Ciencia un programa I3 en reconocimiento de la incorporaci\u00f3n de doctores de excelencia a la universidad espa\u00f1ola. Igualmente en 1999 recibi\u00f3 el Premio Ram\u00f3n Carande al mejor art\u00edculo de Historia Econ\u00f3mica, y en 2011 el Premio Meridiana de la Junta de Andaluc\u00eda por su compromiso con la igualdad de g\u00e9nero.<\/span><\/span><\/p>\n<p class=\"western\" lang=\"es-ES\" style=\"margin-bottom: 0cm\" align=\"JUSTIFY\"><span style=\"font-family: Garamond,serif\"><span style=\"font-size: medium\">Entre 2007 y 2012 fue Vicerrectora de Postgrado y Formaci\u00f3n Permanente de la UPO. Desde 2009 es Directora del Master Universitario en G\u00e9nero e igualdad y desde 2010 del Programa de Doctorado en Desarrollo y Ciudadan\u00eda, ambos de la\u00a0<\/span><\/span>Universidad Pablo de Olavide, de Sevilla. Igualmente pertenece a varios consejos de redacci\u00f3n y asesores de revistas y editoriales de prestigio.<\/p>\n<p class=\"western\" lang=\"es-ES\" style=\"text-indent: 1.25cm;margin-bottom: 0cm\" align=\"JUSTIFY\">\u00a0<span style=\"font-family: Garamond,serif\"><span style=\"font-size: medium\">Ha participado, coordinado y dirigido numerosos proyectos de investigaci\u00f3n que le han permitido:<\/span><\/span><\/p>\n<ul>\n<li><span style=\"font-family: Garamond,serif\"><span style=\"font-size: medium\"><span style=\"font-family: Garamond,serif\">E<\/span>l establecimiento de s\u00f3lidas redes de investigaci\u00f3n internacionales en los campos de la Historia econ\u00f3mica y empresarial y la Econom\u00eda feminista<span style=\"font-family: Garamond,serif\">.<\/span><\/span><\/span><\/li>\n<li><span style=\"font-family: Garamond,serif\"><span style=\"font-size: medium\"><span style=\"font-family: Garamond,serif\">L<\/span>a formaci\u00f3n de un grupo de investigaci\u00f3n que se concentra en torno al Grupo Paidi de la Junta de Andaluc\u00eda EcoEcoFem (Econom\u00eda Ecol\u00f3gica, Feminista y Desarrollo) y el <a href=\"http:\/\/www.genderobservatory.com\">GEP&amp;DO<\/a> (Observatorio de g\u00e9nero sobre econom\u00eda, pol\u00edticas y desarrollo), que se caracterizan, entre otras cosas, por ser una cantera en la formaci\u00f3n de doctores e investigadores.<\/span><\/span><\/li>\n<li><span style=\"font-family: Garamond,serif\"><span style=\"font-size: medium\"><span style=\"font-family: Garamond,serif\">Y<\/span> la difusi\u00f3n de resultados y la transferencia de conocimiento a trav\u00e9s de m\u00e1s de setenta publicaciones cient\u00edficas en revistas de impacto y editoriales de prestigio internacional. Sus publicaciones principales se centran en el an\u00e1lisis hist\u00f3rico y de g\u00e9nero de los mercados de trabajo y la organizaci\u00f3n del trabajo en las empresas y en las familias, la conciliaci\u00f3n, la corresponsabilidad, los usos del tiempo y la definici\u00f3n y cuantificaci\u00f3n de los trabajos de cuidados no remunerados, as\u00ed como, el an\u00e1lisis del bienestar, las crisis econ\u00f3micas, y m\u00e1s recientemente, el an\u00e1lisis feminista de las pol\u00edticas de austeridad.<\/span><\/span><\/li>\n<\/ul>\n<p class=\"western\" lang=\"es-ES\" style=\"text-indent: 1.25cm;margin-bottom: 0cm\" align=\"JUSTIFY\"><a name=\"_GoBack\"><\/a> <span style=\"font-family: Garamond,serif\"><span style=\"font-size: medium\">Sobre este \u00faltimo tema acaba de ser comisionada por el UNICRI de Naciones Unidas para realizar un estudio sobre el impacto de las pol\u00edticas de austeridad en las mujeres y la violencia de g\u00e9nero en los pa\u00edses de la Europa mediterr\u00e1nea. Y tambi\u00e9n se encuentra ultimando un libro junto con Juan Torres sobre un an\u00e1lisis feminista del \u201caustericidio\u201d que saldr\u00e1 publicado en la editorial Routledge el pr\u00f3ximo a\u00f1o.<\/span><\/span><\/p>\n<p class=\"western\" lang=\"es-ES\" style=\"margin-bottom: 0cm\" align=\"JUSTIFY\"><span style=\"font-family: Garamond,serif\"><span style=\"font-size: medium\">El an\u00e1lisis de la desigualdad de g\u00e9nero abarca transversalmente toda su actividad cient\u00edfica e intelectual y su compromiso social. Ya que a su labor acad\u00e9mica hay que sumar una importante presencia en los medios de comunicaci\u00f3n. Ha sido columnista semanal del Correo de Andaluc\u00eda entre 2008 y 2011 y desde mayo de 2013 tiene el blog Tres Guineas en el peri\u00f3dico andalucesdiario.es. Tambi\u00e9n es tertuliana semanal de Canal Sur Radio desde 2008, y colabora puntualmente con otros medios. Igualmente, colabora con distintos tipos de organizaciones e instituciones \u2013por ejemplo, es miembro del Forum de Pol\u00edtica Feminista; pertenece al Consejo Cient\u00edfico de <a href=\"http:\/\/www.attac.es\">ATTAC-Espa\u00f1a<\/a> y a la junta directiva de AMIT-,\u00a0 dando conferencias, organizando seminarios y encuentros que en la medida de lo posible ayuden a concienciar a la ciudadan\u00eda de la necesidad de empoderarse para conseguir un mundo m\u00e1s justo e igualitario donde desaparezca todo tipo de discriminaci\u00f3n, pero especialmente aquellas que sufren las mujeres por el simple hecho de serlo.<\/span><\/span><\/p>\n<p><strong>Perfil acad\u00e9mico y profesional:<\/strong><\/p>\n<p><a href=\"https:\/\/www.upo.es\/gepdo\/wp-content\/uploads\/2013\/01\/cvn-lina-glvez-21032012.pdf\"><img decoding=\"async\" title=\"CVN_ES\" src=\"https:\/\/www.upo.es\/gepdo\/wp-content\/uploads\/2013\/01\/docu.png\" alt=\"\" \/><\/a><a href=\"https:\/\/www.upo.es\/gepdo\/wp-content\/uploads\/2013\/01\/CV_lgalvez.english.pdf\"><img decoding=\"async\" title=\"CV-EN\" src=\"https:\/\/www.upo.es\/gepdo\/wp-content\/uploads\/2013\/01\/CVicon-e1359220829439.png\" alt=\"\" \/><\/a><\/p>\n<p><strong>Perfil en las Redes Sociales:<\/strong><\/p>\n<p><a href=\"http:\/\/facebook.com\/linalinagalvez\"><img decoding=\"async\" src=\"https:\/\/www.upo.es\/gepdo\/wp-content\/uploads\/2013\/01\/facebook.png\" alt=\"\" \/><\/a><a href=\"https:\/\/twitter.com\/linagalvezmunoz\"><img decoding=\"async\" src=\"https:\/\/www.upo.es\/gepdo\/wp-content\/uploads\/2013\/01\/twitter.png\" alt=\"\" \/><\/a><\/p>\n","protected":false},"excerpt":{"rendered":"<p>Catedr\u00e1tica de Historia e Instituciones Econ\u00f3micas de la Universidad Pablo de Olavide, de Sevilla. Es doctora por el Instituto Universitario Europeo de Florencia. Ha pertenecido como estudiante, investigadora o profesora a las universidades de Sevilla, Lyon, Libre de Bruselas, Instituto Universitario Europeo de Florencia, la London School of Economics, la Universidad de Reading y la&hellip;<\/p>\n","protected":false},"author":1,"featured_media":0,"parent":227,"menu_order":9,"comment_status":"closed","ping_status":"closed","template":"template-onecolumn.php","meta":[],"_links":{"self":[{"href":"https:\/\/www.upo.es\/gepdo\/wp-json\/wp\/v2\/pages\/236"}],"collection":[{"href":"https:\/\/www.upo.es\/gepdo\/wp-json\/wp\/v2\/pages"}],"about":[{"href":"https:\/\/www.upo.es\/gepdo\/wp-json\/wp\/v2\/types\/page"}],"author":[{"embeddable":true,"href":"https:\/\/www.upo.es\/gepdo\/wp-json\/wp\/v2\/users\/1"}],"replies":[{"embeddable":true,"href":"https:\/\/www.upo.es\/gepdo\/wp-json\/wp\/v2\/comments?post=236"}],"version-history":[{"count":8,"href":"https:\/\/www.upo.es\/gepdo\/wp-json\/wp\/v2\/pages\/236\/revisions"}],"predecessor-version":[{"id":2218,"href":"https:\/\/www.upo.es\/gepdo\/wp-json\/wp\/v2\/pages\/236\/revisions\/2218"}],"up":[{"embeddable":true,"href":"https:\/\/www.upo.es\/gepdo\/wp-json\/wp\/v2\/pages\/227"}],"wp:attachment":[{"href":"https:\/\/www.upo.es\/gepdo\/wp-json\/wp\/v2\/media?parent=236"}],"curies":[{"name":"wp","href":"https:\/\/api.w.org\/{rel}","templated":true}]}}