{"id":243,"date":"2013-01-23T20:20:50","date_gmt":"2013-01-23T19:20:50","guid":{"rendered":"https:\/\/www.upo.es\/gepdo\/public\/?page_id=243"},"modified":"2018-02-20T21:18:40","modified_gmt":"2018-02-20T20:18:40","slug":"mauricio-matus-lopez","status":"publish","type":"page","link":"https:\/\/www.upo.es\/gepdo\/quienes-somos\/mauricio-matus-lopez\/","title":{"rendered":"Mauricio Matus L\u00f3pez"},"content":{"rendered":"<p><a href=\"https:\/\/www.upo.es\/gepdo\/wp-content\/uploads\/2013\/01\/mauricio.matus-lopez.jpg\"><img decoding=\"async\" loading=\"lazy\" class=\"alignleft wp-image-1228\" src=\"https:\/\/www.upo.es\/gepdo\/wp-content\/uploads\/2013\/01\/mauricio.matus-lopez.jpg\" alt=\"mauricio.matus-lopez\" width=\"131\" height=\"131\" srcset=\"https:\/\/www.upo.es\/gepdo\/wp-content\/uploads\/2013\/01\/mauricio.matus-lopez.jpg 200w, https:\/\/www.upo.es\/gepdo\/wp-content\/uploads\/2013\/01\/mauricio.matus-lopez-150x150.jpg 150w\" sizes=\"(max-width: 131px) 100vw, 131px\" \/><\/a><\/p>\n<p>Mauricio Matus L\u00f3pez es Profesor del Dpto. de Econom\u00eda, M\u00e9t. Cuantitativos e Historia Econ\u00f3mica de la Universidad Pablo de Olavide. En la l\u00ednea de infancia y bienestar su historial profesional y acad\u00e9mico se relaciona con la investigaci\u00f3n aplicada y el an\u00e1lisis de pol\u00edticas p\u00fablicas. Es miembro de grupos de investigaci\u00f3n en temas de g\u00e9nero e igualdad y profesor de titulaciones de tercer ciclo en esta materia.<\/p>\n<h2><a href=\"https:\/\/www.researchgate.net\/profile\/Mauricio_Matus-Lopez\">CV (Febrero 2018)<\/a><\/h2>\n","protected":false},"excerpt":{"rendered":"<p>Mauricio Matus L\u00f3pez es Profesor del Dpto. de Econom\u00eda, M\u00e9t. Cuantitativos e Historia Econ\u00f3mica de la Universidad Pablo de Olavide. En la l\u00ednea de infancia y bienestar su historial profesional y acad\u00e9mico se relaciona con la investigaci\u00f3n aplicada y el an\u00e1lisis de pol\u00edticas p\u00fablicas. Es miembro de grupos de investigaci\u00f3n en temas de g\u00e9nero e&hellip;<\/p>\n","protected":false},"author":1,"featured_media":0,"parent":227,"menu_order":14,"comment_status":"closed","ping_status":"closed","template":"template-onecolumn.php","meta":[],"_links":{"self":[{"href":"https:\/\/www.upo.es\/gepdo\/wp-json\/wp\/v2\/pages\/243"}],"collection":[{"href":"https:\/\/www.upo.es\/gepdo\/wp-json\/wp\/v2\/pages"}],"about":[{"href":"https:\/\/www.upo.es\/gepdo\/wp-json\/wp\/v2\/types\/page"}],"author":[{"embeddable":true,"href":"https:\/\/www.upo.es\/gepdo\/wp-json\/wp\/v2\/users\/1"}],"replies":[{"embeddable":true,"href":"https:\/\/www.upo.es\/gepdo\/wp-json\/wp\/v2\/comments?post=243"}],"version-history":[{"count":7,"href":"https:\/\/www.upo.es\/gepdo\/wp-json\/wp\/v2\/pages\/243\/revisions"}],"predecessor-version":[{"id":2145,"href":"https:\/\/www.upo.es\/gepdo\/wp-json\/wp\/v2\/pages\/243\/revisions\/2145"}],"up":[{"embeddable":true,"href":"https:\/\/www.upo.es\/gepdo\/wp-json\/wp\/v2\/pages\/227"}],"wp:attachment":[{"href":"https:\/\/www.upo.es\/gepdo\/wp-json\/wp\/v2\/media?parent=243"}],"curies":[{"name":"wp","href":"https:\/\/api.w.org\/{rel}","templated":true}]}}