{"id":275,"date":"2013-01-25T18:16:48","date_gmt":"2013-01-25T17:16:48","guid":{"rendered":"https:\/\/www.upo.es\/gepdo\/public\/?page_id=275"},"modified":"2018-03-05T19:22:50","modified_gmt":"2018-03-05T18:22:50","slug":"julia-espinosa-fajardo","status":"publish","type":"page","link":"https:\/\/www.upo.es\/gepdo\/quienes-somos\/julia-espinosa-fajardo\/","title":{"rendered":"Julia Espinosa Fajardo"},"content":{"rendered":"<p align=\"JUSTIFY\"><a href=\"https:\/\/www.upo.es\/gepdo\/wp-content\/uploads\/2013\/01\/Julia_Espinosa.jpg\"><img decoding=\"async\" loading=\"lazy\" class=\"size-full wp-image-373 alignleft\" src=\"https:\/\/www.upo.es\/gepdo\/wp-content\/uploads\/2013\/01\/Julia_Espinosa.jpg\" alt=\"Julia_Espinosa\" width=\"100\" height=\"100\" \/><\/a>Soci\u00f3loga y doctora en Ciencia Pol\u00edtica por la Universidad Complutense de Madrid. En sus diez a\u00f1os de experiencia profesional, su actividad se ha vinculado a la investigaci\u00f3n, la evaluaci\u00f3n de pol\u00edticas p\u00fablicas y la formaci\u00f3n en materia de desarrollo internacional e igualdad de g\u00e9nero.<\/p>\n<p align=\"JUSTIFY\">En esta l\u00ednea, ha trabajado para diferentes administraciones p\u00fablicas, organizaciones de la sociedad civil, Universidades y centros de investigaci\u00f3n tanto en el marco europeo como en el latinoamericano. Sus principales motivaciones han sido y son impulsar la reflexi\u00f3n y el an\u00e1lisis cr\u00edtico sobre cuestiones relativas a pol\u00edticas p\u00fablicas, desarrollo internacional y g\u00e9nero con la finalidad de contribuir a un mayor conocimiento de la acci\u00f3n p\u00fablica y del papel de la ciudadan\u00eda en los procesos de cambio social.<\/p>\n<p align=\"JUSTIFY\"><strong>Perfil acad\u00e9mico y profesional<\/strong><\/p>\n<p><a href=\"https:\/\/www.upo.es\/gepdo\/wp-content\/uploads\/2018\/03\/ESPINOSA_Resumen_CV.pdf\"><img decoding=\"async\" loading=\"lazy\" class=\"alignnone\" title=\"CV-ES\" src=\"https:\/\/www.upo.es\/gepdo\/wp-content\/uploads\/2013\/01\/docu.png\" alt=\"\" width=\"48\" height=\"48\" \/><\/a><\/p>\n","protected":false},"excerpt":{"rendered":"<p>Soci\u00f3loga y doctora en Ciencia Pol\u00edtica por la Universidad Complutense de Madrid. En sus diez a\u00f1os de experiencia profesional, su actividad se ha vinculado a la investigaci\u00f3n, la evaluaci\u00f3n de pol\u00edticas p\u00fablicas y la formaci\u00f3n en materia de desarrollo internacional e igualdad de g\u00e9nero. En esta l\u00ednea, ha trabajado para diferentes administraciones p\u00fablicas, organizaciones de&hellip;<\/p>\n","protected":false},"author":1,"featured_media":0,"parent":227,"menu_order":7,"comment_status":"closed","ping_status":"closed","template":"template-onecolumn.php","meta":[],"_links":{"self":[{"href":"https:\/\/www.upo.es\/gepdo\/wp-json\/wp\/v2\/pages\/275"}],"collection":[{"href":"https:\/\/www.upo.es\/gepdo\/wp-json\/wp\/v2\/pages"}],"about":[{"href":"https:\/\/www.upo.es\/gepdo\/wp-json\/wp\/v2\/types\/page"}],"author":[{"embeddable":true,"href":"https:\/\/www.upo.es\/gepdo\/wp-json\/wp\/v2\/users\/1"}],"replies":[{"embeddable":true,"href":"https:\/\/www.upo.es\/gepdo\/wp-json\/wp\/v2\/comments?post=275"}],"version-history":[{"count":2,"href":"https:\/\/www.upo.es\/gepdo\/wp-json\/wp\/v2\/pages\/275\/revisions"}],"predecessor-version":[{"id":2157,"href":"https:\/\/www.upo.es\/gepdo\/wp-json\/wp\/v2\/pages\/275\/revisions\/2157"}],"up":[{"embeddable":true,"href":"https:\/\/www.upo.es\/gepdo\/wp-json\/wp\/v2\/pages\/227"}],"wp:attachment":[{"href":"https:\/\/www.upo.es\/gepdo\/wp-json\/wp\/v2\/media?parent=275"}],"curies":[{"name":"wp","href":"https:\/\/api.w.org\/{rel}","templated":true}]}}