{"id":278,"date":"2013-01-25T18:25:41","date_gmt":"2013-01-25T17:25:41","guid":{"rendered":"https:\/\/www.upo.es\/gepdo\/public\/?page_id=278"},"modified":"2025-12-12T19:06:25","modified_gmt":"2025-12-12T18:06:25","slug":"astrid-agenjo-calderon","status":"publish","type":"page","link":"https:\/\/www.upo.es\/gepdo\/quienes-somos\/astrid-agenjo-calderon\/","title":{"rendered":"Astrid Agenjo Calder\u00f3n"},"content":{"rendered":"<p><!-- @page { margin: 2cm } P { margin-bottom: 0.21cm; direction: ltr; color: #000000; widows: 2; orphans: 2 } --><\/p>\n<h3><strong><span style=\"text-decoration: underline;\"><span style=\"color: #333333; text-decoration: underline;\">Vicepresidenta del\u00a0Observatorio GEP&amp;DO<\/span><\/span>\u00a0<\/strong><a href=\"https:\/\/www.upo.es\/gepdo\/\"><img decoding=\"async\" loading=\"lazy\" class=\"alignleft wp-image-2243 \" title=\"Astrid Agenjo Calder\u00f3n\" src=\"https:\/\/www.upo.es\/gepdo\/wp-content\/uploads\/2018\/09\/DSC_5352-1-300x207.jpg\" alt=\"Astrid Agenjo Calder\u00f3n\" width=\"307\" height=\"212\" srcset=\"https:\/\/www.upo.es\/gepdo\/wp-content\/uploads\/2018\/09\/DSC_5352-1-300x207.jpg 300w, https:\/\/www.upo.es\/gepdo\/wp-content\/uploads\/2018\/09\/DSC_5352-1-1024x709.jpg 1024w, https:\/\/www.upo.es\/gepdo\/wp-content\/uploads\/2018\/09\/DSC_5352-1-216x150.jpg 216w, https:\/\/www.upo.es\/gepdo\/wp-content\/uploads\/2018\/09\/DSC_5352-1-150x103.jpg 150w\" sizes=\"(max-width: 307px) 100vw, 307px\" \/><\/a><\/h3>\n<p><strong>Economista y Doctora en Ciencias Sociales por la Universidad Pablo de Olavide de Sevilla, con M\u00e1ster en Econom\u00eda Internacional y Desarrollo por la Universidad Complutense de Madrid. <\/strong><\/p>\n<p><strong>Profesora Titular<\/strong><strong>\u00a0en el Departamento de Econom\u00eda, M\u00e9todos Cuantitativos e Historia Econ\u00f3mica de la Universidad Pablo de Olavide de Sevilla.\u00a0<\/strong><\/p>\n<ul>\n<li style=\"list-style-type: none;\">\n<ul>\n<li><strong>&#8211; Comisi\u00f3n Acad\u00e9mica del <a href=\"https:\/\/www.upo.es\/postgrado\/Master-Oficial-Genero-e-Igualdad\">M\u00e1ster en G\u00e9nero e Igualdad<\/a> (UPO) y<\/strong><strong>\u00a0del <a href=\"https:\/\/www.upo.es\/postgrado\/Master-Oficial-Relaciones-Internacionales\" target=\"_blank\" rel=\"noopener\">M\u00e1ster en Relaciones Internacionales<\/a> (UPO \/ UNIA)<\/strong><\/li>\n<\/ul>\n<\/li>\n<\/ul>\n<ul>\n<li><strong>&#8211;\u00a0<a href=\"https:\/\/www.upo.es\/otri\/contenido?pag=\/portal\/otri\/contenidos\/oferta_cientifico_tecnologica\/grupos_investigacion\/gruposSEJ\/Economia_Ecologia_Feminista_Desarrollo&amp;menuid=16090&amp;vE=\">Grupo de investigaci\u00f3n EcoEcoFem<\/a>\u00a0\u00abEconom\u00eda\u00a0Feminista, Ecol\u00f3gica y Desarrollo\u00bb (PAIDI: SEJ507 Universidad Pablo de Olavide).\u00a0<\/strong><\/li>\n<li><strong>&#8211;\u00a0<a href=\"https:\/\/www.clacso.org\/grupos_trabajo\/detalle_gt.php?ficha=589&amp;s=5&amp;idioma=\">Grupo de Trabajo internacional \u00abEconom\u00eda Feminista\u00a0Emancipatoria<\/a>\u00bb\u00a0(Consejo Latinoamericano de Ciencias Sociales -CLACSO)\u00a0<\/strong><\/li>\n<li><strong>&#8211;\u00a0<a href=\"http:\/\/www.redtragevic.com\/web\/\">Red Iberoamericana de Investigaci\u00f3n en Trabajo, G\u00e9nero y Vida Cotidiana<\/a>\u00a0TRAGEVIC &#8211; AUIP<\/strong><\/li>\n<\/ul>\n<p>Mis <strong>l\u00edneas de\u00a0investigaci\u00f3n<\/strong>\u00a0giran en torno a la Econom\u00eda Pol\u00edtica Feminista, el estudio de la econom\u00eda mundial, las crisis, el proceso de integraci\u00f3n europeo, los derechos econ\u00f3micos de las mujeres y los usos del tiempo: <strong><a href=\"https:\/\/upo.academia.edu\/AstridAgenjo\" target=\"_blank\" rel=\"noopener\">PUBLICACIONES<\/a><\/strong>\u00a0(perfiles <a href=\"https:\/\/www.researchgate.net\/profile\/Astrid_Agenjo-Calderon\" target=\"_blank\" rel=\"noopener\">ResearchGate,<\/a>\u00a0<a href=\"https:\/\/dialnet.unirioja.es\/servlet\/autor?codigo=3462778\">Dialnet<\/a>,\u00a0<a href=\"http:\/\/orcid.org\/0000-0002-2203-8435\">ORCID<\/a>).<\/p>\n<p>Tambi\u00e9n realizo actividades de <strong>formaci\u00f3n y sensibilizaci\u00f3n<\/strong> en materias relacionadas con la Econom\u00eda Feminista, que son dirigidas tanto a instituciones p\u00fablicas como privadas y a organizaciones sociales (ONGs, asociaciones, colectivos aut\u00f3nomos&#8230;). Aqu\u00ed\u00a0se pueden consultar algunos\u00a0<a href=\"https:\/\/www.youtube.com\/playlist?list=PLCV1kWtyRDkCS81Jeu8SVUjNpZZBi9ezD\" target=\"_blank\" rel=\"noopener\"><strong>VIDEOS<\/strong><\/a>. En el \u00e1mbito de la Cooperaci\u00f3n Internacional, he trabajado en la Cooperaci\u00f3n T\u00e9cnica alemana (PTB) con proyectos en Latinoam\u00e9rica y el Caribe, y como asesora y consultora independiente para varias ONGDs del Estado espa\u00f1ol.<\/p>\n<p>Formo parte de\u00a0la\u00a0<a href=\"http:\/\/www.iaffe.org\/\">International Association for Feminist Economics <\/a>(IAFFE)\u00a0y la <a href=\"http:\/\/revistaeconomiacritica.org\/redaccion\">Asociaci\u00f3n espa\u00f1ola de Econom\u00eda Cr\u00edtica<\/a> (AEC).<\/p>\n<p><strong>Contacto: <a href=\"mailto:cmagecal@upo.es\">cmagecal@upo.es<\/a><\/strong><\/p>\n","protected":false},"excerpt":{"rendered":"<p>Vicepresidenta del\u00a0Observatorio GEP&amp;DO\u00a0 Economista y Doctora en Ciencias Sociales por la Universidad Pablo de Olavide de Sevilla, con M\u00e1ster en Econom\u00eda Internacional y Desarrollo por la Universidad Complutense de Madrid. Profesora Titular\u00a0en el Departamento de Econom\u00eda, M\u00e9todos Cuantitativos e Historia Econ\u00f3mica de la Universidad Pablo de Olavide de Sevilla.\u00a0 &#8211; Comisi\u00f3n Acad\u00e9mica del M\u00e1ster en&hellip;<\/p>\n","protected":false},"author":1,"featured_media":0,"parent":227,"menu_order":1,"comment_status":"closed","ping_status":"closed","template":"","meta":[],"_links":{"self":[{"href":"https:\/\/www.upo.es\/gepdo\/wp-json\/wp\/v2\/pages\/278"}],"collection":[{"href":"https:\/\/www.upo.es\/gepdo\/wp-json\/wp\/v2\/pages"}],"about":[{"href":"https:\/\/www.upo.es\/gepdo\/wp-json\/wp\/v2\/types\/page"}],"author":[{"embeddable":true,"href":"https:\/\/www.upo.es\/gepdo\/wp-json\/wp\/v2\/users\/1"}],"replies":[{"embeddable":true,"href":"https:\/\/www.upo.es\/gepdo\/wp-json\/wp\/v2\/comments?post=278"}],"version-history":[{"count":55,"href":"https:\/\/www.upo.es\/gepdo\/wp-json\/wp\/v2\/pages\/278\/revisions"}],"predecessor-version":[{"id":3814,"href":"https:\/\/www.upo.es\/gepdo\/wp-json\/wp\/v2\/pages\/278\/revisions\/3814"}],"up":[{"embeddable":true,"href":"https:\/\/www.upo.es\/gepdo\/wp-json\/wp\/v2\/pages\/227"}],"wp:attachment":[{"href":"https:\/\/www.upo.es\/gepdo\/wp-json\/wp\/v2\/media?parent=278"}],"curies":[{"name":"wp","href":"https:\/\/api.w.org\/{rel}","templated":true}]}}