{"id":297,"date":"2013-01-25T18:35:16","date_gmt":"2013-01-25T17:35:16","guid":{"rendered":"https:\/\/www.upo.es\/gepdo\/public\/?page_id=297"},"modified":"2018-10-15T14:47:00","modified_gmt":"2018-10-15T12:47:00","slug":"lucia-del-moral-espin","status":"publish","type":"page","link":"https:\/\/www.upo.es\/gepdo\/quienes-somos\/lucia-del-moral-espin\/","title":{"rendered":"Luc\u00eda del Moral Esp\u00edn"},"content":{"rendered":"<p>Profesora en la Facultad de Ciencias del Trabajo de la Universidad de C\u00e1diz (Dto. Econom\u00eda General, \u00e1rea de Sociolog\u00eda). Licenciada en Ciencias Pol\u00edticas y Sociolog\u00eda por la Universidad de Granada (2005), especialista en Estudios Avanzados Sobre Am\u00e9rica Latina\u00a0 por la Universidad Complutense de Madrid (2007) y doctora por la Universidad Pablo de Olavide, ha sido investigadora visitante en la Universidad de Manchester (Reino Unido, 2008),\u00a0 de M\u00f3dena (Italia, 2009) y de Oxford (Reino Unido, 2010) y Universidad Cat\u00f3lica del Sacro Cuore de Mil\u00e1n (Italia, 2014), Universidad de Leeds (2017).<\/p>\n<p>Centra su actividad de investigaci\u00f3n en tematicas vinculadas al trabajos, tiempo, bienestar e infancia desde una perspectiva feministas. Co-coordinadora de la Research Network 04 Sociology of Children and Childhood de la Europeans Sociological Association. Miembro del Grupo PAIDI de investigaci\u00f3n\u00a0Econom\u00eda Feminista, Ecol\u00f3gica y Desarrollo (SEJ 507) y de la <a href=\"http:\/\/cctrabajo.uca.es\/noticia\/constituida-la-red-iberoamericana-de-investigacion-en-trabajo-genero-y-vida-cotidiana\/\">Red Iberoamericana de Investigaci\u00f3n en Trabajo, G\u00e9nero y Vida Cotidiana<\/a>.<\/p>\n<p>Perfil:\u00a0 <a title=\"Ver perfil p\u00fablico\" href=\"http:\/\/es.linkedin.com\/pub\/lucia-del-moral\/78\/412\/448\/\" target=\"_blank\" name=\"141981bce316262c_webProfileURL\">https:\/\/www.researchgate.net\/profile\/Lucia_Del_Moral_Espin<\/a><a href=\"https:\/\/www.upo.es\/gepdo\/wp-content\/uploads\/2013\/01\/0117_Cuentacuentos.jpg\"><img decoding=\"async\" loading=\"lazy\" class=\"alignleft size-thumbnail wp-image-2184\" src=\"https:\/\/www.upo.es\/gepdo\/wp-content\/uploads\/2013\/01\/0117_Cuentacuentos-150x150.jpg\" alt=\"0117_Cuentacuentos\" width=\"150\" height=\"150\" \/><\/a><\/p>\n","protected":false},"excerpt":{"rendered":"<p>Profesora en la Facultad de Ciencias del Trabajo de la Universidad de C\u00e1diz (Dto. Econom\u00eda General, \u00e1rea de Sociolog\u00eda). Licenciada en Ciencias Pol\u00edticas y Sociolog\u00eda por la Universidad de Granada (2005), especialista en Estudios Avanzados Sobre Am\u00e9rica Latina\u00a0 por la Universidad Complutense de Madrid (2007) y doctora por la Universidad Pablo de Olavide, ha sido&hellip;<\/p>\n","protected":false},"author":1,"featured_media":0,"parent":227,"menu_order":4,"comment_status":"closed","ping_status":"closed","template":"template-onecolumn.php","meta":[],"_links":{"self":[{"href":"https:\/\/www.upo.es\/gepdo\/wp-json\/wp\/v2\/pages\/297"}],"collection":[{"href":"https:\/\/www.upo.es\/gepdo\/wp-json\/wp\/v2\/pages"}],"about":[{"href":"https:\/\/www.upo.es\/gepdo\/wp-json\/wp\/v2\/types\/page"}],"author":[{"embeddable":true,"href":"https:\/\/www.upo.es\/gepdo\/wp-json\/wp\/v2\/users\/1"}],"replies":[{"embeddable":true,"href":"https:\/\/www.upo.es\/gepdo\/wp-json\/wp\/v2\/comments?post=297"}],"version-history":[{"count":9,"href":"https:\/\/www.upo.es\/gepdo\/wp-json\/wp\/v2\/pages\/297\/revisions"}],"predecessor-version":[{"id":2253,"href":"https:\/\/www.upo.es\/gepdo\/wp-json\/wp\/v2\/pages\/297\/revisions\/2253"}],"up":[{"embeddable":true,"href":"https:\/\/www.upo.es\/gepdo\/wp-json\/wp\/v2\/pages\/227"}],"wp:attachment":[{"href":"https:\/\/www.upo.es\/gepdo\/wp-json\/wp\/v2\/media?parent=297"}],"curies":[{"name":"wp","href":"https:\/\/api.w.org\/{rel}","templated":true}]}}