{"id":313,"date":"2013-01-25T18:55:31","date_gmt":"2013-01-25T17:55:31","guid":{"rendered":"https:\/\/www.upo.es\/gepdo\/public\/?page_id=313"},"modified":"2018-03-20T17:27:49","modified_gmt":"2018-03-20T16:27:49","slug":"begona-gallardo-garcia","status":"publish","type":"page","link":"https:\/\/www.upo.es\/gepdo\/quienes-somos\/begona-gallardo-garcia\/","title":{"rendered":"Bego\u00f1a Gallardo Garc\u00eda"},"content":{"rendered":"<p align=\"JUSTIFY\"><a href=\"https:\/\/www.upo.es\/gepdo\/wp-content\/uploads\/2013\/01\/Bego\u00f1a_Gallardo.png\"><img decoding=\"async\" loading=\"lazy\" class=\" wp-image-369 alignleft\" src=\"https:\/\/www.upo.es\/gepdo\/wp-content\/uploads\/2013\/01\/Bego\u00f1a_Gallardo.png\" alt=\"Bego\u00f1a_Gallardo\" width=\"136\" height=\"136\" \/><\/a><\/p>\n<p>Bego\u00f1a Gallardo Garc\u00eda es Licenciada en Ciencias Pol\u00edticas y Sociolog\u00eda (2002), Experta en Investigaci\u00f3n Acci\u00f3n Participativa (2003) y Experta en G\u00e9nero (2004). Durante su trayectoria profesional se ha vinculado a diversos proyectos de investigaci\u00f3n, formaci\u00f3n e intervenci\u00f3n en materia de investigaci\u00f3n-acci\u00f3n participativa, g\u00e9nero y desarrollo.<\/p>\n<p>Tras realizar el Master en G\u00e9nero y Desarrollo del Instituto Complutense de Estudios Internacionales (ICEI-UCM) y su paso por la Organizaci\u00f3n Internacional del Trabajo (2011) ampl\u00eda su labor profesional al \u00e1mbito de la evaluaci\u00f3n de g\u00e9nero de pol\u00edticas p\u00fablicas y proyectos de desarrollo.<\/p>\n<p>En la actualidad trabaja en la Fundaci\u00f3n Cepaim como t\u00e9cnica responsable de proyecto en el \u00c1rea de Interculturalidad y Desarrollo Comunitario. En su tiempo libre tambi\u00e9n trabaja como consultora independiente y colabora como socia fundadora del Observatorio GEP&amp;DO de G\u00e9nero sobre Econom\u00eda, Pol\u00edtica y Desarrollo.<\/p>\n<p>Entre sus principales motivaciones profesionales\u00a0\u00a0destacan la investigaci\u00f3n-acci\u00f3n, as\u00ed como\u00a0\u00a0la gesti\u00f3n\u00a0\u00a0de procesos participativos de desarrollo, desde un enfoque de g\u00e9nero. Desde ah\u00ed vehicula su labor de consultora en materia de docencia-asesoramiento para\u00a0\u00a0administraci\u00f3n p\u00fablica, organizaciones de la sociedad civil y \u00e1mbito universitario.<\/p>\n<p><!--\nP { margin-bottom: 0.21cm; direction: ltr; color: rgb(0, 0, 0); line-height: 115%; widows: 2; orphans: 2; }P.cjk {  }A:link { color: rgb(0, 0, 255); }A.western:link {  }A.cjk:link {  }A.ctl:link { font-family: \"Times New Roman\"; }\n--><\/p>\n<p><strong>Perfil acad\u00e9mico y profesional<\/strong><\/p>\n<p><a href=\"https:\/\/www.upo.es\/gepdo\/wp-content\/uploads\/2013\/03\/CV_Bego\u00f1aGallardo_ES.pdf\"><img decoding=\"async\" title=\"CV-ES\" src=\"https:\/\/www.upo.es\/gepdo\/wp-content\/uploads\/2013\/01\/docu.png\" alt=\"\" \/><\/a><\/p>\n","protected":false},"excerpt":{"rendered":"<p>Bego\u00f1a Gallardo Garc\u00eda es Licenciada en Ciencias Pol\u00edticas y Sociolog\u00eda (2002), Experta en Investigaci\u00f3n Acci\u00f3n Participativa (2003) y Experta en G\u00e9nero (2004). Durante su trayectoria profesional se ha vinculado a diversos proyectos de investigaci\u00f3n, formaci\u00f3n e intervenci\u00f3n en materia de investigaci\u00f3n-acci\u00f3n participativa, g\u00e9nero y desarrollo. Tras realizar el Master en G\u00e9nero y Desarrollo del Instituto&hellip;<\/p>\n","protected":false},"author":1,"featured_media":0,"parent":227,"menu_order":8,"comment_status":"closed","ping_status":"closed","template":"template-onecolumn.php","meta":[],"_links":{"self":[{"href":"https:\/\/www.upo.es\/gepdo\/wp-json\/wp\/v2\/pages\/313"}],"collection":[{"href":"https:\/\/www.upo.es\/gepdo\/wp-json\/wp\/v2\/pages"}],"about":[{"href":"https:\/\/www.upo.es\/gepdo\/wp-json\/wp\/v2\/types\/page"}],"author":[{"embeddable":true,"href":"https:\/\/www.upo.es\/gepdo\/wp-json\/wp\/v2\/users\/1"}],"replies":[{"embeddable":true,"href":"https:\/\/www.upo.es\/gepdo\/wp-json\/wp\/v2\/comments?post=313"}],"version-history":[{"count":7,"href":"https:\/\/www.upo.es\/gepdo\/wp-json\/wp\/v2\/pages\/313\/revisions"}],"predecessor-version":[{"id":2168,"href":"https:\/\/www.upo.es\/gepdo\/wp-json\/wp\/v2\/pages\/313\/revisions\/2168"}],"up":[{"embeddable":true,"href":"https:\/\/www.upo.es\/gepdo\/wp-json\/wp\/v2\/pages\/227"}],"wp:attachment":[{"href":"https:\/\/www.upo.es\/gepdo\/wp-json\/wp\/v2\/media?parent=313"}],"curies":[{"name":"wp","href":"https:\/\/api.w.org\/{rel}","templated":true}]}}