{"id":334,"date":"2013-01-25T19:14:43","date_gmt":"2013-01-25T18:14:43","guid":{"rendered":"https:\/\/www.upo.es\/gepdo\/public\/?page_id=334"},"modified":"2016-03-18T10:33:49","modified_gmt":"2016-03-18T09:33:49","slug":"carmen-castro-garcia","status":"publish","type":"page","link":"https:\/\/www.upo.es\/gepdo\/quienes-somos\/carmen-castro-garcia\/","title":{"rendered":"Carmen Castro Garc\u00eda"},"content":{"rendered":"<div id=\"attachment_366\" style=\"width: 110px\" class=\"wp-caption alignleft\"><a href=\"https:\/\/www.upo.es\/gepdo\/wp-content\/uploads\/2013\/01\/Carmen_Castro_G.jpg\"><img aria-describedby=\"caption-attachment-366\" decoding=\"async\" loading=\"lazy\" class=\"size-full wp-image-366  \" src=\"https:\/\/www.upo.es\/gepdo\/wp-content\/uploads\/2013\/01\/Carmen_Castro_G.jpg\" alt=\"CARMEN CASTRO GARC\u00cdA\" width=\"100\" height=\"100\" \/><\/a><p id=\"caption-attachment-366\" class=\"wp-caption-text\"><a href=\"http:\/\/www.singenerodedudas.com\/\">Web<\/a><br \/><a href=\"http:\/\/www.lkstro.com\/\">Blog<\/a><\/p><\/div>\n<p>Doctora en Econom\u00eda; investigadora especializada en Pol\u00edticas Europeas de G\u00e9nero y Master en Mainstreaming de G\u00e9nero. Hice mi <a href=\"https:\/\/www.upo.es\/diario\/tesis\/2015\/04\/sobresaliente-cum-laude-para-la-tesis-modelos-de-bienestar-igualdad-de-genero-y-permisos-por-nacimiento-en-un-contexto-de-crisis-del-modelo-social-europeo\/\" target=\"_blank\">tesis doctoral sobre \u2018Modelos de Bienestar, igualdad de g\u00e9nero y sistemas de permisos por nacimiento en el contexto de crisis del Modelo Social Europeo\u2019, dirigida por Lina G\u00e1lvez, en la UPO<\/a>.<\/p>\n<p>Consultora de\u00a0G\u00e9nero con m\u00e1s de 17 a\u00f1os de experiencia y amplio reconocimiento\u00a0a nivel internacional (experta del\u00a0<a href=\"http:\/\/www.undp.org\/content\/undp\/en\/home\/ourwork\/overview.html\">UNDP Roster<\/a>\u00a0en<a href=\"http:\/\/www.undp.org\/content\/undp\/en\/home\/librarypage\/democratic-governance\/public_administration\/gepa.html\">Gender Equality and Women\u2019s Empowerment in Public Administration (GEPA)<\/a>\u00a0y seleccionada como \u00a0<a href=\"http:\/\/eige.europa.eu\/content\/carmen-castro-garcia\">\u2018Women inspiring Gender Equality in Europe\u2019<\/a>\u00a0por el Instituto Europeo para la Igualdad de G\u00e9nero -EIGE-). Entre las iniciativas que he ido emprendiendo, destaco especialmente las consultor\u00edas on-line <a href=\"http:\/\/singenerodedudas.com\/\">SinGENEROdeDUDAS<\/a> y<a href=\"http:\/\/lopersonalespolitico.com\/\">LoPERSONALesPOL\u00cdTICO<\/a>. Actualmente trabajo como asesora de <a href=\"http:\/\/coruna.gal\/igualdadediversidade\" target=\"_blank\">Pol\u00edticas de Igualdad en el Ayuntamiento de A Coru\u00f1a<\/a>.<\/p>\n<p>Soy <strong>activista por el cambio de modelo de sociedad<\/strong>. Comenc\u00e9, siendo muy joven, simultaneando la\u00a0actividad pol\u00edtica en el movimiento juvenil y feminista en el \u00e1mbito europeo. Fu\u00ed presidenta de la <i>Asociaci\u00f3n Mujeres J\u00f3venes<\/i>\u00a0(tambi\u00e9n de Mulleres X\u00f3venes-Area) y miembra del comit\u00e9 directivo del<strong> <i>European Women\u2019s Lobby;<\/i>\u00a0<\/strong>hoy en d\u00eda<strong>\u00a0<\/strong>estoy<strong>\u00a0<\/strong>implicada m\u00e1s activamente en<strong>\u00a0<\/strong>la\u00a0<a href=\"http:\/\/www.igualeseintransferibles.org\/\">Plataforma por Permisos Iguales e Intransferibles de Nacimiento y Adopci\u00f3n<\/a> y de\u00a0la red europea <a href=\"http:\/\/equalandnontransferable.org\/\">PLENT<\/a>\u00a0(socia co-fundandora de ambas). Coordino el Consejo Cient\u00edfico de\u00a0<a href=\"http:\/\/http\/\/www.attac.es\">ATTAC<\/a>-Espa\u00f1a y me enred\u00e9 desde el principio en \u00a0<a href=\"https:\/\/www.upo.es\/gepdo\/\">GEP&amp;DO<\/a>, como socia co-fundadora.<\/p>\n<p>Colaboro habitualmente con diversas ONGs, en el \u00e1mbito de los Derechos Humanos, de la Igualdad de G\u00e9nero y la diversidad sexual.<\/p>\n<p><strong>Perfil acad\u00e9mico y profesional<\/strong><\/p>\n<p><a href=\"https:\/\/www.upo.es\/gepdo\/wp-content\/uploads\/2013\/01\/CVN_CCG_2016.pdf\"><img decoding=\"async\" loading=\"lazy\" class=\"alignleft wp-image-393 size-full\" src=\"https:\/\/www.upo.es\/gepdo\/wp-content\/uploads\/2013\/01\/documento.png\" alt=\"documento\" width=\"32\" height=\"32\" \/><\/a><a href=\"https:\/\/www.upo.es\/gepdo\/wp-content\/uploads\/2013\/01\/CVN_CCG_2016.pdf\">CVN_CCG_2016<\/a><\/p>\n<p><strong>Perfil en las Redes Sociales:<\/strong><\/p>\n<p><a href=\"http:\/\/facebook.com\/CarmenKastroGarcia\"><img decoding=\"async\" src=\"https:\/\/www.upo.es\/gepdo\/wp-content\/uploads\/2013\/01\/facebook.png\" alt=\"\" \/><\/a><a href=\"https:\/\/twitter.com\/singeneroddudas\"><img decoding=\"async\" src=\"https:\/\/www.upo.es\/gepdo\/wp-content\/uploads\/2013\/01\/twitter.png\" alt=\"\" \/><\/a><a href=\"http:\/\/es.linkedin.com\/pub\/carmen-castro-garc%C3%ADa\/18\/728\/8a\"><img decoding=\"async\" src=\"https:\/\/www.upo.es\/gepdo\/wp-content\/uploads\/2013\/01\/linkedin.png\" alt=\"\" \/><\/a><\/p>\n","protected":false},"excerpt":{"rendered":"<p>Doctora en Econom\u00eda; investigadora especializada en Pol\u00edticas Europeas de G\u00e9nero y Master en Mainstreaming de G\u00e9nero. Hice mi tesis doctoral sobre \u2018Modelos de Bienestar, igualdad de g\u00e9nero y sistemas de permisos por nacimiento en el contexto de crisis del Modelo Social Europeo\u2019, dirigida por Lina G\u00e1lvez, en la UPO. Consultora de\u00a0G\u00e9nero con m\u00e1s de 17&hellip;<\/p>\n","protected":false},"author":1,"featured_media":0,"parent":227,"menu_order":2,"comment_status":"closed","ping_status":"closed","template":"template-onecolumn.php","meta":[],"_links":{"self":[{"href":"https:\/\/www.upo.es\/gepdo\/wp-json\/wp\/v2\/pages\/334"}],"collection":[{"href":"https:\/\/www.upo.es\/gepdo\/wp-json\/wp\/v2\/pages"}],"about":[{"href":"https:\/\/www.upo.es\/gepdo\/wp-json\/wp\/v2\/types\/page"}],"author":[{"embeddable":true,"href":"https:\/\/www.upo.es\/gepdo\/wp-json\/wp\/v2\/users\/1"}],"replies":[{"embeddable":true,"href":"https:\/\/www.upo.es\/gepdo\/wp-json\/wp\/v2\/comments?post=334"}],"version-history":[{"count":11,"href":"https:\/\/www.upo.es\/gepdo\/wp-json\/wp\/v2\/pages\/334\/revisions"}],"predecessor-version":[{"id":1780,"href":"https:\/\/www.upo.es\/gepdo\/wp-json\/wp\/v2\/pages\/334\/revisions\/1780"}],"up":[{"embeddable":true,"href":"https:\/\/www.upo.es\/gepdo\/wp-json\/wp\/v2\/pages\/227"}],"wp:attachment":[{"href":"https:\/\/www.upo.es\/gepdo\/wp-json\/wp\/v2\/media?parent=334"}],"curies":[{"name":"wp","href":"https:\/\/api.w.org\/{rel}","templated":true}]}}