{"id":346,"date":"2013-01-25T19:27:35","date_gmt":"2013-01-25T18:27:35","guid":{"rendered":"https:\/\/www.upo.es\/gepdo\/public\/?page_id=346"},"modified":"2014-11-14T11:10:31","modified_gmt":"2014-11-14T10:10:31","slug":"estefania-molina","status":"publish","type":"page","link":"https:\/\/www.upo.es\/gepdo\/quienes-somos\/estefania-molina\/","title":{"rendered":"Estefan\u00eda Molina"},"content":{"rendered":"<p><a href=\"https:\/\/www.upo.es\/gepdo\/wp-content\/uploads\/2013\/01\/Estefania_Molina.png\"><img decoding=\"async\" loading=\"lazy\" class=\"size-full wp-image-203 alignleft\" src=\"https:\/\/www.upo.es\/gepdo\/wp-content\/uploads\/2013\/01\/Estefania_Molina.png\" alt=\"Estefania_Molina\" width=\"100\" height=\"100\" \/><\/a>Licenciada en Filosof\u00eda con especialidad en Estudios latinoamericanos por la Universidad Aut\u00f3noma de Madrid (UAM). Actualmente est\u00e1 investigando como doctoranda en la Escuela de Estudios Hispanoamericanos (Universidad Pablo de Olavide -UPO- CSIC Sevilla) sobre la Cooperaci\u00f3n Universitaria al Desarrollo con perspectiva de g\u00e9nero y la Gesti\u00f3n del Conocimiento entre Espa\u00f1a y Am\u00e9rica Latina y Caribe. Su andadura como feminista inici\u00f3 a trav\u00e9s de las lecturas y an\u00e1lisis, en torno a \u201cla figura de la mujer\u201d en la vida y obra de la fil\u00f3sofa Mar\u00eda Zambrano junto a su exilio en Latinoam\u00e9rica, as\u00ed como en la de Martha Nussbaum.<\/p>\n<p>El Master en G\u00e9nero y Desarrollo del Instituto Complutense de Estudios Internacionales (ICEI-UCM) le brind\u00f3 la oportunidad de redescubrir su posicionamiento feminista en el \u00e1mbito del Desarrollo y aplicarlo en la vida en el d\u00eda a d\u00eda. A partir de entonces ha trabajado en diversos proyectos vinculados a las pol\u00edticas de G\u00e9nero en Desarrollo, como en la coordinaci\u00f3n de la Red GEDEA (G\u00e9nero en Desarrollo y Eficacia de la Ayuda), en la creaci\u00f3n de la Serie: Universidad, G\u00e9nero y Desarrollo de la Colecci\u00f3n Cuadernos Solidarios y en el trabajo con Organismos Internacionales y organizaciones de Mujeres y feministas de otros pa\u00edses.<\/p>\n<p>Tambi\u00e9n es socia y representante del Grupo de la Mujer de la Asociaci\u00f3n Pro Derechos Humanos de Espa\u00f1a (APDHE) y participa activamente en movimientos sociales v\u00eda Grupo de Feminismos del 15M en Madrid y en Sevilla.<\/p>\n<p><strong>Perfil acad\u00e9mico y profesional<\/strong><br \/>\n<a href=\"https:\/\/www.upo.es\/gepdo\/wp-content\/uploads\/2013\/01\/CV_estefania_GEPDO-Espa\u00f1ol.pdf\"><img decoding=\"async\" title=\"CVN_ES\" src=\"https:\/\/www.upo.es\/gepdo\/wp-content\/uploads\/2013\/01\/docu.png\" alt=\"\" \/><\/a> <a href=\"https:\/\/www.upo.es\/gepdo\/wp-content\/uploads\/2013\/01\/CV_stefania_-GEPDO-english.pdf\"><img decoding=\"async\" title=\"CV-EN\" src=\"https:\/\/www.upo.es\/gepdo\/wp-content\/uploads\/2013\/01\/CVicon-e1359220829439.png\" alt=\"\" \/><\/a><\/p>\n","protected":false},"excerpt":{"rendered":"<p>Licenciada en Filosof\u00eda con especialidad en Estudios latinoamericanos por la Universidad Aut\u00f3noma de Madrid (UAM). Actualmente est\u00e1 investigando como doctoranda en la Escuela de Estudios Hispanoamericanos (Universidad Pablo de Olavide -UPO- CSIC Sevilla) sobre la Cooperaci\u00f3n Universitaria al Desarrollo con perspectiva de g\u00e9nero y la Gesti\u00f3n del Conocimiento entre Espa\u00f1a y Am\u00e9rica Latina y Caribe.&hellip;<\/p>\n","protected":false},"author":1,"featured_media":0,"parent":227,"menu_order":16,"comment_status":"closed","ping_status":"closed","template":"template-onecolumn.php","meta":[],"_links":{"self":[{"href":"https:\/\/www.upo.es\/gepdo\/wp-json\/wp\/v2\/pages\/346"}],"collection":[{"href":"https:\/\/www.upo.es\/gepdo\/wp-json\/wp\/v2\/pages"}],"about":[{"href":"https:\/\/www.upo.es\/gepdo\/wp-json\/wp\/v2\/types\/page"}],"author":[{"embeddable":true,"href":"https:\/\/www.upo.es\/gepdo\/wp-json\/wp\/v2\/users\/1"}],"replies":[{"embeddable":true,"href":"https:\/\/www.upo.es\/gepdo\/wp-json\/wp\/v2\/comments?post=346"}],"version-history":[{"count":2,"href":"https:\/\/www.upo.es\/gepdo\/wp-json\/wp\/v2\/pages\/346\/revisions"}],"predecessor-version":[{"id":1301,"href":"https:\/\/www.upo.es\/gepdo\/wp-json\/wp\/v2\/pages\/346\/revisions\/1301"}],"up":[{"embeddable":true,"href":"https:\/\/www.upo.es\/gepdo\/wp-json\/wp\/v2\/pages\/227"}],"wp:attachment":[{"href":"https:\/\/www.upo.es\/gepdo\/wp-json\/wp\/v2\/media?parent=346"}],"curies":[{"name":"wp","href":"https:\/\/api.w.org\/{rel}","templated":true}]}}