{"id":628,"date":"2013-02-21T19:22:30","date_gmt":"2013-02-21T18:22:30","guid":{"rendered":"https:\/\/www.upo.es\/gepdo\/ecoecofemd\/gepdo\/?page_id=628"},"modified":"2013-04-13T20:47:29","modified_gmt":"2013-04-13T18:47:29","slug":"itziar-gomez-carrasco","status":"publish","type":"page","link":"https:\/\/www.upo.es\/gepdo\/quienes-somos\/itziar-gomez-carrasco\/","title":{"rendered":"Itziar G\u00f3mez Carrasco"},"content":{"rendered":"<p><a href=\"https:\/\/www.upo.es\/gepdo\/wp-content\/uploads\/2013\/02\/Itziar_Gomez.jpg\"><img decoding=\"async\" loading=\"lazy\" class=\"size-full wp-image-773 alignleft\" alt=\"Itziar_Gomez\" src=\"https:\/\/www.upo.es\/gepdo\/wp-content\/uploads\/2013\/02\/Itziar_Gomez.jpg\" width=\"100\" height=\"115\" \/><\/a>Licenciada en Ciencias Pol\u00edticas por la Universidad de Edimburgo. Complet\u00f3 su formaci\u00f3n con un Master en Cooperaci\u00f3n Internacional (Universidad Complutense de Madrid) y un Mphil en Estudios de Desarrollo (IDS, Universidad de Sussex). Tiene m\u00e1s de 10 a\u00f1os de experiencia en proyectos de cooperaci\u00f3n sobre temas relacionados con los derechos humanos y el desarrollo. Ha trabajado en \u00c1frica del Este, Am\u00e9rica Latina, Asia Central y Egipto con organizaciones internacionales (Comisi\u00f3n Europea, PNUD, UNESCO), instituciones acad\u00e9micas y organizaciones no-gubernamentales. Actualmente coordina un proyecto de investigaciones de Interm\u00f3n-Oxfam sobre resiliencia y seguridad alimentaria en \u00c1frica del Oeste (SARAO).<\/p>\n","protected":false},"excerpt":{"rendered":"<p>Licenciada en Ciencias Pol\u00edticas por la Universidad de Edimburgo. Complet\u00f3 su formaci\u00f3n con un Master en Cooperaci\u00f3n Internacional (Universidad Complutense de Madrid) y un Mphil en Estudios de Desarrollo (IDS, Universidad de Sussex). Tiene m\u00e1s de 10 a\u00f1os de experiencia en proyectos de cooperaci\u00f3n sobre temas relacionados con los derechos humanos y el desarrollo. Ha&hellip;<\/p>\n","protected":false},"author":1,"featured_media":0,"parent":227,"menu_order":10,"comment_status":"open","ping_status":"closed","template":"template-onecolumn.php","meta":[],"_links":{"self":[{"href":"https:\/\/www.upo.es\/gepdo\/wp-json\/wp\/v2\/pages\/628"}],"collection":[{"href":"https:\/\/www.upo.es\/gepdo\/wp-json\/wp\/v2\/pages"}],"about":[{"href":"https:\/\/www.upo.es\/gepdo\/wp-json\/wp\/v2\/types\/page"}],"author":[{"embeddable":true,"href":"https:\/\/www.upo.es\/gepdo\/wp-json\/wp\/v2\/users\/1"}],"replies":[{"embeddable":true,"href":"https:\/\/www.upo.es\/gepdo\/wp-json\/wp\/v2\/comments?post=628"}],"version-history":[{"count":1,"href":"https:\/\/www.upo.es\/gepdo\/wp-json\/wp\/v2\/pages\/628\/revisions"}],"predecessor-version":[{"id":1047,"href":"https:\/\/www.upo.es\/gepdo\/wp-json\/wp\/v2\/pages\/628\/revisions\/1047"}],"up":[{"embeddable":true,"href":"https:\/\/www.upo.es\/gepdo\/wp-json\/wp\/v2\/pages\/227"}],"wp:attachment":[{"href":"https:\/\/www.upo.es\/gepdo\/wp-json\/wp\/v2\/media?parent=628"}],"curies":[{"name":"wp","href":"https:\/\/api.w.org\/{rel}","templated":true}]}}