{"id":817,"date":"2013-02-23T10:32:28","date_gmt":"2013-02-23T09:32:28","guid":{"rendered":"https:\/\/www.upo.es\/gepdo\/ecoecofemd\/gepdo\/?page_id=817"},"modified":"2015-02-23T22:17:21","modified_gmt":"2015-02-23T21:17:21","slug":"diagnostico-sobre-la-realidad-social","status":"publish","type":"page","link":"https:\/\/www.upo.es\/gepdo\/que-hacemos-2\/divulgacion-y-transferencia-de-conocimiento\/diagnostico-sobre-la-realidad-social\/","title":{"rendered":"Diagn\u00f3stico sobre la realidad social"},"content":{"rendered":"<p align=\"JUSTIFY\"><span style=\"color: #000000\"><span style=\"font-family: Calibri\"><span style=\"font-size: medium\">Ligado al trabajo de las instituciones p\u00fablicas y de las organizaciones sociales, el grupo desarrolla diferentes actividades de diagn\u00f3stico de la realidad social con el objetivo de contar con an\u00e1lisis rigurosos que permitan una acci\u00f3n transfomadora de la sociedad. En esta l\u00ednea, ha coordinado y desarrollado diversos estudios sobre la situaci\u00f3n econ\u00f3mica y social que persiguen alimentar las pol\u00edticas p\u00fablicas y las acciones de organizaciones del tercer sector.<\/span><\/span><\/span><\/p>\n","protected":false},"excerpt":{"rendered":"<p>Ligado al trabajo de las instituciones p\u00fablicas y de las organizaciones sociales, el grupo desarrolla diferentes actividades de diagn\u00f3stico de la realidad social con el objetivo de contar con an\u00e1lisis rigurosos que permitan una acci\u00f3n transfomadora de la sociedad. En esta l\u00ednea, ha coordinado y desarrollado diversos estudios sobre la situaci\u00f3n econ\u00f3mica y social que&hellip;<\/p>\n","protected":false},"author":1,"featured_media":0,"parent":132,"menu_order":1,"comment_status":"open","ping_status":"open","template":"template-onecolumn.php","meta":[],"_links":{"self":[{"href":"https:\/\/www.upo.es\/gepdo\/wp-json\/wp\/v2\/pages\/817"}],"collection":[{"href":"https:\/\/www.upo.es\/gepdo\/wp-json\/wp\/v2\/pages"}],"about":[{"href":"https:\/\/www.upo.es\/gepdo\/wp-json\/wp\/v2\/types\/page"}],"author":[{"embeddable":true,"href":"https:\/\/www.upo.es\/gepdo\/wp-json\/wp\/v2\/users\/1"}],"replies":[{"embeddable":true,"href":"https:\/\/www.upo.es\/gepdo\/wp-json\/wp\/v2\/comments?post=817"}],"version-history":[{"count":6,"href":"https:\/\/www.upo.es\/gepdo\/wp-json\/wp\/v2\/pages\/817\/revisions"}],"predecessor-version":[{"id":1472,"href":"https:\/\/www.upo.es\/gepdo\/wp-json\/wp\/v2\/pages\/817\/revisions\/1472"}],"up":[{"embeddable":true,"href":"https:\/\/www.upo.es\/gepdo\/wp-json\/wp\/v2\/pages\/132"}],"wp:attachment":[{"href":"https:\/\/www.upo.es\/gepdo\/wp-json\/wp\/v2\/media?parent=817"}],"curies":[{"name":"wp","href":"https:\/\/api.w.org\/{rel}","templated":true}]}}