{"id":830,"date":"2013-02-23T10:52:41","date_gmt":"2013-02-23T09:52:41","guid":{"rendered":"https:\/\/www.upo.es\/gepdo\/ecoecofemd\/gepdo\/?page_id=830"},"modified":"2015-02-23T22:23:00","modified_gmt":"2015-02-23T21:23:00","slug":"planificacion-evaluacion-y-gestion-del-conocimiento","status":"publish","type":"page","link":"https:\/\/www.upo.es\/gepdo\/que-hacemos-2\/divulgacion-y-transferencia-de-conocimiento\/planificacion-evaluacion-y-gestion-del-conocimiento\/","title":{"rendered":"Planificaci\u00f3n, evaluaci\u00f3n y gesti\u00f3n del conocimiento"},"content":{"rendered":"<p>El grupo centra parte de su actividad en la asesor\u00eda y desarrollo de ejercicios de planificaci\u00f3n y evaluaci\u00f3n de pol\u00edticas y programas sociales. Con una significativa experiencia en el trabajo con agentes sociales y amplio conocimiento de metodolog\u00edas de planificaci\u00f3n, seguimiento y evaluaci\u00f3n, el grupo dise\u00f1a, desarrolla y apoya a diferentes instituciones p\u00fablicas y organizaciones sociales a lo largo de los diferentes momentos del ciclo de las pol\u00edticas p\u00fablicas.<\/p>\n<p align=\"JUSTIFY\"><span style=\"color: #000000\"><span style=\"font-family: Calibri\"><span style=\"font-size: medium\">Asimismo, consciente de la necesidad de generar lecciones aprendidas e identificar buenas pr\u00e1cticas, tambi\u00e9n interviene en el dise\u00f1o y puesta en marcha de proyectos orientados a la mejora de la gesti\u00f3n del conocimiento.<\/span><\/span><\/span><\/p>\n","protected":false},"excerpt":{"rendered":"<p>El grupo centra parte de su actividad en la asesor\u00eda y desarrollo de ejercicios de planificaci\u00f3n y evaluaci\u00f3n de pol\u00edticas y programas sociales. Con una significativa experiencia en el trabajo con agentes sociales y amplio conocimiento de metodolog\u00edas de planificaci\u00f3n, seguimiento y evaluaci\u00f3n, el grupo dise\u00f1a, desarrolla y apoya a diferentes instituciones p\u00fablicas y organizaciones&hellip;<\/p>\n","protected":false},"author":1,"featured_media":0,"parent":132,"menu_order":2,"comment_status":"open","ping_status":"open","template":"template-onecolumn.php","meta":[],"_links":{"self":[{"href":"https:\/\/www.upo.es\/gepdo\/wp-json\/wp\/v2\/pages\/830"}],"collection":[{"href":"https:\/\/www.upo.es\/gepdo\/wp-json\/wp\/v2\/pages"}],"about":[{"href":"https:\/\/www.upo.es\/gepdo\/wp-json\/wp\/v2\/types\/page"}],"author":[{"embeddable":true,"href":"https:\/\/www.upo.es\/gepdo\/wp-json\/wp\/v2\/users\/1"}],"replies":[{"embeddable":true,"href":"https:\/\/www.upo.es\/gepdo\/wp-json\/wp\/v2\/comments?post=830"}],"version-history":[{"count":5,"href":"https:\/\/www.upo.es\/gepdo\/wp-json\/wp\/v2\/pages\/830\/revisions"}],"predecessor-version":[{"id":1484,"href":"https:\/\/www.upo.es\/gepdo\/wp-json\/wp\/v2\/pages\/830\/revisions\/1484"}],"up":[{"embeddable":true,"href":"https:\/\/www.upo.es\/gepdo\/wp-json\/wp\/v2\/pages\/132"}],"wp:attachment":[{"href":"https:\/\/www.upo.es\/gepdo\/wp-json\/wp\/v2\/media?parent=830"}],"curies":[{"name":"wp","href":"https:\/\/api.w.org\/{rel}","templated":true}]}}