{"id":836,"date":"2013-02-23T10:59:04","date_gmt":"2013-02-23T09:59:04","guid":{"rendered":"https:\/\/www.upo.es\/gepdo\/ecoecofemd\/gepdo\/?page_id=836"},"modified":"2015-02-23T22:26:03","modified_gmt":"2015-02-23T21:26:03","slug":"incidencia-social-y-politica","status":"publish","type":"page","link":"https:\/\/www.upo.es\/gepdo\/que-hacemos-2\/divulgacion-y-transferencia-de-conocimiento\/incidencia-social-y-politica\/","title":{"rendered":"Divulgaci\u00f3n e incidencia pol\u00edtica y social"},"content":{"rendered":"<p align=\"JUSTIFY\"><span style=\"color: #000000\"><span style=\"font-family: Calibri\"><span style=\"font-size: medium\">El grupo trabaja de forma conjunta con los \u00a0y las diferentes agentes sociales de los territorios y, en este sentido, participa tambi\u00e9n de forma activa en actividades de divulgaci\u00f3n de las investigaciones llevadas a cabo con una orientaci\u00f3n cr\u00edtica y de cambio. Su participaci\u00f3n persigue, por un parte, dar a conocer los principales resultados de los proyectos de investigaci\u00f3n y, por otro, difundir recomendaciones y l\u00edneas de mejora para la acci\u00f3n p\u00fablica.<\/span><\/span><\/span><\/p>\n","protected":false},"excerpt":{"rendered":"<p>El grupo trabaja de forma conjunta con los \u00a0y las diferentes agentes sociales de los territorios y, en este sentido, participa tambi\u00e9n de forma activa en actividades de divulgaci\u00f3n de las investigaciones llevadas a cabo con una orientaci\u00f3n cr\u00edtica y de cambio. Su participaci\u00f3n persigue, por un parte, dar a conocer los principales resultados de&hellip;<\/p>\n","protected":false},"author":1,"featured_media":0,"parent":132,"menu_order":3,"comment_status":"open","ping_status":"open","template":"template-onecolumn.php","meta":[],"_links":{"self":[{"href":"https:\/\/www.upo.es\/gepdo\/wp-json\/wp\/v2\/pages\/836"}],"collection":[{"href":"https:\/\/www.upo.es\/gepdo\/wp-json\/wp\/v2\/pages"}],"about":[{"href":"https:\/\/www.upo.es\/gepdo\/wp-json\/wp\/v2\/types\/page"}],"author":[{"embeddable":true,"href":"https:\/\/www.upo.es\/gepdo\/wp-json\/wp\/v2\/users\/1"}],"replies":[{"embeddable":true,"href":"https:\/\/www.upo.es\/gepdo\/wp-json\/wp\/v2\/comments?post=836"}],"version-history":[{"count":4,"href":"https:\/\/www.upo.es\/gepdo\/wp-json\/wp\/v2\/pages\/836\/revisions"}],"predecessor-version":[{"id":1487,"href":"https:\/\/www.upo.es\/gepdo\/wp-json\/wp\/v2\/pages\/836\/revisions\/1487"}],"up":[{"embeddable":true,"href":"https:\/\/www.upo.es\/gepdo\/wp-json\/wp\/v2\/pages\/132"}],"wp:attachment":[{"href":"https:\/\/www.upo.es\/gepdo\/wp-json\/wp\/v2\/media?parent=836"}],"curies":[{"name":"wp","href":"https:\/\/api.w.org\/{rel}","templated":true}]}}