{"id":901,"date":"2013-03-05T11:32:32","date_gmt":"2013-03-05T10:32:32","guid":{"rendered":"https:\/\/www.upo.es\/gepdo\/?page_id=901"},"modified":"2018-02-06T11:33:51","modified_gmt":"2018-02-06T10:33:51","slug":"formacion-oficial-y-reglada","status":"publish","type":"page","link":"https:\/\/www.upo.es\/gepdo\/que-hacemos-2\/formacion\/formacion-oficial-y-reglada\/","title":{"rendered":""},"content":{"rendered":"<p align=\"JUSTIFY\"><span style=\"text-decoration: underline\"><strong>FORMACI\u00d3N OFICIAL Y REGLADA<\/strong><\/span><\/p>\n<p align=\"JUSTIFY\">Miembros del equipo de GEP&amp;DO dirigen y\/o coordinan los siguientes programas de postgrado y grado:<\/p>\n<ul>\n<li>M\u00e1ster Universitario en \u201cG\u00e9nero e Igualdad\u201d de la Universidad Pablo de Olavide<\/li>\n<\/ul>\n<ul>\n<li>Master Universitario en Relaciones Internacionales, Universidad Pablo de Olavide y Universidad Internacional de Andaluc\u00eda<\/li>\n<\/ul>\n<ul>\n<li>Doctorado en Ciencias Sociales de la Universidad Pablo de Olavide, \u00c1rea de Investigaci\u00f3n \u201cG\u00e9nero y Desarrollo\u201d<\/li>\n<\/ul>\n<ul>\n<li>Especialista universitario en \u201cG\u00e9nero y Desarrollo\u201d de la Universidad de Sevilla<\/li>\n<\/ul>\n<ul>\n<li>Especialista universitario en \u201cPromoci\u00f3n para la igualdad efectiva de mujeres y hombres: negociaci\u00f3n, comunicaci\u00f3n, redes, participaci\u00f3n y empoderamiento\u201d de la Universidad Pablo de Olavide (online)<\/li>\n<\/ul>\n<ul>\n<li>Especialista universitario en \u201cPromoci\u00f3n para la igualdad efectiva de mujeres y hombres: relaciones laborales, empleo, evaluaci\u00f3n de pol\u00edticas y violencia contra las mujeres\u201d de la Universidad Pablo de Olavide (online)<\/li>\n<\/ul>\n<ul>\n<li>Curso de Grado en \u201cG\u00e9nero y Trabajo\u201d de la Universidad Pablo de Olavide<\/li>\n<\/ul>\n<ul>\n<li>Curso de Grado en \u201cG\u00e9nero y Desarrollo\u201d del Campus Andaluz Virtual (online)<\/li>\n<\/ul>\n<p align=\"JUSTIFY\">Adem\u00e1s, el equipo de GEP&amp;DO participa en numerosos M\u00e1sters y Cursos de postgrado de otras universidades espa\u00f1olas y latinoamericanas y ha impartido <b>m\u00e1s de 100 <\/b>cursos, talleres pr\u00e1cticos y seminarios de formaci\u00f3n espec\u00edfica y permanente, incluyendo formaci\u00f3n ocupacional, en las siguientes \u00e1reas tem\u00e1ticas:<\/p>\n<ol>\n<li>Econom\u00eda Feminista<\/li>\n<li>G\u00e9nero y desarrollo<\/li>\n<li>G\u00e9nero y bienestar<\/li>\n<li>Desigualdades de g\u00e9nero<\/li>\n<li>Pol\u00edticas p\u00fablicas de igualdad<\/li>\n<li>Evaluaci\u00f3n de pol\u00edticas p\u00fablicas con enfoque de g\u00e9nero<\/li>\n<li>Enfoque de g\u00e9nero en la cooperaci\u00f3n al desarrollo<\/li>\n<li>Indicadores y estad\u00edsticas de g\u00e9nero<\/li>\n<li>Ecofeminismo<\/li>\n<\/ol>\n","protected":false},"excerpt":{"rendered":"<p>FORMACI\u00d3N OFICIAL Y REGLADA Miembros del equipo de GEP&amp;DO dirigen y\/o coordinan los siguientes programas de postgrado y grado: M\u00e1ster Universitario en \u201cG\u00e9nero e Igualdad\u201d de la Universidad Pablo de Olavide Master Universitario en Relaciones Internacionales, Universidad Pablo de Olavide y Universidad Internacional de Andaluc\u00eda Doctorado en Ciencias Sociales de la Universidad Pablo de Olavide,&hellip;<\/p>\n","protected":false},"author":1,"featured_media":1447,"parent":129,"menu_order":1,"comment_status":"closed","ping_status":"open","template":"template-onecolumn.php","meta":[],"_links":{"self":[{"href":"https:\/\/www.upo.es\/gepdo\/wp-json\/wp\/v2\/pages\/901"}],"collection":[{"href":"https:\/\/www.upo.es\/gepdo\/wp-json\/wp\/v2\/pages"}],"about":[{"href":"https:\/\/www.upo.es\/gepdo\/wp-json\/wp\/v2\/types\/page"}],"author":[{"embeddable":true,"href":"https:\/\/www.upo.es\/gepdo\/wp-json\/wp\/v2\/users\/1"}],"replies":[{"embeddable":true,"href":"https:\/\/www.upo.es\/gepdo\/wp-json\/wp\/v2\/comments?post=901"}],"version-history":[{"count":10,"href":"https:\/\/www.upo.es\/gepdo\/wp-json\/wp\/v2\/pages\/901\/revisions"}],"predecessor-version":[{"id":2092,"href":"https:\/\/www.upo.es\/gepdo\/wp-json\/wp\/v2\/pages\/901\/revisions\/2092"}],"up":[{"embeddable":true,"href":"https:\/\/www.upo.es\/gepdo\/wp-json\/wp\/v2\/pages\/129"}],"wp:featuredmedia":[{"embeddable":true,"href":"https:\/\/www.upo.es\/gepdo\/wp-json\/wp\/v2\/media\/1447"}],"wp:attachment":[{"href":"https:\/\/www.upo.es\/gepdo\/wp-json\/wp\/v2\/media?parent=901"}],"curies":[{"name":"wp","href":"https:\/\/api.w.org\/{rel}","templated":true}]}}