{"id":924,"date":"2013-03-05T19:12:29","date_gmt":"2013-03-05T18:12:29","guid":{"rendered":"https:\/\/www.upo.es\/gepdo\/?page_id=924"},"modified":"2016-01-26T16:12:38","modified_gmt":"2016-01-26T15:12:38","slug":"investigacion","status":"publish","type":"page","link":"https:\/\/www.upo.es\/gepdo\/que-hacemos-2\/investigacion-e-informes\/investigacion\/","title":{"rendered":"Investigaci\u00f3n"},"content":{"rendered":"<p><strong>Investigaci\u00f3n dirigida a generar conocimiento te\u00f3rico y aplicado<\/strong><\/p>\n<p>El grupo cuenta con una amplia trayectoria en materia de investigaci\u00f3n social orientada a generar conocimiento tanto te\u00f3rico como aplicado. Sus principales \u00e1reas de investigaci\u00f3n son el desarrollo econ\u00f3mico y social, las desigualdades sociales y las pol\u00edticas p\u00fablicas. En estas \u00e1reas, ha llevado a cabo y tiene en marcha diferentes actividades de asesor\u00eda y consultor\u00eda para instituciones p\u00fablicas nacionales e internacionales as\u00ed como para organizaciones de la sociedad civil. Igualmente, desarrolla diferentes proyectos de I+D+i financiados por convocatorias p\u00fablicas tanto en el \u00e1mbito internacional como en el \u00e1mbito nacional y auton\u00f3mico.<\/p>\n<p>Actualmente los proyectos activos son los siguientes:<\/p>\n<ul>\n<li>2015-2018: \u00abCrisis de empleo y transformaciones en las desigualdades de g\u00e9nero: un an\u00e1lisis desde los usos de tiempo\u00bb Programa Retos de la Sociedad CSO2014-58378-R, financiado por el Ministerio de Econom\u00eda y Competitividad. Dirigido por Lina G\u00e1lvez Mu\u00f1oz y Paula Rodr\u00edguez Modro\u00f1o, Entidad de realizaci\u00f3n: Universidad Pablo de Olavide. Cuant\u00eda total: 30.000\u20ac<\/li>\n<\/ul>\n<ul>\n<li>2014-2017: \u00abInfancia y Bienestar: Indicadores y Bases para el Desarrollo de Pol\u00edticas P\u00fablicas desde un Enfoque de Teor\u00eda de las Capacidades\u00bb Proyecto de Excelencia SEJ 2727 financiado por la Consejer\u00eda de Innovaci\u00f3n, Ciencia y Empresa Junta de Andaluc\u00eda. Dirigido por Lina G\u00e1lvez Mu\u00f1oz. Entidad de realizaci\u00f3n: Universidad Pablo de Olavide. Cuant\u00eda total: 102.000\u20ac<\/li>\n<\/ul>\n<ul>\n<li>2013-2016: \u201cProyecto GENOVATE (Transforming Organizational Culture for Gender Equality in Research and Innovation)\u201d, financiado por el VII Programa Marco de Investigaci\u00f3n de la Uni\u00f3n Europea. Grupo de investigaci\u00f3n espa\u00f1ol dirigido por Mar\u00eda Bustelo, en el que participa la investigadora Julia Espinosa Fajardo.<\/li>\n<\/ul>\n<ul>\n<li>2012-2016: Proyecto \u201cAn\u00e1lisis y evaluaci\u00f3n de pol\u00edticas de violencia de g\u00e9nero, cuidados y representaci\u00f3n simb\u00f3lica en Espa\u00f1a y en Europa\u201d. VI Plan Nacional de Investigaci\u00f3n Cient\u00edfica, Desarrollo e Innovaci\u00f3n Tecnol\u00f3gica 2008-2011.\u00a0 Dirigido por Mar\u00eda Bustelo,\u00a0en el que participa la investigadora Julia Espinosa Fajardo.<\/li>\n<\/ul>\n<p>Aqu\u00ed se puede consultar el hist\u00f3rico del grupo, por l\u00edneas de investigaci\u00f3n:<\/p>\n<ol>\n<li><a href=\"https:\/\/www.upo.es\/gepdo\/que-hacemos-2\/investigacion-e-informes\/investigacion\/politicas-publicas-rendicion-de-cuentas-y-aprendizaje\">Pol\u00edticas P\u00fablicas, rendici\u00f3n de cuentas y aprendizaje<\/a><\/li>\n<li><a href=\"https:\/\/www.upo.es\/gepdo\/que-hacemos-2\/investigacion-e-informes\/investigacion\/desarrollo-bienestar-y-capacidades\">Econom\u00eda, gobernanza y acci\u00f3n global y local<\/a><\/li>\n<li><a href=\"https:\/\/www.upo.es\/gepdo\/que-hacemos-2\/investigacion-e-informes\/investigacion\/desarrollo-bienestar-y-capacidades\">Desarrollo, bienestar y capacidades<\/a><\/li>\n<li><a href=\"https:\/\/www.upo.es\/gepdo\/que-hacemos-2\/investigacion-e-informes\/investigacion\/derechos-ciudadania-y-participacion\">Derechos, ciudadan\u00eda y participaci\u00f3n<\/a><\/li>\n<li><a href=\"https:\/\/www.upo.es\/gepdo\/que-hacemos-2\/investigacion-e-informes\/investigacion\/trabajos-usos-del-tiempo-y-corresponsabilidad\">Trabajos, usos del tiempo y corresponsabilidad<\/a><\/li>\n<li><a href=\"https:\/\/www.upo.es\/gepdo\/que-hacemos-2\/investigacion-e-informes\/investigacion\/estadisticas-e-indicadores\">Estad\u00edsticas e indicadores<\/a><\/li>\n<\/ol>\n","protected":false},"excerpt":{"rendered":"<p>Investigaci\u00f3n dirigida a generar conocimiento te\u00f3rico y aplicado El grupo cuenta con una amplia trayectoria en materia de investigaci\u00f3n social orientada a generar conocimiento tanto te\u00f3rico como aplicado. Sus principales \u00e1reas de investigaci\u00f3n son el desarrollo econ\u00f3mico y social, las desigualdades sociales y las pol\u00edticas p\u00fablicas. En estas \u00e1reas, ha llevado a cabo y tiene&hellip;<\/p>\n","protected":false},"author":1,"featured_media":0,"parent":122,"menu_order":1,"comment_status":"closed","ping_status":"open","template":"template-onecolumn.php","meta":[],"_links":{"self":[{"href":"https:\/\/www.upo.es\/gepdo\/wp-json\/wp\/v2\/pages\/924"}],"collection":[{"href":"https:\/\/www.upo.es\/gepdo\/wp-json\/wp\/v2\/pages"}],"about":[{"href":"https:\/\/www.upo.es\/gepdo\/wp-json\/wp\/v2\/types\/page"}],"author":[{"embeddable":true,"href":"https:\/\/www.upo.es\/gepdo\/wp-json\/wp\/v2\/users\/1"}],"replies":[{"embeddable":true,"href":"https:\/\/www.upo.es\/gepdo\/wp-json\/wp\/v2\/comments?post=924"}],"version-history":[{"count":14,"href":"https:\/\/www.upo.es\/gepdo\/wp-json\/wp\/v2\/pages\/924\/revisions"}],"predecessor-version":[{"id":1651,"href":"https:\/\/www.upo.es\/gepdo\/wp-json\/wp\/v2\/pages\/924\/revisions\/1651"}],"up":[{"embeddable":true,"href":"https:\/\/www.upo.es\/gepdo\/wp-json\/wp\/v2\/pages\/122"}],"wp:attachment":[{"href":"https:\/\/www.upo.es\/gepdo\/wp-json\/wp\/v2\/media?parent=924"}],"curies":[{"name":"wp","href":"https:\/\/api.w.org\/{rel}","templated":true}]}}