{"id":959,"date":"2013-03-05T22:22:23","date_gmt":"2013-03-05T21:22:23","guid":{"rendered":"https:\/\/www.upo.es\/gepdo\/?page_id=959"},"modified":"2015-02-23T22:25:13","modified_gmt":"2015-02-23T21:25:13","slug":"creacion-y-fomento-de-redes","status":"publish","type":"page","link":"https:\/\/www.upo.es\/gepdo\/que-hacemos-2\/divulgacion-y-transferencia-de-conocimiento\/creacion-y-fomento-de-redes\/","title":{"rendered":"Creaci\u00f3n y fomento de Redes"},"content":{"rendered":"<p align=\"JUSTIFY\"><span style=\"color: #000000\"><span style=\"font-family: Calibri\"><span style=\"font-size: medium\">La creaci\u00f3n y el fomento de redes tambi\u00e9n conforma un \u00e1rea central de trabajo. En esta l\u00ednea, ha puesto en marcha y apoya el desarrollo de trabajo en red entre las instituciones p\u00fablicas, la Universidad y los y las agentes sociales con el objetivo de generar retroalimentaci\u00f3n y crear espacios de sinergias. Al mismo tiempo, lleva a cabo acciones de dinamizaci\u00f3n social orientadas a potenciar una mayor implicaci\u00f3n de las personas en su realidad m\u00e1s inmediata.<\/span><\/span><\/span><\/p>\n","protected":false},"excerpt":{"rendered":"<p>La creaci\u00f3n y el fomento de redes tambi\u00e9n conforma un \u00e1rea central de trabajo. En esta l\u00ednea, ha puesto en marcha y apoya el desarrollo de trabajo en red entre las instituciones p\u00fablicas, la Universidad y los y las agentes sociales con el objetivo de generar retroalimentaci\u00f3n y crear espacios de sinergias. Al mismo tiempo,&hellip;<\/p>\n","protected":false},"author":1,"featured_media":0,"parent":132,"menu_order":4,"comment_status":"closed","ping_status":"open","template":"template-onecolumn.php","meta":[],"_links":{"self":[{"href":"https:\/\/www.upo.es\/gepdo\/wp-json\/wp\/v2\/pages\/959"}],"collection":[{"href":"https:\/\/www.upo.es\/gepdo\/wp-json\/wp\/v2\/pages"}],"about":[{"href":"https:\/\/www.upo.es\/gepdo\/wp-json\/wp\/v2\/types\/page"}],"author":[{"embeddable":true,"href":"https:\/\/www.upo.es\/gepdo\/wp-json\/wp\/v2\/users\/1"}],"replies":[{"embeddable":true,"href":"https:\/\/www.upo.es\/gepdo\/wp-json\/wp\/v2\/comments?post=959"}],"version-history":[{"count":5,"href":"https:\/\/www.upo.es\/gepdo\/wp-json\/wp\/v2\/pages\/959\/revisions"}],"predecessor-version":[{"id":1486,"href":"https:\/\/www.upo.es\/gepdo\/wp-json\/wp\/v2\/pages\/959\/revisions\/1486"}],"up":[{"embeddable":true,"href":"https:\/\/www.upo.es\/gepdo\/wp-json\/wp\/v2\/pages\/132"}],"wp:attachment":[{"href":"https:\/\/www.upo.es\/gepdo\/wp-json\/wp\/v2\/media?parent=959"}],"curies":[{"name":"wp","href":"https:\/\/api.w.org\/{rel}","templated":true}]}}