{"id":967,"date":"2013-03-05T22:58:27","date_gmt":"2013-03-05T21:58:27","guid":{"rendered":"https:\/\/www.upo.es\/gepdo\/?page_id=967"},"modified":"2016-01-26T16:35:44","modified_gmt":"2016-01-26T15:35:44","slug":"politicas-publicas-rendicion-de-cuentas-y-aprendizaje","status":"publish","type":"page","link":"https:\/\/www.upo.es\/gepdo\/que-hacemos-2\/investigacion-e-informes\/investigacion\/politicas-publicas-rendicion-de-cuentas-y-aprendizaje\/","title":{"rendered":"Pol\u00edticas P\u00fablicas, rendici\u00f3n de cuentas y aprendizaje"},"content":{"rendered":"<p><span style=\"color: #333333\"><strong>PROYECTOS:<\/strong><\/span><\/p>\n<p dir=\"ltr\"><span style=\"color: #333333\">2013-2016: <strong>\u201cProyecto GENOVATE (Transforming Organizational Culture for Gender Equality in Research and Innovation)\u201d<\/strong>, financiado por el VII Programa Marco de Investigaci\u00f3n de la Uni\u00f3n Europea. Grupo de investigaci\u00f3n espa\u00f1ol dirigido por Mar\u00eda Bustelo, en el que participa la investigadora Julia Espinosa Fajardo.<\/span><\/p>\n<p dir=\"ltr\">2014-2015:\u00a0<span lang=\"EN-US\"><strong>Proyecto \u201cGuidelines for Including a Gender+ Perspective in VOPES: Innovating to Improve Institutional Capacities\u201d<\/strong>. <strong>EvalPartners\u2019 Equity-Focused and Gender-Responsive Evaluation Innovation Challenge competition.<\/strong> <\/span>European Evaluation Society y Red de Seguimiento, Evaluaci\u00f3n y Sistematizaci\u00f3n de Am\u00e9rica Latina y el Caribe. International Organization for Cooperation in Evaluation (IOCE). Participa\u00a0la investigadora Julia Espinosa Fajardo.<\/p>\n<p dir=\"ltr\"><span style=\"color: #333333\">2012-2014: <strong>\u201cAn\u00e1lisis y evaluaci\u00f3n de pol\u00edticas de violencia de g\u00e9nero, cuidados y representaci\u00f3n simb\u00f3lica en Espa\u00f1a y Europa\u201d<\/strong>, financiado por el VI Plan Nacional de Investigaci\u00f3n Cient\u00edfica, Desarrollo e Innovaci\u00f3n. Dirigido por Mar\u00eda Bustelo, en el que participa la investigadora Julia Espinosa Fajardo.<\/span><\/p>\n<p dir=\"ltr\"><span style=\"color: #333333\">2010-2012: <strong>\u201cLa igualdad de g\u00e9nero como eje de un nuevo modelo econ\u00f3mico y social eficiente y sostenible: el cometido de las pol\u00edticas p\u00fablicas\u201d<\/strong> financiado por el Instituto de la Mujer, Ministerio de Salud, Asuntos sociales e Igualdad. Dirigido por Gloria Alarc\u00f3n, en el que participa la investigadora Carmen Castro Garc\u00eda.<\/span><\/p>\n<p dir=\"ltr\"><span style=\"color: #333333\">2009-2010: <strong>\u201cPol\u00edticas Fiscales y Equidad de G\u00e9nero\u201d<\/strong>, proyecto dirigido por Mar\u00eda Pazos-Mor\u00e1n en el que particip\u00f3 la investigadora Carmen Castro Garc\u00eda para el cap\u00edtulo de Espa\u00f1a \u201cLa (des)igualdad de g\u00e9nero en el sistema de impuestos y prestaciones de Espa\u00f1a\u201d. Financiado por la Fundaci\u00f3n Carolina, CEPAL, UNICEF y el Instituto de Estudios Fiscales de Espa\u00f1a.<\/span><\/p>\n<p dir=\"ltr\"><span style=\"color: #333333\">2008-2007: <strong>\u201cViolencia de G\u00e9nero y Presupuesto P\u00fablico\u201d<\/strong>, proyecto dirigido por Mar\u00eda Pazos-Mor\u00e1n en el que particip\u00f3 la investigadora Carmen Castro Garc\u00eda. \u00a0Financiado por el Instituto de Estudios Fiscales del Ministerio de Econom\u00eda y Hacienda de Espa\u00f1a.<\/span><\/p>\n<p dir=\"ltr\"><span style=\"color: #333333\">2012-2014: <strong>\u201cMechanism for Enhancement of Synergy among Enterprises and Sustainability\u201d<\/strong>, proyecto dirigido por Michael Pelloso en el que participa como investigadora Paula Rodr\u00edguez Modro\u00f1o. Financiado por Iniciativa Comunitaria PEOPLE, INTERREG IVC, UE.<\/span><\/p>\n<p dir=\"ltr\"><span style=\"color: #333333\">2010-11: <strong>\u201cPromotion of the social and labour integrated companies\u201d<\/strong>, proyecto dirigido por Javier Guzm\u00e1n. Participa como investigadora Paula Rodr\u00edguez Modro\u00f1o. Financiado por \u00a0Iniciativa Comunitaria PEOPLE, INTERREG IVC, UE.<\/span><\/p>\n<p dir=\"ltr\"><span style=\"color: #333333\">2007-10: <strong>\u201cSchool and the World for Work\u201d<\/strong>, proyecto dirigido por Peter H\u00e4rtel. Participa como investigadora Paula Rodr\u00edguez Modro\u00f1o. Financiado por Programa comunitario LIFELONG LEARNING PROGRAMME \u2013 COMENIUS NETWORKS 2007-2013, Uni\u00f3n Europea.<\/span><\/p>\n<p id=\"internal-source-marker_0.6977493717523754\" dir=\"ltr\"><span style=\"color: #333333\">2006-08: <strong>\u201cCentauro\u201d<\/strong>, proyecto dirigido por Umberto Pallareti en el que particip\u00f3 como investigadora Paula Rodr\u00edguez Modro\u00f1o. Financiado por Programa comunitario Leonardo da Vinci, Uni\u00f3n Europea.<\/span><\/p>\n<p dir=\"ltr\"><span style=\"color: #333333\">2006-07: <strong>\u201cSocial on Business. A model of entrepreneurship for the socially excluded\u201d<\/strong>, proyecto dirigido por Santiago Ariza en el que particip\u00f3 como investigadora Paula Rodr\u00edguez Modro\u00f1o. Financiado por Iniciativa Comunitaria GROW, INTERREG IIIC, UE.<\/span><\/p>\n<p id=\"internal-source-marker_0.6977493717523754\" dir=\"ltr\"><span style=\"color: #333333\">2006-07: <strong>\u201cProyecto Fenix\u201d<\/strong>, proyecto dirigido por Esperanza Perea en el que particip\u00f3 como investigadora Paula Rodr\u00edguez Modro\u00f1o. Financiado por Iniciativa comunitaria Equal (FSE), UE.<\/span><\/p>\n<p dir=\"ltr\"><span style=\"color: #333333\">2002-03: <strong>\u201cProyecto \u201cUpdating MEANS Handbook\u201d<\/strong>, proyecto dirigido por Elliot Stern, en el que participa como investigadora Paula Rodr\u00edguez Modro\u00f1o. Financiado por Direcci\u00f3n General de Pol\u00edtica Regional, Comisi\u00f3n de la Uni\u00f3n Europea.<\/span><\/p>\n<p dir=\"ltr\"><span style=\"color: #333333\">2006-08. <strong>\u201cRear Window Transparent qualifications in the engineering sector\u201d<\/strong>, proyecto dirigido por Giuseppe Cremonesi en el que particip\u00f3 como investigadora Paula Rodr\u00edguez Modro\u00f1o. Financiado por Programa comunitario Leonardo da Vinci, Uni\u00f3n Europea.<\/span><\/p>\n<p dir=\"ltr\"><span style=\"color: #333333\">2006-07. <strong>\u201cEmprende + Innova. Red Transnacional en el Espacio SUDOE para la identificaci\u00f3n, valorizaci\u00f3n y definici\u00f3n del perfil emprendedor\u201d<\/strong>, proyecto dirigido por Santiago Ariza en el que particip\u00f3 como investigadora Paula Rodr\u00edguez Modro\u00f1o. Financiado por Programa Comunitario INTERREG IIIB SUDOE, UE.<\/span><\/p>\n<p dir=\"ltr\"><span style=\"color: #333333\">2002. <strong>\u201cInterdisciplinary Integration in the Fifth Framework Programme\u201d<\/strong>, proyecto dirigido por Joyce Tait en el que particip\u00f3 como investigadora Paula Rodr\u00edguez Modro\u00f1o. Financiado por Direcci\u00f3n General de Investigaci\u00f3n de la Comisi\u00f3n Europea, UE.<\/span><\/p>\n<p dir=\"ltr\"><span style=\"color: #333333\">2001-02. <strong>\u201cInternet y Sociedad de la Informaci\u00f3n: retos y oportunidades para las mujeres en Andaluc\u00eda\u201d<\/strong>, proyecto dirigido por Cecilia Casta\u00f1o en el que particip\u00f3 como investigadora Paula Rodr\u00edguez Modro\u00f1o. Financiado por Instituto Andaluz de la Mujer, Consejer\u00eda de Presidencia, Junta de Andaluc\u00eda.<\/span><\/p>\n<p><span style=\"color: #333333\"><strong>PUBLICACIONES:\u00a0<\/strong>\u00a0\u00a0\u00a0\u00a0\u00a0\u00a0\u00a0\u00a0\u00a0\u00a0\u00a0\u00a0\u00a0\u00a0\u00a0\u00a0\u00a0\u00a0\u00a0\u00a0\u00a0\u00a0\u00a0\u00a0\u00a0\u00a0\u00a0\u00a0\u00a0\u00a0\u00a0\u00a0\u00a0\u00a0\u00a0\u00a0\u00a0\u00a0\u00a0\u00a0\u00a0 <\/span><\/p>\n<ul>\n<li>Bustelo, Mar\u00eda; Espinosa Fajardo, Julia; Fa\u00fandez, Alejandra; Weinstein, Marisa (2015). Guidelines for Including a Gender+ Perspective in VOPES: Innovating to Improve Institutional Capacities. pp. 00 &#8211; 35. EvalPartners, 2015.<\/li>\n<li>Bustelo, Mar\u00eda; Alfama, Eva; Espinosa Fajardo, Julia (2014). Introducci\u00f3n. Monogr\u00e1fico: Pol\u00edticas p\u00fablicas en tiempos de crisis. Un an\u00e1lisis desde la perspectiva de g\u00e9nero.Revista de Investigaciones Feministas. 5, pp. 1 &#8211; 12. Universidad Complutense de Madrid, 2014.<\/li>\n<li>\n<div dir=\"ltr\">Castro Garc\u00eda, C. y Medialdea Garc\u00eda, B. (2010): <em>\u201c<a href=\"http:\/\/singenerodedudas.com\/file_download\/33\/Fiscalidad_Equidad_Genero_FC_DT43.pdf\">La (des)igualdad de g\u00e9nero en el sistema de impuestos y prestaciones de Espa\u00f1a<\/a>\u201d<\/em>. En Pazos-Mor\u00e1n (dir) Fiscalidad y Equidad de G\u00e9nero. Fundaci\u00f3n Carolina.<\/div>\n<\/li>\n<li>\n<div dir=\"ltr\">Castro Garc\u00eda, C; Chillida, A; Alonso, I y Gonz\u00e1lez, A. (2007): <a href=\"http:\/\/singenerodedudas.com\/file_download\/35\/Inventario_Mainstreaming.pdf\"><em>Inventario de experiencias y buenas pr\u00e1cticas en Mainstreaming de G\u00e9nero<\/em><\/a>. Colecci\u00f3n Unidad de G\u00e9nero, n\u00ba10. Consejer\u00eda de Igualdad y Bienestar Social de la Junta de Andaluc\u00eda.<\/div>\n<\/li>\n<li>\n<div dir=\"ltr\">Castro Garc\u00eda, C. (2006): <em>Gu\u00eda orientativa para la definici\u00f3n de est\u00e1ndares de calidad (y posibles cartas de servicios) que favorezcan la pr\u00e1ctica de servicios de igualdad a crear o ya existentes<\/em>. Red de Cooperaci\u00f3n Macaron\u00e9sica por la Igualdad de Oportunidades. Cabildo de Tenerife. Consejer\u00eda de Empleo y Asuntos Sociales del Gobierno de Canarias.<\/div>\n<\/li>\n<\/ul>\n<ul>\n<li><span style=\"color: #333333\">Castro Garc\u00eda, C. (2005):<em> \u201cMedidas para la Igualdad de oportunidades entre hombres y mujeres en el acceso al mercado de trabajo\u201d<\/em> (CD). En G\u00f3mez Torralbo, R. Eficiencia en la gesti\u00f3n de personas e igualdad de g\u00e9nero. Un an\u00e1lisis organizativo en la peque\u00f1a empresa en Andaluc\u00eda. Consejer\u00eda de Empleo de la Junta de Andaluc\u00eda.<\/span><\/li>\n<li><span style=\"color: #333333\">Castro Garc\u00eda, C; Gonz\u00e1lez, A; y Alonso, I. (2004):<a href=\"http:\/\/singenerodedudas.com\/Documenta\/Guia+genero+politicas+locales.pdf\"> <em>Gu\u00eda para la integraci\u00f3n de la perspectiva de g\u00e9nero en las pol\u00edticas locales<\/em><\/a>. Ayuntamiento de Sagunto.<\/span><\/li>\n<li><span style=\"color: #333333\">Castro Garc\u00eda, C; Gonz\u00e1lez, A; y Alonso, I. (2002): <a href=\"http:\/\/www.unidadgenero.com\/documentos\/88.pdf\"><em>Introducci\u00f3n al Enfoque Integrado o Mainstreaming de G\u00e9nero, Gu\u00eda B\u00e1sica<\/em><\/a>. Colecci\u00f3n Unidad de G\u00e9nero, n\u00ba1. Consejer\u00eda de Igualdad y Bienestar Social de la Junta de Andaluc\u00eda.<\/span><\/li>\n<li>Espinosa Fajardo, Julia (2016).\u00a0La Agenda 2030 desde una perspectiva feminista: \u00bfuna oportunidad para pol\u00edticas m\u00e1s transformadoras?. Temas para el debate. 254-255, pp. 34 &#8211; 37. Sistema, 2016.<\/li>\n<li>Espinosa Fajardo, Julia (2015).\u00a0La perspectiva de g\u00e9nero en evaluaci\u00f3n: balance de la pol\u00edtica y praxis de la cooperaci\u00f3n oficial espa\u00f1ola. Revista Espa\u00f1ola de Desarrollo y Cooperaci\u00f3n. 36, pp. 97 &#8211; 108. Instituto Universitario de Cooperaci\u00f3n y Desarrollo, Universidad Complutense de Madrid, 2015.<\/li>\n<li>Espinosa Fajardo, Julia; Tamargo, Mar\u00eda del Carmen (2015). \u00ab\u00bfC\u00f3mo integrar un enfoque transformador de g\u00e9nero en la evaluaci\u00f3n de pol\u00edticas p\u00fablicas? Debates y propuestas\u00bb. SinerGias, Cuadernos del \u00c1rea G\u00e9nero, Sociedad y Pol\u00edticas .5, pp. 77-96. FLACSO Argentina, 2015.<\/li>\n<li>Espinosa Fajardo, Julia (2014).\u00a0Evaluaci\u00f3n con perspectiva de g\u00e9nero: aprendizajes de la cooperaci\u00f3n brit\u00e1nica y sueca. Revista Iberoamericana de Estudios de Desarrollo. FIIAPP, 2014.<\/li>\n<li>Espinosa Fajardo (2013) <em>\u00abTowards a gender-sensitive evaluation? Practices and challenges in international development evaluation\u201d<\/em> en <i>Evaluation<\/i>. Vol. 19 no. 2. Pp. 171-182.<\/li>\n<li><span style=\"color: #333333\">Espinosa Fajardo, Julia (2013): <em>\u201cLa evaluaci\u00f3n sensible al g\u00e9nero: Una herramienta para mejorar la calidad de la ayuda\u201d<\/em>, Cuadernos de g\u00e9nero, n\u00ba 2. Instituto Complutense de Estudios Internacionales. Madrid. En imprenta.<\/span><\/li>\n<li><span style=\"color: #333333\">Espinosa Fajardo, Julia (2011): <em>\u201cLa evaluaci\u00f3n en la encrucijada. Avances y retos en el marco de la cooperaci\u00f3n internacional para el desarrollo\u201d<\/em>, Revista SISTEMA, n\u00ba 220, 215-237.<\/span><\/li>\n<li><span style=\"color: #333333\">Espinosa Fajardo, Julia, Pozo Cuevas, Federico y Santos P\u00e9rez, Raquel (2009): <em>\u201cLa evaluaci\u00f3n de las pol\u00edticas activas de empleo. Panorama de experiencias\u201d<\/em>, Revista Sociedad Espa\u00f1ola de Evaluaci\u00f3n, n\u00ba 8, 14-31.<\/span><\/li>\n<li><span style=\"color: #333333\">Espinosa Fajardo, Julia (2007): <em>\u201cLa perspectiva de g\u00e9nero en la evaluaci\u00f3n de programas de desarrollo internacional\u201d<\/em>, en Evaluaci\u00f3n en la cooperaci\u00f3n para el Desarrollo. Cuadernos de la Escuela Diplom\u00e1tica, n\u00ba 33, 73-92.<\/span><\/li>\n<li><span style=\"color: #333333\">G\u00e1lvez Mu\u00f1oz, Lina y Matus L\u00f3pez, Mauricio (2012): <em>\u201cImpacto de la ley de igualdad en las empresas andaluzas\u201d<\/em>, Temas Laborales, Revista Andaluza de Trabajo y Bienestar Social, 114, 59 &#8211; 78.<\/span><\/li>\n<li><span style=\"color: #333333\">Bettin, L.; Bueno, L; Cousinou, M.J.; Hartel, P.; Marterer, M.; Noworol, C.; Oomens, H.; Rago, G.; Rodr\u00edguez Modro\u00f1o, P.; y Van De Veerdonk, T. (2010). <em>\u201cTransition process\u201d<\/em> en Peter H\u00e4rtel y Michaela Marterer (cords.) School to the World of Work. Effective Preparation, Successful Transition and Sustainable Policy for Youth in Europe, Part 2. p\u00e1gs. 21-28. Lannach (Au): Styrian Association for Education and Economics.<\/span><\/li>\n<li>\n<p dir=\"ltr\"><span style=\"color: #333333\">Casta\u00f1o, Cecilia; Guerrero, M\u00aa Jos\u00e9; Rodr\u00edguez Modro\u00f1o, Paula y Ruiz, Raquel (2005): <em>\u201cInformation Society. Barriers and Opportunities for Women\u201d<\/em> en Information Society in the 21st. Century: a requisite for development, vol II. Madrid: Secretar\u00eda de Estado de Telecomunicaciones y para la Sociedad de la Informaci\u00f3n. Ministerio de Industria, Turismo y Comercio. Pp. 142 &#8211; 145.<\/span><\/p>\n<\/li>\n<li>\n<p dir=\"ltr\"><span style=\"color: #333333\">Casta\u00f1o, Cecilia; Guerrero, M\u00aa Jos\u00e9; Rodr\u00edguez Modro\u00f1o, Paula y Ruiz, Raquel \u00a0(2005): <em>\u201c<a href=\"http:\/\/www.itu.int\/wsis\/stocktaking\/docs\/activities\/1103547250\/sociedad-informacion-sigloxxi-es.pdf\"><span style=\"color: #333333\">La Sociedad de la Informaci\u00f3n. Barreras y Oportunidades para las Mujeres<\/span><\/a>\u201d<\/em> en La Sociedad de la Informaci\u00f3n en el Siglo XXI: un Requisito para el Desarrollo. Buenas Pr\u00e1cticas y Lecciones Aprendidas, vol. I. Madrid: Secretar\u00eda de Estado de Telecomunicaciones y para la Sociedad de la Informaci\u00f3n. Ministerio de Industria, Turismo y Comercio. pp. 140 &#8211; 144.<\/span><\/p>\n<\/li>\n<li><span style=\"color: #333333\">Casta\u00f1o, Cecilia; Guerrero, M\u00aa Jos\u00e9; Rodr\u00edguez Modro\u00f1o, Paula; Ruiz, Raquel y A\u00f1ino, S. (2003): <em>Las mujeres andaluzas y la sociedad de la informaci\u00f3n<\/em>, pp. 1-351. Colecci\u00f3n Estudios N\u00ba 19. Sevilla: Instituto Andaluz de la Mujer.<\/span><\/li>\n<\/ul>\n","protected":false},"excerpt":{"rendered":"<p>PROYECTOS: 2013-2016: \u201cProyecto GENOVATE (Transforming Organizational Culture for Gender Equality in Research and Innovation)\u201d, financiado por el VII Programa Marco de Investigaci\u00f3n de la Uni\u00f3n Europea. Grupo de investigaci\u00f3n espa\u00f1ol dirigido por Mar\u00eda Bustelo, en el que participa la investigadora Julia Espinosa Fajardo. 2014-2015:\u00a0Proyecto \u201cGuidelines for Including a Gender+ Perspective in VOPES: Innovating to Improve&hellip;<\/p>\n","protected":false},"author":1,"featured_media":0,"parent":924,"menu_order":2,"comment_status":"closed","ping_status":"open","template":"template-onecolumn.php","meta":[],"_links":{"self":[{"href":"https:\/\/www.upo.es\/gepdo\/wp-json\/wp\/v2\/pages\/967"}],"collection":[{"href":"https:\/\/www.upo.es\/gepdo\/wp-json\/wp\/v2\/pages"}],"about":[{"href":"https:\/\/www.upo.es\/gepdo\/wp-json\/wp\/v2\/types\/page"}],"author":[{"embeddable":true,"href":"https:\/\/www.upo.es\/gepdo\/wp-json\/wp\/v2\/users\/1"}],"replies":[{"embeddable":true,"href":"https:\/\/www.upo.es\/gepdo\/wp-json\/wp\/v2\/comments?post=967"}],"version-history":[{"count":10,"href":"https:\/\/www.upo.es\/gepdo\/wp-json\/wp\/v2\/pages\/967\/revisions"}],"predecessor-version":[{"id":1658,"href":"https:\/\/www.upo.es\/gepdo\/wp-json\/wp\/v2\/pages\/967\/revisions\/1658"}],"up":[{"embeddable":true,"href":"https:\/\/www.upo.es\/gepdo\/wp-json\/wp\/v2\/pages\/924"}],"wp:attachment":[{"href":"https:\/\/www.upo.es\/gepdo\/wp-json\/wp\/v2\/media?parent=967"}],"curies":[{"name":"wp","href":"https:\/\/api.w.org\/{rel}","templated":true}]}}