{"id":976,"date":"2013-03-05T23:12:01","date_gmt":"2013-03-05T22:12:01","guid":{"rendered":"https:\/\/www.upo.es\/gepdo\/?page_id=976"},"modified":"2013-03-05T23:45:08","modified_gmt":"2013-03-05T22:45:08","slug":"derechos-ciudadania-y-participacion","status":"publish","type":"page","link":"https:\/\/www.upo.es\/gepdo\/que-hacemos-2\/investigacion-e-informes\/investigacion\/derechos-ciudadania-y-participacion\/","title":{"rendered":"Derechos, ciudadan\u00eda y participaci\u00f3n"},"content":{"rendered":"<p><strong>PROYECTOS:<\/strong><\/p>\n<p dir=\"ltr\">2004-2005. <strong>\u201cModelos de Intervenci\u00f3n social en zonas vulnerables\u201d<\/strong> proyecto en el que participa Bego\u00f1a Gallardo Garc\u00eda dentro del Plan Desarrollo Local en Zonas Vulnerables de Transformaci\u00f3n Social. Dirigido por Esteban Ruiz Ballestero en Convenio Universidad Pablo de Olavide y Excma. Diputaci\u00f3n Provincial de Sevilla.<\/p>\n<p dir=\"ltr\">2005-2006 <strong>\u201cDise\u00f1o y desarrollo del proceso de investigaci\u00f3n-acci\u00f3n participativa del Plan General de Ordenaci\u00f3n Urbana de Sanlucar La Mayor\u201d<\/strong> en el que participa Bego\u00f1a Gallardo Garc\u00eda y dirigida por Esteban de Manuel Jerez, en el marco del convenio espec\u00edfico de investigaci\u00f3n entre la Universidad de Sevilla y Sanlucar Sostenible.<\/p>\n<p><strong>PUBLICACIONES:<\/strong><\/p>\n<ul>\n<li>Agenjo Calder\u00f3n, Astrid (Pr\u00f3xima publicaci\u00f3n): <em>\u201cLos derechos econ\u00f3micos de las mujeres desde distintas perspectivas de econom\u00eda feminista: retos y propuestas para las pol\u00edticas de igualdad y desarrollo espa\u00f1olas\u201d<\/em> en Molina Bay\u00f3n, E y San Miguel Abada, N (Coords.) Avances y Retos sobre Pol\u00edticas de Igualdad y G\u00e9nero en Desarrollo en Espa\u00f1a de Cuadernos Solidarios n\u00ba7, Serie Universidad, G\u00e9nero y Desarrollo. Ediciones UAM.<\/li>\n<li>Agenjo Calder\u00f3n, Astrid y Santill\u00e1n Idoate, Cristina (2012): <em>Los derechos econ\u00f3micos de las mujeres: una econom\u00eda sobre la vida. Discursos y pr\u00e1cticas en Nicaragua, El Salvador, Bolivia y el Estado espa\u00f1ol<\/em>, Madrid: ACSUR-Las Segovias, ISBN 978-84-695-2975-1<\/li>\n<li>Castro, J.A, Gallardo, B. Gracia, M. y T\u00e9llez, R. (2004) <em>\u201cLa participaci\u00f3n en movimientos vecinales y alternativos: se abre la caja de Pandora\u201d<\/em> en \u00a0\u00c1vila, M.A. Encina, J. Fern\u00e1ndez, M. Rosa, M. (Coord.) Democracias participativas e intervenci\u00f3n social comunitaria desde Andaluc\u00eda. 2004. ISBN: 84-607-8469-x.<\/li>\n<li>Alc\u00f3n, R. \u00c1vila, M.A. Delgado, A. Gallardo, B. Gracia, M. y L\u00f3pez, S. (2004) <em>\u201cCiudadan\u00eda, Participaci\u00f3n y Desarrollo Comunitario\u201d<\/em> en Encina, J. Pino, J.A, Sierra, F. y Rosa, M. (Coord.) Participaci\u00f3n, Comunicaci\u00f3n y Desarrollo Comunitario. \u00a0ISBN: 84-609-3326-1<\/li>\n<li>Alc\u00f3n, R. \u00c1vila, M.A. Encina, J. Delgado, A. Gallardo, B. Gracia, M. Hernandez, M. y L\u00f3pez, S. (2005) <em>\u201cEn la plaza de mi pueblo qu\u00e9 guisamos qu\u00e9 comemos\u201d<\/em> en Caraballo, C, Encina, J. y Rosa, M (Coord.) Cuando nos parece que la gente no participa. Materiales de apoyo para la participaci\u00f3n. ISBN: 84-609-1961-7<\/li>\n<\/ul>\n","protected":false},"excerpt":{"rendered":"<p>PROYECTOS: 2004-2005. \u201cModelos de Intervenci\u00f3n social en zonas vulnerables\u201d proyecto en el que participa Bego\u00f1a Gallardo Garc\u00eda dentro del Plan Desarrollo Local en Zonas Vulnerables de Transformaci\u00f3n Social. Dirigido por Esteban Ruiz Ballestero en Convenio Universidad Pablo de Olavide y Excma. Diputaci\u00f3n Provincial de Sevilla. 2005-2006 \u201cDise\u00f1o y desarrollo del proceso de investigaci\u00f3n-acci\u00f3n participativa del&hellip;<\/p>\n","protected":false},"author":1,"featured_media":0,"parent":924,"menu_order":4,"comment_status":"closed","ping_status":"open","template":"template-onecolumn.php","meta":[],"_links":{"self":[{"href":"https:\/\/www.upo.es\/gepdo\/wp-json\/wp\/v2\/pages\/976"}],"collection":[{"href":"https:\/\/www.upo.es\/gepdo\/wp-json\/wp\/v2\/pages"}],"about":[{"href":"https:\/\/www.upo.es\/gepdo\/wp-json\/wp\/v2\/types\/page"}],"author":[{"embeddable":true,"href":"https:\/\/www.upo.es\/gepdo\/wp-json\/wp\/v2\/users\/1"}],"replies":[{"embeddable":true,"href":"https:\/\/www.upo.es\/gepdo\/wp-json\/wp\/v2\/comments?post=976"}],"version-history":[{"count":4,"href":"https:\/\/www.upo.es\/gepdo\/wp-json\/wp\/v2\/pages\/976\/revisions"}],"predecessor-version":[{"id":994,"href":"https:\/\/www.upo.es\/gepdo\/wp-json\/wp\/v2\/pages\/976\/revisions\/994"}],"up":[{"embeddable":true,"href":"https:\/\/www.upo.es\/gepdo\/wp-json\/wp\/v2\/pages\/924"}],"wp:attachment":[{"href":"https:\/\/www.upo.es\/gepdo\/wp-json\/wp\/v2\/media?parent=976"}],"curies":[{"name":"wp","href":"https:\/\/api.w.org\/{rel}","templated":true}]}}