{"id":981,"date":"2013-03-05T23:24:53","date_gmt":"2013-03-05T22:24:53","guid":{"rendered":"https:\/\/www.upo.es\/gepdo\/?page_id=981"},"modified":"2013-03-05T23:46:53","modified_gmt":"2013-03-05T22:46:53","slug":"trabajos-usos-del-tiempo-y-corresponsabilidad","status":"publish","type":"page","link":"https:\/\/www.upo.es\/gepdo\/que-hacemos-2\/investigacion-e-informes\/investigacion\/trabajos-usos-del-tiempo-y-corresponsabilidad\/","title":{"rendered":"Trabajos, usos del tiempo y corresponsabilidad"},"content":{"rendered":"<p><span style=\"color: #333333;\"><strong>PROYECTOS:<\/strong><\/span><\/p>\n<p dir=\"ltr\"><span style=\"color: #333333;\">2011-2012 <strong>\u201cEmpleo y sosteniblidad social en Andaluc\u00eda: un an\u00e1lisis de la provisi\u00f3n de servicios para la dependencia\u201d<\/strong> proyecto dirigido por Lina G\u00e1lvez Mu\u00f1oz en el que participaron las investigadoras Paula Rodr\u00edguez y M\u00f3nica Dom\u00ednguez Serrano, Juan Torres, Mauricio Matus. Financiado por Fundaci\u00f3n Centro de Estudios Andaluces.<\/span><\/p>\n<p dir=\"ltr\"><span style=\"color: #333333;\">2010-2011: <strong>El valor del trabajo femenino no remunerado en las empresas familiares en Andaluc\u00eda<\/strong>, Instituto Andaluz de la Mujer dirigido por Lina G\u00e1lvez Mu\u00f1oz en el que participan Paula Rodr\u00edguez Modro\u00f1o, M\u00f3nica Dom\u00ednguez Serrano y Astrid Agenjo.<\/span><\/p>\n<p><span style=\"color: #333333;\">2010-2011: <strong>El valor del trabajo dom\u00e9stico y de cuidados no pagado en Andaluc\u00eda,<\/strong> Instituto Andaluz de la Mujer, dirigido por Lina G\u00e1lvez Mu\u00f1oz en el que participan Paula Rodr\u00edguez Modro\u00f1o, M\u00f3nica Dom\u00ednguez \u00a0Serrano y Astrid Agenjo.<\/span><\/p>\n<p dir=\"ltr\"><span style=\"color: #333333;\">2009-2012 <strong>\u201cLa econom\u00eda del cuidado en Andaluc\u00eda: demanda y oferta, d\u00e9ficits e impago de las pol\u00edticas p\u00fablicas de provisi\u00f3n sobre el crecimiento, el desempleo, los servicios sociales y la desigualdad\u201d<\/strong> proyecto dirigido por Lina G\u00e1lvez Mu\u00f1oz, en el que participaron los investigadores Mauricio Matus, Paula Rodr\u00edguez y M\u00f3nica Dom\u00ednguez Serrano. Financiado por Consejer\u00eda de Innovaci\u00f3n y Ciencia SEJ 4833.<\/span><\/p>\n<p dir=\"ltr\"><span style=\"color: #333333;\">2007-2010. <strong>\u201cIgualdad de oportunidades y mercado de trabajo\u201d<\/strong> proyecto dirigido por Antonio Villar en el que participaron como investigadoras Lina G\u00e1lvez Mu\u00f1oz y Paula Rodr\u00edguez Modro\u00f1o. Financiado por el Plan Andaluz de Investigaci\u00f3n.<\/span><\/p>\n<p dir=\"ltr\"><span style=\"color: #333333;\">2006-2010.<strong> \u201cRed de Cooperaci\u00f3n de Emprendedoras\u201d<\/strong>, proyecto dirigido por Paula Rodr\u00edguez Modro\u00f1o. \u00a0Financiado por Consejer\u00eda de Econom\u00eda, Innovaci\u00f3n y Ciencia e Instituto Andaluz de la Mujer.<\/span><\/p>\n<p dir=\"ltr\"><span style=\"color: #333333;\">2006-2010. <strong>\u201cProyecto SERVAEM: Servicio de Asesoramiento y Formaci\u00f3n a Empresarias\u201d<\/strong>, proyecto dirigido por Paula Rodr\u00edguez Modro\u00f1o. \u00a0Financiado por Consejer\u00eda de Econom\u00eda, Innovaci\u00f3n y Ciencia e Instituto Andaluz de la Mujer.<\/span><\/p>\n<p dir=\"ltr\"><span style=\"color: #333333;\">2004-10. <strong>\u201cMercado de trabajo, transferencia y tecnolog\u00eda y desarrollo de Andaluc\u00eda\u201d<\/strong>, proyecto dirigido por Javier Fern\u00e1ndez en el que participaron como investigadoras Lina G\u00e1lvez Mu\u00f1oz y Paula Rodr\u00edguez Modro\u00f1o. Financiado por el Plan Andaluz de Investigaci\u00f3n.<\/span><\/p>\n<p dir=\"ltr\"><span style=\"color: #333333;\">2009: <strong>\u201cEstudio sobre la calidad en el empleo en t\u00e9rminos de igualdad real y efectiva de mujeres y hombres en Andaluc\u00eda\u201d<\/strong> para la Asociaci\u00f3n Equilabora en el que participa Bego\u00f1a Gallardo Garc\u00eda.<\/span><\/p>\n<p dir=\"ltr\" id=\"internal-source-marker_0.6977493717523754\"><span style=\"color: #333333;\">2006. <strong>\u201cMujeres empresarias: Nuevos horizontes para el intercambio y la cooperaci\u00f3n\u201d<\/strong>, proyecto dirigido por Paula Rodr\u00edguez Modro\u00f1o. Financiado por Grupos de Desarrollo Rural<\/span><\/p>\n<p dir=\"ltr\"><span style=\"color: #333333;\">2005- 06. <strong>\u201cEstudio de g\u00e9nero en la industria de Alcal\u00e1 de Guadaira\u201d<\/strong>, proyecto dirigido por Paula Rodr\u00edguez Modro\u00f1o. Financiado por Fundaci\u00f3n Mujeres.<\/span><\/p>\n<p dir=\"ltr\"><span style=\"color: #333333;\">2005-06. <strong>\u201cForo II El nuevo contrato social\u201d<\/strong>, proyecto dirigido por Paula Rodr\u00edguez Modro\u00f1o. Financiado por Consejer\u00eda de Empleo, Junta de Andaluc\u00eda.<\/span><\/p>\n<p dir=\"ltr\"><span style=\"color: #333333;\">2005: <strong>\u201cUsos del Tiempo entre Hombres y Mujeres\u201d<\/strong> elaborado por I. S Intervenci\u00f3n Social S. L en el que participa Bego\u00f1a Gallardo Garc\u00eda dentro de la Estrategia Marco para la igualdad entre mujeres y hombres en la provincia de Almer\u00eda.<\/span><\/p>\n<p dir=\"ltr\"><span style=\"color: #333333;\">2004-05. <strong>\u201cModelos de b\u00fasqueda de empleo: las redes sociales y la intermediaci\u00f3n laboral\u201d<\/strong>, proyecto dirigido por Paula Rodr\u00edguez Modro\u00f1o. Financiado por Consejer\u00eda de Empleo, Junta de Andaluc\u00eda.<\/span><\/p>\n<p dir=\"ltr\"><span style=\"color: #333333;\">2004-05. <strong>\u201cForo I El nuevo contrato social\u201d<\/strong>, proyecto dirigido por Paula Rodr\u00edguez Modro\u00f1o. Financiado por Consejer\u00eda de Empleo, Junta de Andaluc\u00eda.<\/span><\/p>\n<p dir=\"ltr\"><span style=\"color: #333333;\">2003-04. <strong>\u201cEstudio del empleo en el sector de I+D+i en Andaluc\u00eda\u201d<\/strong>, proyecto dirigido por Carlos Rom\u00e1n, en el que particip\u00f3 como investigadora Paula Rodr\u00edguez Modro\u00f1o. Financiado por Consejer\u00eda de Empleo, Junta de Andaluc\u00eda.<\/span><\/p>\n<p dir=\"ltr\"><span style=\"color: #333333;\">2002-03. <strong>\u201cEstudio del Empleo en la Nueva Econom\u00eda: Incidencia de la segmentaci\u00f3n y externalizaci\u00f3n en el Mercado de Trabajo Andaluz\u201d<\/strong>, proyecto dirigido por Carlos Rom\u00e1n, en el que particip\u00f3 como investigadora Paula Rodr\u00edguez Modro\u00f1o. Financiado por Consejer\u00eda de Empleo, Junta de Andaluc\u00eda.<\/span><\/p>\n<p dir=\"ltr\"><span style=\"color: #333333;\">2000-01. <strong>\u201cEstudio de la situaci\u00f3n actual del empresariado femenino andaluz y detecci\u00f3n de necesidades competitivas\u201d<\/strong>, proyecto dirigido por Paula Rodr\u00edguez Modro\u00f1o. Financiado por Consejer\u00eda de Empleo y Desarrollo Tecnol\u00f3gico, Junta de Andaluc\u00eda.<\/span><\/p>\n<p dir=\"ltr\"><span style=\"color: #333333;\">1999. <strong>\u201cLas mujeres y el mercado de trabajo en Andaluc\u00eda\u201d<\/strong>, proyecto dirigido por Paula Rodr\u00edguez Modro\u00f1o. Financiado por Consejer\u00eda de Trabajo e Industria, Junta de Andaluc\u00eda.<\/span><\/p>\n<p><span style=\"color: #333333;\"><strong>PUBLICACIONES:<\/strong><\/span><\/p>\n<ul>\n<li><span style=\"color: #333333;\">Calder\u00f3n V\u00e1zquez, F. y Matus L\u00f3pez, M. (2009): <em>\u201cPosibles macrotendencias y patrones de comportamiento de la negociaci\u00f3n colectiva espa\u00f1ola en el \u00e1mbito de la conciliaci\u00f3n familiar y laboral\u201d<\/em>, Monograf\u00edas de Temas Laborales, 42 (1), 469 \u2013 483.<\/span><\/li>\n<li><span style=\"color: #333333;\">Calder\u00f3n V\u00e1zquez, F. y Matus L\u00f3pez, M. (2009): <em>\u201cPosibles macrotendencias y patrones de comportamiento de la negociaci\u00f3n colectiva espa\u00f1ola en el \u00e1mbito de la conciliaci\u00f3n familiar y laboral\u201d<\/em>, Monograf\u00edas de Temas Laborales, 42 (1), 469 \u2013 483.<\/span><\/li>\n<li><span style=\"color: #333333;\">Castro Garc\u00eda, C. y Pazos-Mor\u00e1n, M. (2008): <em>\u201c<a href=\"http:\/\/dialnet.unirioja.es\/servlet\/articulo?codigo=2571979\">Permisos de maternidad, de paternidad y parentales en Europa: algunos elementos para el an\u00e1lisis de la situaci\u00f3n actual<\/a>\u201d<\/em>. En Pazos-Mor\u00e1n (dir) -Econom\u00eda e Igualdad de G\u00e9nero: retos de la Hacienda P\u00fablica en el siglo XXI. Instituto de Estudios Fiscales.<\/span><\/li>\n<li><span style=\"color: #333333;\">Castro Garc\u00eda, C. y Pazos-Mor\u00e1n, M. (2012): <em>\u201c<a href=\"http:\/\/www.ief.es\/documentos\/recursos\/publicaciones\/papeles_trabajo\/2012_09.pdf\">Permisos por nacimiento e igualdad de g\u00e9nero: \u00bfC\u00f3mo dise\u00f1ar los permisos de maternidad, paternidad y parentales para conseguir un comportamiento corresponsable?<\/a>\u201d<\/em>. PT N\u00ba9\/2012. Instituto de Estudios Fiscales.<\/span><\/li>\n<li><span style=\"color: #333333;\">Del Moral Esp\u00edn, L. y Fern\u00e1ndez Garc\u00eda, M. (2011) \u00a0<em>\u201cDevenir mujer del trabajo y precarizaci\u00f3n de la existencia. La centralidad de los componentes afectivos y relacionales al analizar las transformaciones del trabajo\u00bb <\/em>en \u00a0Ibarra, P. ; Cortina i oriol, Merc\u00e9; (et al.) Recuperando la radicalidad: un encuentro en torno al an\u00e1lisis pol\u00edtico cr\u00edtico. Editorial HACER, ISBN 978-84-96913-37-0<\/span><\/li>\n<li><span style=\"color: #333333;\">Del Moral Esp\u00edn, L. (2012): <em>\u201cSobre la necesaria reorganizaci\u00f3n social de los tiempos: pol\u00edticas de tiempo, espacios econ\u00f3micos alternativos y bienestar\u201d<\/em>. Papeles de Relaciones Ecosociales y Cambio Global. N\u00ba119. FUHEM-Icaria editorial.<\/span><\/li>\n<li><span style=\"color: #333333;\">Dom\u00ednguez, M. (2007). <em>\u201cLa variable tiempo: an\u00e1lisis de las diferencias de g\u00e9nero en la estructura socioecon\u00f3mica de Andaluc\u00eda\u201d<\/em>, en Josefa E. Fern\u00e1ndez Garufa y Jos\u00e9 Luis Rojo Garc\u00eda (coord.): Anales de Econom\u00eda Aplicada 2007. Delta. Madrid.<\/span><\/li>\n<li><span style=\"color: #333333;\">Dom\u00ednguez-Serrano, M.; Marcenaro, O. y de la Torre, R. (2012). <em>\u201cG\u00e9nero y Cuidado: desigualdades en la atenci\u00f3n a la discapacidad\u201d<\/em>, Cuadernos de Econom\u00eda, en prensa.<\/span><\/li>\n<li><span style=\"color: #333333;\">G\u00e1lvez Mu\u00f1oz, Lina y Rodr\u00edguez Modro\u00f1o, Paula (2006):<em> \u201c<a href=\" http:\/\/www.economiaandaluza.es\/publicaciones\/temas-actuales-economia-2005-n-1\"><span style=\"color: #333333;\">Rigidez y flexibilidad en los mercados de trabajo en la Espa\u00f1a del siglo XX. Una visi\u00f3n de largo plazo<\/span><\/a>\u201d<\/em>, en TORRES, J.L., Temas Actuales de Econom\u00eda, Vol. I-2005, pp. 199-234. M\u00e1laga, Instituto de An\u00e1lisis Econ\u00f3mico y Empresarial de Andaluc\u00eda.<\/span><\/li>\n<li><span style=\"color: #333333;\">G\u00e1lvez Mu\u00f1oz, Lina, Rodr\u00edguez Modro\u00f1o, Paula y Agenjo Calderon, Astrid (2012). <em>\u201cEstudio del trabajo de cuidados no remunerado en Andaluc\u00eda\u201d<\/em>. Investigaci\u00f3n y G\u00e9nero. Inseparables en el presente y el futuro. pp. 591 \u2013 608. Sevilla: Universidad de Sevilla.<\/span><\/li>\n<li><span style=\"color: #333333;\">G\u00e1lvez Mu\u00f1oz, Lina y Matus L\u00f3pez, Mauricio (2012): <em>\u201cImpacto de la ley de igualdad en las empresas andaluzas\u201d<\/em>, Temas Laborales, Revista Andaluza de Trabajo y Bienestar Social, 114, 59 &#8211; 78.<\/span><\/li>\n<li><span style=\"color: #333333;\">Torres L\u00f3pez, J., Matus L\u00f3pez, M y Calder\u00f3n V\u00e1zquez, F (2012): <em>\u201cLa incorporaci\u00f3n de medidas de conciliaci\u00f3n de la vida laboral y familiar en los convenios colectivos. El caso andaluz\u201d<\/em>, Temas Laborales, Revista Andaluza de Trabajo y Bienestar Social, , 27-52.<\/span><\/li>\n<li><span style=\"color: #333333;\">G\u00e1lvez, L.; Rodr\u00edguez, P. y Dom\u00ednguez-Serrano, M. (2010). <em>\u201cG\u00e9nero, trabajos y usos del tiempo en Espa\u00f1a dentro del contexto europeo\u201d<\/em>, en Antonio Villar Notario (dir.): Mujeres y mercado laboral en Espa\u00f1a. Fundaci\u00f3n BBVA. Valencia.<\/span><\/li>\n<li><span style=\"color: #333333;\">G\u00e1lvez, L; Dom\u00ednguez, M. et Rodr\u00edguez, P. (2009). <em>\u201cUtilisation du temps et in\u00e9galit\u00e9s entre hommes et femmes en Espagne\u201d<\/em>, Informations Sociales, vol. 153, pp. 98-107.<\/span><\/li>\n<li><span style=\"color: #333333;\">Marcenaro, O.; d la Torre, R. y Dom\u00ednguez-Serrano, M. (2012). <em>\u201cInformal care for the disabled: hours of care and labour market\u201d<\/em>, Revista de Estudios Regionales, vol. 94, pp. 107-137.<\/span><\/li>\n<li>\n<p dir=\"ltr\"><span style=\"color: #333333;\">Rom\u00e1n, C. y Rodr\u00edguez Modro\u00f1o, P. (eds.) (2000). <em>La mujer en el mercado de trabajo. M\u00e1laga<\/em>: Consejer\u00eda de Empleo y Desarrollo Tecnol\u00f3gico de la Junta de Andaluc\u00eda e Instituto de Desarrollo Regional. (Edici\u00f3n).<\/span><\/p>\n<\/li>\n<li>\n<p dir=\"ltr\"><span style=\"color: #333333;\">Rom\u00e1n, C.; Gr\u00e1valos, E.; Palacios, C.; Rodr\u00edguez Modro\u00f1o, P.; L\u00f3pez, P.; Gonz\u00e1lez, M. y Dorado, M.J. (2005): <em>Caracter\u00edsticas del empleo en el sector de I+D+i. Sevilla<\/em>: Consejer\u00eda de Empleo y Desarrollo Tecnol\u00f3gico, Junta de Andaluc\u00eda e IDR.<\/span><\/p>\n<\/li>\n<li>\n<p dir=\"ltr\"><span style=\"color: #333333;\">Rom\u00e1n, C.; Bueno, C.; Rodr\u00edguez Modro\u00f1o, P.; Jurado, J.A. y Dorado, M.J. (2004): <em>Nueva econom\u00eda y empleo en Andaluc\u00eda<\/em>, pp. 1-256. Sevilla: Consejer\u00eda de Empleo y Desarrollo Tecnol\u00f3gico, Junta de Andaluc\u00eda e IDR.<\/span><\/p>\n<\/li>\n<li><span style=\"color: #333333;\">Rodr\u00edguez Modro\u00f1o, Paula (2000): <em>\u00abMujeres y mercado de trabajo en Andaluc\u00eda\u00bb<\/em>. Temas Laborales, Revista Andaluza de Trabajo y Bienestar Social, 51\/1999, pp. 245-269.<\/span><\/li>\n<li>\n<p dir=\"ltr\"><span style=\"color: #333333;\">Rodr\u00edguez Modro\u00f1o, Paula (2000): <em>\u201cMujeres y mercado de trabajo: una aproximaci\u00f3n al caso andaluz\u201d<\/em> en Rom\u00e1n, C. y Rodr\u00edguez Modro\u00f1o, P. (eds.) La mujer en el mercado de trabajo, pp. 15-39. M\u00e1laga: Consejer\u00eda de Empleo y Desarrollo Tecnol\u00f3gico de la Junta de Andaluc\u00eda e Instituto de Desarrollo Regional.<\/span><\/p>\n<\/li>\n<li>\n<p dir=\"ltr\"><span style=\"color: #333333;\">Rodr\u00edguez Modro\u00f1o, P.; Gonz\u00e1lez, M.; Palacios, C. y S\u00e1nchez-Apell\u00e1niz, M., (2003): <em>El empresariado femenino en Andaluc\u00eda<\/em>, pp. 1-193. Sevilla: Consejer\u00eda de Empleo y Desarrollo Tecnol\u00f3gico, Junta de Andaluc\u00eda e IDR.<\/span><\/p>\n<\/li>\n<li><span style=\"color: #333333;\">Torres L\u00f3pez, J., Matus L\u00f3pez, M y Calder\u00f3n V\u00e1zquez, F. (2008): <em>\u201cSesgo de g\u00e9nero en la negociaci\u00f3n colectiva de medidas de conciliaci\u00f3n. El caso andaluz\u201d<\/em>, Revista del Ministerio de Trabajo y Asuntos Sociales, 71, 197 &#8211; 209.<\/span><\/li>\n<li><span style=\"color: #333333;\">Torres L\u00f3pez, J., Matus L\u00f3pez, M y Calder\u00f3n V\u00e1zquez, F (2012):<em> \u201cLa incorporaci\u00f3n de medidas de conciliaci\u00f3n de la vida laboral y familiar en los convenios colectivos. El caso andaluz<\/em>\u201d, Temas Laborales, Revista Andaluza de Trabajo y Bienestar Social, , 27-52.<\/span><\/li>\n<\/ul>\n","protected":false},"excerpt":{"rendered":"<p>PROYECTOS: 2011-2012 \u201cEmpleo y sosteniblidad social en Andaluc\u00eda: un an\u00e1lisis de la provisi\u00f3n de servicios para la dependencia\u201d proyecto dirigido por Lina G\u00e1lvez Mu\u00f1oz en el que participaron las investigadoras Paula Rodr\u00edguez y M\u00f3nica Dom\u00ednguez Serrano, Juan Torres, Mauricio Matus. Financiado por Fundaci\u00f3n Centro de Estudios Andaluces. 2010-2011: El valor del trabajo femenino no remunerado&hellip;<\/p>\n","protected":false},"author":1,"featured_media":0,"parent":924,"menu_order":5,"comment_status":"closed","ping_status":"open","template":"template-onecolumn.php","meta":[],"_links":{"self":[{"href":"https:\/\/www.upo.es\/gepdo\/wp-json\/wp\/v2\/pages\/981"}],"collection":[{"href":"https:\/\/www.upo.es\/gepdo\/wp-json\/wp\/v2\/pages"}],"about":[{"href":"https:\/\/www.upo.es\/gepdo\/wp-json\/wp\/v2\/types\/page"}],"author":[{"embeddable":true,"href":"https:\/\/www.upo.es\/gepdo\/wp-json\/wp\/v2\/users\/1"}],"replies":[{"embeddable":true,"href":"https:\/\/www.upo.es\/gepdo\/wp-json\/wp\/v2\/comments?post=981"}],"version-history":[{"count":4,"href":"https:\/\/www.upo.es\/gepdo\/wp-json\/wp\/v2\/pages\/981\/revisions"}],"predecessor-version":[{"id":983,"href":"https:\/\/www.upo.es\/gepdo\/wp-json\/wp\/v2\/pages\/981\/revisions\/983"}],"up":[{"embeddable":true,"href":"https:\/\/www.upo.es\/gepdo\/wp-json\/wp\/v2\/pages\/924"}],"wp:attachment":[{"href":"https:\/\/www.upo.es\/gepdo\/wp-json\/wp\/v2\/media?parent=981"}],"curies":[{"name":"wp","href":"https:\/\/api.w.org\/{rel}","templated":true}]}}