{"id":986,"date":"2013-03-05T23:32:37","date_gmt":"2013-03-05T22:32:37","guid":{"rendered":"https:\/\/www.upo.es\/gepdo\/?page_id=986"},"modified":"2013-03-05T23:47:45","modified_gmt":"2013-03-05T22:47:45","slug":"estadisticas-e-indicadores","status":"publish","type":"page","link":"https:\/\/www.upo.es\/gepdo\/que-hacemos-2\/investigacion-e-informes\/investigacion\/estadisticas-e-indicadores\/","title":{"rendered":"Estad\u00edsticas e indicadores"},"content":{"rendered":"<p><strong>PROYECTOS:<\/strong><\/p>\n<p dir=\"ltr\">2008-2009. <strong>\u201cElaboraci\u00f3n de metodolog\u00eda para la medici\u00f3n econ\u00f3mica del coste social de la discriminaci\u00f3n de la mujer en el mercado laboral\u201d<\/strong>, proyecto dirigido por Antonio Villar, en el que participaron como investigadoras Lina G\u00e1lvez Mu\u00f1oz, Paula Rodr\u00edguez y M\u00f3nica Dom\u00ednguez Serrano. Financiado por Instituto Valenciano de Investigaciones Econ\u00f3micas.<\/p>\n<p dir=\"ltr\">2007-2009. <strong>\u201cAn\u00e1lisis y difusi\u00f3n del eje transversal de g\u00e9nero como dimensi\u00f3n a incorporar en las operaciones estad\u00edsticas previstas en el Plan Estad\u00edstico de Andaluc\u00eda 2007-2010\u201d<\/strong>, proyecto dirigido por Lina G\u00e1lvez Mu\u00f1oz, en el que participaron como investigadoras M\u00f3nica Dom\u00ednguez Serrano y Paula Rodr\u00edguez y financiado por Instituto de Estad\u00edstica de Andaluc\u00eda.<\/p>\n<p dir=\"ltr\">2004-vigente. <strong>\u201cM\u00e9todos Cuantitativos en Empresa y Econom\u00eda\u201d<\/strong>, proyecto dirigido por Flor M\u00aa Guerrero Casas y financiado por el Plan Andaluz de Investigaci\u00f3n, Consejer\u00eda de Educaci\u00f3n, Ciencia y Empresa. Participa como investigadora M\u00f3nica Dom\u00ednguez Serrano.<\/p>\n<p dir=\"ltr\">2000-04. <strong>\u201cEstudio de indicadores socioecon\u00f3micos de la provincia de C\u00f3rdoba\u201d<\/strong>, proyecto dirigido por Manuel P\u00e9rez Yruela y Fernando Garrido Fern\u00e1ndez y financiado por la Diputaci\u00f3n Provincial de C\u00f3rdoba. Participa como investigadora M\u00f3nica Dom\u00ednguez Serrano.<\/p>\n<p dir=\"ltr\">2006-2008. <strong>\u201cEstudios sobre la Encuesta de Empleo del Tiempo en Andaluc\u00eda\u201d<\/strong>, proyecto dirigido por Lina G\u00e1lvez Mu\u00f1oz, en el que participaron como investigadoras M\u00f3nica Dom\u00ednguez Serrano y Paula Rodr\u00edguez y financiado por Instituto de Estad\u00edstica de Andaluc\u00eda.<\/p>\n<p dir=\"ltr\">2006<strong>. \u201cExplotaci\u00f3n de la Encuesta de Empleo de Tiempo para Andaluc\u00eda respecto al G\u00e9nero\u00bb<\/strong>, proyecto dirigido por Lina G\u00e1lvez Mu\u00f1oz en el que participaron como investigadoras M\u00f3nica Dom\u00ednguez Serrano y Paula Rodr\u00edguez. Financiado por el Instituto de Estad\u00edsticas de Andaluc\u00eda<\/p>\n<p><strong>PUBLICACIONES:<\/strong><\/p>\n<ul>\n<li>Blancas, F.J. &amp; Dom\u00ednguez-Serrano, M. (2010) <em>\u201cUn indicador sint\u00e9tico DEA para la medici\u00f3n de bienestar desde una perspectiva de g\u00e9nero\u201d<\/em>, Investigaci\u00f3n operacional, 31(4), pp.<\/li>\n<li>Blancas, F.J., Dom\u00ednguez-Serrano, M. &amp; Guerrero, F.M. (2008) <em>\u201cAn alternative approach to measuring gender inequality\u201d<\/em>. Journal of Gender Studies, 17(4), pp.<\/li>\n<li>Blancas, FJ, Dom\u00ednguez, M. y Guerrero, FM. (2006). <em>\u201cDesigualdad regional de la mujer: un m\u00e9todos de an\u00e1lisis alternativo\u201d<\/em> en Gin\u00e9s Guirao P\u00e9rez y V\u00edctor J. Cano Fern\u00e1ndez (coord.): Anales de Econom\u00eda Aplicada 2006. Delta. Madrid.<\/li>\n<li>Dom\u00ednguez-Serrano, M.; Blancas, FJ.; Guerrero, FM. y Gonz\u00e1lez, M. (2011). <em>\u201cUna revisi\u00f3n cr\u00edtica para la construcci\u00f3n de indicadores sint\u00e9ticos\u201d<\/em>, Revista de M\u00e9todos Cuantitativos para la Econom\u00eda y la Empresa, \u00a0vol. 11 (junio), pp. 41-70.<\/li>\n<li>Dom\u00ednguez-Serrano, M. &amp; Blancas-Peral, FJ. (2010) <em>\u201cA Gender Wellbeing Composite Indicator: the best-worst Global Evaluation Approach\u201d<\/em>, \u00a0Social Indicators Research, 102(3), pp.<\/li>\n<li>Dom\u00ednguez-Serrano, M. (2010) <em>G\u00e9nero y Bienestar: una propuesta de medici\u00f3n<\/em>. Madrid: Entinema.<\/li>\n<li>Dom\u00ednguez, M. y Guerrero, FM (2009). <em>\u201cIndicadores sint\u00e9ticos de bienestar: una revisi\u00f3n\u201d<\/em>, en Jos\u00e9 Pires Manso y Joao Dion\u00edsio Monteiro (coord.): Anales de Econom\u00eda Aplicada 2009. Delta. Madrid.<\/li>\n<li>Lamote, J. y Vega Rapun, M. (2008) <em>\u201c<a href=\"http:\/\/www.ub.edu\/tig\/GWBNet\/docs\/Social%20Indicators\/Report-     SocialIndicators%20SP%201.doc.pdf \">Well being indicators from a gender perspective in Spain<\/a>\u201d<\/em><\/li>\n<\/ul>\n","protected":false},"excerpt":{"rendered":"<p>PROYECTOS: 2008-2009. \u201cElaboraci\u00f3n de metodolog\u00eda para la medici\u00f3n econ\u00f3mica del coste social de la discriminaci\u00f3n de la mujer en el mercado laboral\u201d, proyecto dirigido por Antonio Villar, en el que participaron como investigadoras Lina G\u00e1lvez Mu\u00f1oz, Paula Rodr\u00edguez y M\u00f3nica Dom\u00ednguez Serrano. Financiado por Instituto Valenciano de Investigaciones Econ\u00f3micas. 2007-2009. \u201cAn\u00e1lisis y difusi\u00f3n del eje&hellip;<\/p>\n","protected":false},"author":1,"featured_media":0,"parent":924,"menu_order":6,"comment_status":"closed","ping_status":"open","template":"template-onecolumn.php","meta":[],"_links":{"self":[{"href":"https:\/\/www.upo.es\/gepdo\/wp-json\/wp\/v2\/pages\/986"}],"collection":[{"href":"https:\/\/www.upo.es\/gepdo\/wp-json\/wp\/v2\/pages"}],"about":[{"href":"https:\/\/www.upo.es\/gepdo\/wp-json\/wp\/v2\/types\/page"}],"author":[{"embeddable":true,"href":"https:\/\/www.upo.es\/gepdo\/wp-json\/wp\/v2\/users\/1"}],"replies":[{"embeddable":true,"href":"https:\/\/www.upo.es\/gepdo\/wp-json\/wp\/v2\/comments?post=986"}],"version-history":[{"count":3,"href":"https:\/\/www.upo.es\/gepdo\/wp-json\/wp\/v2\/pages\/986\/revisions"}],"predecessor-version":[{"id":989,"href":"https:\/\/www.upo.es\/gepdo\/wp-json\/wp\/v2\/pages\/986\/revisions\/989"}],"up":[{"embeddable":true,"href":"https:\/\/www.upo.es\/gepdo\/wp-json\/wp\/v2\/pages\/924"}],"wp:attachment":[{"href":"https:\/\/www.upo.es\/gepdo\/wp-json\/wp\/v2\/media?parent=986"}],"curies":[{"name":"wp","href":"https:\/\/api.w.org\/{rel}","templated":true}]}}