{"id":150,"date":"2025-01-31T13:46:03","date_gmt":"2025-01-31T12:46:03","guid":{"rendered":"https:\/\/www.upo.es\/historia-antigua\/?page_id=150"},"modified":"2025-03-03T12:21:12","modified_gmt":"2025-03-03T11:21:12","slug":"proyectos-de-investigacion","status":"publish","type":"page","link":"https:\/\/www.upo.es\/historia-antigua\/proyectos\/proyectos-de-investigacion\/","title":{"rendered":"Proyectos de investigaci\u00f3n"},"content":{"rendered":"\n<h3 class=\"wp-block-heading\"><mark style=\"background-color:rgba(0, 0, 0, 0)\" class=\"has-inline-color has-custom-gris-olavide-color\"><strong>Proyecto Coordinado<\/strong>.&nbsp;<em><strong>Discursos del Imperio Romano II: Di\u00e1logos desde las provincias<\/strong><\/em>&nbsp;<strong>(PID2021-125226NB. Ministerio de Ciencia e Innovaci\u00f3n)<\/strong><\/mark><\/h3>\n\n\n\n<p class=\"has-text-align-justify has-link-color wp-elements-567b8fe04c9ecc09cd16eaa609e560bd\" style=\"font-size:clamp(14px, 0.875rem + ((1vw - 3.2px) * 0.203), 17px);\">El proyecto coordinado se basa en la hip\u00f3tesis de que la enunciaci\u00f3n o representaci\u00f3n de los discursos sobre el Imperio romano tuvo el poder de contribuir a la creaci\u00f3n de ese mismo Imperio. Su objetivo es el estudio de los discursos literarios, pol\u00edticos y rituales que manifestaron la existencia de una estructura imperial y contribuyeron a consolidarla. <strong><a href=\"https:\/\/www.upo.es\/historia-antigua\/proyecto-coordinado-discursos-del-imperio-romano-ii-dialogos-desde-las-provincias-pid2021-125226nb-ministerio-de-ciencia-e-innovacion\/\" data-type=\"page\" data-id=\"171\" target=\"_blank\" rel=\"noreferrer noopener\">Saber m\u00e1s<\/a><\/strong><\/p>\n\n\n\n<hr class=\"wp-block-separator has-text-color has-custom-azul-olavide-color has-alpha-channel-opacity has-custom-azul-olavide-background-color has-background\"\/>\n\n\n\n<div style=\"height:20px\" aria-hidden=\"true\" class=\"wp-block-spacer\"><\/div>\n\n\n\n<h3 class=\"wp-block-heading\"><mark style=\"background-color:rgba(0, 0, 0, 0)\" class=\"has-inline-color has-custom-gris-olavide-color\">\u201c<em>De sva pecvnia<\/em>: Mujeres y riqueza en la Roma republicana y augustea\u201d (<em>PID2023-149830NB-I00; duraci\u00f3n: 4 a\u00f1os desde septiembre de 2024)<\/em><\/mark><\/h3>\n\n\n\n<p class=\"has-link-color wp-elements-41bb08b341198c1995064f0447bd9c9c\" style=\"font-size:clamp(14px, 0.875rem + ((1vw - 3.2px) * 0.203), 17px);\">Las fuentes literarias, epigr\u00e1ficas, legales y numism\u00e1ticas de la antigua Roma abundan en referencias a propiedades mobiliarias e inmobiliarias de mujeres a lo largo de toda la historia de la Rep\u00fablica: terrenos, casas en Roma y en el campo, obras de arte, carruajes, ganado, esclavos, joyas, dinero, etc., propiedades tanto de mujeres de la \u00e9lite como de mujeres menos pudientes. <strong><a href=\"https:\/\/www.upo.es\/historia-antigua\/de-sva-pecvnia-mujeres-y-riqueza-en-la-roma-republicana-y-augustea-pid2023-149830nb-i00-duracion-4-anos-desde-septiembre-de-2024\/\" data-type=\"page\" data-id=\"375\" target=\"_blank\" rel=\"noreferrer noopener\">Saber m\u00e1s<\/a><\/strong><\/p>\n","protected":false},"excerpt":{"rendered":"<p>Proyecto Coordinado.&nbsp;Discursos del Imperio Romano II: Di\u00e1logos desde las provincias&nbsp;(PID2021-125226NB. Ministerio de Ciencia e Innovaci\u00f3n) El proyecto coordinado se basa en la hip\u00f3tesis de que la enunciaci\u00f3n o representaci\u00f3n de los discursos sobre el Imperio romano tuvo el poder de contribuir a la creaci\u00f3n de ese mismo Imperio. Su objetivo es el estudio de los [&hellip;]<\/p>\n","protected":false},"author":1,"featured_media":0,"parent":51,"menu_order":0,"comment_status":"closed","ping_status":"closed","template":"","meta":{"footnotes":""},"class_list":["post-150","page","type-page","status-publish","hentry"],"_links":{"self":[{"href":"https:\/\/www.upo.es\/historia-antigua\/wp-json\/wp\/v2\/pages\/150","targetHints":{"allow":["GET"]}}],"collection":[{"href":"https:\/\/www.upo.es\/historia-antigua\/wp-json\/wp\/v2\/pages"}],"about":[{"href":"https:\/\/www.upo.es\/historia-antigua\/wp-json\/wp\/v2\/types\/page"}],"author":[{"embeddable":true,"href":"https:\/\/www.upo.es\/historia-antigua\/wp-json\/wp\/v2\/users\/1"}],"replies":[{"embeddable":true,"href":"https:\/\/www.upo.es\/historia-antigua\/wp-json\/wp\/v2\/comments?post=150"}],"version-history":[{"count":15,"href":"https:\/\/www.upo.es\/historia-antigua\/wp-json\/wp\/v2\/pages\/150\/revisions"}],"predecessor-version":[{"id":466,"href":"https:\/\/www.upo.es\/historia-antigua\/wp-json\/wp\/v2\/pages\/150\/revisions\/466"}],"up":[{"embeddable":true,"href":"https:\/\/www.upo.es\/historia-antigua\/wp-json\/wp\/v2\/pages\/51"}],"wp:attachment":[{"href":"https:\/\/www.upo.es\/historia-antigua\/wp-json\/wp\/v2\/media?parent=150"}],"curies":[{"name":"wp","href":"https:\/\/api.w.org\/{rel}","templated":true}]}}