{"id":171,"date":"2025-02-03T08:48:11","date_gmt":"2025-02-03T07:48:11","guid":{"rendered":"https:\/\/www.upo.es\/historia-antigua\/?page_id=171"},"modified":"2025-03-03T11:58:16","modified_gmt":"2025-03-03T10:58:16","slug":"proyecto-coordinado-discursos-del-imperio-romano-ii-dialogos-desde-las-provincias-pid2021-125226nb-ministerio-de-ciencia-e-innovacion","status":"publish","type":"page","link":"https:\/\/www.upo.es\/historia-antigua\/proyecto-coordinado-discursos-del-imperio-romano-ii-dialogos-desde-las-provincias-pid2021-125226nb-ministerio-de-ciencia-e-innovacion\/","title":{"rendered":"Proyecto Coordinado. Discursos del Imperio Romano II: Di\u00e1logos desde las provincias (PID2021-125226NB. Ministerio de Ciencia e Innovaci\u00f3n)"},"content":{"rendered":"\n<p class=\"has-text-align-justify has-text-align-justify\" style=\"font-size:clamp(14px, 0.875rem + ((1vw - 3.2px) * 0.203), 17px);line-height:1.5\">El proyecto coordinado se basa en la hip\u00f3tesis de que la enunciaci\u00f3n o representaci\u00f3n de los discursos sobre el Imperio romano tuvo el poder de contribuir a la creaci\u00f3n de ese mismo Imperio. Su objetivo es el estudio de los discursos literarios, pol\u00edticos y rituales que manifestaron la existencia de una estructura imperial y contribuyeron a consolidarla.<\/p>\n\n\n\n<p style=\"font-size:clamp(14px, 0.875rem + ((1vw - 3.2px) * 0.203), 17px);\">El proyecto se compone de dos subproyectos:<\/p>\n\n\n\n<div style=\"height:25px\" aria-hidden=\"true\" class=\"wp-block-spacer\"><\/div>\n\n\n\n<h3 class=\"wp-block-heading\"><strong>1.<\/strong> <strong>Di\u00e1logos desde las provincias:<\/strong> <em><strong>Contra Romam proque Roma dicta<\/strong><\/em> <strong>(Universidad de Sevilla)<\/strong><\/h3>\n\n\n\n<h4 class=\"wp-block-heading has-secondary-color has-text-color has-link-color has-medium-font-size wp-elements-0a8beaf65d5231d49ff4fe0ad8a401f2\"><strong>Investigadores Principales<\/strong><\/h4>\n\n\n\n<ul class=\"wp-block-list\">\n<li class=\"has-contrast-color has-text-color has-link-color wp-elements-a249a3ae2e8888c5f2dd89341995c7d3\" style=\"font-size:clamp(14px, 0.875rem + ((1vw - 3.2px) * 0.203), 17px);\">Fernando Lozano G\u00f3mez (Universidad de Sevilla)<\/li>\n\n\n\n<li id=\"Nombre\" class=\"has-contrast-color has-text-color has-link-color wp-elements-4f3115b9b08e2a4c60da2047f885835c\" style=\"font-size:clamp(14px, 0.875rem + ((1vw - 3.2px) * 0.203), 17px);\"><a href=\"https:\/\/www.upo.es\/historia-antigua\/juan-manuel-cortes-copete#Nombre\" data-type=\"page\" data-id=\"347\" target=\"_blank\" rel=\"noreferrer noopener\">J. M. Cort\u00e9s Copete<\/a> (Universidad Pablo de Olavide)<\/li>\n<\/ul>\n\n\n\n<h4 class=\"wp-block-heading has-secondary-color has-text-color has-link-color has-medium-font-size wp-elements-26267c7f2954dc1628aeab719cdbe64f\">Miembros del equipo<\/h4>\n\n\n\n<ul class=\"wp-block-list\">\n<li class=\"has-contrast-color has-text-color has-link-color wp-elements-6dfe069c0e82f868a9f44ade55e32a5f\" style=\"font-size:clamp(14px, 0.875rem + ((1vw - 3.2px) * 0.203), 17px);\">Carmen Alarc\u00f3n Hern\u00e1ndez (Universidad de Sevilla)<\/li>\n\n\n\n<li class=\"has-contrast-color has-text-color has-link-color wp-elements-29fff18fbc7a3621f267a38b33aa3a3e\" style=\"font-size:clamp(14px, 0.875rem + ((1vw - 3.2px) * 0.203), 17px);\">Clifford Ando (University of Chicago)<\/li>\n\n\n\n<li class=\"has-contrast-color has-text-color has-link-color wp-elements-2c68fe0bae8cdefddec739c7dd9d4a80\" style=\"font-size:clamp(14px, 0.875rem + ((1vw - 3.2px) * 0.203), 17px);\"><a href=\"https:\/\/www.upo.es\/historia-antigua\/juan-ramon-ballesteros-sanchez#Nombre\" data-type=\"page\" data-id=\"244\" target=\"_blank\" rel=\"noreferrer noopener\">Juan Ram\u00f3n Ballesteros S\u00e1nchez<\/a> (Universidad Pablo de Olavide)<\/li>\n\n\n\n<li class=\"has-contrast-color has-text-color has-link-color wp-elements-9b26c746da38056a145e46b5d6f58a9b\" style=\"font-size:clamp(14px, 0.875rem + ((1vw - 3.2px) * 0.203), 17px);\">R\u00faben de Castro (Universidad Libre de Lisboa)<\/li>\n\n\n\n<li class=\"has-contrast-color has-text-color has-link-color wp-elements-77d34f6465908ae7c54574f5ff4684ba\" style=\"font-size:clamp(14px, 0.875rem + ((1vw - 3.2px) * 0.203), 17px);\"><a href=\"https:\/\/www.upo.es\/historia-antigua\/antonio-jose-gomez-verdugo#Nombre\" data-type=\"page\" data-id=\"352\" target=\"_blank\" rel=\"noreferrer noopener\">Antonio Jos\u00e9 G\u00f3mez Verdugo<\/a> (Universidad Pablo de Olavide-Universidad de Bari)<\/li>\n\n\n\n<li class=\"has-contrast-color has-text-color has-link-color wp-elements-446453d52e2936aba0440fc0d3f9eb54\" style=\"font-size:clamp(14px, 0.875rem + ((1vw - 3.2px) * 0.203), 17px);\">Manuel Alejandro Gonz\u00e1lez Mu\u00f1oz (Universidad Pablo de Olavide)<\/li>\n\n\n\n<li class=\"has-contrast-color has-text-color has-link-color wp-elements-29b0c5ea34dfad84bb2338f078038761\" style=\"font-size:clamp(14px, 0.875rem + ((1vw - 3.2px) * 0.203), 17px);\">J. M. Gonz\u00e1lez Pozo (Universidad Pablo de Olavide)<\/li>\n\n\n\n<li class=\"has-contrast-color has-text-color has-link-color wp-elements-a52b8e2ae2c0a001a22ef7d1f91b4321\" style=\"font-size:clamp(14px, 0.875rem + ((1vw - 3.2px) * 0.203), 17px);\">Olivier Hekster (Radboud University)<\/li>\n\n\n\n<li class=\"has-contrast-color has-text-color has-link-color wp-elements-89c29b4742c40ca7d6de0f1fc8b990bb\" style=\"font-size:clamp(14px, 0.875rem + ((1vw - 3.2px) * 0.203), 17px);\">Anna Kouremenos (Quinnipiac University)<\/li>\n\n\n\n<li class=\"has-contrast-color has-text-color has-link-color wp-elements-12d39cf103c368f71c84504fb2cbcb68\" style=\"font-size:clamp(14px, 0.875rem + ((1vw - 3.2px) * 0.203), 17px);\">Milena Melf<a href=\"https:\/\/www.upo.es\/historia-antigua\/miembros\/\" data-type=\"page\" data-id=\"36\" target=\"_blank\" rel=\"noreferrer noopener\">i<\/a> (Oxford University)<\/li>\n\n\n\n<li class=\"has-contrast-color has-text-color has-link-color wp-elements-7e3723daa1c3d19a5f39a65b37986735\" style=\"font-size:clamp(14px, 0.875rem + ((1vw - 3.2px) * 0.203), 17px);\">Maria Chiara Monaco (Universit\u00e0 della Basilicata)<\/li>\n\n\n\n<li class=\"has-contrast-color has-text-color has-link-color wp-elements-9acac46feba1a30de2c95fcecbff08b6\" style=\"font-size:clamp(14px, 0.875rem + ((1vw - 3.2px) * 0.203), 17px);\">Onno van Nijf (University of Groningen)<\/li>\n\n\n\n<li class=\"has-contrast-color has-text-color has-link-color wp-elements-aa02e8ad9f9f1bfcb4093799eb179216\" style=\"font-size:clamp(14px, 0.875rem + ((1vw - 3.2px) * 0.203), 17px);\">Iv\u00e1n Quijada Ayas (Universidad de Sevilla)<\/li>\n\n\n\n<li class=\"has-contrast-color has-text-color has-link-color wp-elements-45fdc4ccc467c62292cca95324c409e9\" style=\"font-size:clamp(14px, 0.875rem + ((1vw - 3.2px) * 0.203), 17px);\">Rafael Rodr\u00edguez P\u00e9rez (Universidad de Sevilla)<\/li>\n\n\n\n<li class=\"has-contrast-color has-text-color has-link-color wp-elements-09420d0410a869a13244b85d60e076b0\" style=\"font-size:clamp(14px, 0.875rem + ((1vw - 3.2px) * 0.203), 17px);\">Greg Woolf (New York University)<\/li>\n<\/ul>\n\n\n\n<h4 class=\"wp-block-heading has-secondary-color has-text-color has-link-color has-medium-font-size wp-elements-7e5c4e2ea7715e0b59f9a6941e9d179e\">Objetivos<\/h4>\n\n\n\n<p class=\"has-text-align-justify has-text-align-justify\" style=\"font-size:clamp(14px, 0.875rem + ((1vw - 3.2px) * 0.203), 17px);\">Este subproyecto quiere analizar c\u00f3mo, en la configuraci\u00f3n del Imperio romano, los discursos generados tanto por el poder imperial como por los s\u00fabditos desde las provincias fueron un factor decisivo. Lo fueron porque los discursos no son entendidos ni como ejercicios ret\u00f3ricos ni como meras expresiones ideol\u00f3gicas, sino como actos de creaci\u00f3n del propio Imperio puesto que se les considera dotados de capacidad<br>\u201cperformativa\u201d, de capacidad creadora. Algunos de estos discursos salieron directamente del poder imperial, ya fuera a trav\u00e9s de los documentos de las oficinas imperiales \u2015cartas, edictos, rescriptos\u2015, ya fuera a trav\u00e9s de los discursos que los propios emperadores pronunciaron ante el Senado \u2015para promover<br>senadoconsultos\u2015, ante el ej\u00e9rcito \u2015para animarlos al combate o para establecer directrices de mando y actuaci\u00f3n\u2015, o ante sus s\u00fabditos \u2015para conceder, prohibir, exhortar, etc.\u2015. Otros discursos sobre el Imperio se generaron en las provincias, especialmente en las provincias de lengua griega, donde la <em>paide\u00eda <\/em>hab\u00eda impuesto unas formas peculiares de acci\u00f3n pol\u00edtica. Estas formulaciones del Imperio se encontraron, se<br>escucharon y reaccionaron ante la existencia de sus contrapartes \u2015los discursos de los emperadores\u2015, generando un di\u00e1logo f\u00e9rtil que ayud\u00f3 a la creaci\u00f3n del Imperio. Decir Roma fue, en definitiva, una manera de hacer Roma.<\/p>\n\n\n\n<div style=\"height:25px\" aria-hidden=\"true\" class=\"wp-block-spacer\"><\/div>\n\n\n\n<h3 class=\"wp-block-heading\"><strong>2. Di\u00e1logos desde las provincias: Celebraciones del Imperio (Universidad Pablo de Olavide)<\/strong><\/h3>\n\n\n\n<h4 class=\"wp-block-heading has-secondary-color has-text-color has-link-color has-medium-font-size wp-elements-0a8beaf65d5231d49ff4fe0ad8a401f2\"><strong>Investigadores Principales<\/strong><\/h4>\n\n\n\n<ul class=\"wp-block-list\">\n<li class=\"has-contrast-color has-text-color has-link-color wp-elements-6fc1177e48bb8e16e693577bf13dfa59\" style=\"font-size:clamp(14px, 0.875rem + ((1vw - 3.2px) * 0.203), 17px);\"><a href=\"https:\/\/www.upo.es\/historia-antigua\/elena-muniz-grijalvo#Nombre\" data-type=\"page\" data-id=\"196\" target=\"_blank\" rel=\"noreferrer noopener\">Elena Mu\u00f1iz Grijalvo<\/a> (Universidad Pablo de Olavide)<\/li>\n\n\n\n<li class=\"has-contrast-color has-text-color has-link-color wp-elements-6da91e4882e9258d213347f3404b4908\" style=\"font-size:clamp(14px, 0.875rem + ((1vw - 3.2px) * 0.203), 17px);\"><a href=\"https:\/\/www.upo.es\/historia-antigua\/rocio-gordillo-hervas#Nombre\" data-type=\"page\" data-id=\"312\" target=\"_blank\" rel=\"noreferrer noopener\">Roc\u00edo Gordillo Herv\u00e1s<\/a> (Universidad Pablo de Olavide)<\/li>\n<\/ul>\n\n\n\n<h4 class=\"wp-block-heading has-secondary-color has-text-color has-link-color has-medium-font-size wp-elements-26267c7f2954dc1628aeab719cdbe64f\">Miembros del equipo<\/h4>\n\n\n\n<ul class=\"wp-block-list\">\n<li class=\"has-contrast-color has-text-color has-link-color wp-elements-ffb1fa655bef7ffcabe32ef1a9391b5b\" style=\"font-size:clamp(14px, 0.875rem + ((1vw - 3.2px) * 0.203), 17px);\"><a href=\"https:\/\/www.upo.es\/historia-antigua\/pedro-gimenez-de-aragon-sierra#Nombre\" data-type=\"page\" data-id=\"392\" target=\"_blank\" rel=\"noreferrer noopener\">Pedro Gim\u00e9nez de Arag\u00f3n Sierra<\/a> (Universidad Pablo de Olavide)<\/li>\n\n\n\n<li class=\"has-contrast-color has-text-color has-link-color wp-elements-4e68aba5be9a410de4bb9eecce72a524\" style=\"font-size:clamp(14px, 0.875rem + ((1vw - 3.2px) * 0.203), 17px);\">Silvia Ghedini (Universidad Pablo de Olavide)<\/li>\n\n\n\n<li class=\"has-contrast-color has-text-color has-link-color wp-elements-74a0f6f081502342f62f4f99f47697e9\" style=\"font-size:clamp(14px, 0.875rem + ((1vw - 3.2px) * 0.203), 17px);\">Fritz Graf (Ohio State University)<\/li>\n\n\n\n<li class=\"has-contrast-color has-text-color has-link-color wp-elements-0a55767011925d138c679a544d374bcb\" style=\"font-size:clamp(14px, 0.875rem + ((1vw - 3.2px) * 0.203), 17px);\">Jacob Latham (University of Tennessee)<\/li>\n\n\n\n<li class=\"has-contrast-color has-text-color has-link-color wp-elements-8f8ad18ac7b3609088f4cc325cba2739\" style=\"font-size:clamp(14px, 0.875rem + ((1vw - 3.2px) * 0.203), 17px);\">Annalisa Lo Monaco (Universit\u00e0 degli Studi \u201cLa Sapienza\u201d, Roma)<\/li>\n\n\n\n<li class=\"has-contrast-color has-text-color has-link-color wp-elements-b749cb3d346a1a4cc6b7b0f6aa609790\" style=\"font-size:clamp(14px, 0.875rem + ((1vw - 3.2px) * 0.203), 17px);\">Christian Mann (Universit\u00e4t Mannheim)<\/li>\n\n\n\n<li class=\"has-contrast-color has-text-color has-link-color wp-elements-3f56d78e674022abed39437e4402e068\" style=\"font-size:clamp(14px, 0.875rem + ((1vw - 3.2px) * 0.203), 17px);\">Ida \u00d6stenberg (University Gotheburg)<\/li>\n\n\n\n<li class=\"has-contrast-color has-text-color has-link-color wp-elements-cc33c92ec42b07b170dff9442caa0b02\" style=\"font-size:clamp(14px, 0.875rem + ((1vw - 3.2px) * 0.203), 17px);\"><a href=\"https:\/\/www.upo.es\/historia-antigua\/esperanza-macarena-rodenas-perea#Nombre\" data-type=\"page\" data-id=\"225\" target=\"_blank\" rel=\"noreferrer noopener\">Esperanza Macarena R\u00f3denas Perea<\/a> (Universidad Pablo de Olavide)<\/li>\n\n\n\n<li class=\"has-contrast-color has-text-color has-link-color wp-elements-ab8bd14ba727b2aec65aa2dd3fc3f029\" style=\"font-size:clamp(14px, 0.875rem + ((1vw - 3.2px) * 0.203), 17px);\"><a href=\"https:\/\/www.upo.es\/historia-antigua\/manuel-ruiz-roman#Nombre\" data-type=\"page\" data-id=\"212\" target=\"_blank\" rel=\"noreferrer noopener\">Manuel Ruiz Rom\u00e1n<\/a> (Universidad Pablo de Olavide)<\/li>\n\n\n\n<li class=\"has-contrast-color has-text-color has-link-color wp-elements-cea4045744895d9f5b46269bee6d8940\" style=\"font-size:clamp(14px, 0.875rem + ((1vw - 3.2px) * 0.203), 17px);\">Reyes Som\u00e9 Salazar (Universidad Pablo de Olavide)<\/li>\n<\/ul>\n\n\n\n<h4 class=\"wp-block-heading has-secondary-color has-text-color has-link-color has-medium-font-size wp-elements-7e5c4e2ea7715e0b59f9a6941e9d179e\">Objetivos<\/h4>\n\n\n\n<p class=\"has-text-align-justify has-text-align-justify\" style=\"font-size:clamp(14px, 0.875rem + ((1vw - 3.2px) * 0.203), 17px);\">El objetivo de este subproyecto es analizar la intervenci\u00f3n de los ritos de las ciudades del Imperio Romano (con especial atenci\u00f3n a las procesiones y a los rituales agon\u00edsticos en los siglos I-III d.C.) en la configuraci\u00f3n de la idea de imperio. El subproyecto se sustenta en dos hip\u00f3tesis complementarias: por una parte, que los ritos poseen capacidad performativa, es decir, no son meros reflejos de la realidad, sino que contribuyen a crearla; por otra parte, que los ritos que fueron comunes a todo el Imperio se llevaron a la pr\u00e1ctica de manera localmente diferenciada, y que las versiones locales intervinieron en la creaci\u00f3n de un discurso sobre el Imperio, d\u00e1ndole la forma de una verdadera comunidad pol\u00edtica y religiosa.<\/p>\n","protected":false},"excerpt":{"rendered":"<p>El proyecto coordinado se basa en la hip\u00f3tesis de que la enunciaci\u00f3n o representaci\u00f3n de los discursos sobre el Imperio romano tuvo el poder de contribuir a la creaci\u00f3n de ese mismo Imperio. Su objetivo es el estudio de los discursos literarios, pol\u00edticos y rituales que manifestaron la existencia de una estructura imperial y contribuyeron [&hellip;]<\/p>\n","protected":false},"author":1,"featured_media":0,"parent":0,"menu_order":0,"comment_status":"closed","ping_status":"closed","template":"","meta":{"footnotes":""},"class_list":["post-171","page","type-page","status-publish","hentry"],"_links":{"self":[{"href":"https:\/\/www.upo.es\/historia-antigua\/wp-json\/wp\/v2\/pages\/171","targetHints":{"allow":["GET"]}}],"collection":[{"href":"https:\/\/www.upo.es\/historia-antigua\/wp-json\/wp\/v2\/pages"}],"about":[{"href":"https:\/\/www.upo.es\/historia-antigua\/wp-json\/wp\/v2\/types\/page"}],"author":[{"embeddable":true,"href":"https:\/\/www.upo.es\/historia-antigua\/wp-json\/wp\/v2\/users\/1"}],"replies":[{"embeddable":true,"href":"https:\/\/www.upo.es\/historia-antigua\/wp-json\/wp\/v2\/comments?post=171"}],"version-history":[{"count":16,"href":"https:\/\/www.upo.es\/historia-antigua\/wp-json\/wp\/v2\/pages\/171\/revisions"}],"predecessor-version":[{"id":460,"href":"https:\/\/www.upo.es\/historia-antigua\/wp-json\/wp\/v2\/pages\/171\/revisions\/460"}],"wp:attachment":[{"href":"https:\/\/www.upo.es\/historia-antigua\/wp-json\/wp\/v2\/media?parent=171"}],"curies":[{"name":"wp","href":"https:\/\/api.w.org\/{rel}","templated":true}]}}