{"id":236,"date":"2025-02-18T13:40:55","date_gmt":"2025-02-18T12:40:55","guid":{"rendered":"https:\/\/www.upo.es\/historia-antigua\/?page_id=236"},"modified":"2025-03-03T10:24:47","modified_gmt":"2025-03-03T09:24:47","slug":"juan-cortes-mas","status":"publish","type":"page","link":"https:\/\/www.upo.es\/historia-antigua\/juan-cortes-mas\/","title":{"rendered":"Juan Cort\u00e9s Mas"},"content":{"rendered":"\n<div style=\"height:7px\" aria-hidden=\"true\" id=\"Juan\" class=\"wp-block-spacer\"><\/div>\n\n\n\n<div class=\"wp-block-media-text is-stacked-on-mobile\" style=\"grid-template-columns:22% auto\"><figure class=\"wp-block-media-text__media\"><img loading=\"lazy\" decoding=\"async\" width=\"398\" height=\"608\" src=\"https:\/\/www.upo.es\/historia-antigua\/wp-content\/uploads\/2025\/02\/Juan-Cortes_vert.jpg\" alt=\"\" class=\"wp-image-237 size-full\" srcset=\"https:\/\/www.upo.es\/historia-antigua\/wp-content\/uploads\/2025\/02\/Juan-Cortes_vert.jpg 398w, https:\/\/www.upo.es\/historia-antigua\/wp-content\/uploads\/2025\/02\/Juan-Cortes_vert-196x300.jpg 196w\" sizes=\"auto, (max-width: 398px) 100vw, 398px\" \/><\/figure><div class=\"wp-block-media-text__content\">\n<p class=\"has-medium-font-size\"><strong>Curr\u00edculum acad\u00e9mico<\/strong><\/p>\n\n\n\n<p class=\"has-text-align-justify has-text-align-justify\" style=\"font-size:clamp(14px, 0.875rem + ((1vw - 3.2px) * 0.203), 17px);\">Graduado del Doble Grado en Humanidades y Traducci\u00f3n e Interpretaci\u00f3n (ingl\u00e9s) en 2023 por la Universidad Pablo de Olavide. Obtuvo el t\u00edtulo de M\u00e1ster Universitario en Mundo Antiguo y Patrimonio Arqueol\u00f3gico de la Universidad de Zaragoza en 2024. Actualmente es Investigador Predoctoral en el Departamento de Geograf\u00eda, Historia y Filosof\u00eda de la Universidad Pablo de Olavide.<\/p>\n<\/div><\/div>\n\n\n\n<hr class=\"wp-block-separator has-text-color has-custom-azul-olavide-color has-alpha-channel-opacity has-custom-azul-olavide-background-color has-background\"\/>\n\n\n\n<div style=\"height:20px\" aria-hidden=\"true\" class=\"wp-block-spacer\"><\/div>\n\n\n\n<p class=\"has-medium-font-size\"><strong>L\u00ednea de investigaci\u00f3n<\/strong><\/p>\n\n\n\n<p style=\"font-size:clamp(14px, 0.875rem + ((1vw - 3.2px) * 0.203), 17px);\">La historia de la pol\u00edtica y de la cultura pol\u00edtica en la Rep\u00fablica romana tard\u00eda: los intentos de reforma y su papel como posibles manifestaciones ideol\u00f3gicas en el siglo I&nbsp;a.C.<\/p>\n\n\n\n<hr class=\"wp-block-separator has-text-color has-custom-azul-olavide-color has-alpha-channel-opacity has-custom-azul-olavide-background-color has-background\"\/>\n\n\n\n<div style=\"height:20px\" aria-hidden=\"true\" class=\"wp-block-spacer\"><\/div>\n\n\n\n<p class=\"has-medium-font-size\"><strong>Estancias de investigaci\u00f3n<\/strong><\/p>\n\n\n\n<p style=\"font-size:clamp(14px, 0.875rem + ((1vw - 3.2px) * 0.203), 17px);\">Estancia Erasmus+ en la Queen Mary University de Londres. Del 16\/9\/2019 al 25\/5\/2020.<\/p>\n\n\n\n<hr class=\"wp-block-separator has-text-color has-custom-azul-olavide-color has-alpha-channel-opacity has-custom-azul-olavide-background-color has-background\"\/>\n\n\n\n<div style=\"height:20px\" aria-hidden=\"true\" class=\"wp-block-spacer\"><\/div>\n\n\n\n<p class=\"has-medium-font-size\"><strong>Becas y contratos de investigaci\u00f3n<\/strong><\/p>\n\n\n\n<ul class=\"wp-block-list\">\n<li style=\"font-size:clamp(14px, 0.875rem + ((1vw - 3.2px) * 0.203), 17px);\"><strong><mark style=\"background-color:rgba(0, 0, 0, 0)\" class=\"has-inline-color has-custom-gris-olavide-color\">Beca de Colaboraci\u00f3n<\/mark><\/strong> en Departamentos Universitarios del Ministerio de Educaci\u00f3n y Formaci\u00f3n Profesional. Departamento de Geograf\u00eda, Historia y Filosof\u00eda. Universidad Pablo de Olavide. Del 7\/11\/2022 al 21\/6\/2023.<\/li>\n\n\n\n<li style=\"font-size:clamp(14px, 0.875rem + ((1vw - 3.2px) * 0.203), 17px);\"><strong><mark style=\"background-color:rgba(0, 0, 0, 0)\" class=\"has-inline-color has-custom-gris-olavide-color\">Titulado Superior de Apoyo a la Investigaci\u00f3n<\/mark><\/strong>, \u00abAyudas puente para la concurrencia al Plan Andaluz de I+D\u00bb del VI Plan Propio de Investigaci\u00f3n y Transferencia 2023-2026; (Rf.\u00aa: PPI2301 ProyExcel_00123 Corneli Taciti Libri Qui Supersunt (Pars I): Edici\u00f3n Cr\u00edtica, Traducci\u00f3n y Comentario de Annales I-VI para el S. XXI). IP: Rosario Moreno Soldevila. Desde el 1\/12\/2023 al 31\/5\/2024.<\/li>\n\n\n\n<li style=\"font-size:clamp(14px, 0.875rem + ((1vw - 3.2px) * 0.203), 17px);\"><strong><mark style=\"background-color:rgba(0, 0, 0, 0)\" class=\"has-inline-color has-custom-gris-olavide-color\">Contrato Predoctoral para la formaci\u00f3n de doctores FPI<\/mark><\/strong>, convocatoria 2024. Incorporaci\u00f3n el 1\/2\/2025.<\/li>\n<\/ul>\n\n\n\n<hr class=\"wp-block-separator has-text-color has-custom-azul-olavide-color has-alpha-channel-opacity has-custom-azul-olavide-background-color has-background\"\/>\n\n\n\n<div style=\"height:20px\" aria-hidden=\"true\" class=\"wp-block-spacer\"><\/div>\n\n\n\n<p class=\"has-medium-font-size\"><strong>Producci\u00f3n cient\u00edfica y trabajos presentados en congresos<\/strong><\/p>\n\n\n\n<ul class=\"wp-block-list\">\n<li style=\"font-size:clamp(14px, 0.875rem + ((1vw - 3.2px) * 0.203), 17px);\">Cort\u00e9s Mas, J. (2024).<mark style=\"background-color:rgba(0, 0, 0, 0)\" class=\"has-inline-color has-custom-gris-olavide-color\"> <strong>\u00bfUna crisis con alternativa?:: An\u00e1lisis de las rogationes rechazadas en la Rep\u00fablica romana entre el 70 y el 49 a.C.<\/strong><\/mark>\u00a0<em>Revista IT\u00c1LICA<\/em>, (6), 1\u201327. <\/li>\n\n\n\n<li style=\"font-size:clamp(14px, 0.875rem + ((1vw - 3.2px) * 0.203), 17px);\"><strong><mark style=\"background-color:rgba(0, 0, 0, 0)\" class=\"has-inline-color has-custom-gris-olavide-color\">\u00bf<em>Una crisis con alternativa?: an\u00e1lisis de las rogationes rechazadas en la Rep\u00fablica romana entre el 70 y el 49 a.C<\/em> <\/mark><\/strong>en el VIII Congreso de Estudiantes de Grado de la Facultad de Humanidades \u00abTras las huellas de la Antig\u00fcedad\u00bb, celebrado el 11\/5\/2023 en la Universidad Pablo de Olavide.<\/li>\n<\/ul>\n\n\n\n<hr class=\"wp-block-separator has-text-color has-custom-azul-olavide-color has-alpha-channel-opacity has-custom-azul-olavide-background-color has-background\"\/>\n\n\n\n<div style=\"height:20px\" aria-hidden=\"true\" class=\"wp-block-spacer\"><\/div>\n\n\n\n<p class=\"has-medium-font-size\"><strong>Proyectos de Investigaci\u00f3n<\/strong><\/p>\n\n\n\n<ul class=\"wp-block-list\">\n<li style=\"font-size:clamp(14px, 0.875rem + ((1vw - 3.2px) * 0.203), 17px);\">PID2023-149830NB-I00. <strong><mark style=\"background-color:rgba(0, 0, 0, 0)\" class=\"has-inline-color has-custom-gris-olavide-color\">DE SVA PECVNIA: mujeres y riqueza en la Roma republicana y augustea<\/mark><mark style=\"background-color:rgba(0, 0, 0, 0)\" class=\"has-inline-color has-custom-color-1-color\">.<\/mark><\/strong> IP: Cristina Rosillo L\u00f3pez.<\/li>\n<\/ul>\n\n\n\n<hr class=\"wp-block-separator has-text-color has-custom-azul-olavide-color has-alpha-channel-opacity has-custom-azul-olavide-background-color has-background\"\/>\n\n\n\n<div style=\"height:20px\" aria-hidden=\"true\" class=\"wp-block-spacer\"><\/div>\n\n\n\n<p class=\"has-medium-font-size\"><strong>Perfil <a href=\"https:\/\/upo.academia.edu\/JuanCort%C3%A9sMas\" target=\"_blank\" rel=\"noreferrer noopener\">Academia<\/a> y\/o ORCID<\/strong><\/p>\n","protected":false},"excerpt":{"rendered":"<p>Curr\u00edculum acad\u00e9mico Graduado del Doble Grado en Humanidades y Traducci\u00f3n e Interpretaci\u00f3n (ingl\u00e9s) en 2023 por la Universidad Pablo de Olavide. Obtuvo el t\u00edtulo de M\u00e1ster Universitario en Mundo Antiguo y Patrimonio Arqueol\u00f3gico de la Universidad de Zaragoza en 2024. Actualmente es Investigador Predoctoral en el Departamento de Geograf\u00eda, Historia y Filosof\u00eda de la Universidad [&hellip;]<\/p>\n","protected":false},"author":1,"featured_media":0,"parent":0,"menu_order":0,"comment_status":"closed","ping_status":"closed","template":"","meta":{"footnotes":""},"class_list":["post-236","page","type-page","status-publish","hentry"],"_links":{"self":[{"href":"https:\/\/www.upo.es\/historia-antigua\/wp-json\/wp\/v2\/pages\/236","targetHints":{"allow":["GET"]}}],"collection":[{"href":"https:\/\/www.upo.es\/historia-antigua\/wp-json\/wp\/v2\/pages"}],"about":[{"href":"https:\/\/www.upo.es\/historia-antigua\/wp-json\/wp\/v2\/types\/page"}],"author":[{"embeddable":true,"href":"https:\/\/www.upo.es\/historia-antigua\/wp-json\/wp\/v2\/users\/1"}],"replies":[{"embeddable":true,"href":"https:\/\/www.upo.es\/historia-antigua\/wp-json\/wp\/v2\/comments?post=236"}],"version-history":[{"count":8,"href":"https:\/\/www.upo.es\/historia-antigua\/wp-json\/wp\/v2\/pages\/236\/revisions"}],"predecessor-version":[{"id":434,"href":"https:\/\/www.upo.es\/historia-antigua\/wp-json\/wp\/v2\/pages\/236\/revisions\/434"}],"wp:attachment":[{"href":"https:\/\/www.upo.es\/historia-antigua\/wp-json\/wp\/v2\/media?parent=236"}],"curies":[{"name":"wp","href":"https:\/\/api.w.org\/{rel}","templated":true}]}}