{"id":375,"date":"2025-02-26T12:10:19","date_gmt":"2025-02-26T11:10:19","guid":{"rendered":"https:\/\/www.upo.es\/historia-antigua\/?page_id=375"},"modified":"2025-03-03T09:53:10","modified_gmt":"2025-03-03T08:53:10","slug":"de-sva-pecvnia-mujeres-y-riqueza-en-la-roma-republicana-y-augustea-pid2023-149830nb-i00-duracion-4-anos-desde-septiembre-de-2024","status":"publish","type":"page","link":"https:\/\/www.upo.es\/historia-antigua\/de-sva-pecvnia-mujeres-y-riqueza-en-la-roma-republicana-y-augustea-pid2023-149830nb-i00-duracion-4-anos-desde-septiembre-de-2024\/","title":{"rendered":"\u201cDe sva pecvnia: Mujeres y riqueza en la Roma republicana y augustea\u201d (PID2023-149830NB-I00; duraci\u00f3n: 4 a\u00f1os desde septiembre de 2024)"},"content":{"rendered":"\n<p class=\"has-text-align-justify has-text-align-justify\" style=\"font-size:clamp(14px, 0.875rem + ((1vw - 3.2px) * 0.203), 17px);\">Las fuentes literarias, epigr\u00e1ficas, legales y numism\u00e1ticas de la antigua Roma abundan en referencias a propiedades mobiliarias e inmobiliarias de mujeres a lo largo de toda la historia de la Rep\u00fablica: terrenos, casas en Roma y en el campo, obras de arte, carruajes, ganado, esclavos, joyas, dinero, etc., propiedades tanto de mujeres de la \u00e9lite como de mujeres menos pudientes.<\/p>\n\n\n\n<p class=\"has-text-align-justify has-text-align-justify\" style=\"font-size:clamp(14px, 0.875rem + ((1vw - 3.2px) * 0.203), 17px);\">Un sustancial n\u00famero de mujeres romanas eran propietarias de pleno derecho y gestionaban y transmit\u00edan sus propiedades. Mujeres romanas de todos los estratos socioecon\u00f3micos participaban activamente en alguna forma de comercio o actividad financiera, lo que implicaba la gesti\u00f3n de una mayor o menor riqueza. Esto incluye el euergetismo, adem\u00e1s de proyectos de construcci\u00f3n privada como tumbas, estructuras dom\u00e9sticas y comerciales, banca y pr\u00e9stamo de dinero, manufactura, comercio, venta de bienes y servicios como el trabajo sexual, y otros mecanismos de generaci\u00f3n de ingresos. El estudio de las mujeres y su riqueza tiene un mayor reflejo en el registro epigr\u00e1fico, papirol\u00f3gico y arqueol\u00f3gico, donde las mujeres suelen tener una mayor presencia que en los textos literarios, escritos por hombres de la \u00e9lite, que de hecho reflejan m\u00e1s el marco normativo que la realidad. Esta situaci\u00f3n no es \u00fanica en el mundo romano, sino que tiene precedentes en el mundo griego que pueden servir de punto de partida y comparaci\u00f3n.<\/p>\n\n\n\n<p class=\"has-text-align-justify has-text-align-justify\" style=\"font-size:clamp(14px, 0.875rem + ((1vw - 3.2px) * 0.203), 17px);\">Sin embargo, existe un gran vac\u00edo historiogr\u00e1fico en el estudio de la riqueza en manos de mujeres en \u00e9poca republicana y augustea: no sabemos cu\u00e1ntas mujeres eran propietarias, no conocemos de manera sistem\u00e1tica qu\u00e9 tipo de propiedades ten\u00edan y tampoco se han identificado los lugares donde esta propiedad se concentraba ni qu\u00e9 diferentes estrategias de gesti\u00f3n y transmisi\u00f3n segu\u00edan, por no hablar del impacto social, econ\u00f3mico y pol\u00edtico de esta riqueza femenina. En suma, el hecho de no haber identificado, agrupado y analizado de manera sistem\u00e1tica toda la evidencia de la riqueza femenina en \u00e9poca republicana y augustea nos deja con una visi\u00f3n muy reduccionista y limitada de la situaci\u00f3n social y econ\u00f3mica de este periodo hist\u00f3rico. El objetivo de este proyecto de cuatro a\u00f1os es rescatar y analizar todos estos aspectos, y ofrecer un modelo de estudio y una metodolog\u00eda que puedan ser extrapolados a otras \u00e9pocas hist\u00f3ricas y a otros lugares geogr\u00e1ficos, a trav\u00e9s de un instrumento novedoso: la creaci\u00f3n de una base de datos relacional que integre todas las referencias a la riqueza femenina de \u00e9poca republicana y augustea, con la intenci\u00f3n no s\u00f3lo de avanzar en el conocimiento de las mujeres y su situaci\u00f3n socioecon\u00f3mica, sino tambi\u00e9n de integrar esa nueva perspectiva en los relatos hist\u00f3ricos.<\/p>\n","protected":false},"excerpt":{"rendered":"<p>Las fuentes literarias, epigr\u00e1ficas, legales y numism\u00e1ticas de la antigua Roma abundan en referencias a propiedades mobiliarias e inmobiliarias de mujeres a lo largo de toda la historia de la Rep\u00fablica: terrenos, casas en Roma y en el campo, obras de arte, carruajes, ganado, esclavos, joyas, dinero, etc., propiedades tanto de mujeres de la \u00e9lite [&hellip;]<\/p>\n","protected":false},"author":1,"featured_media":0,"parent":0,"menu_order":0,"comment_status":"closed","ping_status":"closed","template":"","meta":{"footnotes":""},"class_list":["post-375","page","type-page","status-publish","hentry"],"_links":{"self":[{"href":"https:\/\/www.upo.es\/historia-antigua\/wp-json\/wp\/v2\/pages\/375","targetHints":{"allow":["GET"]}}],"collection":[{"href":"https:\/\/www.upo.es\/historia-antigua\/wp-json\/wp\/v2\/pages"}],"about":[{"href":"https:\/\/www.upo.es\/historia-antigua\/wp-json\/wp\/v2\/types\/page"}],"author":[{"embeddable":true,"href":"https:\/\/www.upo.es\/historia-antigua\/wp-json\/wp\/v2\/users\/1"}],"replies":[{"embeddable":true,"href":"https:\/\/www.upo.es\/historia-antigua\/wp-json\/wp\/v2\/comments?post=375"}],"version-history":[{"count":2,"href":"https:\/\/www.upo.es\/historia-antigua\/wp-json\/wp\/v2\/pages\/375\/revisions"}],"predecessor-version":[{"id":419,"href":"https:\/\/www.upo.es\/historia-antigua\/wp-json\/wp\/v2\/pages\/375\/revisions\/419"}],"wp:attachment":[{"href":"https:\/\/www.upo.es\/historia-antigua\/wp-json\/wp\/v2\/media?parent=375"}],"curies":[{"name":"wp","href":"https:\/\/api.w.org\/{rel}","templated":true}]}}