{"id":53,"date":"2025-01-22T07:58:54","date_gmt":"2025-01-22T06:58:54","guid":{"rendered":"https:\/\/www.upo.es\/historia-antigua\/?page_id=53"},"modified":"2025-03-03T12:23:20","modified_gmt":"2025-03-03T11:23:20","slug":"postgrado","status":"publish","type":"page","link":"https:\/\/www.upo.es\/historia-antigua\/postgrado\/","title":{"rendered":"Postgrado"},"content":{"rendered":"\n<h3 class=\"wp-block-heading has-text-color has-link-color wp-elements-00f28b106f2394355fbeb4c942f7aa90\" style=\"color:#848d96\"><strong><strong><a href=\"https:\/\/www.upo.es\/master\/Master-Oficial-Ciencias-de-las-Religiones-Historia-y-Sociedad\/\" target=\"_blank\" rel=\"noreferrer noopener\">M\u00e1ster en Ciencias de las Religiones: Historia y Sociedad<\/a><\/strong><\/strong><\/h3>\n\n\n\n<div style=\"height:12px\" aria-hidden=\"true\" class=\"wp-block-spacer\"><\/div>\n\n\n\n<h3 class=\"wp-block-heading has-text-color has-link-color wp-elements-a59eb22839e060d22a8304daa3b9081d\" style=\"color:#848d96\"><strong><strong><a href=\"https:\/\/www.upo.es\/doctorado\/Doctorado-Historia-y-Estudios-Humanisticos-Europa-America-Arte-y-Lenguas\/\" target=\"_blank\" rel=\"noreferrer noopener\">Programa de Doctorado en Historia y Estudios Human\u00edsticos: Europa, Am\u00e9rica, Arte y Lenguas<\/a><\/strong><\/strong><\/h3>\n\n\n\n<p><\/p>\n","protected":false},"excerpt":{"rendered":"<p>M\u00e1ster en Ciencias de las Religiones: Historia y Sociedad Programa de Doctorado en Historia y Estudios Human\u00edsticos: Europa, Am\u00e9rica, Arte y Lenguas<\/p>\n","protected":false},"author":1,"featured_media":0,"parent":0,"menu_order":0,"comment_status":"closed","ping_status":"closed","template":"elementor_theme","meta":{"footnotes":""},"class_list":["post-53","page","type-page","status-publish","hentry"],"_links":{"self":[{"href":"https:\/\/www.upo.es\/historia-antigua\/wp-json\/wp\/v2\/pages\/53","targetHints":{"allow":["GET"]}}],"collection":[{"href":"https:\/\/www.upo.es\/historia-antigua\/wp-json\/wp\/v2\/pages"}],"about":[{"href":"https:\/\/www.upo.es\/historia-antigua\/wp-json\/wp\/v2\/types\/page"}],"author":[{"embeddable":true,"href":"https:\/\/www.upo.es\/historia-antigua\/wp-json\/wp\/v2\/users\/1"}],"replies":[{"embeddable":true,"href":"https:\/\/www.upo.es\/historia-antigua\/wp-json\/wp\/v2\/comments?post=53"}],"version-history":[{"count":10,"href":"https:\/\/www.upo.es\/historia-antigua\/wp-json\/wp\/v2\/pages\/53\/revisions"}],"predecessor-version":[{"id":469,"href":"https:\/\/www.upo.es\/historia-antigua\/wp-json\/wp\/v2\/pages\/53\/revisions\/469"}],"wp:attachment":[{"href":"https:\/\/www.upo.es\/historia-antigua\/wp-json\/wp\/v2\/media?parent=53"}],"curies":[{"name":"wp","href":"https:\/\/api.w.org\/{rel}","templated":true}]}}