{"id":57,"date":"2025-01-22T08:08:30","date_gmt":"2025-01-22T07:08:30","guid":{"rendered":"https:\/\/www.upo.es\/historia-antigua\/?page_id=57"},"modified":"2025-03-03T12:31:11","modified_gmt":"2025-03-03T11:31:11","slug":"revista-italica","status":"publish","type":"page","link":"https:\/\/www.upo.es\/historia-antigua\/revista-italica\/","title":{"rendered":"Revista It\u00e1lica"},"content":{"rendered":"\n<figure class=\"wp-block-image aligncenter size-large is-resized\"><img decoding=\"async\" src=\"https:\/\/www.upo.es\/revistas\/public\/journals\/23\/cover_issue_509_es_ES.jpg\" alt=\"\" style=\"width:346px\"\/><\/figure>\n\n\n\n<p class=\"has-text-align-center wp-elements-538f9d00deea1fb7aa32a7411ade7785\" style=\"font-size:clamp(14px, 0.875rem + ((1vw - 3.2px) * 0.135), 16px);\"><strong><a href=\"https:\/\/www.upo.es\/revistas\/index.php\/italica\/index\" target=\"_blank\" rel=\"noreferrer noopener\">Consulta el \u00faltimo n\u00famero<\/a><\/strong><\/p>\n\n\n\n<div style=\"height:31px\" aria-hidden=\"true\" class=\"wp-block-spacer\"><\/div>\n\n\n\n<p class=\"has-text-align-justify has-link-color wp-elements-70e0cec9546e3ff019e3aa4203c36acb\" style=\"font-size:clamp(14px, 0.875rem + ((1vw - 3.2px) * 0.203), 17px);\"><em>It\u00e1lica: Revista para la difusi\u00f3n de j\u00f3venes investigadores del Mundo Antiguo<\/em>\u00a0(RITA) nace para compilar y difundir los trabajos y art\u00edculos de car\u00e1cter cient\u00edfico de j\u00f3venes investigadores relacionados con el Mundo Antiguo: Historia, Arqueolog\u00eda, Filolog\u00eda Cl\u00e1sica. Se concibe para publicar art\u00edculos cient\u00edficos que son la s\u00edntesis de los distintos Trabajos de Fin de Grado (TFG) y de M\u00e1ster (TFM). Adem\u00e1s, busca hacerse eco de aquellos j\u00f3venes de secundaria y bachillerato con inquietudes as\u00ed como reunir creaciones literarias, ambas relacionadas con este campo.<mark style=\"background-color:rgba(0, 0, 0, 0)\" class=\"has-inline-color has-custom-azul-olavide-color\"> <\/mark><strong><a href=\"https:\/\/www.upo.es\/revistas\/index.php\/italica\/index\" data-type=\"link\" data-id=\"https:\/\/www.upo.es\/revistas\/index.php\/italica\/index\" target=\"_blank\" rel=\"noreferrer noopener\">Saber m\u00e1s<\/a><\/strong><\/p>\n\n\n\n<div style=\"height:31px\" aria-hidden=\"true\" class=\"wp-block-spacer\"><\/div>\n","protected":false},"excerpt":{"rendered":"<p>Consulta el \u00faltimo n\u00famero It\u00e1lica: Revista para la difusi\u00f3n de j\u00f3venes investigadores del Mundo Antiguo\u00a0(RITA) nace para compilar y difundir los trabajos y art\u00edculos de car\u00e1cter cient\u00edfico de j\u00f3venes investigadores relacionados con el Mundo Antiguo: Historia, Arqueolog\u00eda, Filolog\u00eda Cl\u00e1sica. Se concibe para publicar art\u00edculos cient\u00edficos que son la s\u00edntesis de los distintos Trabajos de Fin [&hellip;]<\/p>\n","protected":false},"author":1,"featured_media":0,"parent":0,"menu_order":0,"comment_status":"closed","ping_status":"closed","template":"","meta":{"footnotes":""},"class_list":["post-57","page","type-page","status-publish","hentry"],"_links":{"self":[{"href":"https:\/\/www.upo.es\/historia-antigua\/wp-json\/wp\/v2\/pages\/57","targetHints":{"allow":["GET"]}}],"collection":[{"href":"https:\/\/www.upo.es\/historia-antigua\/wp-json\/wp\/v2\/pages"}],"about":[{"href":"https:\/\/www.upo.es\/historia-antigua\/wp-json\/wp\/v2\/types\/page"}],"author":[{"embeddable":true,"href":"https:\/\/www.upo.es\/historia-antigua\/wp-json\/wp\/v2\/users\/1"}],"replies":[{"embeddable":true,"href":"https:\/\/www.upo.es\/historia-antigua\/wp-json\/wp\/v2\/comments?post=57"}],"version-history":[{"count":17,"href":"https:\/\/www.upo.es\/historia-antigua\/wp-json\/wp\/v2\/pages\/57\/revisions"}],"predecessor-version":[{"id":472,"href":"https:\/\/www.upo.es\/historia-antigua\/wp-json\/wp\/v2\/pages\/57\/revisions\/472"}],"wp:attachment":[{"href":"https:\/\/www.upo.es\/historia-antigua\/wp-json\/wp\/v2\/media?parent=57"}],"curies":[{"name":"wp","href":"https:\/\/api.w.org\/{rel}","templated":true}]}}