{"id":1672,"date":"2024-09-16T15:46:44","date_gmt":"2024-09-16T13:46:44","guid":{"rendered":"https:\/\/www.upo.es\/inmalab\/?page_id=1672"},"modified":"2025-02-24T08:46:41","modified_gmt":"2025-02-24T07:46:41","slug":"reservas","status":"publish","type":"page","link":"https:\/\/www.upo.es\/inmalab\/reservas\/","title":{"rendered":"Reservas"},"content":{"rendered":"\t\t<div data-elementor-type=\"wp-page\" data-elementor-id=\"1672\" class=\"elementor elementor-1672\">\n\t\t\t\t<div class=\"elementor-element elementor-element-23a1796 e-con-full e-flex e-con e-parent\" data-id=\"23a1796\" data-element_type=\"container\" data-settings=\"{&quot;background_background&quot;:&quot;classic&quot;}\">\n\t\t\t\t<div class=\"elementor-element elementor-element-935c724 elementor-widget elementor-widget-heading\" data-id=\"935c724\" data-element_type=\"widget\" data-widget_type=\"heading.default\">\n\t\t\t\t<div class=\"elementor-widget-container\">\n\t\t\t\t\t<h2 class=\"elementor-heading-title elementor-size-default\">Reservas<\/h2>\t\t\t\t<\/div>\n\t\t\t\t<\/div>\n\t\t\t\t<\/div>\n\t\t<div class=\"elementor-element elementor-element-4212f32 e-grid e-con-boxed e-con e-parent\" data-id=\"4212f32\" data-element_type=\"container\">\n\t\t\t\t\t<div class=\"e-con-inner\">\n\t\t\t\t<div class=\"elementor-element elementor-element-16d5c4f elementor-widget elementor-widget-text-editor\" data-id=\"16d5c4f\" data-element_type=\"widget\" data-widget_type=\"text-editor.default\">\n\t\t\t\t<div class=\"elementor-widget-container\">\n\t\t\t\t\t\t\t\t\t<h3><span style=\"color: #002c9e;\">Gesti\u00f3n de reservas<\/span><\/h3><p><span style=\"text-align: var(--text-align); background-color: var(--ast-global-color-4); color: var(--ast-global-color-3);\">Para poder acceder a los servicios e instalaciones de INMALAB,\u00a0<\/span><span style=\"text-align: var(--text-align); background-color: var(--ast-global-color-4); color: var(--ast-global-color-3);\">los nuevos usuarios deber\u00e1n <\/span>completar el<a href=\"https:\/\/www.upo.es\/inmalab\/informacion\/#AltaUsuarios\" target=\"_blank\" rel=\"noopener\"> formulario de alta<\/a><span style=\"text-align: var(--text-align); background-color: var(--ast-global-color-4); color: var(--ast-global-color-3);\"> con la informaci\u00f3n solicitada y enviarlo a <\/span><a rel=\"noopener\">inmalab@upo.es<\/a><span style=\"text-align: var(--text-align); background-color: var(--ast-global-color-4); color: var(--ast-global-color-3);\">.\u00a0<\/span><\/p><p>Los usuarios deben tener en cuenta que la reserva m\u00ednima para uso aut\u00f3nomo ser\u00e1 de una hora.\u00a0<\/p><p>Puede consultar la disponibilidad de los equipos en el <a href=\"#calendario\">calendario de reservas<\/a>.\u00a0<\/p><p>Actualmente disponemos de tres m\u00e9todos para realizar la solicitud de equipos y espacios:<\/p><h6><span style=\"color: #002c9e;\">1. Reserva por Correo Electr\u00f3nico<\/span><\/h6><p>Env\u00eda un correo electr\u00f3nico a <a rel=\"noopener\">inmalab@upo.es<\/a> indicando el equipo que deseas reservar, la fecha, la hora de inicio y el n\u00famero de horas que lo utilizar\u00e1s. Recibir\u00e1s una confirmaci\u00f3n una vez que la solicitud haya sido procesada.<\/p><h6><span style=\"color: #002c9e;\">2. Reserva Aut\u00f3noma mediante Calendario Compartido<\/span><\/h6><p>Si prefieres gestionar tu reserva de manera independiente, puedes hacerlo a trav\u00e9s del calendario compartido. Para acceder al calendario, es necesario hacer una petici\u00f3n v\u00eda e-mail a <a rel=\"noopener\">inmalab@upo.es<\/a> y se te proporcionar\u00e1 acceso. Desde el calendario, podr\u00e1s seleccionar el equipo y el horario.<\/p><h6><span style=\"color: #002c9e;\">3. Reserva a trav\u00e9s del Formulario<\/span><\/h6><p>Completa el formulario con la informaci\u00f3n requerida sobre el equipo, fecha y horario deseado, y te confirmaremos la disponibilidad a la mayor brevedad posible.\u00a0<\/p>\t\t\t\t\t\t\t\t<\/div>\n\t\t\t\t<\/div>\n\t\t<div class=\"elementor-element elementor-element-98beb68 e-con-full e-flex e-con e-child\" data-id=\"98beb68\" data-element_type=\"container\">\n\t\t\t\t<div class=\"elementor-element elementor-element-037f60b elementor-widget elementor-widget-heading\" data-id=\"037f60b\" data-element_type=\"widget\" data-widget_type=\"heading.default\">\n\t\t\t\t<div class=\"elementor-widget-container\">\n\t\t\t\t\t<h4 class=\"elementor-heading-title elementor-size-default\">Formulario de reserva<\/h4>\t\t\t\t<\/div>\n\t\t\t\t<\/div>\n\t\t\t\t<div class=\"elementor-element elementor-element-521c587 elementor-widget elementor-widget-shortcode\" data-id=\"521c587\" data-element_type=\"widget\" data-widget_type=\"shortcode.default\">\n\t\t\t\t<div class=\"elementor-widget-container\">\n\t\t\t\t\t\t\t<div class=\"elementor-shortcode\"><div class='fluentform ff-default fluentform_wrapper_4 ffs_default_wrap'><form data-form_id=\"4\" id=\"fluentform_4\" class=\"frm-fluent-form fluent_form_4 ff-el-form-top ff_form_instance_4_1 ff-form-loading ffs_default\" data-form_instance=\"ff_form_instance_4_1\" method=\"POST\" ><fieldset  style=\"border: none!important;margin: 0!important;padding: 0!important;background-color: transparent!important;box-shadow: none!important;outline: none!important; min-inline-size: 100%;\">\n                    <legend class=\"ff_screen_reader_title\" style=\"display: block; margin: 0!important;padding: 0!important;height: 0!important;text-indent: -999999px;width: 0!important;overflow:hidden;\">Blank Form (#4)<\/legend><input type='hidden' name='__fluent_form_embded_post_id' value='1672' \/><input type=\"hidden\" id=\"_fluentform_4_fluentformnonce\" name=\"_fluentform_4_fluentformnonce\" value=\"de59d598e2\" \/><input type=\"hidden\" name=\"_wp_http_referer\" value=\"\/inmalab\/wp-json\/wp\/v2\/pages\/1672\" \/><div data-type=\"name-element\" data-name=\"names\" class=\" ff-field_container ff-name-field-wrapper\" ><div class='ff-t-container'><div class='ff-t-cell '><div class='ff-el-group ff-el-form-top'><div class=\"ff-el-input--label ff-el-is-required asterisk-right\"><label for='ff_4_names_first_name_' >Nombre<\/label><\/div><div class='ff-el-input--content'><input type=\"text\" name=\"names[first_name]\" id=\"ff_4_names_first_name_\" class=\"ff-el-form-control\" placeholder=\"Introduce tu nombre\" aria-invalid=\"false\" aria-required=true><\/div><\/div><\/div><div class='ff-t-cell '><div class='ff-el-group ff-el-form-top'><div class=\"ff-el-input--label asterisk-right\"><label for='ff_4_names_last_name_' >Apellidos<\/label><\/div><div class='ff-el-input--content'><input type=\"text\" name=\"names[last_name]\" id=\"ff_4_names_last_name_\" class=\"ff-el-form-control\" placeholder=\"Introduce tus apellidos\" aria-invalid=\"false\" aria-required=false><\/div><\/div><\/div><\/div><\/div><div class='ff-el-group'><div class=\"ff-el-input--label ff-el-is-required asterisk-right\"><label for='ff_4_email' aria-label=\"Correo electr\u00f3nico\">Correo electr\u00f3nico<\/label><\/div><div class='ff-el-input--content'><input type=\"email\" name=\"email\" id=\"ff_4_email\" class=\"ff-el-form-control\" placeholder=\"user@example.com\" data-name=\"email\"  aria-invalid=\"false\" aria-required=true><\/div><\/div><div class='ff-el-group'><div class=\"ff-el-input--label ff-el-is-required asterisk-right\"><label for='ff_4_dropdown' aria-label=\"Equipo\">Equipo<\/label><\/div><div class='ff-el-input--content'><select name=\"dropdown\" id=\"ff_4_dropdown\" class=\"ff-el-form-control\" data-name=\"dropdown\" data-calc_value=\"0\"  aria-invalid=\"false\" aria-required=true><option value=\"\">Equipos<\/option><option value=\"SEM - Zeiss Gemini 300\"  >SEM - Zeiss Gemini 300<\/option><option value=\"XRD - Bruker D8 Discover \"  >XRD - Bruker D8 Discover<\/option><option value=\"TRFL - Edinburgh FLS 1000\"  >TRFL - Edinburgh FLS 1000<\/option><option value=\"TGA - Linseis PT100\"  >TGA - Linseis PT100<\/option><\/select><\/div><\/div><div data-name=\"ff_cn_id_1\"  class='ff-t-container ff-column-container ff_columns_total_3  '><div class='ff-t-cell ff-t-column-1' style='flex-basis: 33.33%;'><div class='ff-el-group'><div class=\"ff-el-input--label ff-el-is-required asterisk-right\"><label for='ff_4_datetime' aria-label=\"D\u00eda de reserva\">D\u00eda de reserva<\/label><\/div><div class='ff-el-input--content'><input  aria-label='D\u00eda de reserva Use arrow keys to navigate dates. Press enter to select a date.'  aria-haspopup='dialog' data-type-datepicker data-format='d\/m\/Y' type=\"text\" name=\"datetime\" id=\"ff_4_datetime\" class=\"ff-el-form-control ff-el-datepicker\" data-name=\"datetime\"  aria-invalid='false' aria-required=true><\/div><\/div><\/div><div class='ff-t-cell ff-t-column-2' style='flex-basis: 33.33%;'><div class='ff-el-group'><div class=\"ff-el-input--label ff-el-is-required asterisk-right\"><label for='ff_4_datetime_1' aria-label=\"Hora inicio\">Hora inicio <\/label><\/div><div class='ff-el-input--content'><input  aria-label='Hora inicio  Use arrow keys to navigate dates. Press enter to select a date.'  aria-haspopup='dialog' data-type-datepicker data-format='H:i' type=\"text\" name=\"datetime_1\" id=\"ff_4_datetime_1\" class=\"ff-el-form-control ff-el-datepicker\" data-name=\"datetime_1\"  aria-invalid='false' aria-required=true><\/div><\/div><\/div><div class='ff-t-cell ff-t-column-3' style='flex-basis: 33.33%;'><div class='ff-el-group'><div class=\"ff-el-input--label ff-el-is-required asterisk-right\"><label for='ff_4_datetime_2' aria-label=\"Hora final\">Hora final<\/label><\/div><div class='ff-el-input--content'><input  aria-label='Hora final Use arrow keys to navigate dates. Press enter to select a date.'  aria-haspopup='dialog' data-type-datepicker data-format='H:i' type=\"text\" name=\"datetime_2\" id=\"ff_4_datetime_2\" class=\"ff-el-form-control ff-el-datepicker\" data-name=\"datetime_2\"  aria-invalid='false' aria-required=true><\/div><\/div><\/div><\/div><div class='ff-el-group'><div class='ff-el-input--content'><div class='ff-el-form-check ff-el-form-check-'><label class='ff-el-form-check-label' for=checkbox_80405c513afc50cfa2bfedc7abebc97b><input  type=\"checkbox\" name=\"checkbox[]\" data-name=\"checkbox\" class=\"ff-el-form-check-input ff-el-form-check-checkbox\" value=\"Sesi\u00f3n asistida por el t\u00e9cnico\"  id='checkbox_80405c513afc50cfa2bfedc7abebc97b' aria-label='Sesi\u00f3n asistida por el t\u00e9cnico' aria-invalid='false' aria-required=false> <span>Sesi\u00f3n asistida por el t\u00e9cnico<\/span><\/label><\/div><\/div><\/div><div class='ff-el-group'><div class=\"ff-el-input--label asterisk-right\"><label for='ff_4_description' aria-label=\"Informaci\u00f3n adicional\">Informaci\u00f3n adicional<\/label><\/div><div class='ff-el-input--content'><textarea aria-invalid=\"false\" aria-required=false name=\"description\" id=\"ff_4_description\" class=\"ff-el-form-control\" rows=\"3\" cols=\"2\" data-name=\"description\" ><\/textarea><\/div><\/div><div class='ff-el-group    ff-el-input--content'><div class='ff-el-form-check ff-el-tc'><label aria-label='T\u00e9rminos y condiciones: He le\u00eddo y estoy de acuerdo con los T\u00e9rminos y Condiciones y la P\u00f3litica de Privacidad de INMALAB Contiene 2 enlaces. Usa la navegaci\u00f3n por pesta\u00f1as para rese\u00f1ar.' class='ff-el-form-check-label ff_tc_label' for=terms-n-condition_2a0076a2a1cb90103279b54fe03ed603><span class='ff_tc_checkbox'><input type=\"checkbox\" name=\"terms-n-condition\" class=\"ff-el-form-check-input\" data-name=\"terms-n-condition\" id=\"terms-n-condition_2a0076a2a1cb90103279b54fe03ed603\"  value='on' aria-invalid='false' aria-required=true><\/span> <div class='ff_t_c'><p>He le\u00eddo y estoy de acuerdo con los <a href=\"https:\/\/www.upo.es\/inmalab\/informacion\/#normas\" target=\"_blank\" rel=\"noopener\">T\u00e9rminos y Condiciones<\/a> y la<a href=\"https:\/\/www.upo.es\/inmalab\/informacion\/#tratamiento\" target=\"_blank\" rel=\"noopener\"> P\u00f3litica de Privacidad<\/a> de INMALAB<\/p><\/div><\/label><\/div><\/div><div class='ff-el-group ff-text-left ff_submit_btn_wrapper'><button type=\"submit\" class=\"ff-btn ff-btn-submit ff-btn-md ff_btn_style\" >Enviar<\/button><\/div><\/fieldset><\/form><div id='fluentform_4_errors' class='ff-errors-in-stack ff_form_instance_4_1 ff-form-loading_errors ff_form_instance_4_1_errors'><\/div><\/div>        <script type=\"text\/javascript\">\n            window.fluent_form_ff_form_instance_4_1 = {\"id\":\"4\",\"settings\":{\"layout\":{\"labelPlacement\":\"top\",\"asteriskPlacement\":\"asterisk-right\",\"helpMessagePlacement\":\"with_label\",\"errorMessagePlacement\":\"inline\",\"cssClassName\":\"\"},\"restrictions\":{\"denyEmptySubmission\":{\"enabled\":false}}},\"form_instance\":\"ff_form_instance_4_1\",\"form_id_selector\":\"fluentform_4\",\"rules\":{\"names[first_name]\":{\"required\":{\"value\":true,\"message\":\"Este campo es obligatorio\",\"global_message\":\"Este campo es obligatorio\",\"global\":true}},\"names[middle_name]\":{\"required\":{\"value\":false,\"message\":\"Este campo es obligatorio\",\"global_message\":\"Este campo es obligatorio\",\"global\":true}},\"names[last_name]\":{\"required\":{\"value\":false,\"message\":\"Este campo es obligatorio\",\"global_message\":\"Este campo es obligatorio\",\"global\":true}},\"email\":{\"required\":{\"value\":true,\"message\":\"Este campo es obligatorio\",\"global_message\":\"Este campo es obligatorio\",\"global\":true},\"email\":{\"value\":true,\"message\":\"Este campo debe contener un correo electr\\u00f3nico v\\u00e1lido\",\"global_message\":\"Este campo debe contener un correo electr\\u00f3nico v\\u00e1lido\",\"global\":true}},\"dropdown\":{\"required\":{\"value\":true,\"message\":\"Este campo es obligatorio\",\"global_message\":\"Este campo es obligatorio\",\"global\":true}},\"datetime\":{\"required\":{\"value\":true,\"message\":\"Este campo es obligatorio\",\"global_message\":\"Este campo es obligatorio\",\"global\":true}},\"datetime_1\":{\"required\":{\"value\":true,\"message\":\"Este campo es obligatorio\",\"global_message\":\"Este campo es obligatorio\",\"global\":true}},\"datetime_2\":{\"required\":{\"value\":true,\"message\":\"Este campo es obligatorio\",\"global_message\":\"Este campo es obligatorio\",\"global\":true}},\"checkbox\":{\"required\":{\"value\":false,\"message\":\"Este campo es obligatorio\",\"global_message\":\"Este campo es obligatorio\",\"global\":true}},\"description\":{\"required\":{\"value\":false,\"message\":\"Este campo es obligatorio\",\"global_message\":\"Este campo es obligatorio\",\"global\":true}},\"terms-n-condition\":{\"required\":{\"value\":true,\"message\":\"Este campo es obligatorio\",\"global_message\":\"Este campo es obligatorio\",\"global\":true}}},\"debounce_time\":300};\n                    <\/script>\n        <\/div>\n\t\t\t\t\t\t<\/div>\n\t\t\t\t<\/div>\n\t\t\t\t<\/div>\n\t\t\t\t\t<\/div>\n\t\t\t\t<\/div>\n\t\t<div class=\"elementor-element elementor-element-9112c4a e-flex e-con-boxed e-con e-parent\" data-id=\"9112c4a\" data-element_type=\"container\">\n\t\t\t\t\t<div class=\"e-con-inner\">\n\t\t\t\t<div class=\"elementor-element elementor-element-074f338 elementor-widget elementor-widget-heading\" data-id=\"074f338\" data-element_type=\"widget\" id=\"calendario\" data-widget_type=\"heading.default\">\n\t\t\t\t<div class=\"elementor-widget-container\">\n\t\t\t\t\t<h3 class=\"elementor-heading-title elementor-size-default\">Calendario de reservas<\/h3>\t\t\t\t<\/div>\n\t\t\t\t<\/div>\n\t\t\t\t\t<\/div>\n\t\t\t\t<\/div>\n\t\t<div class=\"elementor-element elementor-element-913ca6d e-flex e-con-boxed e-con e-parent\" data-id=\"913ca6d\" data-element_type=\"container\">\n\t\t\t\t\t<div class=\"e-con-inner\">\n\t\t\t\t<div class=\"elementor-element elementor-element-b0d1445 elementor-widget elementor-widget-shortcode\" data-id=\"b0d1445\" data-element_type=\"widget\" data-widget_type=\"shortcode.default\">\n\t\t\t\t<div class=\"elementor-widget-container\">\n\t\t\t\t\t\t\t<div class=\"elementor-shortcode\">\n    <iframe src=\"https:\/\/embed.styledcalendar.com\/#VefYgqLFe58pqja5BPGT\" title=\"Styled Calendar\" class=\"styled-calendar-container\" style=\"width: 100%; border: none; visibility: hidden;\" onload=\"this.style.visibility=`visible`;\" data-cy=\"calendar-embed-iframe\"><\/iframe>\n    <script async type=\"module\" src=\"https:\/\/embed.styledcalendar.com\/assets\/parent-window.js\"><\/script>\n  <\/div>\n\t\t\t\t\t\t<\/div>\n\t\t\t\t<\/div>\n\t\t\t\t\t<\/div>\n\t\t\t\t<\/div>\n\t\t\t\t<\/div>\n\t\t","protected":false},"excerpt":{"rendered":"<p>Reservas Gesti\u00f3n de reservas Para poder acceder a los servicios e instalaciones de INMALAB,\u00a0los nuevos usuarios deber\u00e1n completar el formulario de alta con la informaci\u00f3n solicitada y enviarlo a inmalab@upo.es.\u00a0 Los usuarios deben tener en cuenta que la reserva m\u00ednima para uso aut\u00f3nomo ser\u00e1 de una hora.\u00a0 Puede consultar la disponibilidad de los equipos en [&hellip;]<\/p>\n","protected":false},"author":1,"featured_media":0,"parent":0,"menu_order":0,"comment_status":"closed","ping_status":"closed","template":"","meta":{"site-sidebar-layout":"default","site-content-layout":"","ast-site-content-layout":"full-width-container","site-content-style":"default","site-sidebar-style":"default","ast-global-header-display":"","ast-banner-title-visibility":"","ast-main-header-display":"","ast-hfb-above-header-display":"","ast-hfb-below-header-display":"","ast-hfb-mobile-header-display":"","site-post-title":"disabled","ast-breadcrumbs-content":"","ast-featured-img":"","footer-sml-layout":"","theme-transparent-header-meta":"","adv-header-id-meta":"","stick-header-meta":"","header-above-stick-meta":"","header-main-stick-meta":"","header-below-stick-meta":"","astra-migrate-meta-layouts":"set","ast-page-background-enabled":"default","ast-page-background-meta":{"desktop":{"background-color":"","background-image":"","background-repeat":"repeat","background-position":"center center","background-size":"auto","background-attachment":"scroll","background-type":"","background-media":"","overlay-type":"","overlay-color":"","overlay-opacity":"","overlay-gradient":""},"tablet":{"background-color":"","background-image":"","background-repeat":"repeat","background-position":"center center","background-size":"auto","background-attachment":"scroll","background-type":"","background-media":"","overlay-type":"","overlay-color":"","overlay-opacity":"","overlay-gradient":""},"mobile":{"background-color":"","background-image":"","background-repeat":"repeat","background-position":"center center","background-size":"auto","background-attachment":"scroll","background-type":"","background-media":"","overlay-type":"","overlay-color":"","overlay-opacity":"","overlay-gradient":""}},"ast-content-background-meta":{"desktop":{"background-color":"var(--ast-global-color-5)","background-image":"","background-repeat":"repeat","background-position":"center center","background-size":"auto","background-attachment":"scroll","background-type":"","background-media":"","overlay-type":"","overlay-color":"","overlay-opacity":"","overlay-gradient":""},"tablet":{"background-color":"var(--ast-global-color-5)","background-image":"","background-repeat":"repeat","background-position":"center center","background-size":"auto","background-attachment":"scroll","background-type":"","background-media":"","overlay-type":"","overlay-color":"","overlay-opacity":"","overlay-gradient":""},"mobile":{"background-color":"var(--ast-global-color-5)","background-image":"","background-repeat":"repeat","background-position":"center center","background-size":"auto","background-attachment":"scroll","background-type":"","background-media":"","overlay-type":"","overlay-color":"","overlay-opacity":"","overlay-gradient":""}},"footnotes":""},"class_list":["post-1672","page","type-page","status-publish","hentry"],"rttpg_featured_image_url":null,"rttpg_author":{"display_name":"inmalab","author_link":"https:\/\/www.upo.es\/inmalab\/author\/inmalab\/"},"rttpg_comment":0,"rttpg_category":null,"rttpg_excerpt":"Reservas Gesti\u00f3n de reservas Para poder acceder a los servicios e instalaciones de INMALAB,\u00a0los nuevos usuarios deber\u00e1n completar el formulario de alta con la informaci\u00f3n solicitada y enviarlo a inmalab@upo.es.\u00a0 Los usuarios deben tener en cuenta que la reserva m\u00ednima para uso aut\u00f3nomo ser\u00e1 de una hora.\u00a0 Puede consultar la disponibilidad de los equipos en&hellip;","_links":{"self":[{"href":"https:\/\/www.upo.es\/inmalab\/wp-json\/wp\/v2\/pages\/1672","targetHints":{"allow":["GET"]}}],"collection":[{"href":"https:\/\/www.upo.es\/inmalab\/wp-json\/wp\/v2\/pages"}],"about":[{"href":"https:\/\/www.upo.es\/inmalab\/wp-json\/wp\/v2\/types\/page"}],"author":[{"embeddable":true,"href":"https:\/\/www.upo.es\/inmalab\/wp-json\/wp\/v2\/users\/1"}],"replies":[{"embeddable":true,"href":"https:\/\/www.upo.es\/inmalab\/wp-json\/wp\/v2\/comments?post=1672"}],"version-history":[{"count":76,"href":"https:\/\/www.upo.es\/inmalab\/wp-json\/wp\/v2\/pages\/1672\/revisions"}],"predecessor-version":[{"id":2619,"href":"https:\/\/www.upo.es\/inmalab\/wp-json\/wp\/v2\/pages\/1672\/revisions\/2619"}],"wp:attachment":[{"href":"https:\/\/www.upo.es\/inmalab\/wp-json\/wp\/v2\/media?parent=1672"}],"curies":[{"name":"wp","href":"https:\/\/api.w.org\/{rel}","templated":true}]}}