{"id":1761,"date":"2024-09-17T13:17:33","date_gmt":"2024-09-17T11:17:33","guid":{"rendered":"https:\/\/www.upo.es\/inmalab\/?page_id=1761"},"modified":"2024-09-26T14:24:50","modified_gmt":"2024-09-26T12:24:50","slug":"sem","status":"publish","type":"page","link":"https:\/\/www.upo.es\/inmalab\/sem\/","title":{"rendered":"Microscop\u00eda electr\u00f3nica"},"content":{"rendered":"\t\t<div data-elementor-type=\"wp-page\" data-elementor-id=\"1761\" class=\"elementor elementor-1761\">\n\t\t\t\t<div class=\"elementor-element elementor-element-c9a5d3e e-con-full e-flex e-con e-parent\" data-id=\"c9a5d3e\" data-element_type=\"container\" data-settings=\"{&quot;background_background&quot;:&quot;classic&quot;}\">\n\t\t\t\t<div class=\"elementor-element elementor-element-34148c9 elementor-widget elementor-widget-heading\" data-id=\"34148c9\" data-element_type=\"widget\" data-widget_type=\"heading.default\">\n\t\t\t\t<div class=\"elementor-widget-container\">\n\t\t\t\t\t<h2 class=\"elementor-heading-title elementor-size-default\">Microscop\u00eda electr\u00f3nica<\/h2>\t\t\t\t<\/div>\n\t\t\t\t<\/div>\n\t\t\t\t<\/div>\n\t\t<div class=\"elementor-element elementor-element-4a678c3 e-grid e-con-boxed e-con e-parent\" data-id=\"4a678c3\" data-element_type=\"container\">\n\t\t\t\t\t<div class=\"e-con-inner\">\n\t\t\t\t<div class=\"elementor-element elementor-element-f43334e elementor-widget elementor-widget-text-editor\" data-id=\"f43334e\" data-element_type=\"widget\" data-widget_type=\"text-editor.default\">\n\t\t\t\t<div class=\"elementor-widget-container\">\n\t\t\t\t\t\t\t\t\t<h4>\u00a0<\/h4><p><img fetchpriority=\"high\" decoding=\"async\" class=\"size-full wp-image-2072 alignleft\" src=\"https:\/\/www.upo.es\/inmalab\/wp-content\/uploads\/2024\/09\/img_20151217_131010_small.jpg\" alt=\"\" width=\"300\" height=\"225\" \/>La microscop\u00eda electr\u00f3nica de barrido (SEM) es fundamental en una amplia gama de disciplinas, que abarcan desde la Ciencia e Ingenier\u00eda de Materiales hasta la Biolog\u00eda, Geolog\u00eda, Electr\u00f3nica, Arqueolog\u00eda y la Medicina Forense, entre muchas otras.<\/p><p>El Servicio de Microscop\u00eda Electr\u00f3nica de Barrido de INMALAB est\u00e1 dise\u00f1ado con una visi\u00f3n integradora, capaz de atender las necesidades de investigadores de diversas \u00e1reas de conocimiento y empresas de sectores como el minero, aeroespacial, y muchos m\u00e1s.<\/p><p><span style=\"font-style: inherit; font-weight: inherit; text-align: var(--text-align); background-color: var(--ast-global-color-4); color: var(--ast-global-color-3);\">Nuestros laboratorios cuentan con un microscopio electr\u00f3nico de presi\u00f3n variable que permite trabajar con muestras biol\u00f3gicas y mineral\u00f3gicas sin recubrimiento. Adem\u00e1s, nuestro microscopiocuenta con detectores para EDX (Espectroscop\u00eda de Dispers<\/span><span style=\"font-style: inherit; font-weight: inherit; text-align: var(--text-align); background-color: var(--ast-global-color-4); color: var(--ast-global-color-3);\">i\u00f3n de Energ\u00eda) para an\u00e1lisis elemental y EBSD (Difracci\u00f3n de Electrones Retrodispersados) para estu<\/span><span style=\"background-color: var(--ast-global-color-4); color: var(--ast-global-color-3); font-size: 16px; text-align: var(--text-align);\">dios cristalogr\u00e1ficos, as\u00ed como STEM para muestras de menor tama\u00f1o.<\/span><\/p>\t\t\t\t\t\t\t\t<\/div>\n\t\t\t\t<\/div>\n\t\t<div class=\"elementor-element elementor-element-321b164 e-con-full e-flex e-con e-child\" data-id=\"321b164\" data-element_type=\"container\">\n\t\t\t\t<div class=\"elementor-element elementor-element-9449268 e-n-tabs-mobile elementor-widget elementor-widget-n-tabs\" data-id=\"9449268\" data-element_type=\"widget\" data-settings=\"{&quot;tabs_justify_horizontal&quot;:&quot;start&quot;,&quot;horizontal_scroll&quot;:&quot;disable&quot;}\" data-widget_type=\"nested-tabs.default\">\n\t\t\t\t<div class=\"elementor-widget-container\">\n\t\t\t\t\t\t\t<div class=\"e-n-tabs\" data-widget-number=\"155488872\" aria-label=\"Pesta\u00f1as. Abre elementos con Intro o Espacio, ci\u00e9rralos con Escape y navega con las fechas.\">\n\t\t\t<div class=\"e-n-tabs-heading\" role=\"tablist\">\n\t\t\t\t\t<button id=\"e-n-tab-title-1554888721\" class=\"e-n-tab-title\" aria-selected=\"true\" data-tab-index=\"1\" role=\"tab\" tabindex=\"0\" aria-controls=\"e-n-tab-content-1554888721\" style=\"--n-tabs-title-order: 1;\">\n\t\t\t\t\t\t<span class=\"e-n-tab-title-text\">\n\t\t\t\tEquipamiento\t\t\t<\/span>\n\t\t<\/button>\n\t\t\t\t<button id=\"e-n-tab-title-1554888722\" class=\"e-n-tab-title\" aria-selected=\"false\" data-tab-index=\"2\" role=\"tab\" tabindex=\"-1\" aria-controls=\"e-n-tab-content-1554888722\" style=\"--n-tabs-title-order: 2;\">\n\t\t\t\t\t\t<span class=\"e-n-tab-title-text\">\n\t\t\t\tAccesorios\t\t\t<\/span>\n\t\t<\/button>\n\t\t\t\t<button id=\"e-n-tab-title-1554888723\" class=\"e-n-tab-title\" aria-selected=\"false\" data-tab-index=\"3\" role=\"tab\" tabindex=\"-1\" aria-controls=\"e-n-tab-content-1554888723\" style=\"--n-tabs-title-order: 3;\">\n\t\t\t\t\t\t<span class=\"e-n-tab-title-text\">\n\t\t\t\tLaboratorio\t\t\t<\/span>\n\t\t<\/button>\n\t\t\t\t\t<\/div>\n\t\t\t<div class=\"e-n-tabs-content\">\n\t\t\t\t<div id=\"e-n-tab-content-1554888721\" role=\"tabpanel\" aria-labelledby=\"e-n-tab-title-1554888721\" data-tab-index=\"1\" style=\"--n-tabs-title-order: 1;\" class=\"e-active elementor-element elementor-element-150cc56 e-flex e-con-boxed e-con e-child\" data-id=\"150cc56\" data-element_type=\"container\">\n\t\t\t\t\t<div class=\"e-con-inner\">\n\t\t<div class=\"elementor-element elementor-element-dac2bbe e-con-full e-flex e-con e-child\" data-id=\"dac2bbe\" data-element_type=\"container\">\n\t\t\t\t<div class=\"elementor-element elementor-element-4b474c7 elementor-widget elementor-widget-heading\" data-id=\"4b474c7\" data-element_type=\"widget\" data-widget_type=\"heading.default\">\n\t\t\t\t<div class=\"elementor-widget-container\">\n\t\t\t\t\t<h5 class=\"elementor-heading-title elementor-size-default\">Zeiss GeminiSEM 300<\/h5>\t\t\t\t<\/div>\n\t\t\t\t<\/div>\n\t\t\t\t<div class=\"elementor-element elementor-element-83fd43a elementor-widget elementor-widget-text-editor\" data-id=\"83fd43a\" data-element_type=\"widget\" data-widget_type=\"text-editor.default\">\n\t\t\t\t<div class=\"elementor-widget-container\">\n\t\t\t\t\t\t\t\t\t<p>Zeiss GeminiSEM 300 es un microscopio electr\u00f3nico de barrido (SEM) de presi\u00f3n variable y alto rendimiento equipado con un ca\u00f1\u00f3n de emisi\u00f3n de campo de tipo Schottky, varios detectores (SE, BSE, <em>in lens)<\/em>, as\u00ed como un detector de electrones secundarios de presi\u00f3n variable y catodoluminiscencia. Puede realizar an\u00e1lisis composicional y cristalogr\u00e1ficos mediante los detectores Oxford EDS y EBSD. El microscopio tambi\u00e9n cuenta con un sistema Kleindiek de micromanipuladores y nanosondas con detector EBIC (<em>Electron beam induced current<\/em>) para caracterizaci\u00f3n el\u00e9ctrica en la nanoescala.<\/p>\t\t\t\t\t\t\t\t<\/div>\n\t\t\t\t<\/div>\n\t\t\t\t<div class=\"elementor-element elementor-element-7668d93 elementor-widget elementor-widget-heading\" data-id=\"7668d93\" data-element_type=\"widget\" data-widget_type=\"heading.default\">\n\t\t\t\t<div class=\"elementor-widget-container\">\n\t\t\t\t\t<h5 class=\"elementor-heading-title elementor-size-default\">VacCoat DST1-170<\/h5>\t\t\t\t<\/div>\n\t\t\t\t<\/div>\n\t\t\t\t<div class=\"elementor-element elementor-element-05a014a elementor-widget elementor-widget-text-editor\" data-id=\"05a014a\" data-element_type=\"widget\" data-widget_type=\"text-editor.default\">\n\t\t\t\t<div class=\"elementor-widget-container\">\n\t\t\t\t\t\t\t\t\t<p>Metalizadora de alto vac\u00edo capaz de producir dep\u00f3sitos uniformes de alta calidad con tama\u00f1os de grano fino (Au, Ag, Pt, Cr y C),\u00a0 adecuadas para muestras que requieren caracterizaci\u00f3n de alta resoluci\u00f3n como SEM, EDS, y EBSD. Monitorizaci\u00f3n de espesor de cristal de cuarzo con precisi\u00f3n de 1 nm y resoluci\u00f3n de 1 \u00c5.\u00a0\u00a0<\/p>\t\t\t\t\t\t\t\t<\/div>\n\t\t\t\t<\/div>\n\t\t\t\t<\/div>\n\t\t\t\t\t<\/div>\n\t\t\t\t<\/div>\n\t\t<div id=\"e-n-tab-content-1554888722\" role=\"tabpanel\" aria-labelledby=\"e-n-tab-title-1554888722\" data-tab-index=\"2\" style=\"--n-tabs-title-order: 2;\" class=\" elementor-element elementor-element-2b01f15 e-con-full e-flex e-con e-child\" data-id=\"2b01f15\" data-element_type=\"container\">\n\t\t\t\t<div class=\"elementor-element elementor-element-e20287a elementor-widget elementor-widget-text-editor\" data-id=\"e20287a\" data-element_type=\"widget\" data-widget_type=\"text-editor.default\">\n\t\t\t\t<div class=\"elementor-widget-container\">\n\t\t\t\t\t\t\t\t\t<ul><li>Medias a presi\u00f3n variable para muestras biol\u00f3gicas y geol\u00f3gicas.<\/li><li>Detector EDS y EBSD.<\/li><li>Sistema Kleindiek de micromanipuladores y nanosondas<\/li><li>Obleas de Au, Ag, Pt y Cr para metalizaciones.<\/li><li>Filamento de C para recubrimientos.<\/li><li>Portamuestra multiprop\u00f3sito para medidas <em>cross-section.<\/em><\/li><\/ul>\t\t\t\t\t\t\t\t<\/div>\n\t\t\t\t<\/div>\n\t\t\t\t<\/div>\n\t\t<div id=\"e-n-tab-content-1554888723\" role=\"tabpanel\" aria-labelledby=\"e-n-tab-title-1554888723\" data-tab-index=\"3\" style=\"--n-tabs-title-order: 3;\" class=\" elementor-element elementor-element-20b46e3 e-con-full e-flex e-con e-child\" data-id=\"20b46e3\" data-element_type=\"container\">\n\t\t\t\t<div class=\"elementor-element elementor-element-3c884d9 elementor-icon-list--layout-traditional elementor-list-item-link-full_width elementor-widget elementor-widget-icon-list\" data-id=\"3c884d9\" data-element_type=\"widget\" data-widget_type=\"icon-list.default\">\n\t\t\t\t<div class=\"elementor-widget-container\">\n\t\t\t\t\t\t\t<ul class=\"elementor-icon-list-items\">\n\t\t\t\t\t\t\t<li class=\"elementor-icon-list-item\">\n\t\t\t\t\t\t\t\t\t\t\t<span class=\"elementor-icon-list-icon\">\n\t\t\t\t\t\t\t<svg aria-hidden=\"true\" class=\"e-font-icon-svg e-fas-map-marker-alt\" viewBox=\"0 0 384 512\" xmlns=\"http:\/\/www.w3.org\/2000\/svg\"><path d=\"M172.268 501.67C26.97 291.031 0 269.413 0 192 0 85.961 85.961 0 192 0s192 85.961 192 192c0 77.413-26.97 99.031-172.268 309.67-9.535 13.774-29.93 13.773-39.464 0zM192 272c44.183 0 80-35.817 80-80s-35.817-80-80-80-80 35.817-80 80 35.817 80 80 80z\"><\/path><\/svg>\t\t\t\t\t\t<\/span>\n\t\t\t\t\t\t\t\t\t\t<span class=\"elementor-icon-list-text\">Universidad Pablo de Olavide<br>Edificio 47, Planta Baja Lab. B03<\/span>\n\t\t\t\t\t\t\t\t\t<\/li>\n\t\t\t\t\t\t\t\t<li class=\"elementor-icon-list-item\">\n\t\t\t\t\t\t\t\t\t\t\t<span class=\"elementor-icon-list-icon\">\n\t\t\t\t\t\t\t<svg aria-hidden=\"true\" class=\"e-font-icon-svg e-fas-user\" viewBox=\"0 0 448 512\" xmlns=\"http:\/\/www.w3.org\/2000\/svg\"><path d=\"M224 256c70.7 0 128-57.3 128-128S294.7 0 224 0 96 57.3 96 128s57.3 128 128 128zm89.6 32h-16.7c-22.2 10.2-46.9 16-72.9 16s-50.6-5.8-72.9-16h-16.7C60.2 288 0 348.2 0 422.4V464c0 26.5 21.5 48 48 48h352c26.5 0 48-21.5 48-48v-41.6c0-74.2-60.2-134.4-134.4-134.4z\"><\/path><\/svg>\t\t\t\t\t\t<\/span>\n\t\t\t\t\t\t\t\t\t\t<span class=\"elementor-icon-list-text\">Francisco Javier Garc\u00eda Moscoso<\/span>\n\t\t\t\t\t\t\t\t\t<\/li>\n\t\t\t\t\t\t<\/ul>\n\t\t\t\t\t\t<\/div>\n\t\t\t\t<\/div>\n\t\t\t\t<\/div>\n\t\t\t\t\t<\/div>\n\t\t<\/div>\n\t\t\t\t\t\t<\/div>\n\t\t\t\t<\/div>\n\t\t\t\t<\/div>\n\t\t\t\t\t<\/div>\n\t\t\t\t<\/div>\n\t\t\t\t<\/div>\n\t\t","protected":false},"excerpt":{"rendered":"<p>Microscop\u00eda electr\u00f3nica \u00a0 La microscop\u00eda electr\u00f3nica de barrido (SEM) es fundamental en una amplia gama de disciplinas, que abarcan desde la Ciencia e Ingenier\u00eda de Materiales hasta la Biolog\u00eda, Geolog\u00eda, Electr\u00f3nica, Arqueolog\u00eda y la Medicina Forense, entre muchas otras. El Servicio de Microscop\u00eda Electr\u00f3nica de Barrido de INMALAB est\u00e1 dise\u00f1ado con una visi\u00f3n integradora, capaz [&hellip;]<\/p>\n","protected":false},"author":1,"featured_media":0,"parent":0,"menu_order":0,"comment_status":"closed","ping_status":"closed","template":"","meta":{"site-sidebar-layout":"no-sidebar","site-content-layout":"page-builder","ast-site-content-layout":"full-width-container","site-content-style":"default","site-sidebar-style":"default","ast-global-header-display":"","ast-banner-title-visibility":"","ast-main-header-display":"","ast-hfb-above-header-display":"","ast-hfb-below-header-display":"","ast-hfb-mobile-header-display":"","site-post-title":"disabled","ast-breadcrumbs-content":"","ast-featured-img":"disabled","footer-sml-layout":"","theme-transparent-header-meta":"","adv-header-id-meta":"","stick-header-meta":"","header-above-stick-meta":"","header-main-stick-meta":"","header-below-stick-meta":"","astra-migrate-meta-layouts":"set","ast-page-background-enabled":"default","ast-page-background-meta":{"desktop":{"background-color":"","background-image":"","background-repeat":"repeat","background-position":"center center","background-size":"auto","background-attachment":"scroll","background-type":"","background-media":"","overlay-type":"","overlay-color":"","overlay-opacity":"","overlay-gradient":""},"tablet":{"background-color":"","background-image":"","background-repeat":"repeat","background-position":"center center","background-size":"auto","background-attachment":"scroll","background-type":"","background-media":"","overlay-type":"","overlay-color":"","overlay-opacity":"","overlay-gradient":""},"mobile":{"background-color":"","background-image":"","background-repeat":"repeat","background-position":"center center","background-size":"auto","background-attachment":"scroll","background-type":"","background-media":"","overlay-type":"","overlay-color":"","overlay-opacity":"","overlay-gradient":""}},"ast-content-background-meta":{"desktop":{"background-color":"var(--ast-global-color-5)","background-image":"","background-repeat":"repeat","background-position":"center center","background-size":"auto","background-attachment":"scroll","background-type":"","background-media":"","overlay-type":"","overlay-color":"","overlay-opacity":"","overlay-gradient":""},"tablet":{"background-color":"var(--ast-global-color-5)","background-image":"","background-repeat":"repeat","background-position":"center center","background-size":"auto","background-attachment":"scroll","background-type":"","background-media":"","overlay-type":"","overlay-color":"","overlay-opacity":"","overlay-gradient":""},"mobile":{"background-color":"var(--ast-global-color-5)","background-image":"","background-repeat":"repeat","background-position":"center center","background-size":"auto","background-attachment":"scroll","background-type":"","background-media":"","overlay-type":"","overlay-color":"","overlay-opacity":"","overlay-gradient":""}},"footnotes":""},"class_list":["post-1761","page","type-page","status-publish","hentry"],"rttpg_featured_image_url":null,"rttpg_author":{"display_name":"inmalab","author_link":"https:\/\/www.upo.es\/inmalab\/author\/inmalab\/"},"rttpg_comment":0,"rttpg_category":null,"rttpg_excerpt":"Microscop\u00eda electr\u00f3nica \u00a0 La microscop\u00eda electr\u00f3nica de barrido (SEM) es fundamental en una amplia gama de disciplinas, que abarcan desde la Ciencia e Ingenier\u00eda de Materiales hasta la Biolog\u00eda, Geolog\u00eda, Electr\u00f3nica, Arqueolog\u00eda y la Medicina Forense, entre muchas otras. El Servicio de Microscop\u00eda Electr\u00f3nica de Barrido de INMALAB est\u00e1 dise\u00f1ado con una visi\u00f3n integradora, capaz&hellip;","_links":{"self":[{"href":"https:\/\/www.upo.es\/inmalab\/wp-json\/wp\/v2\/pages\/1761","targetHints":{"allow":["GET"]}}],"collection":[{"href":"https:\/\/www.upo.es\/inmalab\/wp-json\/wp\/v2\/pages"}],"about":[{"href":"https:\/\/www.upo.es\/inmalab\/wp-json\/wp\/v2\/types\/page"}],"author":[{"embeddable":true,"href":"https:\/\/www.upo.es\/inmalab\/wp-json\/wp\/v2\/users\/1"}],"replies":[{"embeddable":true,"href":"https:\/\/www.upo.es\/inmalab\/wp-json\/wp\/v2\/comments?post=1761"}],"version-history":[{"count":53,"href":"https:\/\/www.upo.es\/inmalab\/wp-json\/wp\/v2\/pages\/1761\/revisions"}],"predecessor-version":[{"id":2213,"href":"https:\/\/www.upo.es\/inmalab\/wp-json\/wp\/v2\/pages\/1761\/revisions\/2213"}],"wp:attachment":[{"href":"https:\/\/www.upo.es\/inmalab\/wp-json\/wp\/v2\/media?parent=1761"}],"curies":[{"name":"wp","href":"https:\/\/api.w.org\/{rel}","templated":true}]}}