{"id":2430,"date":"2024-10-09T12:15:11","date_gmt":"2024-10-09T10:15:11","guid":{"rendered":"https:\/\/www.upo.es\/inmalab\/?page_id=2430"},"modified":"2024-10-09T12:38:45","modified_gmt":"2024-10-09T10:38:45","slug":"tga","status":"publish","type":"page","link":"https:\/\/www.upo.es\/inmalab\/tga\/","title":{"rendered":"Termogravimetr\u00eda"},"content":{"rendered":"\t\t<div data-elementor-type=\"wp-page\" data-elementor-id=\"2430\" class=\"elementor elementor-2430\">\n\t\t\t\t<div class=\"elementor-element elementor-element-c9a5d3e e-con-full e-flex e-con e-parent\" data-id=\"c9a5d3e\" data-element_type=\"container\" data-settings=\"{&quot;background_background&quot;:&quot;classic&quot;}\">\n\t\t\t\t<div class=\"elementor-element elementor-element-34148c9 elementor-widget elementor-widget-heading\" data-id=\"34148c9\" data-element_type=\"widget\" data-widget_type=\"heading.default\">\n\t\t\t\t<div class=\"elementor-widget-container\">\n\t\t\t\t\t<h2 class=\"elementor-heading-title elementor-size-default\">Termogravimetr\u00eda<\/h2>\t\t\t\t<\/div>\n\t\t\t\t<\/div>\n\t\t\t\t<\/div>\n\t\t<div class=\"elementor-element elementor-element-4a678c3 e-grid e-con-boxed e-con e-parent\" data-id=\"4a678c3\" data-element_type=\"container\">\n\t\t\t\t\t<div class=\"e-con-inner\">\n\t\t\t\t<div class=\"elementor-element elementor-element-f43334e elementor-widget elementor-widget-text-editor\" data-id=\"f43334e\" data-element_type=\"widget\" data-widget_type=\"text-editor.default\">\n\t\t\t\t<div class=\"elementor-widget-container\">\n\t\t\t\t\t\t\t\t\t<h4>\u00a0<\/h4><p><img fetchpriority=\"high\" decoding=\"async\" class=\"wp-image-2432 alignleft\" src=\"https:\/\/www.upo.es\/inmalab\/wp-content\/uploads\/2024\/10\/TGA-INMALAB-1024x768.jpg\" alt=\"\" width=\"308\" height=\"231\" \/>La termogravimetr\u00eda (TGA) es una t\u00e9cnica que mide la variaci\u00f3n de masa de un material en funci\u00f3n de la temperatura, permitiendo estudiar su estabilidad t\u00e9rmica y los procesos de descomposici\u00f3n, siendo es una t\u00e9cnica clave en diversas disciplinas, desde la Ciencia de Materiales y la Qu\u00edmica hasta la Farmacolog\u00eda, la Industria Alimentaria, la Ingenier\u00eda de Pol\u00edmeros y el sector Energ\u00e9tico, entre otras.<\/p><p>El Servicio de An\u00e1lisis Termogravim\u00e9trico de INMALAB est\u00e1 dise\u00f1ado para atender las necesidades de investigadores de diversas \u00e1reas y empresas, contando con equipamiento e alta precisi\u00f3n que permite estudiar la estabilidad t\u00e9rmica, la p\u00e9rdida de masa en funci\u00f3n de la temperatura y los procesos de descomposici\u00f3n t\u00e9rmica de los materiales. Adem\u00e1s, nuestro sistema incluye la capacidad de realizar calorimetr\u00eda simult\u00e1neamente y permite acoplar hasta dos l\u00edneas de gases, lo que permite estudiar los efectos de distintas atm\u00f3sferas durante la descomposici\u00f3n del compuesto<\/p>\t\t\t\t\t\t\t\t<\/div>\n\t\t\t\t<\/div>\n\t\t<div class=\"elementor-element elementor-element-321b164 e-con-full e-flex e-con e-child\" data-id=\"321b164\" data-element_type=\"container\">\n\t\t\t\t<div class=\"elementor-element elementor-element-9449268 e-n-tabs-mobile elementor-widget elementor-widget-n-tabs\" data-id=\"9449268\" data-element_type=\"widget\" data-settings=\"{&quot;tabs_justify_horizontal&quot;:&quot;start&quot;,&quot;horizontal_scroll&quot;:&quot;disable&quot;}\" data-widget_type=\"nested-tabs.default\">\n\t\t\t\t<div class=\"elementor-widget-container\">\n\t\t\t\t\t\t\t<div class=\"e-n-tabs\" data-widget-number=\"155488872\" aria-label=\"Pesta\u00f1as. Abre elementos con Intro o Espacio, ci\u00e9rralos con Escape y navega con las fechas.\">\n\t\t\t<div class=\"e-n-tabs-heading\" role=\"tablist\">\n\t\t\t\t\t<button id=\"e-n-tab-title-1554888721\" class=\"e-n-tab-title\" aria-selected=\"true\" data-tab-index=\"1\" role=\"tab\" tabindex=\"0\" aria-controls=\"e-n-tab-content-1554888721\" style=\"--n-tabs-title-order: 1;\">\n\t\t\t\t\t\t<span class=\"e-n-tab-title-text\">\n\t\t\t\tEquipamiento\t\t\t<\/span>\n\t\t<\/button>\n\t\t\t\t<button id=\"e-n-tab-title-1554888722\" class=\"e-n-tab-title\" aria-selected=\"false\" data-tab-index=\"2\" role=\"tab\" tabindex=\"-1\" aria-controls=\"e-n-tab-content-1554888722\" style=\"--n-tabs-title-order: 2;\">\n\t\t\t\t\t\t<span class=\"e-n-tab-title-text\">\n\t\t\t\tAccesorios\t\t\t<\/span>\n\t\t<\/button>\n\t\t\t\t<button id=\"e-n-tab-title-1554888723\" class=\"e-n-tab-title\" aria-selected=\"false\" data-tab-index=\"3\" role=\"tab\" tabindex=\"-1\" aria-controls=\"e-n-tab-content-1554888723\" style=\"--n-tabs-title-order: 3;\">\n\t\t\t\t\t\t<span class=\"e-n-tab-title-text\">\n\t\t\t\tLaboratorio\t\t\t<\/span>\n\t\t<\/button>\n\t\t\t\t\t<\/div>\n\t\t\t<div class=\"e-n-tabs-content\">\n\t\t\t\t<div id=\"e-n-tab-content-1554888721\" role=\"tabpanel\" aria-labelledby=\"e-n-tab-title-1554888721\" data-tab-index=\"1\" style=\"--n-tabs-title-order: 1;\" class=\"e-active elementor-element elementor-element-150cc56 e-flex e-con-boxed e-con e-child\" data-id=\"150cc56\" data-element_type=\"container\">\n\t\t\t\t\t<div class=\"e-con-inner\">\n\t\t<div class=\"elementor-element elementor-element-dac2bbe e-con-full e-flex e-con e-child\" data-id=\"dac2bbe\" data-element_type=\"container\">\n\t\t\t\t<div class=\"elementor-element elementor-element-4b474c7 elementor-widget elementor-widget-heading\" data-id=\"4b474c7\" data-element_type=\"widget\" data-widget_type=\"heading.default\">\n\t\t\t\t<div class=\"elementor-widget-container\">\n\t\t\t\t\t<h5 class=\"elementor-heading-title elementor-size-default\">LinseisTGA PT 1000<\/h5>\t\t\t\t<\/div>\n\t\t\t\t<\/div>\n\t\t\t\t<div class=\"elementor-element elementor-element-83fd43a elementor-widget elementor-widget-text-editor\" data-id=\"83fd43a\" data-element_type=\"widget\" data-widget_type=\"text-editor.default\">\n\t\t\t\t<div class=\"elementor-widget-container\">\n\t\t\t\t\t\t\t\t\t<div class=\"flex max-w-full flex-col flex-grow\"><div class=\"min-h-8 text-message flex w-full flex-col items-end gap-2 whitespace-normal break-words [.text-message+&amp;]:mt-5\" dir=\"auto\" data-message-author-role=\"assistant\" data-message-id=\"217774e3-b884-46cc-8c38-35927d5a3f5d\" data-message-model-slug=\"gpt-4o\"><div class=\"flex w-full flex-col gap-1 empty:hidden first:pt-[3px]\"><div class=\"markdown prose w-full break-words dark:prose-invert light\"><p>La termobalanza LINSEIS TGA PT 1000,\u00a0 cuenta con una balanza digital y un portamuestras con termopar integrado. Este equipo permite el an\u00e1lisis de muestras de hasta 5 g (incluyendo el sistema de medici\u00f3n) en un rango de temperaturas desde la ambiente\u00a0 hasta los 1100 \u00b0C. Su horno, dise\u00f1ado espec\u00edficamente, posibilita velocidades de calentamiento y enfriamiento que van desde 0,001 hasta 250 \u00b0C por minuto, ofreciendo adem\u00e1s un control de temperatura altamente preciso.<\/p><p>Este instrumento es ideal para estudios de composici\u00f3n t\u00e9rmica, pruebas de estabilidad t\u00e9rmica y ensayos de oxidaci\u00f3n. Adicionalmente, la se\u00f1al DTA (calorimetr\u00eda) calculada aporta informaci\u00f3n sobre reacciones endot\u00e9rmicas y exot\u00e9rmicas, y se puede emplear para calibraciones de temperatura.<\/p><\/div><\/div><\/div><\/div>\t\t\t\t\t\t\t\t<\/div>\n\t\t\t\t<\/div>\n\t\t\t\t<\/div>\n\t\t\t\t\t<\/div>\n\t\t\t\t<\/div>\n\t\t<div id=\"e-n-tab-content-1554888722\" role=\"tabpanel\" aria-labelledby=\"e-n-tab-title-1554888722\" data-tab-index=\"2\" style=\"--n-tabs-title-order: 2;\" class=\" elementor-element elementor-element-2b01f15 e-con-full e-flex e-con e-child\" data-id=\"2b01f15\" data-element_type=\"container\" data-settings=\"{&quot;background_background&quot;:&quot;classic&quot;}\">\n\t\t\t\t<div class=\"elementor-element elementor-element-e20287a elementor-widget elementor-widget-text-editor\" data-id=\"e20287a\" data-element_type=\"widget\" data-widget_type=\"text-editor.default\">\n\t\t\t\t<div class=\"elementor-widget-container\">\n\t\t\t\t\t\t\t\t\t<ul><li>Software DTA calculado<\/li><li>Dos lineas de gases controladas por MFC<\/li><li>Variedad de crisoles (oro, plata, platino, aluminio, Al<sub>2<\/sub>O<sub>3<\/sub>, grafito, tungsteno) (Consultar con el t\u00e9cnico)<\/li><li>Bombas rotativas\u00a0<\/li><\/ul>\t\t\t\t\t\t\t\t<\/div>\n\t\t\t\t<\/div>\n\t\t\t\t<\/div>\n\t\t<div id=\"e-n-tab-content-1554888723\" role=\"tabpanel\" aria-labelledby=\"e-n-tab-title-1554888723\" data-tab-index=\"3\" style=\"--n-tabs-title-order: 3;\" class=\" elementor-element elementor-element-20b46e3 e-con-full e-flex e-con e-child\" data-id=\"20b46e3\" data-element_type=\"container\">\n\t\t\t\t<div class=\"elementor-element elementor-element-15b5c6d elementor-widget elementor-widget-text-editor\" data-id=\"15b5c6d\" data-element_type=\"widget\" data-widget_type=\"text-editor.default\">\n\t\t\t\t<div class=\"elementor-widget-container\">\n\t\t\t\t\t\t\t\t\t<p><span style=\"color: #002c9e;\"><strong>Laboratorio<\/strong>: <span style=\"color: #000000;\">Universidad Pablo de Olavide, edificio 22, 3\u00aa Planta, Lab. 3.02<\/span><\/span><\/p>\n<p><strong><span style=\"color: #002c9e;\">T\u00e9cnico<\/span><\/strong>: Francisco Javier Garc\u00eda Moscoso (fjgarmos@upo.es)<\/p>\n<p><span style=\"color: #002c9e;\"><strong>Informaci\u00f3n adicional:<\/strong><\/span><\/p>\t\t\t\t\t\t\t\t<\/div>\n\t\t\t\t<\/div>\n\t\t\t\t<\/div>\n\t\t\t\t\t<\/div>\n\t\t<\/div>\n\t\t\t\t\t\t<\/div>\n\t\t\t\t<\/div>\n\t\t\t\t<\/div>\n\t\t\t\t\t<\/div>\n\t\t\t\t<\/div>\n\t\t\t\t<\/div>\n\t\t","protected":false},"excerpt":{"rendered":"<p>Termogravimetr\u00eda \u00a0 La termogravimetr\u00eda (TGA) es una t\u00e9cnica que mide la variaci\u00f3n de masa de un material en funci\u00f3n de la temperatura, permitiendo estudiar su estabilidad t\u00e9rmica y los procesos de descomposici\u00f3n, siendo es una t\u00e9cnica clave en diversas disciplinas, desde la Ciencia de Materiales y la Qu\u00edmica hasta la Farmacolog\u00eda, la Industria Alimentaria, la [&hellip;]<\/p>\n","protected":false},"author":1,"featured_media":0,"parent":0,"menu_order":0,"comment_status":"closed","ping_status":"closed","template":"","meta":{"site-sidebar-layout":"no-sidebar","site-content-layout":"page-builder","ast-site-content-layout":"full-width-container","site-content-style":"default","site-sidebar-style":"default","ast-global-header-display":"","ast-banner-title-visibility":"","ast-main-header-display":"","ast-hfb-above-header-display":"","ast-hfb-below-header-display":"","ast-hfb-mobile-header-display":"","site-post-title":"disabled","ast-breadcrumbs-content":"","ast-featured-img":"disabled","footer-sml-layout":"","theme-transparent-header-meta":"","adv-header-id-meta":"","stick-header-meta":"","header-above-stick-meta":"","header-main-stick-meta":"","header-below-stick-meta":"","astra-migrate-meta-layouts":"set","ast-page-background-enabled":"default","ast-page-background-meta":{"desktop":{"background-color":"","background-image":"","background-repeat":"repeat","background-position":"center center","background-size":"auto","background-attachment":"scroll","background-type":"","background-media":"","overlay-type":"","overlay-color":"","overlay-opacity":"","overlay-gradient":""},"tablet":{"background-color":"","background-image":"","background-repeat":"repeat","background-position":"center center","background-size":"auto","background-attachment":"scroll","background-type":"","background-media":"","overlay-type":"","overlay-color":"","overlay-opacity":"","overlay-gradient":""},"mobile":{"background-color":"","background-image":"","background-repeat":"repeat","background-position":"center center","background-size":"auto","background-attachment":"scroll","background-type":"","background-media":"","overlay-type":"","overlay-color":"","overlay-opacity":"","overlay-gradient":""}},"ast-content-background-meta":{"desktop":{"background-color":"var(--ast-global-color-5)","background-image":"","background-repeat":"repeat","background-position":"center center","background-size":"auto","background-attachment":"scroll","background-type":"","background-media":"","overlay-type":"","overlay-color":"","overlay-opacity":"","overlay-gradient":""},"tablet":{"background-color":"var(--ast-global-color-5)","background-image":"","background-repeat":"repeat","background-position":"center center","background-size":"auto","background-attachment":"scroll","background-type":"","background-media":"","overlay-type":"","overlay-color":"","overlay-opacity":"","overlay-gradient":""},"mobile":{"background-color":"var(--ast-global-color-5)","background-image":"","background-repeat":"repeat","background-position":"center center","background-size":"auto","background-attachment":"scroll","background-type":"","background-media":"","overlay-type":"","overlay-color":"","overlay-opacity":"","overlay-gradient":""}},"footnotes":""},"class_list":["post-2430","page","type-page","status-publish","hentry"],"rttpg_featured_image_url":null,"rttpg_author":{"display_name":"inmalab","author_link":"https:\/\/www.upo.es\/inmalab\/author\/inmalab\/"},"rttpg_comment":0,"rttpg_category":null,"rttpg_excerpt":"Termogravimetr\u00eda \u00a0 La termogravimetr\u00eda (TGA) es una t\u00e9cnica que mide la variaci\u00f3n de masa de un material en funci\u00f3n de la temperatura, permitiendo estudiar su estabilidad t\u00e9rmica y los procesos de descomposici\u00f3n, siendo es una t\u00e9cnica clave en diversas disciplinas, desde la Ciencia de Materiales y la Qu\u00edmica hasta la Farmacolog\u00eda, la Industria Alimentaria, la&hellip;","_links":{"self":[{"href":"https:\/\/www.upo.es\/inmalab\/wp-json\/wp\/v2\/pages\/2430","targetHints":{"allow":["GET"]}}],"collection":[{"href":"https:\/\/www.upo.es\/inmalab\/wp-json\/wp\/v2\/pages"}],"about":[{"href":"https:\/\/www.upo.es\/inmalab\/wp-json\/wp\/v2\/types\/page"}],"author":[{"embeddable":true,"href":"https:\/\/www.upo.es\/inmalab\/wp-json\/wp\/v2\/users\/1"}],"replies":[{"embeddable":true,"href":"https:\/\/www.upo.es\/inmalab\/wp-json\/wp\/v2\/comments?post=2430"}],"version-history":[{"count":8,"href":"https:\/\/www.upo.es\/inmalab\/wp-json\/wp\/v2\/pages\/2430\/revisions"}],"predecessor-version":[{"id":2441,"href":"https:\/\/www.upo.es\/inmalab\/wp-json\/wp\/v2\/pages\/2430\/revisions\/2441"}],"wp:attachment":[{"href":"https:\/\/www.upo.es\/inmalab\/wp-json\/wp\/v2\/media?parent=2430"}],"curies":[{"name":"wp","href":"https:\/\/api.w.org\/{rel}","templated":true}]}}