{"id":31636,"date":"2018-09-25T07:31:36","date_gmt":"2018-09-25T07:31:36","guid":{"rendered":"http:\/\/democontent.codex-themes.com\/thegem\/?page_id=31636"},"modified":"2022-02-28T12:13:09","modified_gmt":"2022-02-28T12:13:09","slug":"inicio","status":"publish","type":"page","link":"https:\/\/www.upo.es\/inn-lab\/","title":{"rendered":"Inicio"},"content":{"rendered":"<div class=\"wpb-content-wrapper\"><p>[vc_row full_width=\u00bbstretch_row\u00bb full_height=\u00bbyes\u00bb ken_burns_transition_speed=\u00bb15000&#8243; thegem_fix_full_height=\u00bbtrue\u00bb ken_burns_enabled=\u00bbtrue\u00bb css=\u00bb.vc_custom_1646050299087{margin-bottom: 0px !important;border-bottom-width: 0px !important;background-position: center !important;background-repeat: no-repeat !important;background-size: cover !important;}\u00bb ken_burns_image=\u00bb32608&#8243;][vc_column el_class=\u00bbcustom-column\u00bb][vc_column_text el_class=\u00bbcustom-font-2&#8243;]<img class=\"aligncenter\" style=\"width: 948px;\" src=\"https:\/\/www.upo.es\/inn-lab\/wp-content\/uploads\/2022\/02\/innlab-claro.svg\" \/>[\/vc_column_text][\/vc_column][\/vc_row][vc_row css=\u00bb.vc_custom_1460028255520{margin-top: 0px !important;margin-bottom: 0px !important;border-bottom-width: 0px !important;padding-bottom: 0px !important;}\u00bb][vc_column css=\u00bb.vc_custom_1460028290359{margin-top: 0px !important;padding-top: 0px !important;padding-bottom: 0px !important;}\u00bb]<div id=\"fullwidth-block-69efa95cc6194\" class=\"fullwidth-block clearfix\"  style=\"background-color: #06070d;padding-top: 30px;\"><script type=\"text\/javascript\">if (typeof(gem_fix_fullwidth_position) == \"function\") { gem_fix_fullwidth_position(document.getElementById(\"fullwidth-block-69efa95cc6194\")); }<\/script><div class=\"fullwidth-block-inner\">[vc_column_text][\/vc_column_text]<\/div><div class=\"fullwidth-bottom-marker marker-direction-outside\"><svg width=\"140\" height=\"70\" style=\"fill: #06070d\"><path d=\"M 0,0 Q 65,5 70,70 Q 75,5 140,0\" \/><\/svg><\/div><\/div>[\/vc_column][\/vc_row][vc_row][vc_column]<div class=\"clearboth\"><\/div><style>#thegem-divider-69efa95cc61d5 {margin-top: 157px !important;}<\/style><div id=\"thegem-divider-69efa95cc61d5\" class=\"gem-divider  \" style=\"\" ><\/div>[\/vc_column][\/vc_row][vc_row][vc_column][vc_column_text css_animation=\u00bbleft-to-right\u00bb]<\/p>\n<div class=\"title-xlarge\" style=\"text-align: center;\"><span style=\"color: #3c3950;\"><span class=\"light\">QU\u00c9 ES<\/span> INN-LAB<\/span><\/div>\n<p>[\/vc_column_text]<div class=\"clearboth\"><\/div><style>#thegem-divider-69efa95cc61fa {margin-top: 56px !important;}<\/style><div id=\"thegem-divider-69efa95cc61fa\" class=\"gem-divider  \" style=\"\" ><\/div>[\/vc_column][\/vc_row][vc_row][vc_column][vc_column_text css_animation=\u00bbleft-to-right\u00bb]<\/p>\n<div class=\"styled-subtitle\" style=\"text-align: center;\"><span style=\"color: #5f727f;\">INN-LAB es un Centro Propio de Investigaci\u00f3n de la Universidad Pablo de Olavide, que nace con la misi\u00f3n de contribuir, mediante la investigaci\u00f3n y la transferencia de conocimiento, a la b\u00fasqueda de instrumentos que potencien la capacidad innovadora de las PYMES y empresas familiares, y la creaci\u00f3n y desarrollo de empresas de alto valor a\u00f1adido.<\/span><\/div>\n<p>[\/vc_column_text]<div class=\"clearboth\"><\/div><style>#thegem-divider-69efa95cc620a {margin-top: 60px !important;}<\/style><div id=\"thegem-divider-69efa95cc620a\" class=\"gem-divider  \" style=\"\" ><\/div>[\/vc_column][\/vc_row][vc_row full_width=\u00bbstretch_row_content_no_spaces\u00bb gap=\u00bb20&#8243; content_placement=\u00bbtop\u00bb][vc_column width=\u00bb1\/4&#8243; css=\u00bb.vc_custom_1646048767469{padding-right: 75px !important;}\u00bb][vc_single_image image=\u00bb31736&#8243; img_size=\u00bbfull\u00bb alignment=\u00bbright\u00bb css_animation=\u00bbleft-to-right\u00bb css=\u00bb.vc_custom_1537869342261{margin-right: -70px !important;}\u00bb el_class=\u00bbz-index\u00bb][\/vc_column][vc_column width=\u00bb3\/4&#8243;][vc_row_inner content_placement=\u00bbtop\u00bb][vc_column_inner width=\u00bb1\/3&#8243; css=\u00bb.vc_custom_1646049223674{padding: 50px !important;}\u00bb]<div class=\"gem-icon gem-icon-pack-fontawesome gem-icon-size-large  gem-icon-shape-square gem-simple-icon \"  style=\"opacity: 1;\"><div class=\"gem-icon-inner\" style=\"\"><span class=\"gem-icon-half-1\" style=\"color: #03b4cb;\"><span class=\"back-angle\">&#xf0a1;<\/span><\/span><span class=\"gem-icon-half-2\" style=\"color: #03b4cb;\"><span class=\"back-angle\">&#xf0a1;<\/span><\/span><\/div><\/div>[vc_column_text css_animation=\u00bbfade\u00bb]<\/p>\n<div class=\"title-h2\"><span class=\"light\">VISIBILIDAD<\/span><\/div>\n<p>[\/vc_column_text][vc_column_text css_animation=\u00bbfade\u00bb]<\/p>\n<p style=\"text-align: left; max-width: 400px;\"><span style=\"color: #5f727f;\">Impulso y visibilidad de la investigaci\u00f3n sobre innovaci\u00f3n, emprendimiento y empresa familiar realizada por los investigadores y estudiantes de la UPO<\/span><\/p>\n<p>[\/vc_column_text][\/vc_column_inner][vc_column_inner width=\u00bb1\/3&#8243; css=\u00bb.vc_custom_1646049233258{padding: 50px !important;}\u00bb]<div class=\"gem-icon gem-icon-pack-material gem-icon-size-large  gem-icon-shape-square gem-simple-icon \"  style=\"opacity: 1;\"><div class=\"gem-icon-inner\" style=\"\"><span class=\"gem-icon-half-1\" style=\"color: #3f99ff;\"><span class=\"back-angle\">&#xf10d;<\/span><\/span><span class=\"gem-icon-half-2\" style=\"color: #3f99ff;\"><span class=\"back-angle\">&#xf10d;<\/span><\/span><\/div><\/div>[vc_column_text css_animation=\u00bbfade\u00bb]<\/p>\n<div class=\"title-h2\"><span class=\"light\">REDES<\/span><\/div>\n<p>[\/vc_column_text][vc_column_text css_animation=\u00bbfade\u00bb]<\/p>\n<p style=\"text-align: left; max-width: 400px;\"><span style=\"color: #5f727f;\">Conexiones con empresas e instituciones para transferir el conocimiento generado sobre innovaci\u00f3n, emprendimiento y empresa familiar.<br \/>\nAlianzas con grupos de investigaci\u00f3n para acudir a convocatorias de proyectos internacionales<\/span><\/p>\n<p>[\/vc_column_text][\/vc_column_inner][vc_column_inner width=\u00bb1\/3&#8243; css=\u00bb.vc_custom_1646049240979{padding: 50px !important;}\u00bb]<div class=\"gem-icon gem-icon-pack-fontawesome gem-icon-size-large  gem-icon-shape-square gem-simple-icon \"  style=\"opacity: 1;\"><div class=\"gem-icon-inner\" style=\"\"><span class=\"gem-icon-half-1\" style=\"color: #4ed2b3;\"><span class=\"back-angle\">&#xf002;<\/span><\/span><span class=\"gem-icon-half-2\" style=\"color: #4ed2b3;\"><span class=\"back-angle\">&#xf002;<\/span><\/span><\/div><\/div>[vc_column_text css_animation=\u00bbfade\u00bb]<\/p>\n<div class=\"title-h2\"><span class=\"light\">FORMACI\u00d3N<\/span><\/div>\n<p>[\/vc_column_text][vc_column_text css_animation=\u00bbfade\u00bb]<\/p>\n<p style=\"text-align: left; max-width: 400px;\"><span style=\"color: #5f727f;\">Desarrollo de propuestas formativas innovadoras en las materias de innovaci\u00f3n, emprendimiento y empresa familiar <\/span><\/p>\n<p>[\/vc_column_text][\/vc_column_inner][\/vc_row_inner][\/vc_column][\/vc_row][vc_row css=\u00bb.vc_custom_1460205573586{margin-bottom: 0px !important;padding-bottom: 0px !important;}\u00bb][vc_column css=\u00bb.vc_custom_1460205110410{margin-top: 0px !important;padding-top: 0px !important;}\u00bb]<div id=\"fullwidth-block-69efa95cc64df\" class=\"fullwidth-block fullwidth-block-parallax-vertical clearfix\" data-mobile-parallax-enable=\"0\" style=\"padding-top: 175px;padding-bottom: 120px;\"><script type=\"text\/javascript\">if (typeof(gem_fix_fullwidth_position) == \"function\") { gem_fix_fullwidth_position(document.getElementById(\"fullwidth-block-69efa95cc64df\")); }<\/script><div class=\"fullwidth-block-background\" style=\"background-image: url(https:\/\/www.upo.es\/inn-lab\/wp-content\/uploads\/2018\/09\/WPML.jpg);background-repeat: no-repeat;background-position: center center;\"><\/div><div class=\"fullwidth-block-inner\"><div class=\"clearboth\"><\/div><style>#thegem-divider-69efa95cc6522 {margin-top: 20px !important;}<\/style><div id=\"thegem-divider-69efa95cc6522\" class=\"gem-divider  \" style=\"\" ><\/div>[vc_column_text css_animation=\u00bbtop-to-bottom\u00bb]<\/p>\n<div class=\"title-xlarge\" style=\"text-align: center;\"><span style=\"color: #ffffff;\"><span style=\"color: #00bcd4;\">INN-LAB<\/span> es un referente<\/span><\/div>\n<p>[\/vc_column_text]<div class=\"clearboth\"><\/div><style>#thegem-divider-69efa95cc6537 {margin-top: 40px !important;}<\/style><div id=\"thegem-divider-69efa95cc6537\" class=\"gem-divider  \" style=\"\" ><\/div>[vc_column_text css_animation=\u00bbtop-to-bottom\u00bb]<\/p>\n<div class=\"title-h2\" style=\"text-align: center;\"><span class=\"light\" style=\"color: #ffffff; padding: 16px 16px; background-color: #393d50;\"> POR cooperar estrechamente con <\/span><br \/>\n<span class=\"light\" style=\"color: #ffffff; padding: 16px 16px; background-color: #393d50;\"> <span class=\"light\">los<\/span> agentes de nuestro entorno\u00a0 <\/span><\/div>\n<p>[\/vc_column_text]<div class=\"clearboth\"><\/div><style>#thegem-divider-69efa95cc6544 {margin-top: 43px !important;}<\/style><div id=\"thegem-divider-69efa95cc6544\" class=\"gem-divider  \" style=\"\" ><\/div>[vc_column_text css_animation=\u00bbtop-to-bottom\u00bb]<\/p>\n<div class=\"styled-subtitle\" style=\"text-align: center; max-width: 750px; margin: 0 auto; color: #99a9b5;\">Si desea colaborar con nosotros para la mejora y el dise\u00f1o de instrumentos que promuevan la creaci\u00f3n y desarrollo de empresas intensivas en conocimiento, no dude en ponerse en contacto con nosotros.<\/div>\n<p>[\/vc_column_text]<div class=\"clearboth\"><\/div><style>#thegem-divider-69efa95cc654e {margin-top: 20px !important;}<\/style><div id=\"thegem-divider-69efa95cc654e\" class=\"gem-divider  \" style=\"\" ><\/div><style type=\"text\/css\">.thegem-button-69efa95cc65f35646.lazy-loading-before-start-animation .lazy-loading-item {opacity: 0;} body.thegem-effects-disabled .thegem-button-69efa95cc65f35646.lazy-loading-before-start-animation .lazy-loading-item {opacity: 1;}<\/style><style type=\"text\/css\">.thegem-button-69efa95cc65f35646 .gem-button svg {fill: #00bcd4;}.thegem-button-69efa95cc65f35646 .gem-button:hover svg {fill: #ffffff;}<\/style><div class=\"gem-button-container gem-button-position-center thegem-button-69efa95cc65f35646     lazy-loading lazy-loading-before-start-animation\"  ><a title=\"Contacto\" class=\"gem-button gem-button-size-medium gem-button-style-outline gem-button-text-weight-thin gem-button-border-1 lazy-loading-item\" data-ll-effect=\"drop-right-without-wrap\" style=\"border-radius: 1px;border-color: #00bcd4;color: #00bcd4;\" onmouseleave=\"this.style.borderColor='#00bcd4';this.style.color='#00bcd4';\" onmouseenter=\"this.style.borderColor='#ffffff';this.style.color='#ffffff';\" href=\"https:\/\/www.upo.es\/inn-lab\/contacto\/\" target=\"_self\">cont\u00e1ctanos<\/a><\/div> <\/div><\/div>[\/vc_column][\/vc_row]<\/p>\n<\/div>","protected":false},"excerpt":{"rendered":"<p>[vc_row full_width=\u00bbstretch_row\u00bb full_height=\u00bbyes\u00bb ken_burns_transition_speed=\u00bb15000&#8243; thegem_fix_full_height=\u00bbtrue\u00bb ken_burns_enabled=\u00bbtrue\u00bb css=\u00bb.vc_custom_1646050299087{margin-bottom: 0px !important;border-bottom-width: 0px !important;background-position: center !important;background-repeat: no-repeat !important;background-size: cover !important;}\u00bb ken_burns_image=\u00bb32608&#8243;][vc_column el_class=\u00bbcustom-column\u00bb][vc_column_text el_class=\u00bbcustom-font-2&#8243;][\/vc_column_text][\/vc_column][\/vc_row][vc_row&#8230;<\/p>\n","protected":false},"author":1,"featured_media":0,"parent":0,"menu_order":0,"comment_status":"closed","ping_status":"closed","template":"","meta":{"_acf_changed":false,"inline_featured_image":false,"footnotes":""},"class_list":["post-31636","page","type-page","status-publish"],"acf":[],"_links":{"self":[{"href":"https:\/\/www.upo.es\/inn-lab\/wp-json\/wp\/v2\/pages\/31636","targetHints":{"allow":["GET"]}}],"collection":[{"href":"https:\/\/www.upo.es\/inn-lab\/wp-json\/wp\/v2\/pages"}],"about":[{"href":"https:\/\/www.upo.es\/inn-lab\/wp-json\/wp\/v2\/types\/page"}],"author":[{"embeddable":true,"href":"https:\/\/www.upo.es\/inn-lab\/wp-json\/wp\/v2\/users\/1"}],"replies":[{"embeddable":true,"href":"https:\/\/www.upo.es\/inn-lab\/wp-json\/wp\/v2\/comments?post=31636"}],"version-history":[{"count":16,"href":"https:\/\/www.upo.es\/inn-lab\/wp-json\/wp\/v2\/pages\/31636\/revisions"}],"predecessor-version":[{"id":32610,"href":"https:\/\/www.upo.es\/inn-lab\/wp-json\/wp\/v2\/pages\/31636\/revisions\/32610"}],"wp:attachment":[{"href":"https:\/\/www.upo.es\/inn-lab\/wp-json\/wp\/v2\/media?parent=31636"}],"curies":[{"name":"wp","href":"https:\/\/api.w.org\/{rel}","templated":true}]}}