{"id":32243,"date":"2022-02-22T00:07:14","date_gmt":"2022-02-22T00:07:14","guid":{"rendered":"https:\/\/www.upo.es\/inn-lab\/?page_id=32243"},"modified":"2022-03-10T15:18:41","modified_gmt":"2022-03-10T15:18:41","slug":"quienes-somos","status":"publish","type":"page","link":"https:\/\/www.upo.es\/inn-lab\/quienes-somos\/","title":{"rendered":"Qui\u00e9nes Somos"},"content":{"rendered":"<div class=\"wpb-content-wrapper\"><p>[vc_row full_width=\u00bbstretch_row_content_no_spaces\u00bb equal_height=\u00bbyes\u00bb content_placement=\u00bbtop\u00bb css=\u00bb.vc_custom_1645554632441{margin-bottom: 0px !important;}\u00bb][vc_column width=\u00bb1\/3&#8243; css=\u00bb.vc_custom_1645554074236{background-color: #00bcd4 !important;}\u00bb][vc_row_inner][vc_column_inner disable_custom_paddings_mobile=\u00bbtrue\u00bb css=\u00bb.vc_custom_1645502512513{padding-right: 120px !important;padding-left: 120px !important;}\u00bb]<div class=\"clearboth\"><\/div><style>#thegem-divider-6a09ffde595f4 {margin-top: 50px !important;}<\/style><div id=\"thegem-divider-6a09ffde595f4\" class=\"gem-divider  \" style=\"\" ><\/div>[vc_column_text]<\/p>\n<div class=\"title-h2\"><span style=\"color: #ffffff;\">INN-LAB<\/span><\/div>\n<p>[\/vc_column_text]<div class=\"clearboth\"><\/div><style>#thegem-divider-6a09ffde5962a {margin-top: 20px !important;}<\/style><div id=\"thegem-divider-6a09ffde5962a\" class=\"gem-divider  \" style=\"\" ><\/div>[vc_column_text]<span style=\"color: #ffffff;\">INN-LAB es un Centro Propio de Investigaci\u00f3n de la Universidad Pablo de Olavide cuya misi\u00f3n es contribuir, mediante la investigaci\u00f3n y la transferencia de conocimiento, a la b\u00fasqueda de instrumentos que potencien la capacidad innovadora de las PYMES y empresas familiares, y la creaci\u00f3n y desarrollo de empresas de alto valor a\u00f1adido.<\/span><\/p>\n<p><span style=\"color: #ffffff;\">INN-LAB es un referente en el Sistema Andaluz del Conocimiento, por:<\/span><\/p>\n<ul>\n<li><span style=\"color: #ffffff;\">Su capacidad para realizar investigaci\u00f3n de calidad y transferir a la sociedad el conocimiento generado.<\/span><\/li>\n<li><span style=\"color: #ffffff;\">Cooperar estrechamente con los agentes de nuestro entorno para la mejora de la capacidad innovadora de las empresas y para el dise\u00f1o de instrumentos que promuevan la creaci\u00f3n y desarrollo de empresas intensivas en conocimiento.<\/span><\/li>\n<\/ul>\n<p>[\/vc_column_text]<div class=\"clearboth\"><\/div><style>#thegem-divider-6a09ffde5963c {margin-top: 50px !important;}<\/style><div id=\"thegem-divider-6a09ffde5963c\" class=\"gem-divider  \" style=\"\" ><\/div>[\/vc_column_inner][\/vc_row_inner][vc_row_inner css=\u00bb.vc_custom_1645554798262{margin-bottom: 0px !important;background-image: url(https:\/\/www.upo.es\/inn-lab\/wp-content\/uploads\/2022\/02\/abstract-technology.jpg?id=32373) !important;background-position: center !important;background-repeat: no-repeat !important;background-size: cover !important;}\u00bb][vc_column_inner css=\u00bb.vc_custom_1645554880020{padding-top: 140px !important;padding-bottom: 140px !important;background-position: center !important;background-repeat: no-repeat !important;background-size: cover !important;}\u00bb][\/vc_column_inner][\/vc_row_inner][\/vc_column][vc_column width=\u00bb2\/3&#8243;][vc_row_inner css=\u00bb.vc_custom_1589548785177{margin-bottom: 0px !important;}\u00bb][vc_column_inner css=\u00bb.vc_custom_1645554317771{padding-top: 175px !important;padding-bottom: 175px !important;background-image: url(https:\/\/www.upo.es\/inn-lab\/wp-content\/uploads\/2016\/07\/3.jpg?id=25801) !important;background-position: center !important;background-repeat: no-repeat !important;background-size: cover !important;}\u00bb][\/vc_column_inner][\/vc_row_inner][vc_row_inner equal_height=\u00bbyes\u00bb content_placement=\u00bbtop\u00bb][vc_column_inner width=\u00bb1\/2&#8243; css=\u00bb.vc_custom_1589893356041{padding-top: 35px !important;padding-right: 70px !important;padding-left: 70px !important;background-color: #ffffff !important;}\u00bb]<div class=\"clearboth\"><\/div><style>#thegem-divider-6a09ffde59649 {margin-top: 25px !important;}<\/style><div id=\"thegem-divider-6a09ffde59649\" class=\"gem-divider  \" style=\"\" ><\/div><div class=\"gem-icon-with-text gem-icon-with-text-icon-size-medium gem-icon-with-text-float-right\" ><div style=\"margin-bottom:0px;margin-top:0px; \" class=\"gem-icon-with-text-icon\"><div class=\"gem-icon gem-icon-pack-material gem-icon-size-medium  gem-icon-shape-square gem-simple-icon \"  style=\"opacity: 1;\"><div class=\"gem-icon-inner\" style=\"\"><span class=\"gem-icon-half-1\" style=\"color: #b6c6c9;\"><span class=\"back-angle\">&#xf3cb;<\/span><\/span><span class=\"gem-icon-half-2\" style=\"color: #b6c6c9;\"><span class=\"back-angle\">&#xf3cb;<\/span><\/span><\/div><\/div><\/div><div class=\"gem-icon-with-text-content\" ><div class=\"gem-icon-with-text-text\"><\/div><\/div><div class=\"clearboth\"><\/div><\/div><div class=\"clearboth\"><\/div><style>#thegem-divider-6a09ffde596ec {margin-top: 25px !important;}<\/style><div id=\"thegem-divider-6a09ffde596ec\" class=\"gem-divider  \" style=\"\" ><\/div>[vc_column_text]<\/p>\n<div class=\"title-h4\"><span style=\"color: #2c2e3d;\">VALORES<\/span><\/div>\n<p>[\/vc_column_text]<div class=\"clearboth\"><\/div><style>#thegem-divider-6a09ffde596f9 {margin-top: 10px !important;}<\/style><div id=\"thegem-divider-6a09ffde596f9\" class=\"gem-divider  \" style=\"\" ><\/div>[vc_column_text]<\/p>\n<ul>\n<li>Excelencia en las actividades de investigaci\u00f3n y transferencia.<\/li>\n<li>\u00c9tica en el trabajo.<\/li>\n<li>Uso responsable de los recursos.<\/li>\n<li>Retorno a la sociedad de los recursos asignados, mediante la mejora efectiva de los procesos de innovaci\u00f3n empresarial y de creaci\u00f3n y desarrollo de nuevas empresas.<\/li>\n<li>Transparencia en la gesti\u00f3n.<\/li>\n<\/ul>\n<p><span style=\"color: #5f727f;\">\u00a0<\/span>[\/vc_column_text]<div class=\"clearboth\"><\/div><style>#thegem-divider-6a09ffde59703 {margin-top: 25px !important;}<\/style><div id=\"thegem-divider-6a09ffde59703\" class=\"gem-divider  \" style=\"\" ><\/div>[\/vc_column_inner][vc_column_inner width=\u00bb1\/2&#8243; css=\u00bb.vc_custom_1589893351403{padding-top: 35px !important;padding-right: 70px !important;padding-left: 70px !important;background-color: #f0f3f2 !important;}\u00bb]<div class=\"clearboth\"><\/div><style>#thegem-divider-6a09ffde5970e {margin-top: 25px !important;}<\/style><div id=\"thegem-divider-6a09ffde5970e\" class=\"gem-divider  \" style=\"\" ><\/div><div class=\"gem-icon-with-text gem-icon-with-text-icon-size-medium gem-icon-with-text-float-right\" ><div style=\"margin-bottom:0px;margin-top:0px; \" class=\"gem-icon-with-text-icon\"><div class=\"gem-icon gem-icon-pack-material gem-icon-size-medium  gem-icon-shape-square gem-simple-icon \"  style=\"opacity: 1;\"><div class=\"gem-icon-inner\" style=\"\"><span class=\"gem-icon-half-1\" style=\"color: #b6c6c9;\"><span class=\"back-angle\">&#xf287;<\/span><\/span><span class=\"gem-icon-half-2\" style=\"color: #b6c6c9;\"><span class=\"back-angle\">&#xf287;<\/span><\/span><\/div><\/div><\/div><div class=\"gem-icon-with-text-content\" ><div class=\"gem-icon-with-text-text\"><\/div><\/div><div class=\"clearboth\"><\/div><\/div><div class=\"clearboth\"><\/div><style>#thegem-divider-6a09ffde59772 {margin-top: 25px !important;}<\/style><div id=\"thegem-divider-6a09ffde59772\" class=\"gem-divider  \" style=\"\" ><\/div>[vc_column_text]<\/p>\n<div class=\"title-h4\"><span style=\"color: #2c2e3d;\">OBJETIVOS<\/span><\/div>\n<p>[\/vc_column_text]<div class=\"clearboth\"><\/div><style>#thegem-divider-6a09ffde5977e {margin-top: 10px !important;}<\/style><div id=\"thegem-divider-6a09ffde5977e\" class=\"gem-divider  \" style=\"\" ><\/div>[vc_column_text]<\/p>\n<ul>\n<li>Impulsar y dar visibilidad a la investigaci\u00f3n sobre innovaci\u00f3n, emprendimiento y empresa familiar realizada por los investigadores y estudiantes de la UPO.<\/li>\n<li>Establecer y fortalecer las conexiones con empresas e instituciones y transferir el conocimiento generado en los \u00e1mbitos de la innovaci\u00f3n, el emprendimiento y la empresa familiar.<\/li>\n<li>Establecer redes con otros grupos de investigaci\u00f3n espa\u00f1oles y extranjeros para acudir a convocatorias de proyectos internacionales.<\/li>\n<li>Explorar propuestas formativas innovadoras en las materias de innovaci\u00f3n y emprendimiento y empresa familiar.<\/li>\n<li>Cooperar con las instancias institucionales de la UPO en el fomento de la innovaci\u00f3n, el emprendimiento y la empresa familiar.<\/li>\n<\/ul>\n<p><span style=\"color: #5f727f;\">\u00a0<\/span>[\/vc_column_text][\/vc_column_inner][\/vc_row_inner][\/vc_column][\/vc_row][vc_row css=\u00bb.vc_custom_1586773118010{margin-bottom: 0px !important;}\u00bb custom_css_code=\u00bbJTQwbWVkaWElMjAlMjhtYXgtd2lkdGglM0ElMjA5OTJweCUyOSU3QiUwQS52Y19jb2x1bW4taW5uZXIlMjAuZ2VtLWJ1dHRvbi1wb3NpdGlvbi1sZWZ0JTIwJTdCJTBBJTIwJTIwJTIwJTIwZmxvYXQlM0ElMjBub25lJTNCJTBBJTdEJTBBLnZjX2NvbHVtbi1pbm5lciUyMCU3QiUwQSUyMCUyMCUyMCUyMHRleHQtYWxpZ24lM0ElMjBjZW50ZXIlMjFpbXBvcnRhbnQlM0IlMEElN0QlMEEuZ2VtLWJ1dHRvbi1wb3NpdGlvbi1sZWZ0JTIwLmdlbS1idXR0b24lN0IlMEElMjAlMjAlMjAlMjBtYXJnaW4tcmlnaHQlM0ElMjAwJTNCJTBBJTdEJTBBJTdE\u00bb][vc_column]<div id=\"fullwidth-block-6a09ffde59a69\" class=\"fullwidth-block fullwidth-block-parallax-fixed clearfix\" data-mobile-parallax-enable=\"0\" style=\"padding-top: 150px;padding-bottom: 100px;\"><script type=\"text\/javascript\">if (typeof(gem_fix_fullwidth_position) == \"function\") { gem_fix_fullwidth_position(document.getElementById(\"fullwidth-block-6a09ffde59a69\")); }<\/script><div class=\"fullwidth-block-background\" style=\"background-image: url(https:\/\/www.upo.es\/inn-lab\/wp-content\/uploads\/2022\/02\/strategic2.jpg);background-repeat: no-repeat; background-size: cover;background-position: center bottom;\"><\/div><div class=\"fullwidth-block-parallax-overlay\" style=\"background-color: rgba(58,59,78,0.7);\"><\/div><div class=\"fullwidth-block-inner\"><div class=\"container\">[vc_row_inner css=\u00bb.vc_custom_1586773121585{margin-bottom: 0px !important;}\u00bb][vc_column_inner offset=\u00bbvc_col-lg-3 vc_col-md-3 vc_col-xs-12&#8243;]<div class=\"clearboth\"><\/div><style>#thegem-divider-6a09ffde59b17 {margin-top: 25px !important;}<\/style><div id=\"thegem-divider-6a09ffde59b17\" class=\"gem-divider  \" style=\"\" ><\/div><div class=\"gem-icon gem-icon-pack-material gem-icon-size-medium  gem-icon-shape-hexagon \"  style=\"border-color: rgba(255,255,255,0.11);opacity: 1;\"><div class=\"gem-icon-shape-hexagon-back\"><div class=\"gem-icon-shape-hexagon-back-inner\"><div class=\"gem-icon-shape-hexagon-back-inner-before\" style=\"background-color: rgba(255,255,255,0.11)\"><\/div><\/div><\/div><div class=\"gem-icon-shape-hexagon-top\"><div class=\"gem-icon-shape-hexagon-top-inner\"><div class=\"gem-icon-shape-hexagon-top-inner-before\" style=\"background-color: rgba(255,255,255,0.11);\"><\/div><\/div><\/div><div class=\"gem-icon-inner\" style=\"background-color: rgba(255,255,255,0.11);\"><span class=\"gem-icon-half-1\" style=\"color: #00bcd4;\"><span class=\"back-angle\">&#xf2dd;<\/span><\/span><span class=\"gem-icon-half-2\" style=\"color: #00bcd4;\"><span class=\"back-angle\">&#xf2dd;<\/span><\/span><\/div><\/div>[\/vc_column_inner][vc_column_inner offset=\u00bbvc_col-lg-6 vc_col-md-offset-1 vc_col-md-8 vc_col-xs-12&#8243;]<div class=\"clearboth\"><\/div><style>#thegem-divider-6a09ffde59b60 {margin-top: 20px !important;}<\/style><div id=\"thegem-divider-6a09ffde59b60\" class=\"gem-divider  \" style=\"\" ><\/div>[vc_column_text]<\/p>\n<h3><span style=\"color: #00bcd4;\">Plan Estrat\u00e9gico<br \/>\n<\/span><span style=\"color: #00bcd4;\">INNLAB<\/span><\/h3>\n<p>[\/vc_column_text][vc_column_text]<span style=\"color: #ffffff;\">A trav\u00e9s de su Plan Estrat\u00e9gico, INN-LAB busca alinearse con la Estrategia Europa 2020, la Estrategia Espa\u00f1ola de Ciencia y Tecnolog\u00eda y el PAIDI 2020 contribuyendo, mediante la investigaci\u00f3n y la transferencia de conocimiento, a la b\u00fasqueda de instrumentos que potencien la capacidad innovadora de las PYMES y la creaci\u00f3n y desarrollo de empresas de alto valor a\u00f1adido.<\/span>[\/vc_column_text]<div class=\"clearboth\"><\/div><style>#thegem-divider-6a09ffde59b6c {margin-top: 60px !important;}<\/style><div id=\"thegem-divider-6a09ffde59b6c\" class=\"gem-divider  \" style=\"\" ><\/div><style type=\"text\/css\">.thegem-button-6a09ffde59c0e8855 .gem-button svg {fill: #00bcd4;}.thegem-button-6a09ffde59c0e8855 .gem-button:hover svg {fill: #2c2e3d;}<\/style><div class=\"gem-button-container gem-button-position-left thegem-button-6a09ffde59c0e8855    \"  ><a class=\"gem-button gem-button-size-medium gem-button-style-outline gem-button-text-weight-normal gem-button-border-4\" data-ll-effect=\"drop-right-without-wrap\" style=\"border-radius: 50px;border-color: #00bcd4;color: #00bcd4;\" onmouseleave=\"this.style.borderColor='#00bcd4';this.style.backgroundColor='transparent';this.style.color='#00bcd4';\" onmouseenter=\"this.style.backgroundColor='#00bcd4';this.style.color='#2c2e3d';\" href=\"https:\/\/www.upo.es\/inn-lab\/wp-content\/uploads\/2022\/02\/plan-estrategico-INNLAB-MAR2018.pdf\" target=\"_blank\">Descargar plan estrat\u00e9gico<\/a><\/div> [\/vc_column_inner][\/vc_row_inner]<\/div><\/div><\/div>[\/vc_column][\/vc_row]<\/p>\n<\/div>","protected":false},"excerpt":{"rendered":"<p>[vc_row full_width=\u00bbstretch_row_content_no_spaces\u00bb equal_height=\u00bbyes\u00bb content_placement=\u00bbtop\u00bb css=\u00bb.vc_custom_1645554632441{margin-bottom: 0px !important;}\u00bb][vc_column width=\u00bb1\/3&#8243; css=\u00bb.vc_custom_1645554074236{background-color: #00bcd4 !important;}\u00bb][vc_row_inner][vc_column_inner disable_custom_paddings_mobile=\u00bbtrue\u00bb css=\u00bb.vc_custom_1645502512513{padding-right: 120px !important;padding-left: 120px !important;}\u00bb][vc_column_text] INN-LAB [\/vc_column_text][vc_column_text]INN-LAB es&#8230;<\/p>\n","protected":false},"author":1,"featured_media":0,"parent":0,"menu_order":0,"comment_status":"closed","ping_status":"closed","template":"","meta":{"_acf_changed":false,"inline_featured_image":false,"footnotes":""},"class_list":["post-32243","page","type-page","status-publish"],"acf":[],"_links":{"self":[{"href":"https:\/\/www.upo.es\/inn-lab\/wp-json\/wp\/v2\/pages\/32243","targetHints":{"allow":["GET"]}}],"collection":[{"href":"https:\/\/www.upo.es\/inn-lab\/wp-json\/wp\/v2\/pages"}],"about":[{"href":"https:\/\/www.upo.es\/inn-lab\/wp-json\/wp\/v2\/types\/page"}],"author":[{"embeddable":true,"href":"https:\/\/www.upo.es\/inn-lab\/wp-json\/wp\/v2\/users\/1"}],"replies":[{"embeddable":true,"href":"https:\/\/www.upo.es\/inn-lab\/wp-json\/wp\/v2\/comments?post=32243"}],"version-history":[{"count":9,"href":"https:\/\/www.upo.es\/inn-lab\/wp-json\/wp\/v2\/pages\/32243\/revisions"}],"predecessor-version":[{"id":32615,"href":"https:\/\/www.upo.es\/inn-lab\/wp-json\/wp\/v2\/pages\/32243\/revisions\/32615"}],"wp:attachment":[{"href":"https:\/\/www.upo.es\/inn-lab\/wp-json\/wp\/v2\/media?parent=32243"}],"curies":[{"name":"wp","href":"https:\/\/api.w.org\/{rel}","templated":true}]}}