{"id":32268,"date":"2022-02-22T02:22:41","date_gmt":"2022-02-22T02:22:41","guid":{"rendered":"https:\/\/www.upo.es\/inn-lab\/?page_id=32268"},"modified":"2022-02-24T22:36:58","modified_gmt":"2022-02-24T22:36:58","slug":"proyectos","status":"publish","type":"page","link":"https:\/\/www.upo.es\/inn-lab\/proyectos\/","title":{"rendered":"Proyectos"},"content":{"rendered":"<div class=\"wpb-content-wrapper\"><p>[vc_row][vc_column]<div class=\"clearboth\"><\/div><style>#thegem-divider-69fa9cdf03d57 {margin-top: 80px !important;}<\/style><div id=\"thegem-divider-69fa9cdf03d57\" class=\"gem-divider  \" style=\"\" ><\/div><div id=\"style-6f889fc\" data-style-uid=\"6f889fc\" class=\"blog blog-style-justified-3x justified-style-2 inline-row clearfix item-animation-move-up pagination-normal\" data-next-page=\"2\" data-pages-count=\"2\">\n<article id=\"post-33543\" class=\"col-lg-4 col-md-4 col-sm-6 col-xs-6 inline-column item-animations-not-inited post-33543 post type-post status-publish format-standard has-post-thumbnail category-proyectos\"> <div class=\"post-content-wrapper\" style=\"\"> <div class=\"post-image\"><div class=\"post-featured-content\"><a href=\"https:\/\/www.upo.es\/inn-lab\/juegos-serios-para-la-transformacion-digital-en-la-resiliencia-urbana\/\"> <picture> <img src=\"https:\/\/www.upo.es\/inn-lab\/wp-content\/uploads\/2025\/07\/architecture-3344789_1280-thegem-blog-justified.jpg\" width=\"640\" height=\"480\" class=\"img-responsive\" alt=\"architecture-3344789_1280\" \/> <\/picture> <\/a><\/div><\/div> <div class=\"description\"> <div class=\"post-meta-conteiner\"> <div class=\"post-meta-right\"> <\/div> <\/div> <div class=\"post-title\"> <\/div> <div class=\"post-text\"> <div class=\"summary\"> <p>Juegos serios para la transformaci\u00f3n digital en la resiliencia urbana<\/p> <\/div> <\/div> <div class=\"info clearfix\"> <div class=\"post-read-more\"><div class=\"gem-button-container gem-button-position-inline thegem-button-69fa9cdf0a392341\" ><a class=\"gem-button gem-button-size-tiny gem-button-style-outline gem-button-text-weight-normal gem-button-border-2\" data-ll-effect=\"drop-right-without-wrap\" style=\"border-radius: 3px;\" onmouseleave=\"\" onmouseenter=\"\" href=\"https:\/\/www.upo.es\/inn-lab\/juegos-serios-para-la-transformacion-digital-en-la-resiliencia-urbana\/\" target=\"_self\">Leer M\u00e1s<\/a><\/div> <\/div> <\/div> <\/div> <\/div>\n<\/article> <article id=\"post-33531\" class=\"col-lg-4 col-md-4 col-sm-6 col-xs-6 inline-column item-animations-not-inited post-33531 post type-post status-publish format-standard has-post-thumbnail category-proyectos\"> <div class=\"post-content-wrapper\" style=\"\"> <div class=\"post-image\"><div class=\"post-featured-content\"><a href=\"https:\/\/www.upo.es\/inn-lab\/vapers\/\"> <picture> <img src=\"https:\/\/www.upo.es\/inn-lab\/wp-content\/uploads\/2025\/07\/gentleman-blowing-ecig-vapor-3582839_1280-thegem-blog-justified.jpg\" width=\"640\" height=\"480\" class=\"img-responsive\" alt=\"gentleman-blowing-ecig-vapor-3582839_1280\" \/> <\/picture> <\/a><\/div><\/div> <div class=\"description\"> <div class=\"post-meta-conteiner\"> <div class=\"post-meta-right\"> <\/div> <\/div> <div class=\"post-title\"> <\/div> <div class=\"post-text\"> <div class=\"summary\"> <p>Estrategias de abordamiento para reducir los h\u00e1bitos de consumo de bebidas energ\u00e9ticas y cigarrillos electr\u00f3nicos (vapores) en menores en Andalucia<\/p> <\/div> <\/div> <div class=\"info clearfix\"> <div class=\"post-read-more\"><div class=\"gem-button-container gem-button-position-inline thegem-button-69fa9cdf0bca55060\" ><a class=\"gem-button gem-button-size-tiny gem-button-style-outline gem-button-text-weight-normal gem-button-border-2\" data-ll-effect=\"drop-right-without-wrap\" style=\"border-radius: 3px;\" onmouseleave=\"\" onmouseenter=\"\" href=\"https:\/\/www.upo.es\/inn-lab\/vapers\/\" target=\"_self\">Leer M\u00e1s<\/a><\/div> <\/div> <\/div> <\/div> <\/div>\n<\/article> <article id=\"post-33496\" class=\"col-lg-4 col-md-4 col-sm-6 col-xs-6 inline-column item-animations-not-inited post-33496 post type-post status-publish format-standard has-post-thumbnail category-proyectos\"> <div class=\"post-content-wrapper\" style=\"\"> <div class=\"post-image\"><div class=\"post-featured-content\"><a href=\"https:\/\/www.upo.es\/inn-lab\/acceelerating\/\"> <picture> <img src=\"https:\/\/www.upo.es\/inn-lab\/wp-content\/uploads\/2024\/06\/people-6027028_1280-thegem-blog-justified.jpg\" width=\"640\" height=\"480\" class=\"img-responsive\" alt=\"people-6027028_1280\" \/> <\/picture> <\/a><\/div><\/div> <div class=\"description\"> <div class=\"post-meta-conteiner\"> <div class=\"post-meta-right\"> <\/div> <\/div> <div class=\"post-title\"> <\/div> <div class=\"post-text\"> <div class=\"summary\"> <p>Accelerating innovation and entrepreneurial excellence in higher education institutes (AccEnt).<\/p> <\/div> <\/div> <div class=\"info clearfix\"> <div class=\"post-read-more\"><div class=\"gem-button-container gem-button-position-inline thegem-button-69fa9cdf0caa836\" ><a class=\"gem-button gem-button-size-tiny gem-button-style-outline gem-button-text-weight-normal gem-button-border-2\" data-ll-effect=\"drop-right-without-wrap\" style=\"border-radius: 3px;\" onmouseleave=\"\" onmouseenter=\"\" href=\"https:\/\/www.upo.es\/inn-lab\/acceelerating\/\" target=\"_self\">Leer M\u00e1s<\/a><\/div> <\/div> <\/div> <\/div> <\/div>\n<\/article> <article id=\"post-33587\" class=\"col-lg-4 col-md-4 col-sm-6 col-xs-6 inline-column item-animations-not-inited post-33587 post type-post status-publish format-standard has-post-thumbnail category-proyectos\"> <div class=\"post-content-wrapper\" style=\"\"> <div class=\"post-image\"><div class=\"post-featured-content\"><a href=\"https:\/\/www.upo.es\/inn-lab\/33587-2\/\"> <picture> <img src=\"https:\/\/www.upo.es\/inn-lab\/wp-content\/uploads\/2025\/07\/thermometer-4295884_1280-thegem-blog-justified.jpg\" width=\"640\" height=\"480\" class=\"img-responsive\" alt=\"thermometer-4295884_1280\" \/> <\/picture> <\/a><\/div><\/div> <div class=\"description\"> <div class=\"post-meta-conteiner\"> <div class=\"post-meta-right\"> <\/div> <\/div> <div class=\"post-title\"> <\/div> <div class=\"post-text\"> <div class=\"summary\"> <p>Studying symbiotic scenarios linking heritage assets and green areas to prepare historic cities to fase climate changes. <\/p> <\/div> <\/div> <div class=\"info clearfix\"> <div class=\"post-read-more\"><div class=\"gem-button-container gem-button-position-inline thegem-button-69fa9cdf0d7072610\" ><a class=\"gem-button gem-button-size-tiny gem-button-style-outline gem-button-text-weight-normal gem-button-border-2\" data-ll-effect=\"drop-right-without-wrap\" style=\"border-radius: 3px;\" onmouseleave=\"\" onmouseenter=\"\" href=\"https:\/\/www.upo.es\/inn-lab\/33587-2\/\" target=\"_self\">Leer M\u00e1s<\/a><\/div> <\/div> <\/div> <\/div> <\/div>\n<\/article> <article id=\"post-33571\" class=\"col-lg-4 col-md-4 col-sm-6 col-xs-6 inline-column item-animations-not-inited post-33571 post type-post status-publish format-standard has-post-thumbnail category-proyectos\"> <div class=\"post-content-wrapper\" style=\"\"> <div class=\"post-image\"><div class=\"post-featured-content\"><a href=\"https:\/\/www.upo.es\/inn-lab\/pid2022-140732nb-i0-minciu\/\"> <picture> <img src=\"https:\/\/www.upo.es\/inn-lab\/wp-content\/uploads\/2025\/07\/stairs-6133971_1280-thegem-blog-justified.jpg\" width=\"640\" height=\"480\" class=\"img-responsive\" alt=\"stairs-6133971_1280\" \/> <\/picture> <\/a><\/div><\/div> <div class=\"description\"> <div class=\"post-meta-conteiner\"> <div class=\"post-meta-right\"> <\/div> <\/div> <div class=\"post-title\"> <div class=\"entry-title title-h4\"><a href=\"https:\/\/www.upo.es\/inn-lab\/pid2022-140732nb-i0-minciu\/\" rel=\"bookmark\"><span class=\"light\">PID2022-140732NB-I0 (MINCIU)<\/span><\/a><\/div> <\/div> <div class=\"post-text\"> <div class=\"summary\"> <p>Se\u00f1ales ret\u00f3ricas y sustantivas en la carrera hacia una oferta p\u00fablica inicial de nuevas empresas ambiciosas: sesgos de comunicaci\u00f3n y diversidad de inversores<\/p> <\/div> <\/div> <div class=\"info clearfix\"> <div class=\"post-read-more\"><div class=\"gem-button-container gem-button-position-inline thegem-button-69fa9cdf0e3ef738\" ><a class=\"gem-button gem-button-size-tiny gem-button-style-outline gem-button-text-weight-normal gem-button-border-2\" data-ll-effect=\"drop-right-without-wrap\" style=\"border-radius: 3px;\" onmouseleave=\"\" onmouseenter=\"\" href=\"https:\/\/www.upo.es\/inn-lab\/pid2022-140732nb-i0-minciu\/\" target=\"_self\">Leer M\u00e1s<\/a><\/div> <\/div> <\/div> <\/div> <\/div>\n<\/article> <article id=\"post-32718\" class=\"col-lg-4 col-md-4 col-sm-6 col-xs-6 inline-column item-animations-not-inited post-32718 post type-post status-publish format-standard has-post-thumbnail category-proyectos\"> <div class=\"post-content-wrapper\" style=\"\"> <div class=\"post-image\"><div class=\"post-featured-content\"><a href=\"https:\/\/www.upo.es\/inn-lab\/upo-1380839-feder-upo\/\"> <picture> <img src=\"https:\/\/www.upo.es\/inn-lab\/wp-content\/uploads\/2022\/04\/computer-motherboard-with-cpu-circuit-board-syste-2021-08-26-16-56-56-utc-thegem-blog-justified.jpg\" width=\"640\" height=\"480\" class=\"img-responsive\" alt=\"computer-motherboard-with-cpu-circuit-board-syste-2021-08-26-16-56-56-utc\" \/> <\/picture> <\/a><\/div><\/div> <div class=\"description\"> <div class=\"post-meta-conteiner\"> <div class=\"post-meta-right\"> <\/div> <\/div> <div class=\"post-title\"> <div class=\"entry-title title-h4\"><a href=\"https:\/\/www.upo.es\/inn-lab\/upo-1380839-feder-upo\/\" rel=\"bookmark\"><span class=\"light\">UPO-1380839 FEDER-UPO<\/span><\/a><\/div> <\/div> <div class=\"post-text\"> <div class=\"summary\"> <p>Sistemas de Informaci\u00f3n para la Evaluaci\u00f3n del \u00c9xito de Iniciativas Empresariales Locales<\/p> <\/div> <\/div> <div class=\"info clearfix\"> <div class=\"post-read-more\"><div class=\"gem-button-container gem-button-position-inline thegem-button-69fa9cdf0f4878181\" ><a class=\"gem-button gem-button-size-tiny gem-button-style-outline gem-button-text-weight-normal gem-button-border-2\" data-ll-effect=\"drop-right-without-wrap\" style=\"border-radius: 3px;\" onmouseleave=\"\" onmouseenter=\"\" href=\"https:\/\/www.upo.es\/inn-lab\/upo-1380839-feder-upo\/\" target=\"_self\">Leer M\u00e1s<\/a><\/div> <\/div> <\/div> <\/div> <\/div>\n<\/article> <article id=\"post-32589\" class=\"col-lg-4 col-md-4 col-sm-6 col-xs-6 inline-column item-animations-not-inited post-32589 post type-post status-publish format-standard has-post-thumbnail category-proyectos\"> <div class=\"post-content-wrapper\" style=\"\"> <div class=\"post-image\"><div class=\"post-featured-content\"><a href=\"https:\/\/www.upo.es\/inn-lab\/pid2020-118186gb-i00\/\"> <picture> <img src=\"https:\/\/www.upo.es\/inn-lab\/wp-content\/uploads\/2022\/02\/esquema-thegem-blog-justified.jpg\" width=\"640\" height=\"480\" class=\"img-responsive\" alt=\"esquema\" \/> <\/picture> <\/a><\/div><\/div> <div class=\"description\"> <div class=\"post-meta-conteiner\"> <div class=\"post-meta-right\"> <\/div> <\/div> <div class=\"post-title\"> <div class=\"entry-title title-h4\"><a href=\"https:\/\/www.upo.es\/inn-lab\/pid2020-118186gb-i00\/\" rel=\"bookmark\"><span class=\"light\">PID2020-118186GB-I00<\/span><\/a><\/div> <\/div> <div class=\"post-text\"> <div class=\"summary\"> <p>\u00bfLo que conoces o a quien conoces? Relaciones de la empresa familiar y su efecto en la sostenibilidad.<\/p> <\/div> <\/div> <div class=\"info clearfix\"> <div class=\"post-read-more\"><div class=\"gem-button-container gem-button-position-inline thegem-button-69fa9cdf104406720\" ><a class=\"gem-button gem-button-size-tiny gem-button-style-outline gem-button-text-weight-normal gem-button-border-2\" data-ll-effect=\"drop-right-without-wrap\" style=\"border-radius: 3px;\" onmouseleave=\"\" onmouseenter=\"\" href=\"https:\/\/www.upo.es\/inn-lab\/pid2020-118186gb-i00\/\" target=\"_self\">Leer M\u00e1s<\/a><\/div> <\/div> <\/div> <\/div> <\/div>\n<\/article> <article id=\"post-32573\" class=\"col-lg-4 col-md-4 col-sm-6 col-xs-6 inline-column item-animations-not-inited post-32573 post type-post status-publish format-standard has-post-thumbnail category-proyectos\"> <div class=\"post-content-wrapper\" style=\"\"> <div class=\"post-image\"><div class=\"post-featured-content\"><a href=\"https:\/\/www.upo.es\/inn-lab\/upo-1380723\/\"> <picture> <img src=\"https:\/\/www.upo.es\/inn-lab\/wp-content\/uploads\/2022\/02\/sostenibilidad-thegem-blog-justified.jpg\" width=\"640\" height=\"480\" class=\"img-responsive\" alt=\"sostenibilidad\" \/> <\/picture> <\/a><\/div><\/div> <div class=\"description\"> <div class=\"post-meta-conteiner\"> <div class=\"post-meta-right\"> <\/div> <\/div> <div class=\"post-title\"> <div class=\"entry-title title-h4\"><a href=\"https:\/\/www.upo.es\/inn-lab\/upo-1380723\/\" rel=\"bookmark\"><span class=\"light\">UPO-1380723<\/span><\/a><\/div> <\/div> <div class=\"post-text\"> <div class=\"summary\"> <p>Redes Organizacionales y Sostenibilidad de la Empresa Familiar<\/p> <\/div> <\/div> <div class=\"info clearfix\"> <div class=\"post-read-more\"><div class=\"gem-button-container gem-button-position-inline thegem-button-69fa9cdf111025674\" ><a class=\"gem-button gem-button-size-tiny gem-button-style-outline gem-button-text-weight-normal gem-button-border-2\" data-ll-effect=\"drop-right-without-wrap\" style=\"border-radius: 3px;\" onmouseleave=\"\" onmouseenter=\"\" href=\"https:\/\/www.upo.es\/inn-lab\/upo-1380723\/\" target=\"_self\">Leer M\u00e1s<\/a><\/div> <\/div> <\/div> <\/div> <\/div>\n<\/article> <article id=\"post-32561\" class=\"col-lg-4 col-md-4 col-sm-6 col-xs-6 inline-column item-animations-not-inited post-32561 post type-post status-publish format-standard has-post-thumbnail category-proyectos\"> <div class=\"post-content-wrapper\" style=\"\"> <div class=\"post-image\"><div class=\"post-featured-content\"><a href=\"https:\/\/www.upo.es\/inn-lab\/pid2020-112599gb-i00\/\"> <picture> <img src=\"https:\/\/www.upo.es\/inn-lab\/wp-content\/uploads\/2022\/02\/woman-use-smart-phone-look-camera-in-city-thegem-blog-justified.jpg\" width=\"640\" height=\"480\" class=\"img-responsive\" alt=\"woman-use-smart-phone-look-camera-in-city\" \/> <\/picture> <\/a><\/div><\/div> <div class=\"description\"> <div class=\"post-meta-conteiner\"> <div class=\"post-meta-right\"> <\/div> <\/div> <div class=\"post-title\"> <div class=\"entry-title title-h4\"><a href=\"https:\/\/www.upo.es\/inn-lab\/pid2020-112599gb-i00\/\" rel=\"bookmark\"><span class=\"light\">PID2020-112599GB-I00<\/span><\/a><\/div> <\/div> <div class=\"post-text\"> <div class=\"summary\"> <p>Nuevas formas de trabajo y de relaci\u00f3n de empleo para la Sostenibilidad y la Agilidad Organizativa<\/p> <\/div> <\/div> <div class=\"info clearfix\"> <div class=\"post-read-more\"><div class=\"gem-button-container gem-button-position-inline thegem-button-69fa9cdf128fd1035\" ><a class=\"gem-button gem-button-size-tiny gem-button-style-outline gem-button-text-weight-normal gem-button-border-2\" data-ll-effect=\"drop-right-without-wrap\" style=\"border-radius: 3px;\" onmouseleave=\"\" onmouseenter=\"\" href=\"https:\/\/www.upo.es\/inn-lab\/pid2020-112599gb-i00\/\" target=\"_self\">Leer M\u00e1s<\/a><\/div> <\/div> <\/div> <\/div> <\/div>\n<\/article>\n<\/div>\t<div class=\"gem-pagination\"><div class=\"gem-pagination-links\"> <span aria-current=\"page\" class=\"page-numbers current\">1<\/span>\n<a class=\"page-numbers\" href=\"https:\/\/www.upo.es\/inn-lab\/wp-json\/wp\/v2\/pages\/32268\/page\/2\/\">2<\/a>\n<a class=\"next page-numbers\" href=\"https:\/\/www.upo.es\/inn-lab\/wp-json\/wp\/v2\/pages\/32268\/page\/2\/\"><span class=\"screen-reader-text\">Sig.<\/span><\/a>\t<\/div><\/div><!-- .pagination --><div class=\"clearboth\"><\/div><style>#thegem-divider-69fa9cdf13591 {margin-top: 80px !important;}<\/style><div id=\"thegem-divider-69fa9cdf13591\" class=\"gem-divider  \" style=\"\" ><\/div>[\/vc_column][\/vc_row]<\/p>\n<\/div>","protected":false},"excerpt":{"rendered":"<p>[vc_row][vc_column][\/vc_column][\/vc_row]<\/p>\n","protected":false},"author":1,"featured_media":0,"parent":0,"menu_order":0,"comment_status":"closed","ping_status":"closed","template":"","meta":{"_acf_changed":false,"inline_featured_image":false,"footnotes":""},"class_list":["post-32268","page","type-page","status-publish"],"acf":[],"_links":{"self":[{"href":"https:\/\/www.upo.es\/inn-lab\/wp-json\/wp\/v2\/pages\/32268","targetHints":{"allow":["GET"]}}],"collection":[{"href":"https:\/\/www.upo.es\/inn-lab\/wp-json\/wp\/v2\/pages"}],"about":[{"href":"https:\/\/www.upo.es\/inn-lab\/wp-json\/wp\/v2\/types\/page"}],"author":[{"embeddable":true,"href":"https:\/\/www.upo.es\/inn-lab\/wp-json\/wp\/v2\/users\/1"}],"replies":[{"embeddable":true,"href":"https:\/\/www.upo.es\/inn-lab\/wp-json\/wp\/v2\/comments?post=32268"}],"version-history":[{"count":3,"href":"https:\/\/www.upo.es\/inn-lab\/wp-json\/wp\/v2\/pages\/32268\/revisions"}],"predecessor-version":[{"id":32515,"href":"https:\/\/www.upo.es\/inn-lab\/wp-json\/wp\/v2\/pages\/32268\/revisions\/32515"}],"wp:attachment":[{"href":"https:\/\/www.upo.es\/inn-lab\/wp-json\/wp\/v2\/media?parent=32268"}],"curies":[{"name":"wp","href":"https:\/\/api.w.org\/{rel}","templated":true}]}}