{"id":32948,"date":"2022-09-25T17:16:23","date_gmt":"2022-09-25T17:16:23","guid":{"rendered":"https:\/\/www.upo.es\/inn-lab\/?page_id=32948"},"modified":"2022-12-12T17:55:58","modified_gmt":"2022-12-12T17:55:58","slug":"contact","status":"publish","type":"page","link":"https:\/\/www.upo.es\/inn-lab\/en\/contact\/","title":{"rendered":"Contact"},"content":{"rendered":"<div class=\"wpb-content-wrapper\"><p>[vc_row full_width=\u00bbstretch_row_content\u00bb css=\u00bb.vc_custom_1645437436842{margin-bottom: 0px !important;}\u00bb][vc_column width=\u00bb1\/3&#8243; css=\u00bb.vc_custom_1458288953619{padding-right: 60px !important;padding-left: 60px !important;}\u00bb]<div class=\"clearboth\"><\/div><style>#thegem-divider-69f603af0252b {margin-top: 144px !important;}<\/style><div id=\"thegem-divider-69f603af0252b\" class=\"gem-divider  \" style=\"\" ><\/div>[vc_column_text]<\/p>\n<p>INN-LAB es un Centro Propio de Investigaci\u00f3n de la Universidad Pablo de Olavide, que nace con la misi\u00f3n de contribuir, mediante la investigaci\u00f3n y la transferencia de conocimiento, a la b\u00fasqueda de instrumentos que potencien la capacidad innovadora de las PYMES y empresas familiares, y la creaci\u00f3n y desarrollo de empresas de alto valor a\u00f1adido.<\/p>\n<p>[\/vc_column_text][\/vc_column][vc_column width=\u00bb2\/3&#8243; css=\u00bb.vc_custom_1645437429580{padding-right: 60px !important;padding-left: 60px !important;background-color: #f9f9f7 !important;}\u00bb]<div class=\"clearboth\"><\/div><style>#thegem-divider-69f603af02559 {margin-top: 102px !important;}<\/style><div id=\"thegem-divider-69f603af02559\" class=\"gem-divider  \" style=\"\" ><\/div>[vc_row_inner][vc_column_inner width=\u00bb1\/2&#8243;]<div class=\"gem-icon-with-text gem-icon-with-text-icon-size-medium\" ><div style=\"margin-bottom:0px;margin-top:10px; \" class=\"gem-icon-with-text-icon\"><div class=\"gem-icon gem-icon-pack-material gem-icon-size-medium  gem-icon-shape-square gem-simple-icon \"  style=\"opacity: 1;\"><div class=\"gem-icon-inner\" style=\"\"><span class=\"gem-icon-half-1\" style=\"color: #11c2cf;\"><span class=\"back-angle\">&#xf2af;<\/span><\/span><span class=\"gem-icon-half-2\" style=\"color: #11c2cf;\"><span class=\"back-angle\">&#xf2af;<\/span><\/span><\/div><\/div><\/div><div class=\"gem-icon-with-text-content\" ><div class=\"gem-icon-with-text-text\">[vc_column_text]<\/p>\n<div class=\"title-h4\">WRITE US<\/div>\n<p>[\/vc_column_text][vc_column_text css=\u00bb.vc_custom_1645436571955{margin-top: -25px !important;}\u00bb]mcabmed@upo.es[\/vc_column_text]<\/div><\/div><div class=\"clearboth\"><\/div><\/div>[\/vc_column_inner][vc_column_inner width=\u00bb1\/2&#8243;]<div class=\"gem-icon-with-text gem-icon-with-text-icon-size-medium\" ><div style=\"margin-bottom:0px;margin-top:10px; \" class=\"gem-icon-with-text-icon\"><div class=\"gem-icon gem-icon-pack-material gem-icon-size-medium  gem-icon-shape-square gem-simple-icon \"  style=\"opacity: 1;\"><div class=\"gem-icon-inner\" style=\"\"><span class=\"gem-icon-half-1\" style=\"color: #8165a3;\"><span class=\"back-angle\">&#xf3e7;<\/span><\/span><span class=\"gem-icon-half-2\" style=\"color: #8165a3;\"><span class=\"back-angle\">&#xf3e7;<\/span><\/span><\/div><\/div><\/div><div class=\"gem-icon-with-text-content\" ><div class=\"gem-icon-with-text-text\">[vc_column_text]<\/p>\n<div class=\"title-h4\">LOCATION<\/div>\n<p>[\/vc_column_text][vc_column_text css=\u00bb.vc_custom_1645436593259{margin-top: -25px !important;}\u00bb]Universidad Pablo de Olavide,<br \/>\nctra. Utrera, Km. 1,<br \/>\n41013 Sevilla[\/vc_column_text]<\/div><\/div><div class=\"clearboth\"><\/div><\/div>[\/vc_column_inner][\/vc_row_inner]<div class=\"clearboth\"><\/div><style>#thegem-divider-69f603af026b1 {margin-top: 102px !important;}<\/style><div id=\"thegem-divider-69f603af026b1\" class=\"gem-divider  \" style=\"\" ><\/div>[\/vc_column][\/vc_row][vc_row full_width=\u00bbstretch_row_content\u00bb equal_height=\u00bbyes\u00bb css=\u00bb.vc_custom_1645437103525{margin-bottom: 0px !important;}\u00bb][vc_column width=\u00bb1\/2&#8243; offset=\u00bbvc_col-lg-4 vc_col-md-4&#8243; css=\u00bb.vc_custom_1645437086010{background-image: url(https:\/\/www.upo.es\/inn-lab\/wp-content\/uploads\/2022\/02\/2560px-Vista_upo-dark.jpg?id=32160) !important;background-position: center !important;background-repeat: no-repeat !important;background-size: cover !important;}\u00bb][\/vc_column][vc_column width=\u00bb1\/2&#8243; css=\u00bb.vc_custom_1458304893776{padding-right: 65px !important;padding-left: 65px !important;background-color: #f0f3f2 !important;}\u00bb offset=\u00bbvc_col-lg-8 vc_col-md-8&#8243;]<div class=\"clearboth\"><\/div><style>#thegem-divider-69f603af026c2 {margin-top: 50px !important;}<\/style><div id=\"thegem-divider-69f603af026c2\" class=\"gem-divider  \" style=\"\" ><\/div>[vc_column_text]<\/p>\n<div class=\"title-h2\">CONTACT US<\/div>\n<p>[\/vc_column_text]<div class=\"clearboth\"><\/div><style>#thegem-divider-69f603af026cc {margin-top: 60px !important;}<\/style><div id=\"thegem-divider-69f603af026cc\" class=\"gem-divider  \" style=\"\" ><\/div>\n<div class=\"wpcf7 no-js\" id=\"wpcf7-f33013-o1\" lang=\"en-US\" dir=\"ltr\" data-wpcf7-id=\"33013\">\n<div class=\"screen-reader-response\"><p role=\"status\" aria-live=\"polite\" aria-atomic=\"true\"><\/p> <ul><\/ul><\/div>\n<form action=\"\/inn-lab\/wp-json\/wp\/v2\/pages\/32948#wpcf7-f33013-o1\" method=\"post\" class=\"wpcf7-form init gem-contact-form-white\" aria-label=\"Contact form\" novalidate=\"novalidate\" data-status=\"init\">\n<fieldset class=\"hidden-fields-container\"><legend class=\"screen-reader-text\">Hidden fields<\/legend><input type=\"hidden\" name=\"_wpcf7\" value=\"33013\" \/><input type=\"hidden\" name=\"_wpcf7_version\" value=\"6.1.5\" \/><input type=\"hidden\" name=\"_wpcf7_locale\" value=\"en_US\" \/><input type=\"hidden\" name=\"_wpcf7_unit_tag\" value=\"wpcf7-f33013-o1\" \/><input type=\"hidden\" name=\"_wpcf7_container_post\" value=\"0\" \/><input type=\"hidden\" name=\"_wpcf7_posted_data_hash\" value=\"\" \/>\n<\/fieldset>\n<div class=\"contact-form-style-3\">\n\n<p class=\"col-md-4 cf-style3-name\"><span class=\"wpcf7-form-control-wrap\" data-name=\"nombre\"><input size=\"40\" maxlength=\"400\" class=\"wpcf7-form-control wpcf7-text wpcf7-validates-as-required\" aria-required=\"true\" aria-invalid=\"false\" placeholder=\"Name*\" value=\"\" type=\"text\" name=\"nombre\" \/><\/span><\/p>\n<p class=\"col-md-4 cf-style3-email\"><span class=\"wpcf7-form-control-wrap\" data-name=\"email\"><input size=\"40\" maxlength=\"400\" class=\"wpcf7-form-control wpcf7-email wpcf7-validates-as-required wpcf7-text wpcf7-validates-as-email\" aria-required=\"true\" aria-invalid=\"false\" placeholder=\"Email*\" value=\"\" type=\"email\" name=\"email\" \/><\/span><\/p>\n<p class=\"col-md-4 cf-style3-website\"><span class=\"wpcf7-form-control-wrap\" data-name=\"asunto\"><input size=\"40\" maxlength=\"400\" class=\"wpcf7-form-control wpcf7-text wpcf7-validates-as-required\" aria-required=\"true\" aria-invalid=\"false\" placeholder=\"Subject*\" value=\"\" type=\"text\" name=\"asunto\" \/><\/span><\/p>\n<p class=\"col-md-12 cf-style3-textarea\"><span class=\"wpcf7-form-control-wrap\" data-name=\"Mensaje\"><textarea cols=\"40\" rows=\"10\" maxlength=\"2000\" class=\"wpcf7-form-control wpcf7-textarea wpcf7-validates-as-required\" aria-required=\"true\" aria-invalid=\"false\" placeholder=\"Message*\" name=\"Mensaje\"><\/textarea><\/span><\/p>\n<p class=\"col-md-12\" ><div class=\"gem-button-container gem-button-position-inline thegem-button-69f603af03eb77334\"  ><input class=\"gem-button gem-button-size-small gem-button-style-flat gem-button-text-weight-normal wpcf7-form-control wpcf7-submit has-spinner gem-button-wpcf-custom\" data-ll-effect=\"drop-right-without-wrap\" style=\"border-radius: 0px;\" onmouseleave=\"\" onmouseenter=\"\" id=\"\" tabindex=\"\" type=\"submit\" value=\"Send Message\" \/><\/div>\n<\/div><p style=\"display: none !important;\" class=\"akismet-fields-container\" data-prefix=\"_wpcf7_ak_\"><label>&#916;<textarea name=\"_wpcf7_ak_hp_textarea\" cols=\"45\" rows=\"8\" maxlength=\"100\"><\/textarea><\/label><input type=\"hidden\" id=\"ak_js_1\" name=\"_wpcf7_ak_js\" value=\"4\"\/><script type=\"text\/javascript\">\n\/* <![CDATA[ *\/\ndocument.getElementById( \"ak_js_1\" ).setAttribute( \"value\", ( new Date() ).getTime() );\n\/* ]]> *\/\n<\/script>\n<\/p><div class=\"wpcf7-response-output\" aria-hidden=\"true\"><\/div>\n<\/form>\n<\/div>\n[\/vc_column][\/vc_row]<\/p>\n<\/div>","protected":false},"excerpt":{"rendered":"<p>[vc_row full_width=\u00bbstretch_row_content\u00bb css=\u00bb.vc_custom_1645437436842{margin-bottom: 0px !important;}\u00bb][vc_column width=\u00bb1\/3&#8243; css=\u00bb.vc_custom_1458288953619{padding-right: 60px !important;padding-left: 60px !important;}\u00bb][vc_column_text] INN-LAB es un Centro Propio de Investigaci\u00f3n de la&#8230;<\/p>\n","protected":false},"author":1,"featured_media":0,"parent":0,"menu_order":0,"comment_status":"closed","ping_status":"closed","template":"","meta":{"_acf_changed":false,"inline_featured_image":false,"footnotes":""},"class_list":["post-32948","page","type-page","status-publish"],"acf":[],"_links":{"self":[{"href":"https:\/\/www.upo.es\/inn-lab\/wp-json\/wp\/v2\/pages\/32948","targetHints":{"allow":["GET"]}}],"collection":[{"href":"https:\/\/www.upo.es\/inn-lab\/wp-json\/wp\/v2\/pages"}],"about":[{"href":"https:\/\/www.upo.es\/inn-lab\/wp-json\/wp\/v2\/types\/page"}],"author":[{"embeddable":true,"href":"https:\/\/www.upo.es\/inn-lab\/wp-json\/wp\/v2\/users\/1"}],"replies":[{"embeddable":true,"href":"https:\/\/www.upo.es\/inn-lab\/wp-json\/wp\/v2\/comments?post=32948"}],"version-history":[{"count":3,"href":"https:\/\/www.upo.es\/inn-lab\/wp-json\/wp\/v2\/pages\/32948\/revisions"}],"predecessor-version":[{"id":33014,"href":"https:\/\/www.upo.es\/inn-lab\/wp-json\/wp\/v2\/pages\/32948\/revisions\/33014"}],"wp:attachment":[{"href":"https:\/\/www.upo.es\/inn-lab\/wp-json\/wp\/v2\/media?parent=32948"}],"curies":[{"name":"wp","href":"https:\/\/api.w.org\/{rel}","templated":true}]}}