{"id":32956,"date":"2022-09-25T17:39:28","date_gmt":"2022-09-25T17:39:28","guid":{"rendered":"https:\/\/www.upo.es\/inn-lab\/?page_id=32956"},"modified":"2022-09-25T17:39:28","modified_gmt":"2022-09-25T17:39:28","slug":"people","status":"publish","type":"page","link":"https:\/\/www.upo.es\/inn-lab\/en\/people\/","title":{"rendered":"People"},"content":{"rendered":"<div class=\"wpb-content-wrapper\"><p>[vc_row][vc_column][vc_column_text]<div class='tgr-team' data-id='32612' data-options='{\"id\":\"32612\",\"showTitle\":false,\"layout\":{\"columns\":4},\"className\":\" my-custom-team\",\"responsiveBy\":\"window\",\"displayer\":{\"type\":\"popup\"}}'><div class='tgr-box-wrapper tgr-anim-zoom-images tgr-displayer-popup tgr-layout-1 tgr-layout-type-grid'><div class='tgr-box'><div class='tgr-box-inner tgr-grid tgr-grid-4-col'><div class='tgr-item tgr-grid-item' data-id='32462' data-index='0' data-filters='miembros'><div class='tgr-item-inner tgr-animate-social-icons'><figure class='tgr-figure'><div class='tgr-item-image'><img class='tgr-img' src='https:\/\/www.upo.es\/inn-lab\/wp-content\/uploads\/2022\/02\/1618223061930-300x300.jpg' alt='Ana P\u00e9rez-Lu\u00f1o Robledo'><div class='tgr-item-header'><div class='tgr-item-title'><h3>Ana P\u00e9rez-Lu\u00f1o Robledo<\/h3><\/div><div class='tgr-item-subtitle'><h4>Coordinadora<\/h4><\/div><\/div><ul class='tgr-item-social'><li><a href='https:\/\/es.linkedin.com\/in\/ana-p%C3%A9rez-lu%C3%B1o-45935028' target='_blank' class='tgr-item-link tgr-animation-bounce-in' title=''><i class='tgr-icon-fab tgr-icon-linkedin'><\/i><\/a><\/li><\/ul><div class='tgr-item-desc'><p><\/p><\/div><\/div><figcaption class='tgr-figcaption'><div class='tgr-item-header'><div class='tgr-item-title'><h3>Ana P\u00e9rez-Lu\u00f1o Robledo<\/h3><\/div><div class='tgr-item-subtitle'><h4>Coordinadora<\/h4><\/div><\/div><ul class='tgr-item-social'><li><a href='https:\/\/es.linkedin.com\/in\/ana-p%C3%A9rez-lu%C3%B1o-45935028' target='_blank' class='tgr-item-link tgr-animation-bounce-in' title=''><i class='tgr-icon-fab tgr-icon-linkedin'><\/i><\/a><\/li><\/ul><div class='tgr-item-desc'><p><\/p><\/div><\/figcaption><\/figure><\/div><\/div><div class='tgr-item tgr-grid-item' data-id='32469' data-index='1' data-filters='miembros'><div class='tgr-item-inner tgr-animate-social-icons'><figure class='tgr-figure'><div class='tgr-item-image'><img class='tgr-img' src='https:\/\/www.upo.es\/inn-lab\/wp-content\/uploads\/2022\/02\/1541412716460-300x300.jpg' alt='Antonio Carmona Lavado'><div class='tgr-item-header'><div class='tgr-item-title'><h3>Antonio Carmona Lavado<\/h3><\/div><div class='tgr-item-subtitle'><h4><\/h4><\/div><\/div><ul class='tgr-item-social'><li><a href='https:\/\/www.linkedin.com\/in\/antonio-carmona-lavado-335409168' target='_blank' class='tgr-item-link tgr-animation-bounce-in' title=''><i class='tgr-icon-fab tgr-icon-linkedin'><\/i><\/a><\/li><\/ul><div class='tgr-item-desc'><p><\/p><\/div><\/div><figcaption class='tgr-figcaption'><div class='tgr-item-header'><div class='tgr-item-title'><h3>Antonio Carmona Lavado<\/h3><\/div><div class='tgr-item-subtitle'><h4><\/h4><\/div><\/div><ul class='tgr-item-social'><li><a href='https:\/\/www.linkedin.com\/in\/antonio-carmona-lavado-335409168' target='_blank' class='tgr-item-link tgr-animation-bounce-in' title=''><i class='tgr-icon-fab tgr-icon-linkedin'><\/i><\/a><\/li><\/ul><div class='tgr-item-desc'><p><\/p><\/div><\/figcaption><\/figure><\/div><\/div><div class='tgr-item tgr-grid-item' data-id='32405' data-index='2' data-filters='colaboradores'><div class='tgr-item-inner tgr-animate-social-icons'><figure class='tgr-figure'><div class='tgr-item-image'><img class='tgr-img' src='https:\/\/www.upo.es\/inn-lab\/wp-content\/uploads\/2022\/02\/ico-team-300x300.png' alt='Antonio O. Mart\u00edn Mart\u00edn'><div class='tgr-item-header'><div class='tgr-item-title'><h3>Antonio O. Mart\u00edn Mart\u00edn<\/h3><\/div><div class='tgr-item-subtitle'><h4><\/h4><\/div><\/div><ul class='tgr-item-social'><\/ul><div class='tgr-item-desc'><p><\/p><\/div><\/div><figcaption class='tgr-figcaption'><div class='tgr-item-header'><div class='tgr-item-title'><h3>Antonio O. Mart\u00edn Mart\u00edn<\/h3><\/div><div class='tgr-item-subtitle'><h4><\/h4><\/div><\/div><ul class='tgr-item-social'><\/ul><div class='tgr-item-desc'><p><\/p><\/div><\/figcaption><\/figure><\/div><\/div><div class='tgr-item tgr-grid-item' data-id='32411' data-index='3' data-filters='tecnico'><div class='tgr-item-inner tgr-animate-social-icons'><figure class='tgr-figure'><div class='tgr-item-image'><img class='tgr-img' src='https:\/\/www.upo.es\/inn-lab\/wp-content\/uploads\/2022\/02\/Foto-CV-aidacubo-300x300.jpg' alt='A\u00edda del Cubo Molina'><div class='tgr-item-header'><div class='tgr-item-title'><h3>A\u00edda del Cubo Molina<\/h3><\/div><div class='tgr-item-subtitle'><h4><\/h4><\/div><\/div><ul class='tgr-item-social'><li><a href='https:\/\/www.linkedin.com\/in\/a%C3%ADda-del-cubo-75511b69\/' target='_blank' class='tgr-item-link tgr-animation-bounce-in' title=''><i class='tgr-icon-fab tgr-icon-linkedin'><\/i><\/a><\/li><\/ul><div class='tgr-item-desc'><p><\/p><\/div><\/div><figcaption class='tgr-figcaption'><div class='tgr-item-header'><div class='tgr-item-title'><h3>A\u00edda del Cubo Molina<\/h3><\/div><div class='tgr-item-subtitle'><h4><\/h4><\/div><\/div><ul class='tgr-item-social'><li><a href='https:\/\/www.linkedin.com\/in\/a%C3%ADda-del-cubo-75511b69\/' target='_blank' class='tgr-item-link tgr-animation-bounce-in' title=''><i class='tgr-icon-fab tgr-icon-linkedin'><\/i><\/a><\/li><\/ul><div class='tgr-item-desc'><p><\/p><\/div><\/figcaption><\/figure><\/div><\/div><div class='tgr-item tgr-grid-item' data-id='32399' data-index='4' data-filters='miembros'><div class='tgr-item-inner tgr-animate-social-icons'><figure class='tgr-figure'><div class='tgr-item-image'><img class='tgr-img' src='https:\/\/www.upo.es\/inn-lab\/wp-content\/uploads\/2026\/04\/Fran_rincon-300x300.jpg' alt='Francisco Rinc\u00f3n Rold\u00e1n'><div class='tgr-item-header'><div class='tgr-item-title'><h3>Francisco Rinc\u00f3n Rold\u00e1n<\/h3><\/div><div class='tgr-item-subtitle'><h4><\/h4><\/div><\/div><ul class='tgr-item-social'><li><a href='https:\/\/www.linkedin.com\/in\/fran-rinc%C3%B3n-rold%C3%A1n-1a81b627\/' target='_blank' class='tgr-item-link tgr-animation-bounce-in' title=''><i class='tgr-icon-fab tgr-icon-linkedin'><\/i><\/a><\/li><\/ul><div class='tgr-item-desc'><p><\/p><\/div><\/div><figcaption class='tgr-figcaption'><div class='tgr-item-header'><div class='tgr-item-title'><h3>Francisco Rinc\u00f3n Rold\u00e1n<\/h3><\/div><div class='tgr-item-subtitle'><h4><\/h4><\/div><\/div><ul class='tgr-item-social'><li><a href='https:\/\/www.linkedin.com\/in\/fran-rinc%C3%B3n-rold%C3%A1n-1a81b627\/' target='_blank' class='tgr-item-link tgr-animation-bounce-in' title=''><i class='tgr-icon-fab tgr-icon-linkedin'><\/i><\/a><\/li><\/ul><div class='tgr-item-desc'><p><\/p><\/div><\/figcaption><\/figure><\/div><\/div><div class='tgr-item tgr-grid-item' data-id='32398' data-index='5' data-filters='miembros'><div class='tgr-item-inner tgr-animate-social-icons'><figure class='tgr-figure'><div class='tgr-item-image'><img class='tgr-img' src='https:\/\/www.upo.es\/inn-lab\/wp-content\/uploads\/2026\/04\/Joaquin-Garcia-Cruz-300x300.jpg' alt='Joaqu\u00edn Garc\u00eda Cruz'><div class='tgr-item-header'><div class='tgr-item-title'><h3>Joaqu\u00edn Garc\u00eda Cruz<\/h3><\/div><div class='tgr-item-subtitle'><h4><\/h4><\/div><\/div><ul class='tgr-item-social'><li><a href='https:\/\/www.linkedin.com\/in\/joaqu%C3%ADn-garc%C3%ADa-cruz-upo-4a5a4a29\/' target='_blank' class='tgr-item-link tgr-animation-bounce-in' title=''><i class='tgr-icon-fab tgr-icon-linkedin'><\/i><\/a><\/li><\/ul><div class='tgr-item-desc'><p><\/p><\/div><\/div><figcaption class='tgr-figcaption'><div class='tgr-item-header'><div class='tgr-item-title'><h3>Joaqu\u00edn Garc\u00eda Cruz<\/h3><\/div><div class='tgr-item-subtitle'><h4><\/h4><\/div><\/div><ul class='tgr-item-social'><li><a href='https:\/\/www.linkedin.com\/in\/joaqu%C3%ADn-garc%C3%ADa-cruz-upo-4a5a4a29\/' target='_blank' class='tgr-item-link tgr-animation-bounce-in' title=''><i class='tgr-icon-fab tgr-icon-linkedin'><\/i><\/a><\/li><\/ul><div class='tgr-item-desc'><p><\/p><\/div><\/figcaption><\/figure><\/div><\/div><div class='tgr-item tgr-grid-item' data-id='32402' data-index='6' data-filters='colaboradores'><div class='tgr-item-inner tgr-animate-social-icons'><figure class='tgr-figure'><div class='tgr-item-image'><img class='tgr-img' src='https:\/\/www.upo.es\/inn-lab\/wp-content\/uploads\/2022\/02\/ico-team-300x300.png' alt='Juan Carlos Rivera Prieto'><div class='tgr-item-header'><div class='tgr-item-title'><h3>Juan Carlos Rivera Prieto<\/h3><\/div><div class='tgr-item-subtitle'><h4><\/h4><\/div><\/div><ul class='tgr-item-social'><\/ul><div class='tgr-item-desc'><p><\/p><\/div><\/div><figcaption class='tgr-figcaption'><div class='tgr-item-header'><div class='tgr-item-title'><h3>Juan Carlos Rivera Prieto<\/h3><\/div><div class='tgr-item-subtitle'><h4><\/h4><\/div><\/div><ul class='tgr-item-social'><\/ul><div class='tgr-item-desc'><p><\/p><\/div><\/figcaption><\/figure><\/div><\/div><div class='tgr-item tgr-grid-item' data-id='32397' data-index='7' data-filters='colaboradores, miembros'><div class='tgr-item-inner tgr-animate-social-icons'><figure class='tgr-figure'><div class='tgr-item-image'><img class='tgr-img' src='https:\/\/www.upo.es\/inn-lab\/wp-content\/uploads\/2026\/04\/Mirta-Diaz-Fernandez-300x300.jpg' alt='Mirta D\u00edaz Fern\u00e1ndez'><div class='tgr-item-header'><div class='tgr-item-title'><h3>Mirta D\u00edaz Fern\u00e1ndez<\/h3><\/div><div class='tgr-item-subtitle'><h4><\/h4><\/div><\/div><ul class='tgr-item-social'><li><a href='https:\/\/www.linkedin.com\/in\/mirta-diaz-fernandez-02296b51\/' target='_blank' class='tgr-item-link tgr-animation-bounce-in' title=''><i class='tgr-icon-fab tgr-icon-linkedin'><\/i><\/a><\/li><\/ul><div class='tgr-item-desc'><p><\/p><\/div><\/div><figcaption class='tgr-figcaption'><div class='tgr-item-header'><div class='tgr-item-title'><h3>Mirta D\u00edaz Fern\u00e1ndez<\/h3><\/div><div class='tgr-item-subtitle'><h4><\/h4><\/div><\/div><ul class='tgr-item-social'><li><a href='https:\/\/www.linkedin.com\/in\/mirta-diaz-fernandez-02296b51\/' target='_blank' class='tgr-item-link tgr-animation-bounce-in' title=''><i class='tgr-icon-fab tgr-icon-linkedin'><\/i><\/a><\/li><\/ul><div class='tgr-item-desc'><p><\/p><\/div><\/figcaption><\/figure><\/div><\/div><div class='tgr-item tgr-grid-item' data-id='32404' data-index='8' data-filters='colaboradores'><div class='tgr-item-inner tgr-animate-social-icons'><figure class='tgr-figure'><div class='tgr-item-image'><img class='tgr-img' src='https:\/\/www.upo.es\/inn-lab\/wp-content\/uploads\/2026\/04\/mDolores.jpg' alt='M\u00aa Dolores de la Rosa Navarro'><div class='tgr-item-header'><div class='tgr-item-title'><h3>M\u00aa Dolores de la Rosa Navarro<\/h3><\/div><div class='tgr-item-subtitle'><h4><\/h4><\/div><\/div><ul class='tgr-item-social'><\/ul><div class='tgr-item-desc'><p><\/p><\/div><\/div><figcaption class='tgr-figcaption'><div class='tgr-item-header'><div class='tgr-item-title'><h3>M\u00aa Dolores de la Rosa Navarro<\/h3><\/div><div class='tgr-item-subtitle'><h4><\/h4><\/div><\/div><ul class='tgr-item-social'><\/ul><div class='tgr-item-desc'><p><\/p><\/div><\/figcaption><\/figure><\/div><\/div><div class='tgr-item tgr-grid-item' data-id='32400' data-index='9' data-filters='colaboradores'><div class='tgr-item-inner tgr-animate-social-icons'><figure class='tgr-figure'><div class='tgr-item-image'><img class='tgr-img' src='https:\/\/www.upo.es\/inn-lab\/wp-content\/uploads\/2022\/02\/ico-team-300x300.png' alt='Rocio Aguilar Caro'><div class='tgr-item-header'><div class='tgr-item-title'><h3>Rocio Aguilar Caro<\/h3><\/div><div class='tgr-item-subtitle'><h4><\/h4><\/div><\/div><ul class='tgr-item-social'><\/ul><div class='tgr-item-desc'><p><\/p><\/div><\/div><figcaption class='tgr-figcaption'><div class='tgr-item-header'><div class='tgr-item-title'><h3>Rocio Aguilar Caro<\/h3><\/div><div class='tgr-item-subtitle'><h4><\/h4><\/div><\/div><ul class='tgr-item-social'><\/ul><div class='tgr-item-desc'><p><\/p><\/div><\/figcaption><\/figure><\/div><\/div><div class='tgr-item tgr-grid-item' data-id='32479' data-index='10' data-filters='miembros'><div class='tgr-item-inner tgr-animate-social-icons'><figure class='tgr-figure'><div class='tgr-item-image'><img class='tgr-img' src='https:\/\/www.upo.es\/inn-lab\/wp-content\/uploads\/2022\/02\/1606941085944-300x300.jpg' alt='Susana Pasamar Reyes'><div class='tgr-item-header'><div class='tgr-item-title'><h3>Susana Pasamar Reyes<\/h3><\/div><div class='tgr-item-subtitle'><h4><\/h4><\/div><\/div><ul class='tgr-item-social'><li><a href='https:\/\/es.linkedin.com\/in\/susana-pasamar-8b539b49' target='_blank' class='tgr-item-link tgr-animation-bounce-in' title=''><i class='tgr-icon-fab tgr-icon-linkedin'><\/i><\/a><\/li><\/ul><div class='tgr-item-desc'><p><\/p><\/div><\/div><figcaption class='tgr-figcaption'><div class='tgr-item-header'><div class='tgr-item-title'><h3>Susana Pasamar Reyes<\/h3><\/div><div class='tgr-item-subtitle'><h4><\/h4><\/div><\/div><ul class='tgr-item-social'><li><a href='https:\/\/es.linkedin.com\/in\/susana-pasamar-8b539b49' target='_blank' class='tgr-item-link tgr-animation-bounce-in' title=''><i class='tgr-icon-fab tgr-icon-linkedin'><\/i><\/a><\/li><\/ul><div class='tgr-item-desc'><p><\/p><\/div><\/figcaption><\/figure><\/div><\/div><div class='tgr-item tgr-grid-item' data-id='32481' data-index='11' data-filters='miembros'><div class='tgr-item-inner tgr-animate-social-icons'><figure class='tgr-figure'><div class='tgr-item-image'><img class='tgr-img' src='https:\/\/www.upo.es\/inn-lab\/wp-content\/uploads\/2022\/02\/1598972440947-300x300.jpg' alt='\u00c1lvaro L\u00f3pez Cabrales'><div class='tgr-item-header'><div class='tgr-item-title'><h3>\u00c1lvaro L\u00f3pez Cabrales<\/h3><\/div><div class='tgr-item-subtitle'><h4><\/h4><\/div><\/div><ul class='tgr-item-social'><li><a href='https:\/\/www.linkedin.com\/in\/alvaro-lopez-cabrales-61aa83114\/' target='_blank' class='tgr-item-link tgr-animation-bounce-in' title=''><i class='tgr-icon-fab tgr-icon-linkedin'><\/i><\/a><\/li><\/ul><div class='tgr-item-desc'><p><\/p><\/div><\/div><figcaption class='tgr-figcaption'><div class='tgr-item-header'><div class='tgr-item-title'><h3>\u00c1lvaro L\u00f3pez Cabrales<\/h3><\/div><div class='tgr-item-subtitle'><h4><\/h4><\/div><\/div><ul class='tgr-item-social'><li><a href='https:\/\/www.linkedin.com\/in\/alvaro-lopez-cabrales-61aa83114\/' target='_blank' class='tgr-item-link tgr-animation-bounce-in' title=''><i class='tgr-icon-fab tgr-icon-linkedin'><\/i><\/a><\/li><\/ul><div class='tgr-item-desc'><p><\/p><\/div><\/figcaption><\/figure><\/div><\/div><\/div><\/div><\/div><\/div>[\/vc_column_text][\/vc_column][\/vc_row]<\/p>\n<\/div>","protected":false},"excerpt":{"rendered":"<p>[vc_row][vc_column][vc_column_text][\/vc_column_text][\/vc_column][\/vc_row]<\/p>\n","protected":false},"author":1,"featured_media":0,"parent":0,"menu_order":0,"comment_status":"closed","ping_status":"closed","template":"","meta":{"_acf_changed":false,"inline_featured_image":false,"footnotes":""},"class_list":["post-32956","page","type-page","status-publish"],"acf":[],"_links":{"self":[{"href":"https:\/\/www.upo.es\/inn-lab\/wp-json\/wp\/v2\/pages\/32956","targetHints":{"allow":["GET"]}}],"collection":[{"href":"https:\/\/www.upo.es\/inn-lab\/wp-json\/wp\/v2\/pages"}],"about":[{"href":"https:\/\/www.upo.es\/inn-lab\/wp-json\/wp\/v2\/types\/page"}],"author":[{"embeddable":true,"href":"https:\/\/www.upo.es\/inn-lab\/wp-json\/wp\/v2\/users\/1"}],"replies":[{"embeddable":true,"href":"https:\/\/www.upo.es\/inn-lab\/wp-json\/wp\/v2\/comments?post=32956"}],"version-history":[{"count":1,"href":"https:\/\/www.upo.es\/inn-lab\/wp-json\/wp\/v2\/pages\/32956\/revisions"}],"predecessor-version":[{"id":32957,"href":"https:\/\/www.upo.es\/inn-lab\/wp-json\/wp\/v2\/pages\/32956\/revisions\/32957"}],"wp:attachment":[{"href":"https:\/\/www.upo.es\/inn-lab\/wp-json\/wp\/v2\/media?parent=32956"}],"curies":[{"name":"wp","href":"https:\/\/api.w.org\/{rel}","templated":true}]}}