{"id":32964,"date":"2022-09-25T17:49:01","date_gmt":"2022-09-25T17:49:01","guid":{"rendered":"https:\/\/www.upo.es\/inn-lab\/?page_id=32964"},"modified":"2022-12-12T18:11:11","modified_gmt":"2022-12-12T18:11:11","slug":"project","status":"publish","type":"page","link":"https:\/\/www.upo.es\/inn-lab\/en\/project\/","title":{"rendered":"Project"},"content":{"rendered":"<div class=\"wpb-content-wrapper\"><p>[vc_row][vc_column]<div class=\"clearboth\"><\/div><style>#thegem-divider-69f76e3bd5f00 {margin-top: 80px !important;}<\/style><div id=\"thegem-divider-69f76e3bd5f00\" class=\"gem-divider  \" style=\"\" ><\/div><div id=\"style-88e0fd3\" data-style-uid=\"88e0fd3\" class=\"blog blog-style-justified-3x justified-style-2 inline-row clearfix item-animation-move-up pagination-normal\" data-next-page=\"2\" data-pages-count=\"2\">\n<article id=\"post-33548\" class=\"col-lg-4 col-md-4 col-sm-6 col-xs-6 inline-column item-animations-not-inited post-33548 post type-post status-publish format-standard has-post-thumbnail category-projects\"> <div class=\"post-content-wrapper\" style=\"\"> <div class=\"post-image\"><div class=\"post-featured-content\"><a href=\"https:\/\/www.upo.es\/inn-lab\/en\/serious-games-for-digital-transformation-in-urban-resilience\/\"> <picture> <img src=\"https:\/\/www.upo.es\/inn-lab\/wp-content\/uploads\/2025\/07\/architecture-3344789_1280-thegem-blog-justified.jpg\" width=\"640\" height=\"480\" class=\"img-responsive\" alt=\"architecture-3344789_1280\" \/> <\/picture> <\/a><\/div><\/div> <div class=\"description\"> <div class=\"post-meta-conteiner\"> <div class=\"post-meta-right\"> <\/div> <\/div> <div class=\"post-title\"> <\/div> <div class=\"post-text\"> <div class=\"summary\"> <p>Serious Games for Digital Transformation in Urban Resilience<\/p> <\/div> <\/div> <div class=\"info clearfix\"> <div class=\"post-read-more\"><div class=\"gem-button-container gem-button-position-inline thegem-button-69f76e3bd88467124\" ><a class=\"gem-button gem-button-size-tiny gem-button-style-outline gem-button-text-weight-normal gem-button-border-2\" data-ll-effect=\"drop-right-without-wrap\" style=\"border-radius: 3px;\" onmouseleave=\"\" onmouseenter=\"\" href=\"https:\/\/www.upo.es\/inn-lab\/en\/serious-games-for-digital-transformation-in-urban-resilience\/\" target=\"_self\">Leer M\u00e1s<\/a><\/div> <\/div> <\/div> <\/div> <\/div>\n<\/article> <article id=\"post-33540\" class=\"col-lg-4 col-md-4 col-sm-6 col-xs-6 inline-column item-animations-not-inited post-33540 post type-post status-publish format-standard has-post-thumbnail category-projects\"> <div class=\"post-content-wrapper\" style=\"\"> <div class=\"post-image\"><div class=\"post-featured-content\"><a href=\"https:\/\/www.upo.es\/inn-lab\/en\/strategies-to-address-the-consumption-habits-of-energy-drinks-and-electronic-cigarettes-among-minors-in-andalusia\/\"> <picture> <img src=\"https:\/\/www.upo.es\/inn-lab\/wp-content\/uploads\/2025\/07\/gentleman-blowing-ecig-vapor-3582839_1280-thegem-blog-justified.jpg\" width=\"640\" height=\"480\" class=\"img-responsive\" alt=\"gentleman-blowing-ecig-vapor-3582839_1280\" \/> <\/picture> <\/a><\/div><\/div> <div class=\"description\"> <div class=\"post-meta-conteiner\"> <div class=\"post-meta-right\"> <\/div> <\/div> <div class=\"post-title\"> <\/div> <div class=\"post-text\"> <div class=\"summary\"> <p>Strategies to address the consumption habits of energy drinks and electronic cigarettes among minors in Andalusia<\/p> <\/div> <\/div> <div class=\"info clearfix\"> <div class=\"post-read-more\"><div class=\"gem-button-container gem-button-position-inline thegem-button-69f76e3bd97f38203\" ><a class=\"gem-button gem-button-size-tiny gem-button-style-outline gem-button-text-weight-normal gem-button-border-2\" data-ll-effect=\"drop-right-without-wrap\" style=\"border-radius: 3px;\" onmouseleave=\"\" onmouseenter=\"\" href=\"https:\/\/www.upo.es\/inn-lab\/en\/strategies-to-address-the-consumption-habits-of-energy-drinks-and-electronic-cigarettes-among-minors-in-andalusia\/\" target=\"_self\">Leer M\u00e1s<\/a><\/div> <\/div> <\/div> <\/div> <\/div>\n<\/article> <article id=\"post-33506\" class=\"col-lg-4 col-md-4 col-sm-6 col-xs-6 inline-column item-animations-not-inited post-33506 post type-post status-publish format-standard has-post-thumbnail category-projects\"> <div class=\"post-content-wrapper\" style=\"\"> <div class=\"post-image\"><div class=\"post-featured-content\"><a href=\"https:\/\/www.upo.es\/inn-lab\/en\/accelerating-innovation-and-entrepreneurial-excellence-in-higher-education-institutes-accent\/\"> <picture> <img src=\"https:\/\/www.upo.es\/inn-lab\/wp-content\/uploads\/2024\/06\/people-6027028_1280-thegem-blog-justified.jpg\" width=\"640\" height=\"480\" class=\"img-responsive\" alt=\"people-6027028_1280\" \/> <\/picture> <\/a><\/div><\/div> <div class=\"description\"> <div class=\"post-meta-conteiner\"> <div class=\"post-meta-right\"> <\/div> <\/div> <div class=\"post-title\"> <\/div> <div class=\"post-text\"> <div class=\"summary\"> <p>Accelerating innovation and entrepreneurial excellence in higher education institutes (AccEnt)<\/p> <\/div> <\/div> <div class=\"info clearfix\"> <div class=\"post-read-more\"><div class=\"gem-button-container gem-button-position-inline thegem-button-69f76e3bda6941679\" ><a class=\"gem-button gem-button-size-tiny gem-button-style-outline gem-button-text-weight-normal gem-button-border-2\" data-ll-effect=\"drop-right-without-wrap\" style=\"border-radius: 3px;\" onmouseleave=\"\" onmouseenter=\"\" href=\"https:\/\/www.upo.es\/inn-lab\/en\/accelerating-innovation-and-entrepreneurial-excellence-in-higher-education-institutes-accent\/\" target=\"_self\">Leer M\u00e1s<\/a><\/div> <\/div> <\/div> <\/div> <\/div>\n<\/article> <article id=\"post-33595\" class=\"col-lg-4 col-md-4 col-sm-6 col-xs-6 inline-column item-animations-not-inited post-33595 post type-post status-publish format-standard has-post-thumbnail category-projects\"> <div class=\"post-content-wrapper\" style=\"\"> <div class=\"post-image\"><div class=\"post-featured-content\"><a href=\"https:\/\/www.upo.es\/inn-lab\/en\/33595-2\/\"> <picture> <img src=\"https:\/\/www.upo.es\/inn-lab\/wp-content\/uploads\/2025\/07\/thermometer-4295884_1280-thegem-blog-justified.jpg\" width=\"640\" height=\"480\" class=\"img-responsive\" alt=\"thermometer-4295884_1280\" \/> <\/picture> <\/a><\/div><\/div> <div class=\"description\"> <div class=\"post-meta-conteiner\"> <div class=\"post-meta-right\"> <\/div> <\/div> <div class=\"post-title\"> <\/div> <div class=\"post-text\"> <div class=\"summary\"> <p>Studying symbiotic scenarios linking heritage assets and green areas to prepare historic cities to fase climate changes. <\/p> <\/div> <\/div> <div class=\"info clearfix\"> <div class=\"post-read-more\"><div class=\"gem-button-container gem-button-position-inline thegem-button-69f76e3bdb56e8541\" ><a class=\"gem-button gem-button-size-tiny gem-button-style-outline gem-button-text-weight-normal gem-button-border-2\" data-ll-effect=\"drop-right-without-wrap\" style=\"border-radius: 3px;\" onmouseleave=\"\" onmouseenter=\"\" href=\"https:\/\/www.upo.es\/inn-lab\/en\/33595-2\/\" target=\"_self\">Leer M\u00e1s<\/a><\/div> <\/div> <\/div> <\/div> <\/div>\n<\/article> <article id=\"post-33584\" class=\"col-lg-4 col-md-4 col-sm-6 col-xs-6 inline-column item-animations-not-inited post-33584 post type-post status-publish format-standard has-post-thumbnail category-projects\"> <div class=\"post-content-wrapper\" style=\"\"> <div class=\"post-image\"><div class=\"post-featured-content\"><a href=\"https:\/\/www.upo.es\/inn-lab\/en\/pid2022-140732nb-i0-minciu-2\/\"> <picture> <img src=\"https:\/\/www.upo.es\/inn-lab\/wp-content\/uploads\/2025\/07\/stairs-6133971_1280-thegem-blog-justified.jpg\" width=\"640\" height=\"480\" class=\"img-responsive\" alt=\"stairs-6133971_1280\" \/> <\/picture> <\/a><\/div><\/div> <div class=\"description\"> <div class=\"post-meta-conteiner\"> <div class=\"post-meta-right\"> <\/div> <\/div> <div class=\"post-title\"> <div class=\"entry-title title-h4\"><a href=\"https:\/\/www.upo.es\/inn-lab\/en\/pid2022-140732nb-i0-minciu-2\/\" rel=\"bookmark\"><span class=\"light\">PID2022-140732NB-I0 (MINCIU)<\/span><\/a><\/div> <\/div> <div class=\"post-text\"> <div class=\"summary\"> <p>Rhetorical and substantive signals in the run-up to an initial public offering for ambitious start-ups: communication biases and investor diversity.<\/p> <\/div> <\/div> <div class=\"info clearfix\"> <div class=\"post-read-more\"><div class=\"gem-button-container gem-button-position-inline thegem-button-69f76e3bdc4144004\" ><a class=\"gem-button gem-button-size-tiny gem-button-style-outline gem-button-text-weight-normal gem-button-border-2\" data-ll-effect=\"drop-right-without-wrap\" style=\"border-radius: 3px;\" onmouseleave=\"\" onmouseenter=\"\" href=\"https:\/\/www.upo.es\/inn-lab\/en\/pid2022-140732nb-i0-minciu-2\/\" target=\"_self\">Leer M\u00e1s<\/a><\/div> <\/div> <\/div> <\/div> <\/div>\n<\/article> <article id=\"post-33130\" class=\"col-lg-4 col-md-4 col-sm-6 col-xs-6 inline-column item-animations-not-inited post-33130 post type-post status-publish format-standard has-post-thumbnail category-projects\"> <div class=\"post-content-wrapper\" style=\"\"> <div class=\"post-image\"><div class=\"post-featured-content\"><a href=\"https:\/\/www.upo.es\/inn-lab\/en\/upo-1380839-feder-upo-2\/\"> <picture> <img src=\"https:\/\/www.upo.es\/inn-lab\/wp-content\/uploads\/2022\/04\/computer-motherboard-with-cpu-circuit-board-syste-2021-08-26-16-56-56-utc-thegem-blog-justified.jpg\" width=\"640\" height=\"480\" class=\"img-responsive\" alt=\"computer-motherboard-with-cpu-circuit-board-syste-2021-08-26-16-56-56-utc\" \/> <\/picture> <\/a><\/div><\/div> <div class=\"description\"> <div class=\"post-meta-conteiner\"> <div class=\"post-meta-right\"> <\/div> <\/div> <div class=\"post-title\"> <div class=\"entry-title title-h4\"><a href=\"https:\/\/www.upo.es\/inn-lab\/en\/upo-1380839-feder-upo-2\/\" rel=\"bookmark\"><span class=\"light\">UPO-1380839 FEDER-UPO<\/span><\/a><\/div> <\/div> <div class=\"post-text\"> <div class=\"summary\"> <p>Sistemas de Informaci\u00f3n para la Evaluaci\u00f3n del \u00c9xito de Iniciativas Empresariales Locales<\/p> <\/div> <\/div> <div class=\"info clearfix\"> <div class=\"post-read-more\"><div class=\"gem-button-container gem-button-position-inline thegem-button-69f76e3bdd2949887\" ><a class=\"gem-button gem-button-size-tiny gem-button-style-outline gem-button-text-weight-normal gem-button-border-2\" data-ll-effect=\"drop-right-without-wrap\" style=\"border-radius: 3px;\" onmouseleave=\"\" onmouseenter=\"\" href=\"https:\/\/www.upo.es\/inn-lab\/en\/upo-1380839-feder-upo-2\/\" target=\"_self\">Leer M\u00e1s<\/a><\/div> <\/div> <\/div> <\/div> <\/div>\n<\/article> <article id=\"post-33192\" class=\"col-lg-4 col-md-4 col-sm-6 col-xs-6 inline-column item-animations-not-inited post-33192 post type-post status-publish format-standard has-post-thumbnail category-projects\"> <div class=\"post-content-wrapper\" style=\"\"> <div class=\"post-image\"><div class=\"post-featured-content\"><a href=\"https:\/\/www.upo.es\/inn-lab\/en\/pid2020-118186gb-i00-2\/\"> <picture> <img src=\"https:\/\/www.upo.es\/inn-lab\/wp-content\/uploads\/2022\/02\/esquema-thegem-blog-justified.jpg\" width=\"640\" height=\"480\" class=\"img-responsive\" alt=\"esquema\" \/> <\/picture> <\/a><\/div><\/div> <div class=\"description\"> <div class=\"post-meta-conteiner\"> <div class=\"post-meta-right\"> <\/div> <\/div> <div class=\"post-title\"> <div class=\"entry-title title-h4\"><a href=\"https:\/\/www.upo.es\/inn-lab\/en\/pid2020-118186gb-i00-2\/\" rel=\"bookmark\"><span class=\"light\">PID2020-118186GB-I00<\/span><\/a><\/div> <\/div> <div class=\"post-text\"> <div class=\"summary\"> <p>\u00bfLo que conoces o a quien conoces? Relaciones de la empresa familiar y su efecto en la sostenibilidad.<\/p> <\/div> <\/div> <div class=\"info clearfix\"> <div class=\"post-read-more\"><div class=\"gem-button-container gem-button-position-inline thegem-button-69f76e3bde1019358\" ><a class=\"gem-button gem-button-size-tiny gem-button-style-outline gem-button-text-weight-normal gem-button-border-2\" data-ll-effect=\"drop-right-without-wrap\" style=\"border-radius: 3px;\" onmouseleave=\"\" onmouseenter=\"\" href=\"https:\/\/www.upo.es\/inn-lab\/en\/pid2020-118186gb-i00-2\/\" target=\"_self\">Leer M\u00e1s<\/a><\/div> <\/div> <\/div> <\/div> <\/div>\n<\/article> <article id=\"post-33196\" class=\"col-lg-4 col-md-4 col-sm-6 col-xs-6 inline-column item-animations-not-inited post-33196 post type-post status-publish format-standard has-post-thumbnail category-projects\"> <div class=\"post-content-wrapper\" style=\"\"> <div class=\"post-image\"><div class=\"post-featured-content\"><a href=\"https:\/\/www.upo.es\/inn-lab\/en\/upo-1380723-2\/\"> <picture> <img src=\"https:\/\/www.upo.es\/inn-lab\/wp-content\/uploads\/2022\/02\/sostenibilidad-thegem-blog-justified.jpg\" width=\"640\" height=\"480\" class=\"img-responsive\" alt=\"sostenibilidad\" \/> <\/picture> <\/a><\/div><\/div> <div class=\"description\"> <div class=\"post-meta-conteiner\"> <div class=\"post-meta-right\"> <\/div> <\/div> <div class=\"post-title\"> <div class=\"entry-title title-h4\"><a href=\"https:\/\/www.upo.es\/inn-lab\/en\/upo-1380723-2\/\" rel=\"bookmark\"><span class=\"light\">UPO-1380723<\/span><\/a><\/div> <\/div> <div class=\"post-text\"> <div class=\"summary\"> <p>Redes Organizacionales y Sostenibilidad de la Empresa Familiar<\/p> <\/div> <\/div> <div class=\"info clearfix\"> <div class=\"post-read-more\"><div class=\"gem-button-container gem-button-position-inline thegem-button-69f76e3bdef8b6341\" ><a class=\"gem-button gem-button-size-tiny gem-button-style-outline gem-button-text-weight-normal gem-button-border-2\" data-ll-effect=\"drop-right-without-wrap\" style=\"border-radius: 3px;\" onmouseleave=\"\" onmouseenter=\"\" href=\"https:\/\/www.upo.es\/inn-lab\/en\/upo-1380723-2\/\" target=\"_self\">Leer M\u00e1s<\/a><\/div> <\/div> <\/div> <\/div> <\/div>\n<\/article> <article id=\"post-33202\" class=\"col-lg-4 col-md-4 col-sm-6 col-xs-6 inline-column item-animations-not-inited post-33202 post type-post status-publish format-standard has-post-thumbnail category-projects\"> <div class=\"post-content-wrapper\" style=\"\"> <div class=\"post-image\"><div class=\"post-featured-content\"><a href=\"https:\/\/www.upo.es\/inn-lab\/en\/py20_00878-2021-06-to-2024-0-2\/\"> <picture> <img src=\"https:\/\/www.upo.es\/inn-lab\/wp-content\/uploads\/2022\/02\/olive-oil-in-a-bottle-thegem-blog-justified.jpg\" width=\"640\" height=\"480\" class=\"img-responsive\" alt=\"olive-oil-in-a-bottle\" \/> <\/picture> <\/a><\/div><\/div> <div class=\"description\"> <div class=\"post-meta-conteiner\"> <div class=\"post-meta-right\"> <\/div> <\/div> <div class=\"post-title\"> <div class=\"entry-title title-h4\"><a href=\"https:\/\/www.upo.es\/inn-lab\/en\/py20_00878-2021-06-to-2024-0-2\/\" rel=\"bookmark\"><span class=\"light\">PY20_00878-2021-06 to 2024-0<\/span><\/a><\/div> <\/div> <div class=\"post-text\"> <div class=\"summary\"> <p>Grupos empresariales e internacionalizaci\u00f3n de las empresas aceiteras espa\u00f1olas<\/p> <\/div> <\/div> <div class=\"info clearfix\"> <div class=\"post-read-more\"><div class=\"gem-button-container gem-button-position-inline thegem-button-69f76e3bdfe0d4974\" ><a class=\"gem-button gem-button-size-tiny gem-button-style-outline gem-button-text-weight-normal gem-button-border-2\" data-ll-effect=\"drop-right-without-wrap\" style=\"border-radius: 3px;\" onmouseleave=\"\" onmouseenter=\"\" href=\"https:\/\/www.upo.es\/inn-lab\/en\/py20_00878-2021-06-to-2024-0-2\/\" target=\"_self\">Leer M\u00e1s<\/a><\/div> <\/div> <\/div> <\/div> <\/div>\n<\/article>\n<\/div>\t<div class=\"gem-pagination\"><div class=\"gem-pagination-links\"> <span aria-current=\"page\" class=\"page-numbers current\">1<\/span>\n<a class=\"page-numbers\" href=\"https:\/\/www.upo.es\/inn-lab\/wp-json\/wp\/v2\/pages\/32964\/page\/2\/\">2<\/a>\n<a class=\"next page-numbers\" href=\"https:\/\/www.upo.es\/inn-lab\/wp-json\/wp\/v2\/pages\/32964\/page\/2\/\"><span class=\"screen-reader-text\">Sig.<\/span><\/a>\t<\/div><\/div><!-- .pagination --><div class=\"clearboth\"><\/div><style>#thegem-divider-69f76e3bdffa6 {margin-top: 80px !important;}<\/style><div id=\"thegem-divider-69f76e3bdffa6\" class=\"gem-divider  \" style=\"\" ><\/div>[\/vc_column][\/vc_row]<\/p>\n<\/div>","protected":false},"excerpt":{"rendered":"<p>[vc_row][vc_column][\/vc_column][\/vc_row]<\/p>\n","protected":false},"author":1,"featured_media":0,"parent":0,"menu_order":0,"comment_status":"closed","ping_status":"closed","template":"","meta":{"_acf_changed":false,"inline_featured_image":false,"footnotes":""},"class_list":["post-32964","page","type-page","status-publish"],"acf":[],"_links":{"self":[{"href":"https:\/\/www.upo.es\/inn-lab\/wp-json\/wp\/v2\/pages\/32964","targetHints":{"allow":["GET"]}}],"collection":[{"href":"https:\/\/www.upo.es\/inn-lab\/wp-json\/wp\/v2\/pages"}],"about":[{"href":"https:\/\/www.upo.es\/inn-lab\/wp-json\/wp\/v2\/types\/page"}],"author":[{"embeddable":true,"href":"https:\/\/www.upo.es\/inn-lab\/wp-json\/wp\/v2\/users\/1"}],"replies":[{"embeddable":true,"href":"https:\/\/www.upo.es\/inn-lab\/wp-json\/wp\/v2\/comments?post=32964"}],"version-history":[{"count":2,"href":"https:\/\/www.upo.es\/inn-lab\/wp-json\/wp\/v2\/pages\/32964\/revisions"}],"predecessor-version":[{"id":33131,"href":"https:\/\/www.upo.es\/inn-lab\/wp-json\/wp\/v2\/pages\/32964\/revisions\/33131"}],"wp:attachment":[{"href":"https:\/\/www.upo.es\/inn-lab\/wp-json\/wp\/v2\/media?parent=32964"}],"curies":[{"name":"wp","href":"https:\/\/api.w.org\/{rel}","templated":true}]}}