{"id":18911,"date":"2023-03-07T09:27:34","date_gmt":"2023-03-07T09:27:34","guid":{"rendered":"https:\/\/www.upo.es\/intl\/effective-public-speaking-in-intercultural-contexts\/"},"modified":"2025-02-12T13:31:22","modified_gmt":"2025-02-12T13:31:22","slug":"tecnicas-eficaces-para-hablars-en-publico","status":"publish","type":"page","link":"https:\/\/www.upo.es\/intl\/tecnicas-eficaces-para-hablars-en-publico\/","title":{"rendered":"T\u00e9cnicas Eficaces para hablar en p\u00fablico en contextos interculturales"},"content":{"rendered":"<div class=\"wpb-content-wrapper\"><p>[vc_row][vc_column][vc_single_image image=&#8221;18917&#8243; img_size=&#8221;full&#8221;][vc_empty_space height=&#8221;20px&#8221;][\/vc_column][\/vc_row][vc_row][vc_column width=&#8221;2\/3&#8243;][vc_column_text]<\/p>\n<h2><strong>Descripci\u00f3n<\/strong><\/h2>\n<p>[\/vc_column_text][vc_column_text]Desarrollar las habilidades de comunicaci\u00f3n oral de los estudiantes ha sido una prioridad educativa durante miles de a\u00f1os. Hoy en d\u00eda, en nuestra era digital, sigue siendo una prioridad como habilidad b\u00e1sica. Ser capaz de expresarse de forma efectiva es fundamental para crecer profesionalmente, avanzar personalmente y comprometerse c\u00edvicamente. Adem\u00e1s, debemos estar preparados para hablar tanto en l\u00ednea como en persona. En base a esa necesidad, este curso combina teor\u00eda y pr\u00e1ctica en comunicaci\u00f3n oral para mejorar la efectividad de los estudiantes al hablar en p\u00fablico en el siglo XXI. Vivir en un mundo globalizado y diverso requiere reconocer las caracter\u00edsticas clave de la comunicaci\u00f3n intercultural.[\/vc_column_text][vc_column_text]<\/p>\n<h4><strong>Impartida en ingl\u00e9s <img loading=\"lazy\" class=\"alignnone wp-image-19759\" src=\"https:\/\/www.upo.es\/intl\/wp-content\/uploads\/2024\/01\/uk-square-01.png\" alt=\"\" width=\"32\" height=\"32\" \/><\/strong><\/h4>\n<p>[\/vc_column_text][\/vc_column][vc_column width=&#8221;1\/3&#8243;][vc_single_image image=&#8221;18872&#8243; img_size=&#8221;full&#8221;][\/vc_column][\/vc_row][vc_row][vc_column][vc_column_text]<\/p>\n<h2><strong>Informaci\u00f3n<\/strong><\/h2>\n<p>[\/vc_column_text][\/vc_column][\/vc_row][vc_row u_row_style=&#8221;0&#8243; u_row_paralax=&#8221;0&#8243; u_row_scheme=&#8221;0&#8243;][vc_column width=&#8221;1\/4&#8243;]<div class=\"smile_icon_list_wrap ult-adjust-bottom-margin  \"><ul class=\"smile_icon_list left square with_bg\"><li class=\"icon_list_item\" style=\" font-size:45px;\"><div class=\"icon_list_icon\" data-animation=\"swing\" data-animation-delay=\"03\" style=\"font-size:15px;border-width:1px;border-style:none;background:#ffffff;color:#333333;border-color:#333333;\"><img class=\"list-img-icon\" alt=\"null\" src=\"https:\/\/www.upo.es\/intl\/wp-content\/uploads\/2016\/06\/Calendar-1.png\"\/><\/div><div class=\"icon_description\" id=\"Info-list-wrap-3629\"><h3 class=\"ult-responsive\"  data-ultimate-target='#Info-list-wrap-3629 h3'  data-responsive-json-new='{\"font-size\":\"desktop:20px;\",\"line-height\":\"desktop:40px;\"}'  style=\"\">FECHAS<\/h3><div class=\"icon_description_text ult-responsive\"  data-ultimate-target='#Info-list-wrap-3629 .icon_description_text'  data-responsive-json-new='{\"font-size\":\"desktop:13px;\",\"line-height\":\"desktop:30px;\"}'  style=\"\"><h5><strong>Del 16 de junio al 4 de julio de 2025<\/strong><\/h5>\n<p>Fecha l\u00edmite de matriculaci\u00f3n: <strong>7 de abril de 2025<\/strong><\/p>\n<\/div><\/div><div class=\"icon_list_connector\"  style=\"border-color:#333333;\"><\/div><\/li><\/ul><\/div>[\/vc_column][vc_column width=&#8221;1\/4&#8243;]<div class=\"smile_icon_list_wrap ult-adjust-bottom-margin  \"><ul class=\"smile_icon_list left square with_bg\"><li class=\"icon_list_item\" style=\" font-size:45px;\"><div class=\"icon_list_icon\" data-animation=\"swing\" data-animation-delay=\"03\" style=\"font-size:15px;border-width:1px;border-style:none;background:#ffffff;color:#333333;border-color:#333333;\"><img class=\"list-img-icon\" alt=\"null\" src=\"https:\/\/www.upo.es\/intl\/wp-content\/uploads\/2016\/06\/euro.png\"\/><\/div><div class=\"icon_description\" id=\"Info-list-wrap-6851\"><h3 class=\"ult-responsive\"  data-ultimate-target='#Info-list-wrap-6851 h3'  data-responsive-json-new='{\"font-size\":\"desktop:20px;\",\"line-height\":\"desktop:40px;\"}'  style=\"\">PRECIO<\/h3><div class=\"icon_description_text ult-responsive\"  data-ultimate-target='#Info-list-wrap-6851 .icon_description_text'  data-responsive-json-new='{\"font-size\":\"desktop:13px;\",\"line-height\":\"desktop:30px;\"}'  style=\"\"><h5><strong>605 \u20ac<\/strong><\/h5>\n<p>515 \u20ac (para estudiantes UPO y estudiantes de universidades con convenio)<\/p>\n<\/div><\/div><div class=\"icon_list_connector\"  style=\"border-color:#333333;\"><\/div><\/li><\/ul><\/div>[\/vc_column][vc_column width=&#8221;1\/4&#8243;]<div class=\"smile_icon_list_wrap ult-adjust-bottom-margin  \"><ul class=\"smile_icon_list left square with_bg\"><li class=\"icon_list_item\" style=\" font-size:45px;\"><div class=\"icon_list_icon\" data-animation=\"swing\" data-animation-delay=\"03\" style=\"font-size:15px;border-width:1px;border-style:none;background:#ffffff;color:#000000;border-color:#333333;\"><i class=\"Defaults-check-square-o\" ><\/i><\/div><div class=\"icon_description\" id=\"Info-list-wrap-7542\"><h3 class=\"ult-responsive\"  data-ultimate-target='#Info-list-wrap-7542 h3'  data-responsive-json-new='{\"font-size\":\"desktop:20px;\",\"line-height\":\"desktop:40px;\"}'  style=\"\">REQUISITOS<\/h3><div class=\"icon_description_text ult-responsive\"  data-ultimate-target='#Info-list-wrap-7542 .icon_description_text'  data-responsive-json-new='{\"font-size\":\"desktop:13px;\",\"line-height\":\"desktop:30px;\"}'  style=\"\"><p>Nivel C1 de ingl\u00e9s*<\/p>\n<p>* No es necesario acreditarlo. Se realizar\u00e1 una prueba de nivel a aquellos estudiantes que no tengan un certificado oficial.<\/p>\n<\/div><\/div><div class=\"icon_list_connector\"  style=\"border-color:#333333;\"><\/div><\/li><\/ul><\/div>[\/vc_column][vc_column width=&#8221;1\/4&#8243;]<div class=\"smile_icon_list_wrap ult-adjust-bottom-margin  \"><ul class=\"smile_icon_list left square with_bg\"><li class=\"icon_list_item\" style=\" font-size:45px;\"><div class=\"icon_list_icon\" data-animation=\"swing\" data-animation-delay=\"03\" style=\"font-size:15px;border-width:1px;border-style:none;background:#ffffff;color:#000000;border-color:#333333;\"><i class=\"Defaults-trophy\" ><\/i><\/div><div class=\"icon_description\" id=\"Info-list-wrap-6653\"><h3 class=\"ult-responsive\"  data-ultimate-target='#Info-list-wrap-6653 h3'  data-responsive-json-new='{\"font-size\":\"desktop:20px;\",\"line-height\":\"desktop:40px;\"}'  style=\"\">CR\u00c9DITOS<\/h3><div class=\"icon_description_text ult-responsive\"  data-ultimate-target='#Info-list-wrap-6653 .icon_description_text'  data-responsive-json-new='{\"font-size\":\"desktop:13px;\",\"line-height\":\"desktop:30px;\"}'  style=\"\"><p>6 cr\u00e9ditos ECTS<\/p>\n<\/div><\/div><div class=\"icon_list_connector\"  style=\"border-color:#333333;\"><\/div><\/li><\/ul><\/div>[\/vc_column][\/vc_row][vc_row][vc_column][vc_column_text]<\/p>\n<h2><strong>El programa incluye:<\/strong><\/h2>\n<p>[\/vc_column_text][vc_column_text css=&#8221;&#8221;]<\/p>\n<ul>\n<li>Curso de <em>T\u00e9cnicas Eficaces para Hablar en P\u00fablico<\/em> en ingl\u00e9s<\/li>\n<li>Dos actividades culturales\/visitas en Sevilla.<\/li>\n<li>Certificado oficial de la Universidad Pablo de Olavide<\/li>\n<li>Tapas de despedida<\/li>\n<\/ul>\n<p>[\/vc_column_text][\/vc_column][\/vc_row][vc_row][vc_column][vc_column_text]<\/p>\n<h2><strong>Ubicaci\u00f3n<\/strong><\/h2>\n<p>[\/vc_column_text][vc_column_text css=&#8221;&#8221;]<\/p>\n<h5><span style=\"font-family: Helvetica, Arial, sans-serif;\">El curso tendr\u00e1 lugar en la sede de la Universidad Pablo de Olavide en el centro de la ciudad. La sede est\u00e1 ubicada en el antiguo Pabell\u00f3n de Marruecos (1929)<\/span>.<\/h5>\n<p>[\/vc_column_text][\/vc_column][\/vc_row][vc_row][vc_column width=&#8221;1\/3&#8243;][vc_gmaps link=&#8221;#E-8_JTNDaWZyYW1lJTIwc3JjJTNEJTIyaHR0cHMlM0ElMkYlMkZ3d3cuZ29vZ2xlLmNvbSUyRm1hcHMlMkZlbWJlZCUzRnBiJTNEJTIxMW0xNCUyMTFtOCUyMTFtMyUyMTFkMTI2ODUuODQ4NTUyNzI1MzIzJTIxMmQtNS45Mzc0MDQxJTIxM2QzNy4zNTUyNDA1JTIxM20yJTIxMWkxMDI0JTIxMmk3NjglMjE0ZjEzLjElMjEzbTMlMjExbTIlMjExczB4ZDEyNmZhZGE4YmI5OTkzJTI1M0EweGYxNDI1YmVkYTYwNzQyMzIlMjEyc1VuaXZlcnNpZGFkJTI1MjBQYWJsbyUyNTIwZGUlMjUyME9sYXZpZGUlMjUyMFNldmlsbGElMjE1ZTAlMjEzbTIlMjExc2VzJTIxMnNlcyUyMTR2MTcxMjc0Mjk5Mzc3OCUyMTVtMiUyMTFzZXMlMjEyc2VzJTIyJTIwd2lkdGglM0QlMjI2MDAlMjIlMjBoZWlnaHQlM0QlMjI0NTAlMjIlMjBzdHlsZSUzRCUyMmJvcmRlciUzQTAlM0IlMjIlMjBhbGxvd2Z1bGxzY3JlZW4lM0QlMjIlMjIlMjBsb2FkaW5nJTNEJTIybGF6eSUyMiUyMHJlZmVycmVycG9saWN5JTNEJTIybm8tcmVmZXJyZXItd2hlbi1kb3duZ3JhZGUlMjIlM0UlM0MlMkZpZnJhbWUlM0U=&#8221;][\/vc_column][vc_column width=&#8221;2\/3&#8243;][vc_single_image image=&#8221;20158&#8243; img_size=&#8221;full&#8221;][\/vc_column][\/vc_row][vc_row content_placement=&#8221;middle&#8221; u_row_style=&#8221;0&#8243; u_row_paralax=&#8221;0&#8243; u_row_scheme=&#8221;0&#8243;][vc_column][vc_column_text]<\/p>\n<h2><strong>Alojamiento<\/strong><\/h2>\n<p>[\/vc_column_text][vc_column_text css=&#8221;&#8221;]Las opciones de alojamiento incluyen vivir con <span style=\"color: #3366ff;\"><a style=\"color: #3366ff;\" href=\"https:\/\/www.upo.es\/intl\/alojamiento\/#familia\">una familia anfitriona<\/a><\/span> o en cualquiera de las nuevas <span style=\"color: #3366ff;\"><a style=\"color: #3366ff;\" href=\"https:\/\/www.upo.es\/intl\/alojamiento\/#residencia\">residencias<\/a> <\/span>ubicadas en Sevilla.[\/vc_column_text][\/vc_column][\/vc_row][vc_row content_placement=&#8221;middle&#8221; u_row_style=&#8221;0&#8243; u_row_paralax=&#8221;0&#8243; u_row_scheme=&#8221;0&#8243;][vc_column width=&#8221;2\/3&#8243;][vc_column_text]<\/p>\n<h2><strong>Objetivos y Metodolog\u00eda del Curso<\/strong><\/h2>\n<p>[\/vc_column_text][vc_column_text]Los principales objetivos de este curso son:<\/p>\n<ul>\n<li>Ofrecer conocimientos b\u00e1sicos para desarrollar habilidades de oratoria.<\/li>\n<li>Combinar teor\u00eda y pr\u00e1ctica para facilitar una oratoria efectiva.<\/li>\n<li>Aprender las etapas clave de la oratoria: preparar, presentar y evaluar discursos.<\/li>\n<li>Practicar la comunicaci\u00f3n oral en contextos en l\u00ednea y cara a cara, fomentando las habilidades digitales.<\/li>\n<li>Identificar y elaborar discursos informativos y persuasivos.<\/li>\n<li>Explicar y promover la escucha activa.<\/li>\n<li>Desarrollar habilidades de oratoria en un marco intercultural.<\/li>\n<\/ul>\n<p>[\/vc_column_text][\/vc_column][vc_column width=&#8221;1\/3&#8243;][vc_single_image image=&#8221;18847&#8243; img_size=&#8221;large&#8221; alignment=&#8221;center&#8221;][\/vc_column][\/vc_row][vc_row content_placement=&#8221;middle&#8221; u_row_style=&#8221;0&#8243; u_row_paralax=&#8221;0&#8243; u_row_scheme=&#8221;0&#8243;][vc_column width=&#8221;2\/3&#8243;][vc_column_text]<\/p>\n<h2><strong>Acerca de la profesora<\/strong><\/h2>\n<p>[\/vc_column_text][vc_column_text]Licenciada en Ciencias de la Informaci\u00f3n por la Universidad Complutense de Madrid, la Doctora Hern\u00e1ndez ha desarrollado gran parte de su carrera docente e investigadora en Estados Unidos. Primero, en la Universidad Estatal de Florida, donde obtuvo un M\u00e1ster en Artes, en el a\u00f1o 2000, y fue docente hasta el a\u00f1o 2002. M\u00e1s tarde, en la Universidad de Massachusetts, en Amherst, sigui\u00f3 ejerciendo su labor docente hasta el a\u00f1o 2020. Ese mismo a\u00f1o obtuvo su doctorado en Comunicaci\u00f3n por esta misma universidad. La Dra. Hern\u00e1ndez ha impartido numerosos cursos de comunicaci\u00f3n, interculturalidad, cultura y oratoria. Cuenta con varios reconocimientos a la excelencia en su labor docente, tanto en Estados Unidos como en Espa\u00f1a y es autora de numerosos art\u00edculos y ponencias.[\/vc_column_text][\/vc_column][vc_column width=&#8221;1\/3&#8243;][vc_single_image image=&#8221;18902&#8243; img_size=&#8221;250&#215;250&#8243; alignment=&#8221;center&#8221;][\/vc_column][\/vc_row][vc_row content_placement=&#8221;middle&#8221; u_row_style=&#8221;0&#8243; u_row_paralax=&#8221;0&#8243; u_row_scheme=&#8221;0&#8243;][vc_column width=&#8221;1\/2&#8243;][vc_row_inner content_placement=&#8221;middle&#8221;][vc_column_inner width=&#8221;1\/2&#8243;][vc_single_image image=&#8221;18854&#8243; img_size=&#8221;large&#8221; alignment=&#8221;right&#8221; onclick=&#8221;custom_link&#8221; img_link_target=&#8221;_blank&#8221; css=&#8221;&#8221; link=&#8221;https:\/\/www.upo.es\/intl\/wp-content\/uploads\/2025\/02\/ps_english_2025.pdf&#8221;][\/vc_column_inner][vc_column_inner width=&#8221;1\/2&#8243;][vc_btn title=&#8221;Descarga folleto&#8221; style=&#8221;flat&#8221; shape=&#8221;square&#8221; color=&#8221;primary&#8221; align=&#8221;left&#8221; i_icon_fontawesome=&#8221;fas fa-arrow-down&#8221; css=&#8221;&#8221; add_icon=&#8221;true&#8221; link=&#8221;url:https%3A%2F%2Fwww.upo.es%2Fintl%2Fwp-content%2Fuploads%2F2025%2F02%2Fps_english_2025.pdf|target:_blank&#8221;][\/vc_column_inner][\/vc_row_inner][\/vc_column][vc_column width=&#8221;1\/2&#8243;][vc_row_inner content_placement=&#8221;middle&#8221;][vc_column_inner width=&#8221;1\/2&#8243;][vc_single_image image=&#8221;18887&#8243; img_size=&#8221;large&#8221; alignment=&#8221;right&#8221; onclick=&#8221;custom_link&#8221; img_link_target=&#8221;_blank&#8221; css=&#8221;&#8221; link=&#8221;https:\/\/www.upo.es\/intl\/wp-content\/uploads\/2025\/02\/COMM-391-Effective-Public-Speaking-SU25.pdf&#8221;][\/vc_column_inner][vc_column_inner width=&#8221;1\/2&#8243;][vc_btn title=&#8221;Descargar programa&#8221; style=&#8221;flat&#8221; shape=&#8221;square&#8221; color=&#8221;warning&#8221; align=&#8221;left&#8221; i_icon_fontawesome=&#8221;fas fa-arrow-down&#8221; css=&#8221;&#8221; add_icon=&#8221;true&#8221; link=&#8221;url:https%3A%2F%2Fwww.upo.es%2Fintl%2Fwp-content%2Fuploads%2F2025%2F02%2FCOMM-391-Effective-Public-Speaking-SU25.pdf|rel:nofollow&#8221;][\/vc_column_inner][\/vc_row_inner][\/vc_column][\/vc_row][vc_row][vc_column][vc_empty_space height=&#8221;20px&#8221;][vc_column_text]<\/p>\n<h4><strong>Documentos para la matriculaci\u00f3n:<\/strong><\/h4>\n<p>[\/vc_column_text][\/vc_column][\/vc_row][vc_row][vc_column width=&#8221;1\/2&#8243;][vc_btn title=&#8221;Formulario de matr\u00edcula&#8221; style=&#8221;classic&#8221; shape=&#8221;square&#8221; color=&#8221;success&#8221; size=&#8221;lg&#8221; align=&#8221;center&#8221; i_icon_fontawesome=&#8221;fas fa-copy&#8221; button_block=&#8221;true&#8221; add_icon=&#8221;true&#8221; link=&#8221;url:https%3A%2F%2Fwww.upo.es%2Fintl%2Fapplication-form-effective-public-speaking-in-intercultural-context%2F%3Flang%3Den&#8221;][\/vc_column][vc_column width=&#8221;1\/2&#8243;][vc_btn title=&#8221;Formulario de pago&#8221; style=&#8221;classic&#8221; shape=&#8221;square&#8221; color=&#8221;primary&#8221; size=&#8221;lg&#8221; align=&#8221;center&#8221; i_icon_fontawesome=&#8221;fas fa-file-invoice-dollar&#8221; button_block=&#8221;true&#8221; add_icon=&#8221;true&#8221; link=&#8221;url:https%3A%2F%2Fwww.upo.es%2Fintl%2Fwp-content%2Fuploads%2F2023%2F09%2Fpayment_form.pdf|target:_blank&#8221;][\/vc_column][\/vc_row]<\/p>\n<\/div>","protected":false},"excerpt":{"rendered":"<p>[vc_row][vc_column][vc_single_image image=&#8221;18917&#8243; img_size=&#8221;full&#8221;][vc_empty_space height=&#8221;20px&#8221;][\/vc_column][\/vc_row][vc_row][vc_column width=&#8221;2\/3&#8243;][vc_column_text] Descripci\u00f3n [\/vc_column_text][vc_column_text]Desarrollar las habilidades de comunicaci\u00f3n oral de los estudiantes ha sido una prioridad educativa durante miles de a\u00f1os. Hoy en d\u00eda, en nuestra era digital, sigue siendo una prioridad como habilidad b\u00e1sica. Ser capaz de expresarse de forma efectiva es fundamental para crecer profesionalmente, avanzar personalmente y comprometerse c\u00edvicamente. [&hellip;]<\/p>\n","protected":false},"author":1,"featured_media":0,"parent":0,"menu_order":0,"comment_status":"closed","ping_status":"closed","template":"","meta":[],"yoast_head":"<!-- This site is optimized with the Yoast SEO plugin v18.3 - https:\/\/yoast.com\/wordpress\/plugins\/seo\/ -->\n<title>T\u00e9cnicas Eficaces para hablar en p\u00fablico en contextos interculturales<\/title>\n<meta name=\"robots\" content=\"index, follow, max-snippet:-1, max-image-preview:large, max-video-preview:-1\" \/>\n<link rel=\"canonical\" href=\"https:\/\/www.upo.es\/intl\/tecnicas-eficaces-para-hablars-en-publico\/\" \/>\n<meta property=\"og:locale\" content=\"es_ES\" \/>\n<meta property=\"og:type\" content=\"article\" \/>\n<meta property=\"og:title\" content=\"T\u00e9cnicas Eficaces para hablar en p\u00fablico en contextos interculturales\" \/>\n<meta property=\"og:description\" content=\"[vc_row][vc_column][vc_single_image image=&#8221;18917&#8243; img_size=&#8221;full&#8221;][vc_empty_space height=&#8221;20px&#8221;][\/vc_column][\/vc_row][vc_row][vc_column width=&#8221;2\/3&#8243;][vc_column_text] Descripci\u00f3n [\/vc_column_text][vc_column_text]Desarrollar las habilidades de comunicaci\u00f3n oral de los estudiantes ha sido una prioridad educativa durante miles de a\u00f1os. Hoy en d\u00eda, en nuestra era digital, sigue siendo una prioridad como habilidad b\u00e1sica. Ser capaz de expresarse de forma efectiva es fundamental para crecer profesionalmente, avanzar personalmente y comprometerse c\u00edvicamente. [&hellip;]\" \/>\n<meta property=\"og:url\" content=\"https:\/\/www.upo.es\/intl\/tecnicas-eficaces-para-hablars-en-publico\/\" \/>\n<meta property=\"og:site_name\" content=\"Centro Universitario Internacional UPO\" \/>\n<meta property=\"article:publisher\" content=\"https:\/\/www.facebook.com\/centrointernacionalUPO\/?ref=ts\" \/>\n<meta property=\"article:modified_time\" content=\"2025-02-12T13:31:22+00:00\" \/>\n<meta property=\"og:image\" content=\"https:\/\/www.upo.es\/intl\/wp-content\/uploads\/2024\/01\/uk-square-01.png\" \/>\n<meta name=\"twitter:card\" content=\"summary_large_image\" \/>\n<meta name=\"twitter:site\" content=\"@CuiUpo\" \/>\n<meta name=\"twitter:label1\" content=\"Tiempo de lectura\" \/>\n\t<meta name=\"twitter:data1\" content=\"4 minutos\" \/>\n<script type=\"application\/ld+json\" class=\"yoast-schema-graph\">{\"@context\":\"https:\/\/schema.org\",\"@graph\":[{\"@type\":\"Organization\",\"@id\":\"https:\/\/www.upo.es\/intl\/#organization\",\"name\":\"Centro Universitario Internacional Universidad Pablo de Olavide\",\"url\":\"https:\/\/www.upo.es\/intl\/\",\"sameAs\":[\"https:\/\/www.facebook.com\/centrointernacionalUPO\/?ref=ts\",\"https:\/\/www.instagram.com\/cui_upo\/\",\"https:\/\/www.youtube.com\/channel\/UCXvTsTmrSF31BCW1Ukowlvg\",\"https:\/\/twitter.com\/CuiUpo\"],\"logo\":{\"@type\":\"ImageObject\",\"@id\":\"https:\/\/www.upo.es\/intl\/#logo\",\"inLanguage\":\"es\",\"url\":\"https:\/\/www.upo.es\/intl\/wp-content\/uploads\/2016\/07\/logo_fondo_UPO.png\",\"contentUrl\":\"https:\/\/www.upo.es\/intl\/wp-content\/uploads\/2016\/07\/logo_fondo_UPO.png\",\"width\":318,\"height\":120,\"caption\":\"Centro Universitario Internacional Universidad Pablo de Olavide\"},\"image\":{\"@id\":\"https:\/\/www.upo.es\/intl\/#logo\"}},{\"@type\":\"WebSite\",\"@id\":\"https:\/\/www.upo.es\/intl\/#website\",\"url\":\"https:\/\/www.upo.es\/intl\/\",\"name\":\"Centro Universitario Internacional UPO\",\"description\":\"Programas de corta y larga duraci\u00f3n de lengua y cultura espa\u00f1ola. Se imparten clases en espa\u00f1ol e ingl\u00e9s de diferentes materias\",\"publisher\":{\"@id\":\"https:\/\/www.upo.es\/intl\/#organization\"},\"potentialAction\":[{\"@type\":\"SearchAction\",\"target\":{\"@type\":\"EntryPoint\",\"urlTemplate\":\"https:\/\/www.upo.es\/intl\/?s={search_term_string}\"},\"query-input\":\"required name=search_term_string\"}],\"inLanguage\":\"es\"},{\"@type\":\"ImageObject\",\"@id\":\"https:\/\/www.upo.es\/intl\/tecnicas-eficaces-para-hablars-en-publico\/#primaryimage\",\"inLanguage\":\"es\",\"url\":\"https:\/\/www.upo.es\/intl\/wp-content\/uploads\/2024\/01\/uk-square-01.png\",\"contentUrl\":\"https:\/\/www.upo.es\/intl\/wp-content\/uploads\/2024\/01\/uk-square-01.png\",\"width\":50,\"height\":50},{\"@type\":\"WebPage\",\"@id\":\"https:\/\/www.upo.es\/intl\/tecnicas-eficaces-para-hablars-en-publico\/#webpage\",\"url\":\"https:\/\/www.upo.es\/intl\/tecnicas-eficaces-para-hablars-en-publico\/\",\"name\":\"T\u00e9cnicas Eficaces para hablar en p\u00fablico en contextos interculturales\",\"isPartOf\":{\"@id\":\"https:\/\/www.upo.es\/intl\/#website\"},\"primaryImageOfPage\":{\"@id\":\"https:\/\/www.upo.es\/intl\/tecnicas-eficaces-para-hablars-en-publico\/#primaryimage\"},\"datePublished\":\"2023-03-07T09:27:34+00:00\",\"dateModified\":\"2025-02-12T13:31:22+00:00\",\"breadcrumb\":{\"@id\":\"https:\/\/www.upo.es\/intl\/tecnicas-eficaces-para-hablars-en-publico\/#breadcrumb\"},\"inLanguage\":\"es\",\"potentialAction\":[{\"@type\":\"ReadAction\",\"target\":[\"https:\/\/www.upo.es\/intl\/tecnicas-eficaces-para-hablars-en-publico\/\"]}]},{\"@type\":\"BreadcrumbList\",\"@id\":\"https:\/\/www.upo.es\/intl\/tecnicas-eficaces-para-hablars-en-publico\/#breadcrumb\",\"itemListElement\":[{\"@type\":\"ListItem\",\"position\":1,\"name\":\"Portada\",\"item\":\"https:\/\/www.upo.es\/intl\/\"},{\"@type\":\"ListItem\",\"position\":2,\"name\":\"T\u00e9cnicas Eficaces para hablar en p\u00fablico en contextos interculturales\"}]}]}<\/script>\n<!-- \/ Yoast SEO plugin. -->","yoast_head_json":{"title":"T\u00e9cnicas Eficaces para hablar en p\u00fablico en contextos interculturales","robots":{"index":"index","follow":"follow","max-snippet":"max-snippet:-1","max-image-preview":"max-image-preview:large","max-video-preview":"max-video-preview:-1"},"canonical":"https:\/\/www.upo.es\/intl\/tecnicas-eficaces-para-hablars-en-publico\/","og_locale":"es_ES","og_type":"article","og_title":"T\u00e9cnicas Eficaces para hablar en p\u00fablico en contextos interculturales","og_description":"[vc_row][vc_column][vc_single_image image=&#8221;18917&#8243; img_size=&#8221;full&#8221;][vc_empty_space height=&#8221;20px&#8221;][\/vc_column][\/vc_row][vc_row][vc_column width=&#8221;2\/3&#8243;][vc_column_text] Descripci\u00f3n [\/vc_column_text][vc_column_text]Desarrollar las habilidades de comunicaci\u00f3n oral de los estudiantes ha sido una prioridad educativa durante miles de a\u00f1os. Hoy en d\u00eda, en nuestra era digital, sigue siendo una prioridad como habilidad b\u00e1sica. Ser capaz de expresarse de forma efectiva es fundamental para crecer profesionalmente, avanzar personalmente y comprometerse c\u00edvicamente. [&hellip;]","og_url":"https:\/\/www.upo.es\/intl\/tecnicas-eficaces-para-hablars-en-publico\/","og_site_name":"Centro Universitario Internacional UPO","article_publisher":"https:\/\/www.facebook.com\/centrointernacionalUPO\/?ref=ts","article_modified_time":"2025-02-12T13:31:22+00:00","og_image":[{"url":"https:\/\/www.upo.es\/intl\/wp-content\/uploads\/2024\/01\/uk-square-01.png"}],"twitter_card":"summary_large_image","twitter_site":"@CuiUpo","twitter_misc":{"Tiempo de lectura":"4 minutos"},"schema":{"@context":"https:\/\/schema.org","@graph":[{"@type":"Organization","@id":"https:\/\/www.upo.es\/intl\/#organization","name":"Centro Universitario Internacional Universidad Pablo de Olavide","url":"https:\/\/www.upo.es\/intl\/","sameAs":["https:\/\/www.facebook.com\/centrointernacionalUPO\/?ref=ts","https:\/\/www.instagram.com\/cui_upo\/","https:\/\/www.youtube.com\/channel\/UCXvTsTmrSF31BCW1Ukowlvg","https:\/\/twitter.com\/CuiUpo"],"logo":{"@type":"ImageObject","@id":"https:\/\/www.upo.es\/intl\/#logo","inLanguage":"es","url":"https:\/\/www.upo.es\/intl\/wp-content\/uploads\/2016\/07\/logo_fondo_UPO.png","contentUrl":"https:\/\/www.upo.es\/intl\/wp-content\/uploads\/2016\/07\/logo_fondo_UPO.png","width":318,"height":120,"caption":"Centro Universitario Internacional Universidad Pablo de Olavide"},"image":{"@id":"https:\/\/www.upo.es\/intl\/#logo"}},{"@type":"WebSite","@id":"https:\/\/www.upo.es\/intl\/#website","url":"https:\/\/www.upo.es\/intl\/","name":"Centro Universitario Internacional UPO","description":"Programas de corta y larga duraci\u00f3n de lengua y cultura espa\u00f1ola. Se imparten clases en espa\u00f1ol e ingl\u00e9s de diferentes materias","publisher":{"@id":"https:\/\/www.upo.es\/intl\/#organization"},"potentialAction":[{"@type":"SearchAction","target":{"@type":"EntryPoint","urlTemplate":"https:\/\/www.upo.es\/intl\/?s={search_term_string}"},"query-input":"required name=search_term_string"}],"inLanguage":"es"},{"@type":"ImageObject","@id":"https:\/\/www.upo.es\/intl\/tecnicas-eficaces-para-hablars-en-publico\/#primaryimage","inLanguage":"es","url":"https:\/\/www.upo.es\/intl\/wp-content\/uploads\/2024\/01\/uk-square-01.png","contentUrl":"https:\/\/www.upo.es\/intl\/wp-content\/uploads\/2024\/01\/uk-square-01.png","width":50,"height":50},{"@type":"WebPage","@id":"https:\/\/www.upo.es\/intl\/tecnicas-eficaces-para-hablars-en-publico\/#webpage","url":"https:\/\/www.upo.es\/intl\/tecnicas-eficaces-para-hablars-en-publico\/","name":"T\u00e9cnicas Eficaces para hablar en p\u00fablico en contextos interculturales","isPartOf":{"@id":"https:\/\/www.upo.es\/intl\/#website"},"primaryImageOfPage":{"@id":"https:\/\/www.upo.es\/intl\/tecnicas-eficaces-para-hablars-en-publico\/#primaryimage"},"datePublished":"2023-03-07T09:27:34+00:00","dateModified":"2025-02-12T13:31:22+00:00","breadcrumb":{"@id":"https:\/\/www.upo.es\/intl\/tecnicas-eficaces-para-hablars-en-publico\/#breadcrumb"},"inLanguage":"es","potentialAction":[{"@type":"ReadAction","target":["https:\/\/www.upo.es\/intl\/tecnicas-eficaces-para-hablars-en-publico\/"]}]},{"@type":"BreadcrumbList","@id":"https:\/\/www.upo.es\/intl\/tecnicas-eficaces-para-hablars-en-publico\/#breadcrumb","itemListElement":[{"@type":"ListItem","position":1,"name":"Portada","item":"https:\/\/www.upo.es\/intl\/"},{"@type":"ListItem","position":2,"name":"T\u00e9cnicas Eficaces para hablar en p\u00fablico en contextos interculturales"}]}]}},"_links":{"self":[{"href":"https:\/\/www.upo.es\/intl\/wp-json\/wp\/v2\/pages\/18911"}],"collection":[{"href":"https:\/\/www.upo.es\/intl\/wp-json\/wp\/v2\/pages"}],"about":[{"href":"https:\/\/www.upo.es\/intl\/wp-json\/wp\/v2\/types\/page"}],"author":[{"embeddable":true,"href":"https:\/\/www.upo.es\/intl\/wp-json\/wp\/v2\/users\/1"}],"replies":[{"embeddable":true,"href":"https:\/\/www.upo.es\/intl\/wp-json\/wp\/v2\/comments?post=18911"}],"version-history":[{"count":34,"href":"https:\/\/www.upo.es\/intl\/wp-json\/wp\/v2\/pages\/18911\/revisions"}],"predecessor-version":[{"id":20656,"href":"https:\/\/www.upo.es\/intl\/wp-json\/wp\/v2\/pages\/18911\/revisions\/20656"}],"wp:attachment":[{"href":"https:\/\/www.upo.es\/intl\/wp-json\/wp\/v2\/media?parent=18911"}],"curies":[{"name":"wp","href":"https:\/\/api.w.org\/{rel}","templated":true}]}}