{"id":21067,"date":"2025-11-25T11:36:50","date_gmt":"2025-11-25T11:36:50","guid":{"rendered":"https:\/\/www.upo.es\/intl\/erasmus\/"},"modified":"2026-03-23T12:16:21","modified_gmt":"2026-03-23T12:16:21","slug":"erasmus","status":"publish","type":"page","link":"https:\/\/www.upo.es\/intl\/erasmus\/","title":{"rendered":"Erasmus+"},"content":{"rendered":"<div class=\"wpb-content-wrapper\"><p>[vc_row][vc_column][vc_column_text css=&#8221;&#8221;]<\/p>\n<p data-path-to-node=\"1\"><strong>El Centro Internacional (CUI)<\/strong> de la Universidad Pablo de Olavide ofrece <strong>cursos din\u00e1micos de formaci\u00f3n Erasmus+ de 5 d\u00edas<\/strong> para profesores y personal educativo de <strong>organizaciones acreditadas KA1<\/strong>, financiados \u00edntegramente a trav\u00e9s de Erasmus+. Estos cursos tambi\u00e9n est\u00e1n abiertos a participantes de fuera de la UE (sin financiaci\u00f3n Erasmus+).<\/p>\n<p data-path-to-node=\"2\">Mejora tus competencias en Sevilla, capital del sur de Espa\u00f1a y hogar de<strong> tres lugares declarados Patrimonio de la Humanidad por la UNESCO<\/strong>. Aprende, conecta y disfruta de una experiencia de movilidad inolvidable.<\/p>\n<p data-path-to-node=\"3\"><strong>Inscr\u00edbete ahora y haz que tu estancia Erasmus+ sea verdaderamente excepcional<\/strong><\/p>\n<p>[\/vc_column_text][vc_row_inner][vc_column_inner][\/vc_column_inner][\/vc_row_inner][\/vc_column][\/vc_row][vc_row][vc_column width=&#8221;1\/2&#8243;]\n<div id=\"interactive-banner-1-wrap-7188\" class=\"ult-banner-block ult-adjust-bottom-margin ult-bb-box ult-banner-block-custom-height banner-style11 \"   style=\"height:250px;\">\n\t<img src=\"https:\/\/www.upo.es\/intl\/wp-content\/uploads\/2025\/11\/gas-sm.jpg\" alt=\"null\">\n\t<h3  data-ultimate-target='#interactive-banner-1-wrap-7188 .bb-top-title '  data-responsive-json-new='{\"font-size\":\"desktop:20px;\",\"line-height\":\"\"}'  class=\"title-center bb-top-title ult-responsive\" style=\"font-weight:bold;background:rgba(30,115,190,0.75);color:#ffffff;\">SPANISH CULTURE, HISTORY &amp; GASTRONOMY<\/h3>\n\t<div class=\"mask opaque-background\" style=\"background:rgba(36,36,36,0.7);\">\n\t\t<div  data-ultimate-target='#interactive-banner-1-wrap-7188 .bb-description'  data-responsive-json-new='{\"font-size\":\"\",\"line-height\":\"\"}'  class=\"bb-description ult-responsive\" style=\"font-weight:normal;color:#ffffff;\">Situado en la radiante y culturalmente rica ciudad de Sevilla, este curso ofrece a los participantes una introducci\u00f3n esencial a la cultura, la historia y la gastronom\u00eda espa\u00f1ola. A trav\u00e9s de actividades pr\u00e1cticas y ejemplos del mundo real, los participantes explorar\u00e1n c\u00f3mo la cultura, la historia y la cocina sevillana pueden integrarse de manera significativa en su pr\u00e1ctica docente. El curso tiene como objetivo ayudar a los educadores a promover la diversidad y la participaci\u00f3n en el aula. IMPARTIDO EN INGL\u00c9S<\/div>\n\t<\/div><a class=\"bb-link\" href=\"https:\/\/www.upo.es\/intl\/spanish-culture-history-gastronomy\/?lang=en\" ><\/a>\n<\/div>[\/vc_column][vc_column width=&#8221;1\/2&#8243;]\n<div id=\"interactive-banner-1-wrap-5436\" class=\"ult-banner-block ult-adjust-bottom-margin ult-bb-box ult-banner-block-custom-height banner-style11 \"   style=\"height:250px;\">\n\t<img src=\"https:\/\/www.upo.es\/intl\/wp-content\/uploads\/2025\/11\/yoga-sm.jpg\" alt=\"null\">\n\t<h3  data-ultimate-target='#interactive-banner-1-wrap-5436 .bb-top-title '  data-responsive-json-new='{\"font-size\":\"desktop:15px;\",\"line-height\":\"\"}'  class=\"title-center bb-top-title ult-responsive\" style=\"font-weight:bold;background:rgba(30,115,190,0.75);color:#ffffff;\">WELL-BEING TOOLS FOR TEACHING: YOGA, MEDITATION, MINDFULNESS AND AUTOETHNOGRAPHY<\/h3>\n\t<div class=\"mask opaque-background\" style=\"background:rgba(36,36,36,0.7);\">\n\t\t<div  data-ultimate-target='#interactive-banner-1-wrap-5436 .bb-description'  data-responsive-json-new='{\"font-size\":\"\",\"line-height\":\"\"}'  class=\"bb-description ult-responsive\" style=\"font-weight:normal;color:#ffffff;\">Este curso pr\u00e1ctico ofrece a los educadores herramientas pedag\u00f3gicas corporales esenciales para fomentar el bienestar, tanto del profesor como del alumno. A trav\u00e9s de sesiones diarias de yoga, meditaci\u00f3n y mindfulness (atenci\u00f3n plena), los participantes obtendr\u00e1n estrategias pr\u00e1cticas para reducir el estr\u00e9s, mejorar la concentraci\u00f3n y cultivar la conciencia emocional.The course uniquely combines these well-being practices with theoretical insights from critical pedagogy, offering educators powerful techniques to create supportive classroom environments, enhance student engagement, and renew resilience for sustained, joyful teaching. IMPARTIDO EN INGL\u00c9S<\/div>\n\t<\/div><a class=\"bb-link\" href=\"https:\/\/www.upo.es\/intl\/well-being-tools-for-teaching-yoga-meditation-mindfulness-and-autoethnography\/?lang=en\" ><\/a>\n<\/div>[\/vc_column][\/vc_row][vc_row][vc_column width=&#8221;1\/2&#8243;]\n<div id=\"interactive-banner-1-wrap-6996\" class=\"ult-banner-block ult-adjust-bottom-margin ult-bb-box ult-banner-block-custom-height banner-style11 \"   style=\"height:250px;\">\n\t<img src=\"https:\/\/www.upo.es\/intl\/wp-content\/uploads\/2025\/11\/ai-sm.jpg\" alt=\"null\">\n\t<h3  data-ultimate-target='#interactive-banner-1-wrap-6996 .bb-top-title '  data-responsive-json-new='{\"font-size\":\"desktop:16px;\",\"line-height\":\"\"}'  class=\"title-center bb-top-title ult-responsive\" style=\"font-weight:bold;background:rgba(30,115,190,0.75);color:#ffffff;\">INNOVATIONS IN TEACHING METHODOLOGY IN THE ERA OF IA<\/h3>\n\t<div class=\"mask opaque-background\" style=\"background:rgba(36,36,36,0.71);\">\n\t\t<div  data-ultimate-target='#interactive-banner-1-wrap-6996 .bb-description'  data-responsive-json-new='{\"font-size\":\"\",\"line-height\":\"\"}'  class=\"bb-description ult-responsive\" style=\"font-weight:normal;color:#ffffff;\">Este curso ofrece una introducci\u00f3n pr\u00e1ctica y reflexiva al uso de la Inteligencia Artificial en la educaci\u00f3n. A lo largo de cinco d\u00edas, los participantes explorar\u00e1n c\u00f3mo las herramientas de IA pueden apoyar la planificaci\u00f3n de clases, potenciar la creatividad de los estudiantes, fortalecer las pr\u00e1cticas de evaluaci\u00f3n y promover un uso \u00e9tico y responsable en el aula. El curso combina conceptos fundamentales con actividades pr\u00e1cticas utilizando herramientas de IA actuales, permitiendo a los educadores integrar la IA como un recurso complementario que enriquece la ense\u00f1anza y el aprendizaje. IMPARTIDO EN INGL\u00c9S<\/div>\n\t<\/div><a class=\"bb-link\" href=\"https:\/\/www.upo.es\/intl\/innovations-in-teaching-methodology-in-the-era-of-ai\/?lang=en\" ><\/a>\n<\/div>[\/vc_column][vc_column width=&#8221;1\/2&#8243;]\n<div id=\"interactive-banner-1-wrap-1523\" class=\"ult-banner-block ult-adjust-bottom-margin ult-bb-box ult-banner-block-custom-height banner-style11 \"   style=\"height:250px;\">\n\t<img src=\"https:\/\/www.upo.es\/intl\/wp-content\/uploads\/2025\/11\/ele_sm.jpg\" alt=\"null\">\n\t<h3  data-ultimate-target='#interactive-banner-1-wrap-1523 .bb-top-title '  data-responsive-json-new='{\"font-size\":\"\",\"line-height\":\"\"}'  class=\"title-center bb-top-title ult-responsive\" style=\"font-weight:bold;background:rgba(30,115,190,0.75);color:#ffffff;\">METODOLOG\u00cdA PR\u00c1CTICA Y REFLEXI\u00d3N DOCENTE EN LA ENSE\u00d1ANZA DEL ESPA\u00d1OL (CON ENFOQUE CULTURAL EN SEVILLA)<\/h3>\n\t<div class=\"mask opaque-background\" style=\"background:rgba(36,36,36,0.7);\">\n\t\t<div  data-ultimate-target='#interactive-banner-1-wrap-1523 .bb-description'  data-responsive-json-new='{\"font-size\":\"\",\"line-height\":\"\"}'  class=\"bb-description ult-responsive\" style=\"font-weight:normal;color:#ffffff;\">Este curso, impartido en espa\u00f1ol, apoya a los profesores de espa\u00f1ol como lengua extranjera (ELE) en el dise\u00f1o y la evaluaci\u00f3n de clases altamente participativas. La metodolog\u00eda se centra en integrar la cultura como elemento central, utilizando recursos del mundo real y aplicando estrategias de evaluaci\u00f3n eficaces. A lo largo del curso, los participantes desarrollar\u00e1n una unidad did\u00e1ctica original y crear\u00e1n un repositorio de recursos, mientras reflexionan sobre su pr\u00e1ctica docente y descubren c\u00f3mo la cultura local de Sevilla puede enriquecer la experiencia en el aula. IMPARTIDO EN ESPA\u00d1OL.<\/div>\n\t<\/div><a class=\"bb-link\" href=\"https:\/\/www.upo.es\/intl\/metodologia-practica-y-reflexion-docente-en-la-ensenanza-ele-con-enfoque-cultural-en-sevilla\/\" ><\/a>\n<\/div>[\/vc_column][\/vc_row]<\/p>\n<\/div>","protected":false},"excerpt":{"rendered":"<p>[vc_row][vc_column][vc_column_text css=&#8221;&#8221;] El Centro Internacional (CUI) de la Universidad Pablo de Olavide ofrece cursos din\u00e1micos de formaci\u00f3n Erasmus+ de 5 d\u00edas para profesores y personal educativo de organizaciones acreditadas KA1, financiados \u00edntegramente a trav\u00e9s de Erasmus+. Estos cursos tambi\u00e9n est\u00e1n abiertos a participantes de fuera de la UE (sin financiaci\u00f3n Erasmus+). Mejora tus competencias en [&hellip;]<\/p>\n","protected":false},"author":1,"featured_media":0,"parent":0,"menu_order":0,"comment_status":"closed","ping_status":"closed","template":"","meta":[],"yoast_head":"<!-- This site is optimized with the Yoast SEO plugin v18.3 - https:\/\/yoast.com\/wordpress\/plugins\/seo\/ -->\n<title>Erasmus+<\/title>\n<meta name=\"robots\" content=\"index, follow, max-snippet:-1, max-image-preview:large, max-video-preview:-1\" \/>\n<link rel=\"canonical\" href=\"https:\/\/www.upo.es\/intl\/erasmus\/\" \/>\n<meta property=\"og:locale\" content=\"es_ES\" \/>\n<meta property=\"og:type\" content=\"article\" \/>\n<meta property=\"og:title\" content=\"Erasmus+\" \/>\n<meta property=\"og:description\" content=\"[vc_row][vc_column][vc_column_text css=&#8221;&#8221;] El Centro Internacional (CUI) de la Universidad Pablo de Olavide ofrece cursos din\u00e1micos de formaci\u00f3n Erasmus+ de 5 d\u00edas para profesores y personal educativo de organizaciones acreditadas KA1, financiados \u00edntegramente a trav\u00e9s de Erasmus+. Estos cursos tambi\u00e9n est\u00e1n abiertos a participantes de fuera de la UE (sin financiaci\u00f3n Erasmus+). Mejora tus competencias en [&hellip;]\" \/>\n<meta property=\"og:url\" content=\"https:\/\/www.upo.es\/intl\/erasmus\/\" \/>\n<meta property=\"og:site_name\" content=\"Centro Universitario Internacional UPO\" \/>\n<meta property=\"article:publisher\" content=\"https:\/\/www.facebook.com\/centrointernacionalUPO\/?ref=ts\" \/>\n<meta property=\"article:modified_time\" content=\"2026-03-23T12:16:21+00:00\" \/>\n<meta name=\"twitter:card\" content=\"summary_large_image\" \/>\n<meta name=\"twitter:site\" content=\"@CuiUpo\" \/>\n<meta name=\"twitter:label1\" content=\"Tiempo de lectura\" \/>\n\t<meta name=\"twitter:data1\" content=\"3 minutos\" \/>\n<script type=\"application\/ld+json\" class=\"yoast-schema-graph\">{\"@context\":\"https:\/\/schema.org\",\"@graph\":[{\"@type\":\"Organization\",\"@id\":\"https:\/\/www.upo.es\/intl\/#organization\",\"name\":\"Centro Universitario Internacional Universidad Pablo de Olavide\",\"url\":\"https:\/\/www.upo.es\/intl\/\",\"sameAs\":[\"https:\/\/www.facebook.com\/centrointernacionalUPO\/?ref=ts\",\"https:\/\/www.instagram.com\/cui_upo\/\",\"https:\/\/www.youtube.com\/channel\/UCXvTsTmrSF31BCW1Ukowlvg\",\"https:\/\/twitter.com\/CuiUpo\"],\"logo\":{\"@type\":\"ImageObject\",\"@id\":\"https:\/\/www.upo.es\/intl\/#logo\",\"inLanguage\":\"es\",\"url\":\"https:\/\/www.upo.es\/intl\/wp-content\/uploads\/2016\/07\/logo_fondo_UPO.png\",\"contentUrl\":\"https:\/\/www.upo.es\/intl\/wp-content\/uploads\/2016\/07\/logo_fondo_UPO.png\",\"width\":318,\"height\":120,\"caption\":\"Centro Universitario Internacional Universidad Pablo de Olavide\"},\"image\":{\"@id\":\"https:\/\/www.upo.es\/intl\/#logo\"}},{\"@type\":\"WebSite\",\"@id\":\"https:\/\/www.upo.es\/intl\/#website\",\"url\":\"https:\/\/www.upo.es\/intl\/\",\"name\":\"Centro Universitario Internacional UPO\",\"description\":\"Programas de corta y larga duraci\u00f3n de lengua y cultura espa\u00f1ola. Se imparten clases en espa\u00f1ol e ingl\u00e9s de diferentes materias\",\"publisher\":{\"@id\":\"https:\/\/www.upo.es\/intl\/#organization\"},\"potentialAction\":[{\"@type\":\"SearchAction\",\"target\":{\"@type\":\"EntryPoint\",\"urlTemplate\":\"https:\/\/www.upo.es\/intl\/?s={search_term_string}\"},\"query-input\":\"required name=search_term_string\"}],\"inLanguage\":\"es\"},{\"@type\":\"WebPage\",\"@id\":\"https:\/\/www.upo.es\/intl\/erasmus\/#webpage\",\"url\":\"https:\/\/www.upo.es\/intl\/erasmus\/\",\"name\":\"Erasmus+\",\"isPartOf\":{\"@id\":\"https:\/\/www.upo.es\/intl\/#website\"},\"datePublished\":\"2025-11-25T11:36:50+00:00\",\"dateModified\":\"2026-03-23T12:16:21+00:00\",\"breadcrumb\":{\"@id\":\"https:\/\/www.upo.es\/intl\/erasmus\/#breadcrumb\"},\"inLanguage\":\"es\",\"potentialAction\":[{\"@type\":\"ReadAction\",\"target\":[\"https:\/\/www.upo.es\/intl\/erasmus\/\"]}]},{\"@type\":\"BreadcrumbList\",\"@id\":\"https:\/\/www.upo.es\/intl\/erasmus\/#breadcrumb\",\"itemListElement\":[{\"@type\":\"ListItem\",\"position\":1,\"name\":\"Portada\",\"item\":\"https:\/\/www.upo.es\/intl\/\"},{\"@type\":\"ListItem\",\"position\":2,\"name\":\"Erasmus+\"}]}]}<\/script>\n<!-- \/ Yoast SEO plugin. -->","yoast_head_json":{"title":"Erasmus+","robots":{"index":"index","follow":"follow","max-snippet":"max-snippet:-1","max-image-preview":"max-image-preview:large","max-video-preview":"max-video-preview:-1"},"canonical":"https:\/\/www.upo.es\/intl\/erasmus\/","og_locale":"es_ES","og_type":"article","og_title":"Erasmus+","og_description":"[vc_row][vc_column][vc_column_text css=&#8221;&#8221;] El Centro Internacional (CUI) de la Universidad Pablo de Olavide ofrece cursos din\u00e1micos de formaci\u00f3n Erasmus+ de 5 d\u00edas para profesores y personal educativo de organizaciones acreditadas KA1, financiados \u00edntegramente a trav\u00e9s de Erasmus+. Estos cursos tambi\u00e9n est\u00e1n abiertos a participantes de fuera de la UE (sin financiaci\u00f3n Erasmus+). Mejora tus competencias en [&hellip;]","og_url":"https:\/\/www.upo.es\/intl\/erasmus\/","og_site_name":"Centro Universitario Internacional UPO","article_publisher":"https:\/\/www.facebook.com\/centrointernacionalUPO\/?ref=ts","article_modified_time":"2026-03-23T12:16:21+00:00","twitter_card":"summary_large_image","twitter_site":"@CuiUpo","twitter_misc":{"Tiempo de lectura":"3 minutos"},"schema":{"@context":"https:\/\/schema.org","@graph":[{"@type":"Organization","@id":"https:\/\/www.upo.es\/intl\/#organization","name":"Centro Universitario Internacional Universidad Pablo de Olavide","url":"https:\/\/www.upo.es\/intl\/","sameAs":["https:\/\/www.facebook.com\/centrointernacionalUPO\/?ref=ts","https:\/\/www.instagram.com\/cui_upo\/","https:\/\/www.youtube.com\/channel\/UCXvTsTmrSF31BCW1Ukowlvg","https:\/\/twitter.com\/CuiUpo"],"logo":{"@type":"ImageObject","@id":"https:\/\/www.upo.es\/intl\/#logo","inLanguage":"es","url":"https:\/\/www.upo.es\/intl\/wp-content\/uploads\/2016\/07\/logo_fondo_UPO.png","contentUrl":"https:\/\/www.upo.es\/intl\/wp-content\/uploads\/2016\/07\/logo_fondo_UPO.png","width":318,"height":120,"caption":"Centro Universitario Internacional Universidad Pablo de Olavide"},"image":{"@id":"https:\/\/www.upo.es\/intl\/#logo"}},{"@type":"WebSite","@id":"https:\/\/www.upo.es\/intl\/#website","url":"https:\/\/www.upo.es\/intl\/","name":"Centro Universitario Internacional UPO","description":"Programas de corta y larga duraci\u00f3n de lengua y cultura espa\u00f1ola. Se imparten clases en espa\u00f1ol e ingl\u00e9s de diferentes materias","publisher":{"@id":"https:\/\/www.upo.es\/intl\/#organization"},"potentialAction":[{"@type":"SearchAction","target":{"@type":"EntryPoint","urlTemplate":"https:\/\/www.upo.es\/intl\/?s={search_term_string}"},"query-input":"required name=search_term_string"}],"inLanguage":"es"},{"@type":"WebPage","@id":"https:\/\/www.upo.es\/intl\/erasmus\/#webpage","url":"https:\/\/www.upo.es\/intl\/erasmus\/","name":"Erasmus+","isPartOf":{"@id":"https:\/\/www.upo.es\/intl\/#website"},"datePublished":"2025-11-25T11:36:50+00:00","dateModified":"2026-03-23T12:16:21+00:00","breadcrumb":{"@id":"https:\/\/www.upo.es\/intl\/erasmus\/#breadcrumb"},"inLanguage":"es","potentialAction":[{"@type":"ReadAction","target":["https:\/\/www.upo.es\/intl\/erasmus\/"]}]},{"@type":"BreadcrumbList","@id":"https:\/\/www.upo.es\/intl\/erasmus\/#breadcrumb","itemListElement":[{"@type":"ListItem","position":1,"name":"Portada","item":"https:\/\/www.upo.es\/intl\/"},{"@type":"ListItem","position":2,"name":"Erasmus+"}]}]}},"_links":{"self":[{"href":"https:\/\/www.upo.es\/intl\/wp-json\/wp\/v2\/pages\/21067"}],"collection":[{"href":"https:\/\/www.upo.es\/intl\/wp-json\/wp\/v2\/pages"}],"about":[{"href":"https:\/\/www.upo.es\/intl\/wp-json\/wp\/v2\/types\/page"}],"author":[{"embeddable":true,"href":"https:\/\/www.upo.es\/intl\/wp-json\/wp\/v2\/users\/1"}],"replies":[{"embeddable":true,"href":"https:\/\/www.upo.es\/intl\/wp-json\/wp\/v2\/comments?post=21067"}],"version-history":[{"count":8,"href":"https:\/\/www.upo.es\/intl\/wp-json\/wp\/v2\/pages\/21067\/revisions"}],"predecessor-version":[{"id":21118,"href":"https:\/\/www.upo.es\/intl\/wp-json\/wp\/v2\/pages\/21067\/revisions\/21118"}],"wp:attachment":[{"href":"https:\/\/www.upo.es\/intl\/wp-json\/wp\/v2\/media?parent=21067"}],"curies":[{"name":"wp","href":"https:\/\/api.w.org\/{rel}","templated":true}]}}