{"id":252,"date":"2014-06-04T07:56:17","date_gmt":"2014-06-04T07:56:17","guid":{"rendered":"http:\/\/university.cactusthemes.com\/?page_id=252"},"modified":"2024-10-14T10:16:15","modified_gmt":"2024-10-14T10:16:15","slug":"contact-us","status":"publish","type":"page","link":"https:\/\/www.upo.es\/intl\/contact-us\/","title":{"rendered":"Contacto y horas de oficina"},"content":{"rendered":"<div class=\"wpb-content-wrapper\"><p>[vc_row][vc_column width=&#8221;1\/2&#8243;]<div class=\"smile_icon_list_wrap ult-adjust-bottom-margin  \"><ul class=\"smile_icon_list left square with_bg\"><li class=\"icon_list_item\" style=\" font-size:72px;\"><div class=\"icon_list_icon\" data-animation=\"\" data-animation-delay=\"03\" style=\"font-size:24px;border-width:1px;border-style:none;background:#ffffff;color:#333333;border-color:#333333;\"><img class=\"list-img-icon\" alt=\"null\" src=\"https:\/\/www.upo.es\/intl\/wp-content\/uploads\/2017\/06\/7383-200.png\"\/><\/div><div class=\"icon_description\" id=\"Info-list-wrap-7627\"><h3 class=\"ult-responsive\"  data-ultimate-target='#Info-list-wrap-7627 h3'  data-responsive-json-new='{\"font-size\":\"desktop:16px;\",\"line-height\":\"desktop:24px;\"}'  style=\"\">Horario de oficina:<\/h3><div class=\"icon_description_text ult-responsive\"  data-ultimate-target='#Info-list-wrap-7627 .icon_description_text'  data-responsive-json-new='{\"font-size\":\"desktop:13px;\",\"line-height\":\"desktop:18px;\"}'  style=\"\"><h4>De lunes a mi\u00e9rcoles de 8:00 a 17:30<br \/>\nJueves de 8:00 a 16:30<br \/>\nViernes de 8:00 a 14:00<\/h4>\n<h4><strong>Horario de oficina en verano:<\/strong><br \/>\nDe lunes a viernes de 8:30 a 14:00<\/h4>\n<\/div><\/div><div class=\"icon_list_connector\"  style=\"border-color:#333333;\"><\/div><\/li><\/ul><\/div>[\/vc_column][vc_column width=&#8221;1\/2&#8243;]<div class=\"smile_icon_list_wrap ult-adjust-bottom-margin  \"><ul class=\"smile_icon_list left square with_bg\"><li class=\"icon_list_item\" style=\" font-size:72px;\"><div class=\"icon_list_icon\" data-animation=\"\" data-animation-delay=\"03\" style=\"font-size:24px;border-width:1px;border-style:none;background:#ffffff;color:#333333;border-color:#333333;\"><img class=\"list-img-icon\" alt=\"null\" src=\"https:\/\/www.upo.es\/intl\/wp-content\/uploads\/2021\/11\/mapa.png\"\/><\/div><div class=\"icon_description\" id=\"Info-list-wrap-2361\"><h3 class=\"ult-responsive\"  data-ultimate-target='#Info-list-wrap-2361 h3'  data-responsive-json-new='{\"font-size\":\"desktop:16px;\",\"line-height\":\"desktop:24px;\"}'  style=\"\">Ubicaci\u00f3n<\/h3><div class=\"icon_description_text ult-responsive\"  data-ultimate-target='#Info-list-wrap-2361 .icon_description_text'  data-responsive-json-new='{\"font-size\":\"desktop:13px;\",\"line-height\":\"desktop:18px;\"}'  style=\"\"><p>Edificio 25, planta baja.<\/p>\n<p><strong><a href=\"https:\/\/www.google.com\/maps\/place\/Centro+Universitario+Internacional+UPO\/@37.3576827,-5.9389092,17z\/data=!3m1!4b1!4m5!3m4!1s0xd126fabec256a09:0x94b9662eab7c6556!8m2!3d37.3576827!4d-5.9367205\" target=\"_blank\" rel=\"noopener\">MAP<\/a><\/strong><\/p>\n<\/div><\/div><div class=\"icon_list_connector\"  style=\"border-color:#333333;\"><\/div><\/li><\/ul><\/div>[\/vc_column][\/vc_row][vc_row][vc_column][vc_column_text]<\/p>\n<h2>Contacta con nosotros:<\/h2>\n<p>[\/vc_column_text][\/vc_column][\/vc_row][vc_row][vc_column width=&#8221;1\/2&#8243;][vc_column_text]<div class=\"forminator-ui forminator-custom-form forminator-custom-form-19615 forminator-design--default  forminator_ajax\" data-forminator-render=\"0\" data-form=\"forminator-module-19615\" data-uid=\"69f28cc31a3aa\"><br\/><\/div><form\n\t\t\t\tid=\"forminator-module-19615\"\n\t\t\t\tclass=\"forminator-ui forminator-custom-form forminator-custom-form-19615 forminator-design--default  forminator_ajax\"\n\t\t\t\tmethod=\"post\"\n\t\t\t\tdata-forminator-render=\"0\"\n\t\t\t\tdata-form-id=\"19615\"\n\t\t\t\t\n\t\t\t\tdata-design=\"default\"\n\t\t\t\t\n\t\t\t\t\n\t\t\t\t\n\t\t\t\tdata-grid=\"open\"\n\t\t\t\t\n\t\t\t\t\n\t\t\t\tstyle=\"display: none;\"\n\t\t\t\t\n\t\t\t\tdata-uid=\"69f28cc31a3aa\"\n\t\t\t><div role=\"alert\" aria-live=\"polite\" class=\"forminator-response-message forminator-error\" aria-hidden=\"true\"><\/div><div class=\"forminator-row\"><div id=\"radio-1\" class=\"forminator-field-radio forminator-col forminator-col-12 \"><div role=\"radiogroup\" class=\"forminator-field\" aria-labelledby=\"forminator-radiogroup-69f28cc31a3aa-label\"><span id=\"forminator-radiogroup-69f28cc31a3aa-label\" class=\"forminator-label\">Elige la persona con la que quieres contactar<\/span><label id=\"forminator-field-radio-1-label-1\" for=\"forminator-field-radio-1-1-69f28cc31a3aa\" class=\"forminator-radio forminator-has_image forminator-has_bullet\" title=\"Consultas generales, inscripci\u00f3n en cursos, pagos, solicitudes de expedientes acad\u00e9micos,cursos de espa\u00f1ol para estudiantes Erasmus (Mentxu)\"><input type=\"radio\" name=\"radio-1\" value=\"mentxu\" id=\"forminator-field-radio-1-1-69f28cc31a3aa\" aria-labelledby=\"forminator-field-radio-1-label-1\" data-calculation=\"0\" checked=\"checked\"  data-hidden-behavior=\"zero\"\/><span class=\"forminator-radio-bullet\" aria-hidden=\"true\"><\/span><span class=\"forminator-radio-label\">Consultas generales, inscripci\u00f3n en cursos, pagos, solicitudes de expedientes acad\u00e9micos,cursos de espa\u00f1ol para estudiantes Erasmus (Mentxu)<\/span><span class=\"forminator-radio-image\" aria-hidden=\"true\"><span style=\"background-image: url(https:\/\/www.upo.es\/intl\/wp-content\/uploads\/2016\/07\/mentxu_cuadrada.jpg);\"><\/span><\/span><\/label><label id=\"forminator-field-radio-1-label-2\" for=\"forminator-field-radio-1-2-69f28cc31a3aa\" class=\"forminator-radio forminator-has_image forminator-has_bullet\" title=\"Consultas sobre el Programa de Inmersi\u00f3n, consultas sobre Blackboard, Alojamiento (Jorge)\"><input type=\"radio\" name=\"radio-1\" value=\"jorge\" id=\"forminator-field-radio-1-2-69f28cc31a3aa\" aria-labelledby=\"forminator-field-radio-1-label-2\" data-calculation=\"0\"   data-hidden-behavior=\"zero\"\/><span class=\"forminator-radio-bullet\" aria-hidden=\"true\"><\/span><span class=\"forminator-radio-label\">Consultas sobre el Programa de Inmersi\u00f3n, consultas sobre Blackboard, Alojamiento (Jorge)<\/span><span class=\"forminator-radio-image\" aria-hidden=\"true\"><span style=\"background-image: url(https:\/\/www.upo.es\/intl\/wp-content\/uploads\/2016\/07\/jorge_cuadrada.jpg);\"><\/span><\/span><\/label><label id=\"forminator-field-radio-1-label-3\" for=\"forminator-field-radio-1-3-69f28cc31a3aa\" class=\"forminator-radio forminator-has_image forminator-has_bullet\" title=\"Consultas acad\u00e9micas, adaptaciones de aprendizaje (Marta)\"><input type=\"radio\" name=\"radio-1\" value=\"marta\" id=\"forminator-field-radio-1-3-69f28cc31a3aa\" aria-labelledby=\"forminator-field-radio-1-label-3\" data-calculation=\"0\"   data-hidden-behavior=\"zero\"\/><span class=\"forminator-radio-bullet\" aria-hidden=\"true\"><\/span><span class=\"forminator-radio-label\">Consultas acad\u00e9micas, adaptaciones de aprendizaje (Marta)<\/span><span class=\"forminator-radio-image\" aria-hidden=\"true\"><span style=\"background-image: url(https:\/\/www.upo.es\/intl\/wp-content\/uploads\/2022\/09\/marta_Web.jpg);\"><\/span><\/span><\/label><label id=\"forminator-field-radio-1-label-4\" for=\"forminator-field-radio-1-4-69f28cc31a3aa\" class=\"forminator-radio forminator-has_image forminator-has_bullet\" title=\"Consultas de entidades interesadas en una colaboraci\u00f3n, programas a medida (Joanna)\"><input type=\"radio\" name=\"radio-1\" value=\"joanna\" id=\"forminator-field-radio-1-4-69f28cc31a3aa\" aria-labelledby=\"forminator-field-radio-1-label-4\" data-calculation=\"0\"   data-hidden-behavior=\"zero\"\/><span class=\"forminator-radio-bullet\" aria-hidden=\"true\"><\/span><span class=\"forminator-radio-label\">Consultas de entidades interesadas en una colaboraci\u00f3n, programas a medida (Joanna)<\/span><span class=\"forminator-radio-image\" aria-hidden=\"true\"><span style=\"background-image: url(https:\/\/www.upo.es\/intl\/wp-content\/uploads\/2016\/07\/foto_joanna.jpg);\"><\/span><\/span><\/label><\/div><\/div><\/div><div class=\"forminator-row\"><div id=\"name-1\" class=\"forminator-field-name forminator-col forminator-col-12 \"><div class=\"forminator-field\"><label for=\"forminator-field-name-1_69f28cc31a3aa\" id=\"forminator-field-name-1_69f28cc31a3aa-label\" class=\"forminator-label\">Tu nombre <span class=\"forminator-required\">*<\/span><\/label><input type=\"text\" name=\"name-1\" value=\"\" placeholder=\"\" id=\"forminator-field-name-1_69f28cc31a3aa\" class=\"forminator-input forminator-name--field\" aria-required=\"true\" \/><\/div><\/div><\/div><div class=\"forminator-row\"><div id=\"email-1\" class=\"forminator-field-email forminator-col forminator-col-12 \"><div class=\"forminator-field\"><label for=\"forminator-field-email-1_69f28cc31a3aa\" id=\"forminator-field-email-1_69f28cc31a3aa-label\" class=\"forminator-label\">Tu email <span class=\"forminator-required\">*<\/span><\/label><input type=\"email\" name=\"email-1\" value=\"\" placeholder=\"\" id=\"forminator-field-email-1_69f28cc31a3aa\" class=\"forminator-input forminator-email--field\" data-required=\"true\" aria-required=\"true\" \/><\/div><\/div><\/div><div class=\"forminator-row\"><div id=\"textarea-1\" class=\"forminator-field-textarea forminator-col forminator-col-12 \"><div class=\"forminator-field\"><label for=\"forminator-field-textarea-1_69f28cc31a3aa\" id=\"forminator-field-textarea-1_69f28cc31a3aa-label\" class=\"forminator-label\">Mensaje<\/label><textarea name=\"textarea-1\" placeholder=\"\" id=\"forminator-field-textarea-1_69f28cc31a3aa\" class=\"forminator-textarea\" rows=\"6\" style=\"min-height:140px;\" maxlength=\"180\" ><\/textarea><span id=\"forminator-field-textarea-1_69f28cc31a3aa-description\" class=\"forminator-description\"><span data-limit=\"180\" data-type=\"characters\">0 \/ 180<\/span><\/span><\/div><\/div><\/div><div class=\"forminator-row\"><div id=\"checkbox-1\" class=\"forminator-field-checkbox forminator-col forminator-col-12 \"><div role=\"group\" class=\"forminator-field required\" aria-labelledby=\"forminator-checkbox-group-69f28cc31a3aa-label\"><span id=\"forminator-checkbox-group-69f28cc31a3aa-label\" class=\"forminator-label\">CL\u00c1USULA INFORMATIVA SOBRE EL TRATAMIENTO DE DATOS PERSONALES. <span class=\"forminator-required\">*<\/span><\/span><label id=\"forminator-field-checkbox-1-1-69f28cc31a3aa-label\" for=\"forminator-field-checkbox-1-1-69f28cc31a3aa\" class=\"forminator-checkbox\" title=\"He le\u00eddo y acepto las condiciones detalladas en la cl\u00e1usula sobre tratamiento de Datos Personales.\"><input type=\"checkbox\" name=\"checkbox-1[]\" value=\"one\" id=\"forminator-field-checkbox-1-1-69f28cc31a3aa\" aria-labelledby=\"forminator-field-checkbox-1-1-69f28cc31a3aa-label\" data-calculation=\"0\" checked=\"checked\"  data-hidden-behavior=\"zero\" aria-describedby=\"forminator-field-checkbox-1-69f28cc31a3aa-description\"\/><span class=\"forminator-checkbox-box\" aria-hidden=\"true\"><\/span><span class=\"forminator-checkbox-label\">He le\u00eddo y acepto las condiciones detalladas en la cl\u00e1usula sobre tratamiento de Datos Personales.<\/span><\/label><span id=\"forminator-field-checkbox-1-69f28cc31a3aa-description\" class=\"forminator-description\">De conformidad con lo establecido en la Ley Org\u00e1nica 15\/1999 de Protecci\u00f3n de Datos de Car\u00e1cter Personal le informamos que los datos personales que nos facilite a trav\u00e9s de la web www.upo.es\/cic ser\u00e1n incluidos en un fichero de SUGERENCIAS, RECLAMACIONES Y SUSCRIPCIONES cuyo responsable es la Universidad Pablo de Olavide, con la finalidad de atender las consultas que nos plantee y realizar la correcta gesti\u00f3n de sus suscripciones. Podr\u00e1 ejercitar sus derechos de acceso, rectificaci\u00f3n, cancelaci\u00f3n y oposici\u00f3n dirigi\u00e9ndose al Registro General de la Universidad Pablo de Olavide en la direcci\u00f3n Carretera de Utrera, Km. 1, 41013 Sevilla, Edificio Jos\u00e9 Mo\u00f1ino Conde de Floridablanca, planta baja, solicitando los formularios disponibles al efecto.<\/span><\/div><\/div><\/div><div class=\"forminator-row\"><div id=\"captcha-1\" class=\"forminator-field-captcha forminator-col forminator-col-12 \"><div class=\"forminator-captcha-left forminator-hcaptcha\" data-theme=\"light\"  data-sitekey=\"1adf7c5a-d70d-42f4-bb5a-34ff8720b4cd\" data-size=\"normal\"><\/div> <\/div><\/div><input type=\"hidden\" name=\"referer_url\" value=\"\" \/><div class=\"forminator-row forminator-row-last\"><div class=\"forminator-col\"><div class=\"forminator-field\"><button class=\"forminator-button forminator-button-submit\">Enviar<\/button><\/div><\/div><\/div><input type=\"hidden\" id=\"forminator_nonce\" name=\"forminator_nonce\" value=\"cc32cde7c6\" \/><input type=\"hidden\" name=\"_wp_http_referer\" value=\"\/intl\/wp-json\/wp\/v2\/pages\/252\" \/><input type=\"hidden\" name=\"form_id\" value=\"19615\"><input type=\"hidden\" name=\"page_id\" value=\"252\"><input type=\"hidden\" name=\"form_type\" value=\"default\"><input type=\"hidden\" name=\"current_url\" value=\"https:\/\/www.upo.es\/intl\/contact-us\/\"><input type=\"hidden\" name=\"render_id\" value=\"0\"><input type=\"hidden\" name=\"action\" value=\"forminator_submit_form_custom-forms\"><\/form>[\/vc_column_text][\/vc_column][vc_column width=&#8221;1\/2&#8243;][vc_gmaps link=&#8221;#E-8_JTNDaWZyYW1lJTIwc3JjJTNEJTIyaHR0cHMlM0ElMkYlMkZ3d3cuZ29vZ2xlLmNvbSUyRm1hcHMlMkZlbWJlZCUzRnBiJTNEJTIxMW0xNCUyMTFtOCUyMTFtMyUyMTFkMTI2ODUuNDQyODQxMDQzNjMlMjEyZC01LjkzNjcxNCUyMTNkMzcuMzU3NjQxJTIxM20yJTIxMWkxMDI0JTIxMmk3NjglMjE0ZjEzLjElMjEzbTMlMjExbTIlMjExczB4MCUyNTNBMHg5NGI5NjYyZWFiN2M2NTU2JTIxMnNDZW50cm8lMkJVbml2ZXJzaXRhcmlvJTJCSW50ZXJuYWNpb25hbCUyQlVQTyUyMTVlMCUyMTNtMiUyMTFzZXMlMjEyc2VzJTIxNHYxNDg1OTQ3NTY5NzUyJTIyJTIwd2lkdGglM0QlMjI2MDAlMjIlMjBoZWlnaHQlM0QlMjI0NTAlMjIlMjBmcmFtZWJvcmRlciUzRCUyMjAlMjIlMjBzdHlsZSUzRCUyMmJvcmRlciUzQTAlMjIlMjBhbGxvd2Z1bGxzY3JlZW4lM0UlM0MlMkZpZnJhbWUlM0U=&#8221; size=&#8221;650&#8243;][\/vc_column][\/vc_row]<\/p>\n<\/div>","protected":false},"excerpt":{"rendered":"<p>[vc_row][vc_column width=&#8221;1\/2&#8243;][\/vc_column][vc_column width=&#8221;1\/2&#8243;][\/vc_column][\/vc_row][vc_row][vc_column][vc_column_text] Contacta con nosotros: [\/vc_column_text][\/vc_column][\/vc_row][vc_row][vc_column width=&#8221;1\/2&#8243;][vc_column_text][\/vc_column_text][\/vc_column][vc_column width=&#8221;1\/2&#8243;][vc_gmaps link=&#8221;#E-8_JTNDaWZyYW1lJTIwc3JjJTNEJTIyaHR0cHMlM0ElMkYlMkZ3d3cuZ29vZ2xlLmNvbSUyRm1hcHMlMkZlbWJlZCUzRnBiJTNEJTIxMW0xNCUyMTFtOCUyMTFtMyUyMTFkMTI2ODUuNDQyODQxMDQzNjMlMjEyZC01LjkzNjcxNCUyMTNkMzcuMzU3NjQxJTIxM20yJTIxMWkxMDI0JTIxMmk3NjglMjE0ZjEzLjElMjEzbTMlMjExbTIlMjExczB4MCUyNTNBMHg5NGI5NjYyZWFiN2M2NTU2JTIxMnNDZW50cm8lMkJVbml2ZXJzaXRhcmlvJTJCSW50ZXJuYWNpb25hbCUyQlVQTyUyMTVlMCUyMTNtMiUyMTFzZXMlMjEyc2VzJTIxNHYxNDg1OTQ3NTY5NzUyJTIyJTIwd2lkdGglM0QlMjI2MDAlMjIlMjBoZWlnaHQlM0QlMjI0NTAlMjIlMjBmcmFtZWJvcmRlciUzRCUyMjAlMjIlMjBzdHlsZSUzRCUyMmJvcmRlciUzQTAlMjIlMjBhbGxvd2Z1bGxzY3JlZW4lM0UlM0MlMkZpZnJhbWUlM0U=&#8221; size=&#8221;650&#8243;][\/vc_column][\/vc_row]<\/p>\n","protected":false},"author":1,"featured_media":0,"parent":0,"menu_order":0,"comment_status":"open","ping_status":"open","template":"","meta":[],"yoast_head":"<!-- This site is optimized with the Yoast SEO plugin v18.3 - https:\/\/yoast.com\/wordpress\/plugins\/seo\/ -->\n<title>Contacto y horas de oficina<\/title>\n<meta name=\"robots\" content=\"noindex, follow\" \/>\n<meta property=\"og:locale\" content=\"es_ES\" \/>\n<meta property=\"og:type\" content=\"article\" \/>\n<meta property=\"og:title\" content=\"Contacto y horas de oficina\" \/>\n<meta property=\"og:description\" content=\"[vc_row][vc_column width=&#8221;1\/2&#8243;][\/vc_column][vc_column width=&#8221;1\/2&#8243;][\/vc_column][\/vc_row][vc_row][vc_column][vc_column_text] Contacta con nosotros: [\/vc_column_text][\/vc_column][\/vc_row][vc_row][vc_column width=&#8221;1\/2&#8243;][vc_column_text][\/vc_column_text][\/vc_column][vc_column width=&#8221;1\/2&#8243;][vc_gmaps link=&#8221;#E-8_JTNDaWZyYW1lJTIwc3JjJTNEJTIyaHR0cHMlM0ElMkYlMkZ3d3cuZ29vZ2xlLmNvbSUyRm1hcHMlMkZlbWJlZCUzRnBiJTNEJTIxMW0xNCUyMTFtOCUyMTFtMyUyMTFkMTI2ODUuNDQyODQxMDQzNjMlMjEyZC01LjkzNjcxNCUyMTNkMzcuMzU3NjQxJTIxM20yJTIxMWkxMDI0JTIxMmk3NjglMjE0ZjEzLjElMjEzbTMlMjExbTIlMjExczB4MCUyNTNBMHg5NGI5NjYyZWFiN2M2NTU2JTIxMnNDZW50cm8lMkJVbml2ZXJzaXRhcmlvJTJCSW50ZXJuYWNpb25hbCUyQlVQTyUyMTVlMCUyMTNtMiUyMTFzZXMlMjEyc2VzJTIxNHYxNDg1OTQ3NTY5NzUyJTIyJTIwd2lkdGglM0QlMjI2MDAlMjIlMjBoZWlnaHQlM0QlMjI0NTAlMjIlMjBmcmFtZWJvcmRlciUzRCUyMjAlMjIlMjBzdHlsZSUzRCUyMmJvcmRlciUzQTAlMjIlMjBhbGxvd2Z1bGxzY3JlZW4lM0UlM0MlMkZpZnJhbWUlM0U=&#8221; size=&#8221;650&#8243;][\/vc_column][\/vc_row]\" \/>\n<meta property=\"og:url\" content=\"https:\/\/www.upo.es\/intl\/contact-us\/\" \/>\n<meta property=\"og:site_name\" content=\"Centro Universitario Internacional UPO\" \/>\n<meta property=\"article:publisher\" content=\"https:\/\/www.facebook.com\/centrointernacionalUPO\/?ref=ts\" \/>\n<meta property=\"article:modified_time\" content=\"2024-10-14T10:16:15+00:00\" \/>\n<meta name=\"twitter:card\" content=\"summary_large_image\" \/>\n<meta name=\"twitter:site\" content=\"@CuiUpo\" \/>\n<meta name=\"twitter:label1\" content=\"Tiempo de lectura\" \/>\n\t<meta name=\"twitter:data1\" content=\"1 minuto\" \/>\n<script type=\"application\/ld+json\" class=\"yoast-schema-graph\">{\"@context\":\"https:\/\/schema.org\",\"@graph\":[{\"@type\":\"Organization\",\"@id\":\"https:\/\/www.upo.es\/intl\/#organization\",\"name\":\"Centro Universitario Internacional Universidad Pablo de Olavide\",\"url\":\"https:\/\/www.upo.es\/intl\/\",\"sameAs\":[\"https:\/\/www.facebook.com\/centrointernacionalUPO\/?ref=ts\",\"https:\/\/www.instagram.com\/cui_upo\/\",\"https:\/\/www.youtube.com\/channel\/UCXvTsTmrSF31BCW1Ukowlvg\",\"https:\/\/twitter.com\/CuiUpo\"],\"logo\":{\"@type\":\"ImageObject\",\"@id\":\"https:\/\/www.upo.es\/intl\/#logo\",\"inLanguage\":\"es\",\"url\":\"https:\/\/www.upo.es\/intl\/wp-content\/uploads\/2016\/07\/logo_fondo_UPO.png\",\"contentUrl\":\"https:\/\/www.upo.es\/intl\/wp-content\/uploads\/2016\/07\/logo_fondo_UPO.png\",\"width\":318,\"height\":120,\"caption\":\"Centro Universitario Internacional Universidad Pablo de Olavide\"},\"image\":{\"@id\":\"https:\/\/www.upo.es\/intl\/#logo\"}},{\"@type\":\"WebSite\",\"@id\":\"https:\/\/www.upo.es\/intl\/#website\",\"url\":\"https:\/\/www.upo.es\/intl\/\",\"name\":\"Centro Universitario Internacional UPO\",\"description\":\"Programas de corta y larga duraci\u00f3n de lengua y cultura espa\u00f1ola. Se imparten clases en espa\u00f1ol e ingl\u00e9s de diferentes materias\",\"publisher\":{\"@id\":\"https:\/\/www.upo.es\/intl\/#organization\"},\"potentialAction\":[{\"@type\":\"SearchAction\",\"target\":{\"@type\":\"EntryPoint\",\"urlTemplate\":\"https:\/\/www.upo.es\/intl\/?s={search_term_string}\"},\"query-input\":\"required name=search_term_string\"}],\"inLanguage\":\"es\"},{\"@type\":\"WebPage\",\"@id\":\"https:\/\/www.upo.es\/intl\/contact-us\/#webpage\",\"url\":\"https:\/\/www.upo.es\/intl\/contact-us\/\",\"name\":\"Contacto y horas de oficina\",\"isPartOf\":{\"@id\":\"https:\/\/www.upo.es\/intl\/#website\"},\"datePublished\":\"2014-06-04T07:56:17+00:00\",\"dateModified\":\"2024-10-14T10:16:15+00:00\",\"breadcrumb\":{\"@id\":\"https:\/\/www.upo.es\/intl\/contact-us\/#breadcrumb\"},\"inLanguage\":\"es\",\"potentialAction\":[{\"@type\":\"ReadAction\",\"target\":[\"https:\/\/www.upo.es\/intl\/contact-us\/\"]}]},{\"@type\":\"BreadcrumbList\",\"@id\":\"https:\/\/www.upo.es\/intl\/contact-us\/#breadcrumb\",\"itemListElement\":[{\"@type\":\"ListItem\",\"position\":1,\"name\":\"Portada\",\"item\":\"https:\/\/www.upo.es\/intl\/\"},{\"@type\":\"ListItem\",\"position\":2,\"name\":\"Contacto y horas de oficina\"}]}]}<\/script>\n<!-- \/ Yoast SEO plugin. -->","yoast_head_json":{"title":"Contacto y horas de oficina","robots":{"index":"noindex","follow":"follow"},"og_locale":"es_ES","og_type":"article","og_title":"Contacto y horas de oficina","og_description":"[vc_row][vc_column width=&#8221;1\/2&#8243;][\/vc_column][vc_column width=&#8221;1\/2&#8243;][\/vc_column][\/vc_row][vc_row][vc_column][vc_column_text] Contacta con nosotros: [\/vc_column_text][\/vc_column][\/vc_row][vc_row][vc_column width=&#8221;1\/2&#8243;][vc_column_text][\/vc_column_text][\/vc_column][vc_column width=&#8221;1\/2&#8243;][vc_gmaps link=&#8221;#E-8_JTNDaWZyYW1lJTIwc3JjJTNEJTIyaHR0cHMlM0ElMkYlMkZ3d3cuZ29vZ2xlLmNvbSUyRm1hcHMlMkZlbWJlZCUzRnBiJTNEJTIxMW0xNCUyMTFtOCUyMTFtMyUyMTFkMTI2ODUuNDQyODQxMDQzNjMlMjEyZC01LjkzNjcxNCUyMTNkMzcuMzU3NjQxJTIxM20yJTIxMWkxMDI0JTIxMmk3NjglMjE0ZjEzLjElMjEzbTMlMjExbTIlMjExczB4MCUyNTNBMHg5NGI5NjYyZWFiN2M2NTU2JTIxMnNDZW50cm8lMkJVbml2ZXJzaXRhcmlvJTJCSW50ZXJuYWNpb25hbCUyQlVQTyUyMTVlMCUyMTNtMiUyMTFzZXMlMjEyc2VzJTIxNHYxNDg1OTQ3NTY5NzUyJTIyJTIwd2lkdGglM0QlMjI2MDAlMjIlMjBoZWlnaHQlM0QlMjI0NTAlMjIlMjBmcmFtZWJvcmRlciUzRCUyMjAlMjIlMjBzdHlsZSUzRCUyMmJvcmRlciUzQTAlMjIlMjBhbGxvd2Z1bGxzY3JlZW4lM0UlM0MlMkZpZnJhbWUlM0U=&#8221; size=&#8221;650&#8243;][\/vc_column][\/vc_row]","og_url":"https:\/\/www.upo.es\/intl\/contact-us\/","og_site_name":"Centro Universitario Internacional UPO","article_publisher":"https:\/\/www.facebook.com\/centrointernacionalUPO\/?ref=ts","article_modified_time":"2024-10-14T10:16:15+00:00","twitter_card":"summary_large_image","twitter_site":"@CuiUpo","twitter_misc":{"Tiempo de lectura":"1 minuto"},"schema":{"@context":"https:\/\/schema.org","@graph":[{"@type":"Organization","@id":"https:\/\/www.upo.es\/intl\/#organization","name":"Centro Universitario Internacional Universidad Pablo de Olavide","url":"https:\/\/www.upo.es\/intl\/","sameAs":["https:\/\/www.facebook.com\/centrointernacionalUPO\/?ref=ts","https:\/\/www.instagram.com\/cui_upo\/","https:\/\/www.youtube.com\/channel\/UCXvTsTmrSF31BCW1Ukowlvg","https:\/\/twitter.com\/CuiUpo"],"logo":{"@type":"ImageObject","@id":"https:\/\/www.upo.es\/intl\/#logo","inLanguage":"es","url":"https:\/\/www.upo.es\/intl\/wp-content\/uploads\/2016\/07\/logo_fondo_UPO.png","contentUrl":"https:\/\/www.upo.es\/intl\/wp-content\/uploads\/2016\/07\/logo_fondo_UPO.png","width":318,"height":120,"caption":"Centro Universitario Internacional Universidad Pablo de Olavide"},"image":{"@id":"https:\/\/www.upo.es\/intl\/#logo"}},{"@type":"WebSite","@id":"https:\/\/www.upo.es\/intl\/#website","url":"https:\/\/www.upo.es\/intl\/","name":"Centro Universitario Internacional UPO","description":"Programas de corta y larga duraci\u00f3n de lengua y cultura espa\u00f1ola. Se imparten clases en espa\u00f1ol e ingl\u00e9s de diferentes materias","publisher":{"@id":"https:\/\/www.upo.es\/intl\/#organization"},"potentialAction":[{"@type":"SearchAction","target":{"@type":"EntryPoint","urlTemplate":"https:\/\/www.upo.es\/intl\/?s={search_term_string}"},"query-input":"required name=search_term_string"}],"inLanguage":"es"},{"@type":"WebPage","@id":"https:\/\/www.upo.es\/intl\/contact-us\/#webpage","url":"https:\/\/www.upo.es\/intl\/contact-us\/","name":"Contacto y horas de oficina","isPartOf":{"@id":"https:\/\/www.upo.es\/intl\/#website"},"datePublished":"2014-06-04T07:56:17+00:00","dateModified":"2024-10-14T10:16:15+00:00","breadcrumb":{"@id":"https:\/\/www.upo.es\/intl\/contact-us\/#breadcrumb"},"inLanguage":"es","potentialAction":[{"@type":"ReadAction","target":["https:\/\/www.upo.es\/intl\/contact-us\/"]}]},{"@type":"BreadcrumbList","@id":"https:\/\/www.upo.es\/intl\/contact-us\/#breadcrumb","itemListElement":[{"@type":"ListItem","position":1,"name":"Portada","item":"https:\/\/www.upo.es\/intl\/"},{"@type":"ListItem","position":2,"name":"Contacto y horas de oficina"}]}]}},"_links":{"self":[{"href":"https:\/\/www.upo.es\/intl\/wp-json\/wp\/v2\/pages\/252"}],"collection":[{"href":"https:\/\/www.upo.es\/intl\/wp-json\/wp\/v2\/pages"}],"about":[{"href":"https:\/\/www.upo.es\/intl\/wp-json\/wp\/v2\/types\/page"}],"author":[{"embeddable":true,"href":"https:\/\/www.upo.es\/intl\/wp-json\/wp\/v2\/users\/1"}],"replies":[{"embeddable":true,"href":"https:\/\/www.upo.es\/intl\/wp-json\/wp\/v2\/comments?post=252"}],"version-history":[{"count":15,"href":"https:\/\/www.upo.es\/intl\/wp-json\/wp\/v2\/pages\/252\/revisions"}],"predecessor-version":[{"id":20580,"href":"https:\/\/www.upo.es\/intl\/wp-json\/wp\/v2\/pages\/252\/revisions\/20580"}],"wp:attachment":[{"href":"https:\/\/www.upo.es\/intl\/wp-json\/wp\/v2\/media?parent=252"}],"curies":[{"name":"wp","href":"https:\/\/api.w.org\/{rel}","templated":true}]}}