{"id":3009,"date":"2016-06-01T14:48:32","date_gmt":"2016-06-01T14:48:32","guid":{"rendered":"http:\/\/thetotaltraining.es\/cui2\/?page_id=3009"},"modified":"2024-02-21T11:14:43","modified_gmt":"2024-02-21T11:14:43","slug":"profesores","status":"publish","type":"page","link":"https:\/\/www.upo.es\/intl\/profesores\/","title":{"rendered":"Profesores de Lengua Espa\u00f1ola"},"content":{"rendered":"<div class=\"wpb-content-wrapper\"><p>[vc_row][vc_column]\r\n\t\t<div class=\"row\">\r\n\t\r\n\t\t\t\t<div class=\"member-item col-md-4 \">\r\n\t\t\t\t\t<div class=\"member-item-inner\">\r\n\t\t\t\t\t\t<div class=\"item-thumbnail\"><a href=\"https:\/\/www.upo.es\/intl\/member\/manuel-mejias-borrero\/\" title=\"Manuel Mej\u00edas Borrero\"><img width=\"300\" height=\"300\" src=\"https:\/\/www.upo.es\/intl\/wp-content\/uploads\/2016\/09\/manolo-1.jpg\" class=\"attachment-thumb_526x526 size-thumb_526x526 wp-post-image\" alt=\"\" loading=\"lazy\" srcset=\"https:\/\/www.upo.es\/intl\/wp-content\/uploads\/2016\/09\/manolo-1.jpg 300w, https:\/\/www.upo.es\/intl\/wp-content\/uploads\/2016\/09\/manolo-1-100x100.jpg 100w\" sizes=\"(max-width: 300px) 100vw, 300px\" \/><\/a>\r\n\t\t\t\t\t\t<\/div>\r\n\t\t\t\t\t\t<div class=\"item-content\">\r\n\t\t\t\t\t\t\t<h3 class=\"item-title\"><a href=\"https:\/\/www.upo.es\/intl\/member\/manuel-mejias-borrero\/\" title=\"title\" class=\"main-color-1-hover\">Manuel Mej\u00edas Borrero<\/a>\r\n\t\t\t\t\t\t\t<\/h3>\r\n\t\t\t\t\t\t\t<h4 class=\"small-text\"><\/h4>\r\n\t\t\t\t\t\t\t<p>Manuel Mej\u00edas Borrero, Doctor en Filolog\u00eda\u00a0 de la Universidad Pablo de Olavide, antiguo estudiante de la Universidad de Sevilla y posgraduado por la Universidad de Indiana (EEUU) con un M\u00e1ster en Ling\u00fc\u00edstica General. Su experiencia en formaci\u00f3n e investigaci\u00f3n se complementa con su amplia experiencia docente, siempre vinculada tanto con universidades estadounidenses como la Indiana [&hellip;]<\/p>\r\n\t\t\t\t\t\t\t<ul class=\"list-inline social-light\">\r\n\t\t\t\t\t\t\t<\/ul>\r\n\t\t\t\t\t\t<\/div>\r\n\t\t\t\t\t<\/div>\r\n\t\t\t\t<\/div>\r\n\t\t\t\r\n\t\t\t\t<div class=\"member-item col-md-4 \">\r\n\t\t\t\t\t<div class=\"member-item-inner\">\r\n\t\t\t\t\t\t<div class=\"item-thumbnail\"><a href=\"https:\/\/www.upo.es\/intl\/member\/ana-claudio-fernandez\/\" title=\"Ana Claudio Fern\u00e1ndez\"><img width=\"300\" height=\"300\" src=\"https:\/\/www.upo.es\/intl\/wp-content\/uploads\/2016\/07\/foto_Ana_claudio.jpg\" class=\"attachment-thumb_526x526 size-thumb_526x526 wp-post-image\" alt=\"\" loading=\"lazy\" srcset=\"https:\/\/www.upo.es\/intl\/wp-content\/uploads\/2016\/07\/foto_Ana_claudio.jpg 300w, https:\/\/www.upo.es\/intl\/wp-content\/uploads\/2016\/07\/foto_Ana_claudio-100x100.jpg 100w\" sizes=\"(max-width: 300px) 100vw, 300px\" \/><\/a>\r\n\t\t\t\t\t\t<\/div>\r\n\t\t\t\t\t\t<div class=\"item-content\">\r\n\t\t\t\t\t\t\t<h3 class=\"item-title\"><a href=\"https:\/\/www.upo.es\/intl\/member\/ana-claudio-fernandez\/\" title=\"title\" class=\"main-color-1-hover\">Ana Claudio Fern\u00e1ndez<\/a>\r\n\t\t\t\t\t\t\t<\/h3>\r\n\t\t\t\t\t\t\t<h4 class=\"small-text\"><\/h4>\r\n\t\t\t\t\t\t\t<p>Ana Claudio Fern\u00e1ndez, profesora de espa\u00f1ol del Centro Universitario Internacional de la Universidad Pablo de Olavide desde 2004, llegar\u00eda al centro con una amplia experiencia como profesora de espa\u00f1ol en diferentes pa\u00edses como Estados Unidos o Francia, y en las que cabr\u00eda destacar su paso por University of Colorado Denver o Metropolitan State College of [&hellip;]<\/p>\r\n\t\t\t\t\t\t\t<ul class=\"list-inline social-light\">\r\n\t\t\t\t\t\t\t<\/ul>\r\n\t\t\t\t\t\t<\/div>\r\n\t\t\t\t\t<\/div>\r\n\t\t\t\t<\/div>\r\n\t\t\t\r\n\t\t\t\t<div class=\"member-item col-md-4 \">\r\n\t\t\t\t\t<div class=\"member-item-inner\">\r\n\t\t\t\t\t\t<div class=\"item-thumbnail\"><a href=\"https:\/\/www.upo.es\/intl\/member\/clara-cavanillas-gomez\/\" title=\"Clara Cavanillas G\u00f3mez\"><img width=\"300\" height=\"300\" src=\"https:\/\/www.upo.es\/intl\/wp-content\/uploads\/2016\/09\/clara.jpg\" class=\"attachment-thumb_526x526 size-thumb_526x526 wp-post-image\" alt=\"\" loading=\"lazy\" srcset=\"https:\/\/www.upo.es\/intl\/wp-content\/uploads\/2016\/09\/clara.jpg 300w, https:\/\/www.upo.es\/intl\/wp-content\/uploads\/2016\/09\/clara-100x100.jpg 100w\" sizes=\"(max-width: 300px) 100vw, 300px\" \/><\/a>\r\n\t\t\t\t\t\t<\/div>\r\n\t\t\t\t\t\t<div class=\"item-content\">\r\n\t\t\t\t\t\t\t<h3 class=\"item-title\"><a href=\"https:\/\/www.upo.es\/intl\/member\/clara-cavanillas-gomez\/\" title=\"title\" class=\"main-color-1-hover\">Clara Cavanillas G\u00f3mez<\/a>\r\n\t\t\t\t\t\t\t<\/h3>\r\n\t\t\t\t\t\t\t<h4 class=\"small-text\"><\/h4>\r\n\t\t\t\t\t\t\t<p>Clara Cavanillas G\u00f3mez, profesora de espa\u00f1ol del Centro Universitario Internacional de la Universidad Pablo de Olavide desde 2006, licenciada en Filolog\u00eda y Letras, secci\u00f3n de Filolog\u00eda Inglesa por la Universidad de M\u00e1laga y con M\u00e1ster en Formaci\u00f3n de Profesores de Espa\u00f1ol como Lengua Extranjera (UPO). Complement\u00f3 sus estudios con diferentes experiencias internacionales en el Reino [&hellip;]<\/p>\r\n\t\t\t\t\t\t\t<ul class=\"list-inline social-light\">\r\n\t\t\t\t\t\t\t<\/ul>\r\n\t\t\t\t\t\t<\/div>\r\n\t\t\t\t\t<\/div>\r\n\t\t\t\t<\/div>\r\n\t\t\t\r\n\t\t\t\t\t<\/div>\r\n\t\t\t\t\t<div class=\"row\">\r\n\t\t\t\t\r\n\t\t\t\t<div class=\"member-item col-md-4 \">\r\n\t\t\t\t\t<div class=\"member-item-inner\">\r\n\t\t\t\t\t\t<div class=\"item-thumbnail\"><a href=\"https:\/\/www.upo.es\/intl\/member\/amaya-moral\/\" title=\"Amaya Moral Garc\u00eda\"><img width=\"300\" height=\"300\" src=\"https:\/\/www.upo.es\/intl\/wp-content\/uploads\/2023\/11\/amaya2.jpg\" class=\"attachment-thumb_526x526 size-thumb_526x526 wp-post-image\" alt=\"\" loading=\"lazy\" srcset=\"https:\/\/www.upo.es\/intl\/wp-content\/uploads\/2023\/11\/amaya2.jpg 300w, https:\/\/www.upo.es\/intl\/wp-content\/uploads\/2023\/11\/amaya2-150x150.jpg 150w, https:\/\/www.upo.es\/intl\/wp-content\/uploads\/2023\/11\/amaya2-50x50.jpg 50w, https:\/\/www.upo.es\/intl\/wp-content\/uploads\/2023\/11\/amaya2-80x80.jpg 80w, https:\/\/www.upo.es\/intl\/wp-content\/uploads\/2023\/11\/amaya2-263x263.jpg 263w, https:\/\/www.upo.es\/intl\/wp-content\/uploads\/2023\/11\/amaya2-100x100.jpg 100w, https:\/\/www.upo.es\/intl\/wp-content\/uploads\/2023\/11\/amaya2-255x255.jpg 255w\" sizes=\"(max-width: 300px) 100vw, 300px\" \/><\/a>\r\n\t\t\t\t\t\t<\/div>\r\n\t\t\t\t\t\t<div class=\"item-content\">\r\n\t\t\t\t\t\t\t<h3 class=\"item-title\"><a href=\"https:\/\/www.upo.es\/intl\/member\/amaya-moral\/\" title=\"title\" class=\"main-color-1-hover\">Amaya Moral Garc\u00eda<\/a>\r\n\t\t\t\t\t\t\t<\/h3>\r\n\t\t\t\t\t\t\t<h4 class=\"small-text\"><\/h4>\r\n\t\t\t\t\t\t\t<p>Amaya Moral Garc\u00eda, profesora de espa\u00f1ol del Centro Universitario Internacional de la Universidad Pablo de Olavide desde 2007, est\u00e1 especializada como profesora de espa\u00f1ol en sus estudios acad\u00e9micos de Licenciatura en Humanidades. \u00a0En contin\u00faa formaci\u00f3n con su pasi\u00f3n, la ense\u00f1anza del espa\u00f1ol, no ha parado de formarse durante estos a\u00f1os, llevando a cabo m\u00faltiples de [&hellip;]<\/p>\r\n\t\t\t\t\t\t\t<ul class=\"list-inline social-light\">\r\n\t\t\t\t\t\t\t<\/ul>\r\n\t\t\t\t\t\t<\/div>\r\n\t\t\t\t\t<\/div>\r\n\t\t\t\t<\/div>\r\n\t\t\t\r\n\t\t<\/div>\r\n\t[\/vc_column][\/vc_row]<\/p>\n<\/div>","protected":false},"excerpt":{"rendered":"<p>[vc_row][vc_column][\/vc_column][\/vc_row]<\/p>\n","protected":false},"author":1,"featured_media":0,"parent":0,"menu_order":0,"comment_status":"closed","ping_status":"closed","template":"","meta":[],"yoast_head":"<!-- This site is optimized with the Yoast SEO plugin v18.3 - https:\/\/yoast.com\/wordpress\/plugins\/seo\/ -->\n<title>Profesores de Lengua Espa\u00f1ola<\/title>\n<meta name=\"robots\" content=\"index, follow, max-snippet:-1, max-image-preview:large, max-video-preview:-1\" \/>\n<link rel=\"canonical\" href=\"https:\/\/www.upo.es\/intl\/profesores\/\" \/>\n<meta property=\"og:locale\" content=\"es_ES\" \/>\n<meta property=\"og:type\" content=\"article\" \/>\n<meta property=\"og:title\" content=\"Profesores de Lengua Espa\u00f1ola\" \/>\n<meta property=\"og:description\" content=\"[vc_row][vc_column][\/vc_column][\/vc_row]\" \/>\n<meta property=\"og:url\" content=\"https:\/\/www.upo.es\/intl\/profesores\/\" \/>\n<meta property=\"og:site_name\" content=\"Centro Universitario Internacional UPO\" \/>\n<meta property=\"article:publisher\" content=\"https:\/\/www.facebook.com\/centrointernacionalUPO\/?ref=ts\" \/>\n<meta property=\"article:modified_time\" content=\"2024-02-21T11:14:43+00:00\" \/>\n<meta name=\"twitter:card\" content=\"summary_large_image\" \/>\n<meta name=\"twitter:site\" content=\"@CuiUpo\" \/>\n<meta name=\"twitter:label1\" content=\"Tiempo de lectura\" \/>\n\t<meta name=\"twitter:data1\" content=\"1 minuto\" \/>\n<script type=\"application\/ld+json\" class=\"yoast-schema-graph\">{\"@context\":\"https:\/\/schema.org\",\"@graph\":[{\"@type\":\"Organization\",\"@id\":\"https:\/\/www.upo.es\/intl\/#organization\",\"name\":\"Centro Universitario Internacional Universidad Pablo de Olavide\",\"url\":\"https:\/\/www.upo.es\/intl\/\",\"sameAs\":[\"https:\/\/www.facebook.com\/centrointernacionalUPO\/?ref=ts\",\"https:\/\/www.instagram.com\/cui_upo\/\",\"https:\/\/www.youtube.com\/channel\/UCXvTsTmrSF31BCW1Ukowlvg\",\"https:\/\/twitter.com\/CuiUpo\"],\"logo\":{\"@type\":\"ImageObject\",\"@id\":\"https:\/\/www.upo.es\/intl\/#logo\",\"inLanguage\":\"es\",\"url\":\"https:\/\/www.upo.es\/intl\/wp-content\/uploads\/2016\/07\/logo_fondo_UPO.png\",\"contentUrl\":\"https:\/\/www.upo.es\/intl\/wp-content\/uploads\/2016\/07\/logo_fondo_UPO.png\",\"width\":318,\"height\":120,\"caption\":\"Centro Universitario Internacional Universidad Pablo de Olavide\"},\"image\":{\"@id\":\"https:\/\/www.upo.es\/intl\/#logo\"}},{\"@type\":\"WebSite\",\"@id\":\"https:\/\/www.upo.es\/intl\/#website\",\"url\":\"https:\/\/www.upo.es\/intl\/\",\"name\":\"Centro Universitario Internacional UPO\",\"description\":\"Programas de corta y larga duraci\u00f3n de lengua y cultura espa\u00f1ola. Se imparten clases en espa\u00f1ol e ingl\u00e9s de diferentes materias\",\"publisher\":{\"@id\":\"https:\/\/www.upo.es\/intl\/#organization\"},\"potentialAction\":[{\"@type\":\"SearchAction\",\"target\":{\"@type\":\"EntryPoint\",\"urlTemplate\":\"https:\/\/www.upo.es\/intl\/?s={search_term_string}\"},\"query-input\":\"required name=search_term_string\"}],\"inLanguage\":\"es\"},{\"@type\":\"WebPage\",\"@id\":\"https:\/\/www.upo.es\/intl\/profesores\/#webpage\",\"url\":\"https:\/\/www.upo.es\/intl\/profesores\/\",\"name\":\"Profesores de Lengua Espa\u00f1ola\",\"isPartOf\":{\"@id\":\"https:\/\/www.upo.es\/intl\/#website\"},\"datePublished\":\"2016-06-01T14:48:32+00:00\",\"dateModified\":\"2024-02-21T11:14:43+00:00\",\"breadcrumb\":{\"@id\":\"https:\/\/www.upo.es\/intl\/profesores\/#breadcrumb\"},\"inLanguage\":\"es\",\"potentialAction\":[{\"@type\":\"ReadAction\",\"target\":[\"https:\/\/www.upo.es\/intl\/profesores\/\"]}]},{\"@type\":\"BreadcrumbList\",\"@id\":\"https:\/\/www.upo.es\/intl\/profesores\/#breadcrumb\",\"itemListElement\":[{\"@type\":\"ListItem\",\"position\":1,\"name\":\"Portada\",\"item\":\"https:\/\/www.upo.es\/intl\/\"},{\"@type\":\"ListItem\",\"position\":2,\"name\":\"Profesores de Lengua Espa\u00f1ola\"}]}]}<\/script>\n<!-- \/ Yoast SEO plugin. -->","yoast_head_json":{"title":"Profesores de Lengua Espa\u00f1ola","robots":{"index":"index","follow":"follow","max-snippet":"max-snippet:-1","max-image-preview":"max-image-preview:large","max-video-preview":"max-video-preview:-1"},"canonical":"https:\/\/www.upo.es\/intl\/profesores\/","og_locale":"es_ES","og_type":"article","og_title":"Profesores de Lengua Espa\u00f1ola","og_description":"[vc_row][vc_column][\/vc_column][\/vc_row]","og_url":"https:\/\/www.upo.es\/intl\/profesores\/","og_site_name":"Centro Universitario Internacional UPO","article_publisher":"https:\/\/www.facebook.com\/centrointernacionalUPO\/?ref=ts","article_modified_time":"2024-02-21T11:14:43+00:00","twitter_card":"summary_large_image","twitter_site":"@CuiUpo","twitter_misc":{"Tiempo de lectura":"1 minuto"},"schema":{"@context":"https:\/\/schema.org","@graph":[{"@type":"Organization","@id":"https:\/\/www.upo.es\/intl\/#organization","name":"Centro Universitario Internacional Universidad Pablo de Olavide","url":"https:\/\/www.upo.es\/intl\/","sameAs":["https:\/\/www.facebook.com\/centrointernacionalUPO\/?ref=ts","https:\/\/www.instagram.com\/cui_upo\/","https:\/\/www.youtube.com\/channel\/UCXvTsTmrSF31BCW1Ukowlvg","https:\/\/twitter.com\/CuiUpo"],"logo":{"@type":"ImageObject","@id":"https:\/\/www.upo.es\/intl\/#logo","inLanguage":"es","url":"https:\/\/www.upo.es\/intl\/wp-content\/uploads\/2016\/07\/logo_fondo_UPO.png","contentUrl":"https:\/\/www.upo.es\/intl\/wp-content\/uploads\/2016\/07\/logo_fondo_UPO.png","width":318,"height":120,"caption":"Centro Universitario Internacional Universidad Pablo de Olavide"},"image":{"@id":"https:\/\/www.upo.es\/intl\/#logo"}},{"@type":"WebSite","@id":"https:\/\/www.upo.es\/intl\/#website","url":"https:\/\/www.upo.es\/intl\/","name":"Centro Universitario Internacional UPO","description":"Programas de corta y larga duraci\u00f3n de lengua y cultura espa\u00f1ola. Se imparten clases en espa\u00f1ol e ingl\u00e9s de diferentes materias","publisher":{"@id":"https:\/\/www.upo.es\/intl\/#organization"},"potentialAction":[{"@type":"SearchAction","target":{"@type":"EntryPoint","urlTemplate":"https:\/\/www.upo.es\/intl\/?s={search_term_string}"},"query-input":"required name=search_term_string"}],"inLanguage":"es"},{"@type":"WebPage","@id":"https:\/\/www.upo.es\/intl\/profesores\/#webpage","url":"https:\/\/www.upo.es\/intl\/profesores\/","name":"Profesores de Lengua Espa\u00f1ola","isPartOf":{"@id":"https:\/\/www.upo.es\/intl\/#website"},"datePublished":"2016-06-01T14:48:32+00:00","dateModified":"2024-02-21T11:14:43+00:00","breadcrumb":{"@id":"https:\/\/www.upo.es\/intl\/profesores\/#breadcrumb"},"inLanguage":"es","potentialAction":[{"@type":"ReadAction","target":["https:\/\/www.upo.es\/intl\/profesores\/"]}]},{"@type":"BreadcrumbList","@id":"https:\/\/www.upo.es\/intl\/profesores\/#breadcrumb","itemListElement":[{"@type":"ListItem","position":1,"name":"Portada","item":"https:\/\/www.upo.es\/intl\/"},{"@type":"ListItem","position":2,"name":"Profesores de Lengua Espa\u00f1ola"}]}]}},"_links":{"self":[{"href":"https:\/\/www.upo.es\/intl\/wp-json\/wp\/v2\/pages\/3009"}],"collection":[{"href":"https:\/\/www.upo.es\/intl\/wp-json\/wp\/v2\/pages"}],"about":[{"href":"https:\/\/www.upo.es\/intl\/wp-json\/wp\/v2\/types\/page"}],"author":[{"embeddable":true,"href":"https:\/\/www.upo.es\/intl\/wp-json\/wp\/v2\/users\/1"}],"replies":[{"embeddable":true,"href":"https:\/\/www.upo.es\/intl\/wp-json\/wp\/v2\/comments?post=3009"}],"version-history":[{"count":5,"href":"https:\/\/www.upo.es\/intl\/wp-json\/wp\/v2\/pages\/3009\/revisions"}],"predecessor-version":[{"id":19869,"href":"https:\/\/www.upo.es\/intl\/wp-json\/wp\/v2\/pages\/3009\/revisions\/19869"}],"wp:attachment":[{"href":"https:\/\/www.upo.es\/intl\/wp-json\/wp\/v2\/media?parent=3009"}],"curies":[{"name":"wp","href":"https:\/\/api.w.org\/{rel}","templated":true}]}}