{"id":3294,"date":"2016-06-13T10:15:32","date_gmt":"2016-06-13T10:15:32","guid":{"rendered":"http:\/\/thetotaltraining.es\/cui2\/?page_id=3189"},"modified":"2024-06-05T11:35:01","modified_gmt":"2024-06-05T11:35:01","slug":"la-universidad","status":"publish","type":"page","link":"https:\/\/www.upo.es\/intl\/la-universidad\/","title":{"rendered":"La Universidad"},"content":{"rendered":"<div class=\"wpb-content-wrapper\"><p>[vc_row][vc_column][vc_single_image image=&#8221;3498&#8243; img_size=&#8221;full&#8221;][\/vc_column][\/vc_row][vc_row][vc_column][vc_column_text]La <strong>Universidad Pablo de Olavide<\/strong> (UPO), fundada en 1997, es una de las universidades p\u00fablicas m\u00e1s j\u00f3venes y peque\u00f1as de Espa\u00f1a. Nombrada en honor a un intelectual peruano del siglo XVIII, esta din\u00e1mica universidad cuenta con una poblaci\u00f3n de m\u00e1s de 13,000 estudiantes (incluyendo un 11% de estudiantes internacionales) y ofrece una amplia gama de programas de grado y posgrado en campos como Negocios, Ciencias Sociales, Ciencias Naturales, Biotecnolog\u00eda, Ciencias del Deporte, Derecho, Ciencias Pol\u00edticas y Ciencias de la Computaci\u00f3n, entre otros. Est\u00e1 ubicada a unos 6 kil\u00f3metros (menos de 4 millas) del hermoso centro de la ciudad de Sevilla, con f\u00e1cil acceso al centro mediante metro, autob\u00fas y carril bici.<\/p>\n<p>La universidad enfatiza la<strong> investigaci\u00f3n y la colaboraci\u00f3n internacional<\/strong>, ofreciendo una variedad de programas de intercambio con instituciones de todo el mundo. Su campus est\u00e1 equipado con instalaciones de \u00faltima generaci\u00f3n, incluyendo una biblioteca principal, laboratorios de computaci\u00f3n y ciencias, y complejos deportivos, proporcionando un entorno vibrante y de apoyo para los estudiantes. Como modelo de campus \u00fanico, est\u00e1 dise\u00f1ado para fomentar una integraci\u00f3n interdisciplinaria \u00f3ptima al situar sus instalaciones sociales, educativas, de investigaci\u00f3n, residenciales y deportivas dentro de la misma \u00e1rea geogr\u00e1fica.<\/p>\n<p>La UPO est\u00e1 comprometida con el cumplimiento de los Objetivos de Desarrollo Sostenible de la Agenda 2030 de la ONU y tiene una fuerte agenda social y ambiental. En 2020, la universidad nombr\u00f3 al Delegado del Rector para un Campus Sostenible, confi\u00e1ndole la plena responsabilidad de la sostenibilidad ambiental. Esto incluye liderar la transici\u00f3n a fuentes de energ\u00eda renovables y eficientes, promover la movilidad verde, conservar la biodiversidad y avanzar en la educaci\u00f3n ambiental.<\/p>\n<p>El compromiso de la UPO con la innovaci\u00f3n, la sostenibilidad y la responsabilidad social, as\u00ed como sus altos rankings en productividad investigadora, la convierten en una instituci\u00f3n atractiva de educaci\u00f3n superior tanto para estudiantes locales como internacionales. Se enorgullece de la diversidad de sus estudiantes y recientemente se clasific\u00f3 en el <strong>top 20% de universidades j\u00f3venes en el mundo<\/strong> seg\u00fan el ranking de Times Higher Education. Agradecemos su inter\u00e9s en la universidad y nuestra comunidad y esperamos verle en Sevilla.[\/vc_column_text][\/vc_column][\/vc_row]<\/p>\n<\/div>","protected":false},"excerpt":{"rendered":"<p>[vc_row][vc_column][vc_single_image image=&#8221;3498&#8243; img_size=&#8221;full&#8221;][\/vc_column][\/vc_row][vc_row][vc_column][vc_column_text]La Universidad Pablo de Olavide (UPO), fundada en 1997, es una de las universidades p\u00fablicas m\u00e1s j\u00f3venes y peque\u00f1as de Espa\u00f1a. Nombrada en honor a un intelectual peruano del siglo XVIII, esta din\u00e1mica universidad cuenta con una poblaci\u00f3n de m\u00e1s de 13,000 estudiantes (incluyendo un 11% de estudiantes internacionales) y ofrece una amplia [&hellip;]<\/p>\n","protected":false},"author":1,"featured_media":0,"parent":0,"menu_order":0,"comment_status":"closed","ping_status":"closed","template":"","meta":[],"yoast_head":"<!-- This site is optimized with the Yoast SEO plugin v18.3 - https:\/\/yoast.com\/wordpress\/plugins\/seo\/ -->\n<title>La Universidad<\/title>\n<meta name=\"robots\" content=\"index, follow, max-snippet:-1, max-image-preview:large, max-video-preview:-1\" \/>\n<link rel=\"canonical\" href=\"https:\/\/www.upo.es\/intl\/la-universidad\/\" \/>\n<meta property=\"og:locale\" content=\"es_ES\" \/>\n<meta property=\"og:type\" content=\"article\" \/>\n<meta property=\"og:title\" content=\"La Universidad\" \/>\n<meta property=\"og:description\" content=\"[vc_row][vc_column][vc_single_image image=&#8221;3498&#8243; img_size=&#8221;full&#8221;][\/vc_column][\/vc_row][vc_row][vc_column][vc_column_text]La Universidad Pablo de Olavide (UPO), fundada en 1997, es una de las universidades p\u00fablicas m\u00e1s j\u00f3venes y peque\u00f1as de Espa\u00f1a. Nombrada en honor a un intelectual peruano del siglo XVIII, esta din\u00e1mica universidad cuenta con una poblaci\u00f3n de m\u00e1s de 13,000 estudiantes (incluyendo un 11% de estudiantes internacionales) y ofrece una amplia [&hellip;]\" \/>\n<meta property=\"og:url\" content=\"https:\/\/www.upo.es\/intl\/la-universidad\/\" \/>\n<meta property=\"og:site_name\" content=\"Centro Universitario Internacional UPO\" \/>\n<meta property=\"article:publisher\" content=\"https:\/\/www.facebook.com\/centrointernacionalUPO\/?ref=ts\" \/>\n<meta property=\"article:modified_time\" content=\"2024-06-05T11:35:01+00:00\" \/>\n<meta name=\"twitter:card\" content=\"summary_large_image\" \/>\n<meta name=\"twitter:site\" content=\"@CuiUpo\" \/>\n<meta name=\"twitter:label1\" content=\"Tiempo de lectura\" \/>\n\t<meta name=\"twitter:data1\" content=\"2 minutos\" \/>\n<script type=\"application\/ld+json\" class=\"yoast-schema-graph\">{\"@context\":\"https:\/\/schema.org\",\"@graph\":[{\"@type\":\"Organization\",\"@id\":\"https:\/\/www.upo.es\/intl\/#organization\",\"name\":\"Centro Universitario Internacional Universidad Pablo de Olavide\",\"url\":\"https:\/\/www.upo.es\/intl\/\",\"sameAs\":[\"https:\/\/www.facebook.com\/centrointernacionalUPO\/?ref=ts\",\"https:\/\/www.instagram.com\/cui_upo\/\",\"https:\/\/www.youtube.com\/channel\/UCXvTsTmrSF31BCW1Ukowlvg\",\"https:\/\/twitter.com\/CuiUpo\"],\"logo\":{\"@type\":\"ImageObject\",\"@id\":\"https:\/\/www.upo.es\/intl\/#logo\",\"inLanguage\":\"es\",\"url\":\"https:\/\/www.upo.es\/intl\/wp-content\/uploads\/2016\/07\/logo_fondo_UPO.png\",\"contentUrl\":\"https:\/\/www.upo.es\/intl\/wp-content\/uploads\/2016\/07\/logo_fondo_UPO.png\",\"width\":318,\"height\":120,\"caption\":\"Centro Universitario Internacional Universidad Pablo de Olavide\"},\"image\":{\"@id\":\"https:\/\/www.upo.es\/intl\/#logo\"}},{\"@type\":\"WebSite\",\"@id\":\"https:\/\/www.upo.es\/intl\/#website\",\"url\":\"https:\/\/www.upo.es\/intl\/\",\"name\":\"Centro Universitario Internacional UPO\",\"description\":\"Programas de corta y larga duraci\u00f3n de lengua y cultura espa\u00f1ola. Se imparten clases en espa\u00f1ol e ingl\u00e9s de diferentes materias\",\"publisher\":{\"@id\":\"https:\/\/www.upo.es\/intl\/#organization\"},\"potentialAction\":[{\"@type\":\"SearchAction\",\"target\":{\"@type\":\"EntryPoint\",\"urlTemplate\":\"https:\/\/www.upo.es\/intl\/?s={search_term_string}\"},\"query-input\":\"required name=search_term_string\"}],\"inLanguage\":\"es\"},{\"@type\":\"WebPage\",\"@id\":\"https:\/\/www.upo.es\/intl\/la-universidad\/#webpage\",\"url\":\"https:\/\/www.upo.es\/intl\/la-universidad\/\",\"name\":\"La Universidad\",\"isPartOf\":{\"@id\":\"https:\/\/www.upo.es\/intl\/#website\"},\"datePublished\":\"2016-06-13T10:15:32+00:00\",\"dateModified\":\"2024-06-05T11:35:01+00:00\",\"breadcrumb\":{\"@id\":\"https:\/\/www.upo.es\/intl\/la-universidad\/#breadcrumb\"},\"inLanguage\":\"es\",\"potentialAction\":[{\"@type\":\"ReadAction\",\"target\":[\"https:\/\/www.upo.es\/intl\/la-universidad\/\"]}]},{\"@type\":\"BreadcrumbList\",\"@id\":\"https:\/\/www.upo.es\/intl\/la-universidad\/#breadcrumb\",\"itemListElement\":[{\"@type\":\"ListItem\",\"position\":1,\"name\":\"Portada\",\"item\":\"https:\/\/www.upo.es\/intl\/\"},{\"@type\":\"ListItem\",\"position\":2,\"name\":\"La Universidad\"}]}]}<\/script>\n<!-- \/ Yoast SEO plugin. -->","yoast_head_json":{"title":"La Universidad","robots":{"index":"index","follow":"follow","max-snippet":"max-snippet:-1","max-image-preview":"max-image-preview:large","max-video-preview":"max-video-preview:-1"},"canonical":"https:\/\/www.upo.es\/intl\/la-universidad\/","og_locale":"es_ES","og_type":"article","og_title":"La Universidad","og_description":"[vc_row][vc_column][vc_single_image image=&#8221;3498&#8243; img_size=&#8221;full&#8221;][\/vc_column][\/vc_row][vc_row][vc_column][vc_column_text]La Universidad Pablo de Olavide (UPO), fundada en 1997, es una de las universidades p\u00fablicas m\u00e1s j\u00f3venes y peque\u00f1as de Espa\u00f1a. Nombrada en honor a un intelectual peruano del siglo XVIII, esta din\u00e1mica universidad cuenta con una poblaci\u00f3n de m\u00e1s de 13,000 estudiantes (incluyendo un 11% de estudiantes internacionales) y ofrece una amplia [&hellip;]","og_url":"https:\/\/www.upo.es\/intl\/la-universidad\/","og_site_name":"Centro Universitario Internacional UPO","article_publisher":"https:\/\/www.facebook.com\/centrointernacionalUPO\/?ref=ts","article_modified_time":"2024-06-05T11:35:01+00:00","twitter_card":"summary_large_image","twitter_site":"@CuiUpo","twitter_misc":{"Tiempo de lectura":"2 minutos"},"schema":{"@context":"https:\/\/schema.org","@graph":[{"@type":"Organization","@id":"https:\/\/www.upo.es\/intl\/#organization","name":"Centro Universitario Internacional Universidad Pablo de Olavide","url":"https:\/\/www.upo.es\/intl\/","sameAs":["https:\/\/www.facebook.com\/centrointernacionalUPO\/?ref=ts","https:\/\/www.instagram.com\/cui_upo\/","https:\/\/www.youtube.com\/channel\/UCXvTsTmrSF31BCW1Ukowlvg","https:\/\/twitter.com\/CuiUpo"],"logo":{"@type":"ImageObject","@id":"https:\/\/www.upo.es\/intl\/#logo","inLanguage":"es","url":"https:\/\/www.upo.es\/intl\/wp-content\/uploads\/2016\/07\/logo_fondo_UPO.png","contentUrl":"https:\/\/www.upo.es\/intl\/wp-content\/uploads\/2016\/07\/logo_fondo_UPO.png","width":318,"height":120,"caption":"Centro Universitario Internacional Universidad Pablo de Olavide"},"image":{"@id":"https:\/\/www.upo.es\/intl\/#logo"}},{"@type":"WebSite","@id":"https:\/\/www.upo.es\/intl\/#website","url":"https:\/\/www.upo.es\/intl\/","name":"Centro Universitario Internacional UPO","description":"Programas de corta y larga duraci\u00f3n de lengua y cultura espa\u00f1ola. Se imparten clases en espa\u00f1ol e ingl\u00e9s de diferentes materias","publisher":{"@id":"https:\/\/www.upo.es\/intl\/#organization"},"potentialAction":[{"@type":"SearchAction","target":{"@type":"EntryPoint","urlTemplate":"https:\/\/www.upo.es\/intl\/?s={search_term_string}"},"query-input":"required name=search_term_string"}],"inLanguage":"es"},{"@type":"WebPage","@id":"https:\/\/www.upo.es\/intl\/la-universidad\/#webpage","url":"https:\/\/www.upo.es\/intl\/la-universidad\/","name":"La Universidad","isPartOf":{"@id":"https:\/\/www.upo.es\/intl\/#website"},"datePublished":"2016-06-13T10:15:32+00:00","dateModified":"2024-06-05T11:35:01+00:00","breadcrumb":{"@id":"https:\/\/www.upo.es\/intl\/la-universidad\/#breadcrumb"},"inLanguage":"es","potentialAction":[{"@type":"ReadAction","target":["https:\/\/www.upo.es\/intl\/la-universidad\/"]}]},{"@type":"BreadcrumbList","@id":"https:\/\/www.upo.es\/intl\/la-universidad\/#breadcrumb","itemListElement":[{"@type":"ListItem","position":1,"name":"Portada","item":"https:\/\/www.upo.es\/intl\/"},{"@type":"ListItem","position":2,"name":"La Universidad"}]}]}},"_links":{"self":[{"href":"https:\/\/www.upo.es\/intl\/wp-json\/wp\/v2\/pages\/3294"}],"collection":[{"href":"https:\/\/www.upo.es\/intl\/wp-json\/wp\/v2\/pages"}],"about":[{"href":"https:\/\/www.upo.es\/intl\/wp-json\/wp\/v2\/types\/page"}],"author":[{"embeddable":true,"href":"https:\/\/www.upo.es\/intl\/wp-json\/wp\/v2\/users\/1"}],"replies":[{"embeddable":true,"href":"https:\/\/www.upo.es\/intl\/wp-json\/wp\/v2\/comments?post=3294"}],"version-history":[{"count":4,"href":"https:\/\/www.upo.es\/intl\/wp-json\/wp\/v2\/pages\/3294\/revisions"}],"predecessor-version":[{"id":20250,"href":"https:\/\/www.upo.es\/intl\/wp-json\/wp\/v2\/pages\/3294\/revisions\/20250"}],"wp:attachment":[{"href":"https:\/\/www.upo.es\/intl\/wp-json\/wp\/v2\/media?parent=3294"}],"curies":[{"name":"wp","href":"https:\/\/api.w.org\/{rel}","templated":true}]}}