{"id":4091,"date":"2016-11-03T08:31:46","date_gmt":"2016-11-03T08:31:46","guid":{"rendered":"https:\/\/www.upo.es\/intl\/?page_id=4091"},"modified":"2026-01-19T11:47:21","modified_gmt":"2026-01-19T11:47:21","slug":"politica-de-cancelacion","status":"publish","type":"page","link":"https:\/\/www.upo.es\/intl\/politica-de-cancelacion\/","title":{"rendered":"Pol\u00edtica de Cancelaci\u00f3n"},"content":{"rendered":"<h3><strong><u><span lang=\"EN-GB\">PROGRAMAS DE ESTUDIOS MULTIDISCLIPINARES, INMERSI\u00d3N UNIVERSITARIA Y PROGRAMAS DE LENGUA ESPA\u00d1OLA<\/span><\/u><\/strong><\/h3>\n<p><span lang=\"EN-GB\">El precio del curso se reembolsar\u00e1, menos 100 euros de gastos administrativos, si se solicita dentro de 15 d\u00edas anteriores al comienzo del semestre. Si se solicita entre 7 y 14 d\u00edas antes del comienzo del semestre, se reembolsar\u00e1 el 50% del precio del programa. Si se solicita con menos de 7 d\u00edas de antelaci\u00f3n al comienzo del semestre o una vez que el semestre haya comenzado, no otorgar\u00e1 ning\u00fan reembolso.<\/span><\/p>\n<p><span lang=\"EN-GB\">Para cursos intensivos de lengua espa\u00f1ola de una semana, el pago del programa es reembolsable, menos 30 euros de gastos administrativos si la petici\u00f3n se hace por escrito al menos 7 d\u00edas antes del comienzo del programa. Para cursos intensivos de lengua espa\u00f1ol (de entre 2 y 4 semanas de duraci\u00f3n), el pago del programa es reembolsable, menos 60 euros de gastos administrativos de gesti\u00f3n, si la petici\u00f3n se hace por escrito al menos 7 d\u00edas antes del comienzo del programa. No habr\u00e1 ning\u00fan reembolso si la petici\u00f3n se hace menos de 7 d\u00edas antes del comienzo del programa.<\/span><\/p>\n<h3><strong><u>TASAS PROGRAMAS DE ERASMUS +<\/u><\/strong><\/h3>\n<p data-start=\"81\" data-end=\"228\">Para cancelaciones comunicadas 30 o m\u00e1s d\u00edas antes del inicio del curso, se realizar\u00e1 un reembolso menos una tarifa administrativa de 50 \u20ac.<\/p>\n<p data-start=\"230\" data-end=\"442\">Para cancelaciones comunicadas entre 15 y 29 d\u00edas antes del inicio del curso, podr\u00e1 optar por:<br data-start=\"328\" data-end=\"331\" \/>\u2013 recibir un reembolso del 50 %, o<br data-start=\"369\" data-end=\"372\" \/>\u2013 proponer a un\/a colega para ocupar su plaza sin coste adicional.<\/p>\n<p data-start=\"444\" data-end=\"560\">No se realizar\u00e1 ning\u00fan reembolso para cancelaciones comunicadas con menos de 15 d\u00edas antes del inicio del curso.<\/p>\n<h3><strong><u>TASAS DE LABORATORIO<\/u><\/strong><\/h3>\n<p>Una vez que haya comenzado el semestre, el 50% de la tasa de laboratorio es reembolsable si se solicita antes de la fecha l\u00edmite de darse de baja de un curso. La tasa de laboratorio no es reembolsable una vez que haya pasado la fecha l\u00edmite para darse de baja de un curso.<\/p>\n","protected":false},"excerpt":{"rendered":"<p>PROGRAMAS DE ESTUDIOS MULTIDISCLIPINARES, INMERSI\u00d3N UNIVERSITARIA Y PROGRAMAS DE LENGUA ESPA\u00d1OLA El precio del curso se reembolsar\u00e1, menos 100 euros de gastos administrativos, si se solicita dentro de 15 d\u00edas anteriores al comienzo del semestre. Si se solicita entre 7 y 14 d\u00edas antes del comienzo del semestre, se reembolsar\u00e1 el 50% del precio del [&hellip;]<\/p>\n","protected":false},"author":1,"featured_media":0,"parent":0,"menu_order":0,"comment_status":"closed","ping_status":"closed","template":"","meta":[],"yoast_head":"<!-- This site is optimized with the Yoast SEO plugin v18.3 - https:\/\/yoast.com\/wordpress\/plugins\/seo\/ -->\n<title>Pol\u00edtica de Cancelaci\u00f3n<\/title>\n<meta name=\"robots\" content=\"index, follow, max-snippet:-1, max-image-preview:large, max-video-preview:-1\" \/>\n<link rel=\"canonical\" href=\"https:\/\/www.upo.es\/intl\/politica-de-cancelacion\/\" \/>\n<meta property=\"og:locale\" content=\"es_ES\" \/>\n<meta property=\"og:type\" content=\"article\" \/>\n<meta property=\"og:title\" content=\"Pol\u00edtica de Cancelaci\u00f3n\" \/>\n<meta property=\"og:description\" content=\"PROGRAMAS DE ESTUDIOS MULTIDISCLIPINARES, INMERSI\u00d3N UNIVERSITARIA Y PROGRAMAS DE LENGUA ESPA\u00d1OLA El precio del curso se reembolsar\u00e1, menos 100 euros de gastos administrativos, si se solicita dentro de 15 d\u00edas anteriores al comienzo del semestre. Si se solicita entre 7 y 14 d\u00edas antes del comienzo del semestre, se reembolsar\u00e1 el 50% del precio del [&hellip;]\" \/>\n<meta property=\"og:url\" content=\"https:\/\/www.upo.es\/intl\/politica-de-cancelacion\/\" \/>\n<meta property=\"og:site_name\" content=\"Centro Universitario Internacional UPO\" \/>\n<meta property=\"article:publisher\" content=\"https:\/\/www.facebook.com\/centrointernacionalUPO\/?ref=ts\" \/>\n<meta property=\"article:modified_time\" content=\"2026-01-19T11:47:21+00:00\" \/>\n<meta name=\"twitter:card\" content=\"summary_large_image\" \/>\n<meta name=\"twitter:site\" content=\"@CuiUpo\" \/>\n<meta name=\"twitter:label1\" content=\"Tiempo de lectura\" \/>\n\t<meta name=\"twitter:data1\" content=\"2 minutos\" \/>\n<script type=\"application\/ld+json\" class=\"yoast-schema-graph\">{\"@context\":\"https:\/\/schema.org\",\"@graph\":[{\"@type\":\"Organization\",\"@id\":\"https:\/\/www.upo.es\/intl\/#organization\",\"name\":\"Centro Universitario Internacional Universidad Pablo de Olavide\",\"url\":\"https:\/\/www.upo.es\/intl\/\",\"sameAs\":[\"https:\/\/www.facebook.com\/centrointernacionalUPO\/?ref=ts\",\"https:\/\/www.instagram.com\/cui_upo\/\",\"https:\/\/www.youtube.com\/channel\/UCXvTsTmrSF31BCW1Ukowlvg\",\"https:\/\/twitter.com\/CuiUpo\"],\"logo\":{\"@type\":\"ImageObject\",\"@id\":\"https:\/\/www.upo.es\/intl\/#logo\",\"inLanguage\":\"es\",\"url\":\"https:\/\/www.upo.es\/intl\/wp-content\/uploads\/2016\/07\/logo_fondo_UPO.png\",\"contentUrl\":\"https:\/\/www.upo.es\/intl\/wp-content\/uploads\/2016\/07\/logo_fondo_UPO.png\",\"width\":318,\"height\":120,\"caption\":\"Centro Universitario Internacional Universidad Pablo de Olavide\"},\"image\":{\"@id\":\"https:\/\/www.upo.es\/intl\/#logo\"}},{\"@type\":\"WebSite\",\"@id\":\"https:\/\/www.upo.es\/intl\/#website\",\"url\":\"https:\/\/www.upo.es\/intl\/\",\"name\":\"Centro Universitario Internacional UPO\",\"description\":\"Programas de corta y larga duraci\u00f3n de lengua y cultura espa\u00f1ola. Se imparten clases en espa\u00f1ol e ingl\u00e9s de diferentes materias\",\"publisher\":{\"@id\":\"https:\/\/www.upo.es\/intl\/#organization\"},\"potentialAction\":[{\"@type\":\"SearchAction\",\"target\":{\"@type\":\"EntryPoint\",\"urlTemplate\":\"https:\/\/www.upo.es\/intl\/?s={search_term_string}\"},\"query-input\":\"required name=search_term_string\"}],\"inLanguage\":\"es\"},{\"@type\":\"WebPage\",\"@id\":\"https:\/\/www.upo.es\/intl\/politica-de-cancelacion\/#webpage\",\"url\":\"https:\/\/www.upo.es\/intl\/politica-de-cancelacion\/\",\"name\":\"Pol\u00edtica de Cancelaci\u00f3n\",\"isPartOf\":{\"@id\":\"https:\/\/www.upo.es\/intl\/#website\"},\"datePublished\":\"2016-11-03T08:31:46+00:00\",\"dateModified\":\"2026-01-19T11:47:21+00:00\",\"breadcrumb\":{\"@id\":\"https:\/\/www.upo.es\/intl\/politica-de-cancelacion\/#breadcrumb\"},\"inLanguage\":\"es\",\"potentialAction\":[{\"@type\":\"ReadAction\",\"target\":[\"https:\/\/www.upo.es\/intl\/politica-de-cancelacion\/\"]}]},{\"@type\":\"BreadcrumbList\",\"@id\":\"https:\/\/www.upo.es\/intl\/politica-de-cancelacion\/#breadcrumb\",\"itemListElement\":[{\"@type\":\"ListItem\",\"position\":1,\"name\":\"Portada\",\"item\":\"https:\/\/www.upo.es\/intl\/\"},{\"@type\":\"ListItem\",\"position\":2,\"name\":\"Pol\u00edtica de Cancelaci\u00f3n\"}]}]}<\/script>\n<!-- \/ Yoast SEO plugin. -->","yoast_head_json":{"title":"Pol\u00edtica de Cancelaci\u00f3n","robots":{"index":"index","follow":"follow","max-snippet":"max-snippet:-1","max-image-preview":"max-image-preview:large","max-video-preview":"max-video-preview:-1"},"canonical":"https:\/\/www.upo.es\/intl\/politica-de-cancelacion\/","og_locale":"es_ES","og_type":"article","og_title":"Pol\u00edtica de Cancelaci\u00f3n","og_description":"PROGRAMAS DE ESTUDIOS MULTIDISCLIPINARES, INMERSI\u00d3N UNIVERSITARIA Y PROGRAMAS DE LENGUA ESPA\u00d1OLA El precio del curso se reembolsar\u00e1, menos 100 euros de gastos administrativos, si se solicita dentro de 15 d\u00edas anteriores al comienzo del semestre. Si se solicita entre 7 y 14 d\u00edas antes del comienzo del semestre, se reembolsar\u00e1 el 50% del precio del [&hellip;]","og_url":"https:\/\/www.upo.es\/intl\/politica-de-cancelacion\/","og_site_name":"Centro Universitario Internacional UPO","article_publisher":"https:\/\/www.facebook.com\/centrointernacionalUPO\/?ref=ts","article_modified_time":"2026-01-19T11:47:21+00:00","twitter_card":"summary_large_image","twitter_site":"@CuiUpo","twitter_misc":{"Tiempo de lectura":"2 minutos"},"schema":{"@context":"https:\/\/schema.org","@graph":[{"@type":"Organization","@id":"https:\/\/www.upo.es\/intl\/#organization","name":"Centro Universitario Internacional Universidad Pablo de Olavide","url":"https:\/\/www.upo.es\/intl\/","sameAs":["https:\/\/www.facebook.com\/centrointernacionalUPO\/?ref=ts","https:\/\/www.instagram.com\/cui_upo\/","https:\/\/www.youtube.com\/channel\/UCXvTsTmrSF31BCW1Ukowlvg","https:\/\/twitter.com\/CuiUpo"],"logo":{"@type":"ImageObject","@id":"https:\/\/www.upo.es\/intl\/#logo","inLanguage":"es","url":"https:\/\/www.upo.es\/intl\/wp-content\/uploads\/2016\/07\/logo_fondo_UPO.png","contentUrl":"https:\/\/www.upo.es\/intl\/wp-content\/uploads\/2016\/07\/logo_fondo_UPO.png","width":318,"height":120,"caption":"Centro Universitario Internacional Universidad Pablo de Olavide"},"image":{"@id":"https:\/\/www.upo.es\/intl\/#logo"}},{"@type":"WebSite","@id":"https:\/\/www.upo.es\/intl\/#website","url":"https:\/\/www.upo.es\/intl\/","name":"Centro Universitario Internacional UPO","description":"Programas de corta y larga duraci\u00f3n de lengua y cultura espa\u00f1ola. Se imparten clases en espa\u00f1ol e ingl\u00e9s de diferentes materias","publisher":{"@id":"https:\/\/www.upo.es\/intl\/#organization"},"potentialAction":[{"@type":"SearchAction","target":{"@type":"EntryPoint","urlTemplate":"https:\/\/www.upo.es\/intl\/?s={search_term_string}"},"query-input":"required name=search_term_string"}],"inLanguage":"es"},{"@type":"WebPage","@id":"https:\/\/www.upo.es\/intl\/politica-de-cancelacion\/#webpage","url":"https:\/\/www.upo.es\/intl\/politica-de-cancelacion\/","name":"Pol\u00edtica de Cancelaci\u00f3n","isPartOf":{"@id":"https:\/\/www.upo.es\/intl\/#website"},"datePublished":"2016-11-03T08:31:46+00:00","dateModified":"2026-01-19T11:47:21+00:00","breadcrumb":{"@id":"https:\/\/www.upo.es\/intl\/politica-de-cancelacion\/#breadcrumb"},"inLanguage":"es","potentialAction":[{"@type":"ReadAction","target":["https:\/\/www.upo.es\/intl\/politica-de-cancelacion\/"]}]},{"@type":"BreadcrumbList","@id":"https:\/\/www.upo.es\/intl\/politica-de-cancelacion\/#breadcrumb","itemListElement":[{"@type":"ListItem","position":1,"name":"Portada","item":"https:\/\/www.upo.es\/intl\/"},{"@type":"ListItem","position":2,"name":"Pol\u00edtica de Cancelaci\u00f3n"}]}]}},"_links":{"self":[{"href":"https:\/\/www.upo.es\/intl\/wp-json\/wp\/v2\/pages\/4091"}],"collection":[{"href":"https:\/\/www.upo.es\/intl\/wp-json\/wp\/v2\/pages"}],"about":[{"href":"https:\/\/www.upo.es\/intl\/wp-json\/wp\/v2\/types\/page"}],"author":[{"embeddable":true,"href":"https:\/\/www.upo.es\/intl\/wp-json\/wp\/v2\/users\/1"}],"replies":[{"embeddable":true,"href":"https:\/\/www.upo.es\/intl\/wp-json\/wp\/v2\/comments?post=4091"}],"version-history":[{"count":13,"href":"https:\/\/www.upo.es\/intl\/wp-json\/wp\/v2\/pages\/4091\/revisions"}],"predecessor-version":[{"id":21022,"href":"https:\/\/www.upo.es\/intl\/wp-json\/wp\/v2\/pages\/4091\/revisions\/21022"}],"wp:attachment":[{"href":"https:\/\/www.upo.es\/intl\/wp-json\/wp\/v2\/media?parent=4091"}],"curies":[{"name":"wp","href":"https:\/\/api.w.org\/{rel}","templated":true}]}}