{"id":5376,"date":"2017-06-14T07:13:26","date_gmt":"2017-06-14T07:13:26","guid":{"rendered":"https:\/\/www.upo.es\/intl\/?page_id=5376"},"modified":"2017-06-14T07:37:52","modified_gmt":"2017-06-14T07:37:52","slug":"solicitar-certificado","status":"publish","type":"page","link":"https:\/\/www.upo.es\/intl\/solicitar-certificado\/","title":{"rendered":"Solicitar certificado"},"content":{"rendered":"<div class=\"wpb-content-wrapper\"><p>[vc_row][vc_column][vc_column_text]<\/p>\n<div class=\"titulo\">\n<h4><span style=\"font-family: Helvetica, Arial, sans-serif;\">Para solicitar una copia de tu certificado acad\u00e9mico\u00a0(con 5\u20ac de gasto):<br \/>\n<\/span><\/h4>\n<ul>\n<li><span style=\"font-family: Helvetica, Arial, sans-serif;\">Si te matriculaste directamente a trav\u00e9s de la UPO o asististe a nuestro programa a trav\u00e9s de una Universidad con convenio con la UPO, por favor rellena el siguiente formulario de pago y env\u00edalo a:\u00a0<a class=\"moz-txt-link-abbreviated\" href=\"mailto:intl@upo.es\">intl@upo.es<\/a>.\u00a0<\/span><\/li>\n<\/ul>\n<\/div>\n<p>[\/vc_column_text]    \t<a class=\"btn button-55510 btn-primary \" href=\"https:\/\/www.upo.es\/intl\/wp-content\/uploads\/2017\/06\/transcripts_payment_form.pdf\" data-delay=0  target=\"_blank\" >\r\n        <i class=\"fa fa-file-text\"><\/i>&nbsp;&nbsp;Transcript Request form        <\/a>\r\n        \t\t\t<style scoped=\"scoped\">\r\n\t\t\t\t.button-55510{\r\n\t\t\t\t\t\t\t\t\t\tbackground-color: #1e73be;\r\n\t\t\t\t\t\t\t\t\t\tborder-color: #1e73be\t\t\t\t}\r\n\t\t\t<\/style>\r\n\t\t[vc_empty_space height=&#8221;30px&#8221;][vc_column_text]<\/p>\n<div class=\"titulo\">\n<ul>\n<li>Si te matriculaste en la UPO a trav\u00e9s de una organizaci\u00f3n acad\u00e9mica (CIEE, ISA, API, etc.), por favor contacta directamente con la organizaci\u00f3n.<\/li>\n<\/ul>\n<\/div>\n<p>[\/vc_column_text][\/vc_column][\/vc_row][vc_row][vc_column][\/vc_column][\/vc_row]<\/p>\n<\/div>","protected":false},"excerpt":{"rendered":"<p>[vc_row][vc_column][vc_column_text] Para solicitar una copia de tu certificado acad\u00e9mico\u00a0(con 5\u20ac de gasto): Si te matriculaste directamente a trav\u00e9s de la UPO o asististe a nuestro programa a trav\u00e9s de una Universidad con convenio con la UPO, por favor rellena el siguiente formulario de pago y env\u00edalo a:\u00a0intl@upo.es.\u00a0 [\/vc_column_text][vc_empty_space height=&#8221;30px&#8221;][vc_column_text] Si te matriculaste en la UPO [&hellip;]<\/p>\n","protected":false},"author":1,"featured_media":0,"parent":0,"menu_order":0,"comment_status":"closed","ping_status":"closed","template":"","meta":[],"yoast_head":"<!-- This site is optimized with the Yoast SEO plugin v18.3 - https:\/\/yoast.com\/wordpress\/plugins\/seo\/ -->\n<title>Solicitar certificado<\/title>\n<meta name=\"robots\" content=\"index, follow, max-snippet:-1, max-image-preview:large, max-video-preview:-1\" \/>\n<link rel=\"canonical\" href=\"https:\/\/www.upo.es\/intl\/solicitar-certificado\/\" \/>\n<meta property=\"og:locale\" content=\"es_ES\" \/>\n<meta property=\"og:type\" content=\"article\" \/>\n<meta property=\"og:title\" content=\"Solicitar certificado\" \/>\n<meta property=\"og:description\" content=\"[vc_row][vc_column][vc_column_text] Para solicitar una copia de tu certificado acad\u00e9mico\u00a0(con 5\u20ac de gasto): Si te matriculaste directamente a trav\u00e9s de la UPO o asististe a nuestro programa a trav\u00e9s de una Universidad con convenio con la UPO, por favor rellena el siguiente formulario de pago y env\u00edalo a:\u00a0intl@upo.es.\u00a0 [\/vc_column_text][vc_empty_space height=&#8221;30px&#8221;][vc_column_text] Si te matriculaste en la UPO [&hellip;]\" \/>\n<meta property=\"og:url\" content=\"https:\/\/www.upo.es\/intl\/solicitar-certificado\/\" \/>\n<meta property=\"og:site_name\" content=\"Centro Universitario Internacional UPO\" \/>\n<meta property=\"article:publisher\" content=\"https:\/\/www.facebook.com\/centrointernacionalUPO\/?ref=ts\" \/>\n<meta property=\"article:modified_time\" content=\"2017-06-14T07:37:52+00:00\" \/>\n<meta name=\"twitter:card\" content=\"summary_large_image\" \/>\n<meta name=\"twitter:site\" content=\"@CuiUpo\" \/>\n<meta name=\"twitter:label1\" content=\"Tiempo de lectura\" \/>\n\t<meta name=\"twitter:data1\" content=\"1 minuto\" \/>\n<script type=\"application\/ld+json\" class=\"yoast-schema-graph\">{\"@context\":\"https:\/\/schema.org\",\"@graph\":[{\"@type\":\"Organization\",\"@id\":\"https:\/\/www.upo.es\/intl\/#organization\",\"name\":\"Centro Universitario Internacional Universidad Pablo de Olavide\",\"url\":\"https:\/\/www.upo.es\/intl\/\",\"sameAs\":[\"https:\/\/www.facebook.com\/centrointernacionalUPO\/?ref=ts\",\"https:\/\/www.instagram.com\/cui_upo\/\",\"https:\/\/www.youtube.com\/channel\/UCXvTsTmrSF31BCW1Ukowlvg\",\"https:\/\/twitter.com\/CuiUpo\"],\"logo\":{\"@type\":\"ImageObject\",\"@id\":\"https:\/\/www.upo.es\/intl\/#logo\",\"inLanguage\":\"es\",\"url\":\"https:\/\/www.upo.es\/intl\/wp-content\/uploads\/2016\/07\/logo_fondo_UPO.png\",\"contentUrl\":\"https:\/\/www.upo.es\/intl\/wp-content\/uploads\/2016\/07\/logo_fondo_UPO.png\",\"width\":318,\"height\":120,\"caption\":\"Centro Universitario Internacional Universidad Pablo de Olavide\"},\"image\":{\"@id\":\"https:\/\/www.upo.es\/intl\/#logo\"}},{\"@type\":\"WebSite\",\"@id\":\"https:\/\/www.upo.es\/intl\/#website\",\"url\":\"https:\/\/www.upo.es\/intl\/\",\"name\":\"Centro Universitario Internacional UPO\",\"description\":\"Programas de corta y larga duraci\u00f3n de lengua y cultura espa\u00f1ola. Se imparten clases en espa\u00f1ol e ingl\u00e9s de diferentes materias\",\"publisher\":{\"@id\":\"https:\/\/www.upo.es\/intl\/#organization\"},\"potentialAction\":[{\"@type\":\"SearchAction\",\"target\":{\"@type\":\"EntryPoint\",\"urlTemplate\":\"https:\/\/www.upo.es\/intl\/?s={search_term_string}\"},\"query-input\":\"required name=search_term_string\"}],\"inLanguage\":\"es\"},{\"@type\":\"WebPage\",\"@id\":\"https:\/\/www.upo.es\/intl\/solicitar-certificado\/#webpage\",\"url\":\"https:\/\/www.upo.es\/intl\/solicitar-certificado\/\",\"name\":\"Solicitar certificado\",\"isPartOf\":{\"@id\":\"https:\/\/www.upo.es\/intl\/#website\"},\"datePublished\":\"2017-06-14T07:13:26+00:00\",\"dateModified\":\"2017-06-14T07:37:52+00:00\",\"breadcrumb\":{\"@id\":\"https:\/\/www.upo.es\/intl\/solicitar-certificado\/#breadcrumb\"},\"inLanguage\":\"es\",\"potentialAction\":[{\"@type\":\"ReadAction\",\"target\":[\"https:\/\/www.upo.es\/intl\/solicitar-certificado\/\"]}]},{\"@type\":\"BreadcrumbList\",\"@id\":\"https:\/\/www.upo.es\/intl\/solicitar-certificado\/#breadcrumb\",\"itemListElement\":[{\"@type\":\"ListItem\",\"position\":1,\"name\":\"Portada\",\"item\":\"https:\/\/www.upo.es\/intl\/\"},{\"@type\":\"ListItem\",\"position\":2,\"name\":\"Solicitar certificado\"}]}]}<\/script>\n<!-- \/ Yoast SEO plugin. -->","yoast_head_json":{"title":"Solicitar certificado","robots":{"index":"index","follow":"follow","max-snippet":"max-snippet:-1","max-image-preview":"max-image-preview:large","max-video-preview":"max-video-preview:-1"},"canonical":"https:\/\/www.upo.es\/intl\/solicitar-certificado\/","og_locale":"es_ES","og_type":"article","og_title":"Solicitar certificado","og_description":"[vc_row][vc_column][vc_column_text] Para solicitar una copia de tu certificado acad\u00e9mico\u00a0(con 5\u20ac de gasto): Si te matriculaste directamente a trav\u00e9s de la UPO o asististe a nuestro programa a trav\u00e9s de una Universidad con convenio con la UPO, por favor rellena el siguiente formulario de pago y env\u00edalo a:\u00a0intl@upo.es.\u00a0 [\/vc_column_text][vc_empty_space height=&#8221;30px&#8221;][vc_column_text] Si te matriculaste en la UPO [&hellip;]","og_url":"https:\/\/www.upo.es\/intl\/solicitar-certificado\/","og_site_name":"Centro Universitario Internacional UPO","article_publisher":"https:\/\/www.facebook.com\/centrointernacionalUPO\/?ref=ts","article_modified_time":"2017-06-14T07:37:52+00:00","twitter_card":"summary_large_image","twitter_site":"@CuiUpo","twitter_misc":{"Tiempo de lectura":"1 minuto"},"schema":{"@context":"https:\/\/schema.org","@graph":[{"@type":"Organization","@id":"https:\/\/www.upo.es\/intl\/#organization","name":"Centro Universitario Internacional Universidad Pablo de Olavide","url":"https:\/\/www.upo.es\/intl\/","sameAs":["https:\/\/www.facebook.com\/centrointernacionalUPO\/?ref=ts","https:\/\/www.instagram.com\/cui_upo\/","https:\/\/www.youtube.com\/channel\/UCXvTsTmrSF31BCW1Ukowlvg","https:\/\/twitter.com\/CuiUpo"],"logo":{"@type":"ImageObject","@id":"https:\/\/www.upo.es\/intl\/#logo","inLanguage":"es","url":"https:\/\/www.upo.es\/intl\/wp-content\/uploads\/2016\/07\/logo_fondo_UPO.png","contentUrl":"https:\/\/www.upo.es\/intl\/wp-content\/uploads\/2016\/07\/logo_fondo_UPO.png","width":318,"height":120,"caption":"Centro Universitario Internacional Universidad Pablo de Olavide"},"image":{"@id":"https:\/\/www.upo.es\/intl\/#logo"}},{"@type":"WebSite","@id":"https:\/\/www.upo.es\/intl\/#website","url":"https:\/\/www.upo.es\/intl\/","name":"Centro Universitario Internacional UPO","description":"Programas de corta y larga duraci\u00f3n de lengua y cultura espa\u00f1ola. Se imparten clases en espa\u00f1ol e ingl\u00e9s de diferentes materias","publisher":{"@id":"https:\/\/www.upo.es\/intl\/#organization"},"potentialAction":[{"@type":"SearchAction","target":{"@type":"EntryPoint","urlTemplate":"https:\/\/www.upo.es\/intl\/?s={search_term_string}"},"query-input":"required name=search_term_string"}],"inLanguage":"es"},{"@type":"WebPage","@id":"https:\/\/www.upo.es\/intl\/solicitar-certificado\/#webpage","url":"https:\/\/www.upo.es\/intl\/solicitar-certificado\/","name":"Solicitar certificado","isPartOf":{"@id":"https:\/\/www.upo.es\/intl\/#website"},"datePublished":"2017-06-14T07:13:26+00:00","dateModified":"2017-06-14T07:37:52+00:00","breadcrumb":{"@id":"https:\/\/www.upo.es\/intl\/solicitar-certificado\/#breadcrumb"},"inLanguage":"es","potentialAction":[{"@type":"ReadAction","target":["https:\/\/www.upo.es\/intl\/solicitar-certificado\/"]}]},{"@type":"BreadcrumbList","@id":"https:\/\/www.upo.es\/intl\/solicitar-certificado\/#breadcrumb","itemListElement":[{"@type":"ListItem","position":1,"name":"Portada","item":"https:\/\/www.upo.es\/intl\/"},{"@type":"ListItem","position":2,"name":"Solicitar certificado"}]}]}},"_links":{"self":[{"href":"https:\/\/www.upo.es\/intl\/wp-json\/wp\/v2\/pages\/5376"}],"collection":[{"href":"https:\/\/www.upo.es\/intl\/wp-json\/wp\/v2\/pages"}],"about":[{"href":"https:\/\/www.upo.es\/intl\/wp-json\/wp\/v2\/types\/page"}],"author":[{"embeddable":true,"href":"https:\/\/www.upo.es\/intl\/wp-json\/wp\/v2\/users\/1"}],"replies":[{"embeddable":true,"href":"https:\/\/www.upo.es\/intl\/wp-json\/wp\/v2\/comments?post=5376"}],"version-history":[{"count":5,"href":"https:\/\/www.upo.es\/intl\/wp-json\/wp\/v2\/pages\/5376\/revisions"}],"predecessor-version":[{"id":5390,"href":"https:\/\/www.upo.es\/intl\/wp-json\/wp\/v2\/pages\/5376\/revisions\/5390"}],"wp:attachment":[{"href":"https:\/\/www.upo.es\/intl\/wp-json\/wp\/v2\/media?parent=5376"}],"curies":[{"name":"wp","href":"https:\/\/api.w.org\/{rel}","templated":true}]}}