{"id":1708,"date":"2023-11-29T18:26:50","date_gmt":"2023-11-29T18:26:50","guid":{"rendered":"https:\/\/www.upo.es\/investiga\/HUM-680\/?page_id=1708"},"modified":"2024-12-20T20:30:26","modified_gmt":"2024-12-20T20:30:26","slug":"montserrat-cachero-vinuesa","status":"publish","type":"page","link":"https:\/\/www.upo.es\/investiga\/HUM-680\/montserrat-cachero-vinuesa\/","title":{"rendered":"Montserrat Cachero Vinuesa"},"content":{"rendered":"\t\t<div data-elementor-type=\"wp-page\" data-elementor-id=\"1708\" class=\"elementor elementor-1708\">\n\t\t\t\t\t\t<section class=\"elementor-section elementor-top-section elementor-element elementor-element-61f5007 elementor-section-full_width elementor-section-stretched elementor-section-height-default elementor-section-height-default\" data-id=\"61f5007\" data-element_type=\"section\" data-settings=\"{&quot;stretch_section&quot;:&quot;section-stretched&quot;,&quot;background_background&quot;:&quot;classic&quot;}\">\n\t\t\t\t\t\t<div class=\"elementor-container elementor-column-gap-default\">\n\t\t\t\t\t<div class=\"elementor-column elementor-col-100 elementor-top-column elementor-element elementor-element-fdde511\" data-id=\"fdde511\" data-element_type=\"column\">\n\t\t\t<div class=\"elementor-widget-wrap elementor-element-populated\">\n\t\t\t\t\t\t<div class=\"elementor-element elementor-element-d70e765 elementor-widget elementor-widget-text-editor\" data-id=\"d70e765\" data-element_type=\"widget\" data-widget_type=\"text-editor.default\">\n\t\t\t\t<div class=\"elementor-widget-container\">\n\t\t\t\t\t\t\t\t\t<p style=\"text-align: right;\"><em>Geometry<\/em>, Frans Floris (1557)<\/p>\t\t\t\t\t\t\t\t<\/div>\n\t\t\t\t<\/div>\n\t\t\t\t<div class=\"elementor-element elementor-element-13f8a31 elementor-widget__width-initial elementor-widget elementor-widget-heading\" data-id=\"13f8a31\" data-element_type=\"widget\" data-widget_type=\"heading.default\">\n\t\t\t\t<div class=\"elementor-widget-container\">\n\t\t\t\t\t<h2 class=\"elementor-heading-title elementor-size-default\">Estudios sobre Europa, <br>el mundo mediterr\u00e1neo<br>y su difusi\u00f3n atl\u00e1ntica<br>(HUM 680)<\/h2>\t\t\t\t<\/div>\n\t\t\t\t<\/div>\n\t\t\t\t\t<\/div>\n\t\t<\/div>\n\t\t\t\t\t<\/div>\n\t\t<\/section>\n\t\t\t\t<section class=\"elementor-section elementor-top-section elementor-element elementor-element-808281d elementor-section-boxed elementor-section-height-default elementor-section-height-default\" data-id=\"808281d\" data-element_type=\"section\">\n\t\t\t\t\t\t<div class=\"elementor-container elementor-column-gap-default\">\n\t\t\t\t\t<div class=\"elementor-column elementor-col-100 elementor-top-column elementor-element elementor-element-a85ac6a\" data-id=\"a85ac6a\" data-element_type=\"column\">\n\t\t\t<div class=\"elementor-widget-wrap elementor-element-populated\">\n\t\t\t\t\t\t<div class=\"elementor-element elementor-element-ed47eb8 elementor-widget elementor-widget-heading\" data-id=\"ed47eb8\" data-element_type=\"widget\" data-widget_type=\"heading.default\">\n\t\t\t\t<div class=\"elementor-widget-container\">\n\t\t\t\t\t<h2 class=\"elementor-heading-title elementor-size-default\">Montserrat Cachero Vinuesa<\/h2>\t\t\t\t<\/div>\n\t\t\t\t<\/div>\n\t\t\t\t\t<\/div>\n\t\t<\/div>\n\t\t\t\t\t<\/div>\n\t\t<\/section>\n\t\t\t\t<section class=\"elementor-section elementor-top-section elementor-element elementor-element-1d1f04d elementor-section-boxed elementor-section-height-default elementor-section-height-default\" data-id=\"1d1f04d\" data-element_type=\"section\">\n\t\t\t\t\t\t<div class=\"elementor-container elementor-column-gap-default\">\n\t\t\t\t\t<div class=\"elementor-column elementor-col-50 elementor-top-column elementor-element elementor-element-87b3b20\" data-id=\"87b3b20\" data-element_type=\"column\" data-settings=\"{&quot;background_background&quot;:&quot;gradient&quot;}\">\n\t\t\t<div class=\"elementor-widget-wrap elementor-element-populated\">\n\t\t\t\t\t\t<div class=\"elementor-element elementor-element-e47204f elementor-widget elementor-widget-image\" data-id=\"e47204f\" data-element_type=\"widget\" data-widget_type=\"image.default\">\n\t\t\t\t<div class=\"elementor-widget-container\">\n\t\t\t\t\t\t\t\t\t\t\t\t\t\t\t<img fetchpriority=\"high\" decoding=\"async\" width=\"750\" height=\"720\" src=\"https:\/\/www.upo.es\/investiga\/HUM-680\/wp-content\/uploads\/2023\/11\/montse-1024x983.png\" class=\"attachment-large size-large wp-image-1605\" alt=\"\" srcset=\"https:\/\/www.upo.es\/investiga\/HUM-680\/wp-content\/uploads\/2023\/11\/montse-1024x983.png 1024w, https:\/\/www.upo.es\/investiga\/HUM-680\/wp-content\/uploads\/2023\/11\/montse-300x288.png 300w, https:\/\/www.upo.es\/investiga\/HUM-680\/wp-content\/uploads\/2023\/11\/montse-768x738.png 768w, https:\/\/www.upo.es\/investiga\/HUM-680\/wp-content\/uploads\/2023\/11\/montse.png 1110w\" sizes=\"(max-width: 750px) 100vw, 750px\" \/>\t\t\t\t\t\t\t\t\t\t\t\t\t\t\t<\/div>\n\t\t\t\t<\/div>\n\t\t\t\t\t<\/div>\n\t\t<\/div>\n\t\t\t\t<div class=\"elementor-column elementor-col-50 elementor-top-column elementor-element elementor-element-c79e174\" data-id=\"c79e174\" data-element_type=\"column\">\n\t\t\t<div class=\"elementor-widget-wrap elementor-element-populated\">\n\t\t\t\t\t\t<div class=\"elementor-element elementor-element-a894b31 elementor-widget elementor-widget-text-editor\" data-id=\"a894b31\" data-element_type=\"widget\" data-widget_type=\"text-editor.default\">\n\t\t\t\t<div class=\"elementor-widget-container\">\n\t\t\t\t\t\t\t\t\t<p style=\"text-align: justify;\">Montserrat Cachero Vinuesa es licenciada en Econom\u00eda por la Universidad de Sevilla y doctora en Historia por el European University Institute de Florencia. Profesora del \u00e1rea de Historia e Instituciones Econ\u00f3micas de la Universidad Pablo de Olavide desde el a\u00f1o 2010, ha sido Distinguished Academic Visitor en Queens\u2019 College (University of Cambridge) y Visiting Fellow en el Center for History and Economics (Harvard University). Sus intereses investigadores han estado vinculados con el an\u00e1lisis de los instrumentos que permitieron el desarrollo del comercio atl\u00e1ntico durante los siglos XVI a XVII, la expansi\u00f3n del mercado de cr\u00e9dito en la Carrera de Indias y las relaciones mercantiles entre los agentes implicados.&nbsp;<\/p><p style=\"text-align: justify;\"><span style=\"font-size: inherit;\">Desde el punto de vista metodol\u00f3gico, es especialista en el An\u00e1lisis de Redes Hist\u00f3ricas y ha publicado varios art\u00edculos, tanto te\u00f3ricos como aplicados, en revistas de impacto y editoriales de prestigio internacional. Actualmente codirige el proyecto <\/span><em style=\"font-size: inherit;\">Las redes del comercio de libros en la Monarqu\u00eda Hisp\u00e1nica: mercados, agentes y arquitectura financiera. 1501-1648,<\/em><span style=\"font-size: inherit;\"> financiado por el Ministerio de Ciencia e Investigaci\u00f3n.<\/span><\/p>\t\t\t\t\t\t\t\t<\/div>\n\t\t\t\t<\/div>\n\t\t\t\t<section class=\"elementor-section elementor-inner-section elementor-element elementor-element-1f9af52 elementor-section-boxed elementor-section-height-default elementor-section-height-default\" data-id=\"1f9af52\" data-element_type=\"section\">\n\t\t\t\t\t\t<div class=\"elementor-container elementor-column-gap-default\">\n\t\t\t\t\t<div class=\"elementor-column elementor-col-33 elementor-inner-column elementor-element elementor-element-6ef0da4\" data-id=\"6ef0da4\" data-element_type=\"column\">\n\t\t\t<div class=\"elementor-widget-wrap elementor-element-populated\">\n\t\t\t\t\t\t<section class=\"elementor-section elementor-inner-section elementor-element elementor-element-0466ace elementor-section-boxed elementor-section-height-default elementor-section-height-default\" data-id=\"0466ace\" data-element_type=\"section\">\n\t\t\t\t\t\t<div class=\"elementor-container elementor-column-gap-default\">\n\t\t\t\t\t<div class=\"elementor-column elementor-col-50 elementor-inner-column elementor-element elementor-element-4102c45\" data-id=\"4102c45\" data-element_type=\"column\">\n\t\t\t<div class=\"elementor-widget-wrap elementor-element-populated\">\n\t\t\t\t\t\t<div class=\"elementor-element elementor-element-ac32e9d elementor-widget elementor-widget-image\" data-id=\"ac32e9d\" data-element_type=\"widget\" data-widget_type=\"image.default\">\n\t\t\t\t<div class=\"elementor-widget-container\">\n\t\t\t\t\t\t\t\t\t\t\t\t\t\t\t\t<a href=\"https:\/\/scholar.google.es\/citations?hl=es&#038;user=4DMcd5MAAAAJ\">\n\t\t\t\t\t\t\t<img decoding=\"async\" width=\"150\" height=\"150\" src=\"https:\/\/www.upo.es\/investiga\/HUM-680\/wp-content\/uploads\/2023\/11\/Google_Scholar_logo.svg-150x150.png\" class=\"elementor-animation-grow attachment-thumbnail size-thumbnail wp-image-2063\" alt=\"\" srcset=\"https:\/\/www.upo.es\/investiga\/HUM-680\/wp-content\/uploads\/2023\/11\/Google_Scholar_logo.svg-150x150.png 150w, https:\/\/www.upo.es\/investiga\/HUM-680\/wp-content\/uploads\/2023\/11\/Google_Scholar_logo.svg-300x300.png 300w, https:\/\/www.upo.es\/investiga\/HUM-680\/wp-content\/uploads\/2023\/11\/Google_Scholar_logo.svg-1024x1024.png 1024w, https:\/\/www.upo.es\/investiga\/HUM-680\/wp-content\/uploads\/2023\/11\/Google_Scholar_logo.svg-768x768.png 768w, https:\/\/www.upo.es\/investiga\/HUM-680\/wp-content\/uploads\/2023\/11\/Google_Scholar_logo.svg-1536x1536.png 1536w, https:\/\/www.upo.es\/investiga\/HUM-680\/wp-content\/uploads\/2023\/11\/Google_Scholar_logo.svg.png 2048w\" sizes=\"(max-width: 150px) 100vw, 150px\" \/>\t\t\t\t\t\t\t\t<\/a>\n\t\t\t\t\t\t\t\t\t\t\t\t\t\t\t<\/div>\n\t\t\t\t<\/div>\n\t\t\t\t\t<\/div>\n\t\t<\/div>\n\t\t\t\t<div class=\"elementor-column elementor-col-50 elementor-inner-column elementor-element elementor-element-01d02fd\" data-id=\"01d02fd\" data-element_type=\"column\">\n\t\t\t<div class=\"elementor-widget-wrap elementor-element-populated\">\n\t\t\t\t\t\t<div class=\"elementor-element elementor-element-f623fcb elementor-widget elementor-widget-image\" data-id=\"f623fcb\" data-element_type=\"widget\" data-widget_type=\"image.default\">\n\t\t\t\t<div class=\"elementor-widget-container\">\n\t\t\t\t\t\t\t\t\t\t\t\t\t\t\t\t<a href=\"https:\/\/upo.academia.edu\/MontserratCachero\">\n\t\t\t\t\t\t\t<img decoding=\"async\" width=\"360\" height=\"270\" src=\"https:\/\/www.upo.es\/investiga\/HUM-680\/wp-content\/uploads\/2023\/11\/1_wnzfchY0lc5EIUoOPENhTw.png\" class=\"elementor-animation-grow attachment-large size-large wp-image-2056\" alt=\"\" srcset=\"https:\/\/www.upo.es\/investiga\/HUM-680\/wp-content\/uploads\/2023\/11\/1_wnzfchY0lc5EIUoOPENhTw.png 360w, https:\/\/www.upo.es\/investiga\/HUM-680\/wp-content\/uploads\/2023\/11\/1_wnzfchY0lc5EIUoOPENhTw-300x225.png 300w\" sizes=\"(max-width: 360px) 100vw, 360px\" \/>\t\t\t\t\t\t\t\t<\/a>\n\t\t\t\t\t\t\t\t\t\t\t\t\t\t\t<\/div>\n\t\t\t\t<\/div>\n\t\t\t\t\t<\/div>\n\t\t<\/div>\n\t\t\t\t\t<\/div>\n\t\t<\/section>\n\t\t\t\t\t<\/div>\n\t\t<\/div>\n\t\t\t\t<div class=\"elementor-column elementor-col-33 elementor-inner-column elementor-element elementor-element-7b0ce51\" data-id=\"7b0ce51\" data-element_type=\"column\">\n\t\t\t<div class=\"elementor-widget-wrap elementor-element-populated\">\n\t\t\t\t\t\t<section class=\"elementor-section elementor-inner-section elementor-element elementor-element-523c6bb elementor-section-boxed elementor-section-height-default elementor-section-height-default\" data-id=\"523c6bb\" data-element_type=\"section\">\n\t\t\t\t\t\t<div class=\"elementor-container elementor-column-gap-default\">\n\t\t\t\t\t<div class=\"elementor-column elementor-col-100 elementor-inner-column elementor-element elementor-element-716b64b\" data-id=\"716b64b\" data-element_type=\"column\">\n\t\t\t<div class=\"elementor-widget-wrap elementor-element-populated\">\n\t\t\t\t\t\t<div class=\"elementor-element elementor-element-1d31967 elementor-widget elementor-widget-image\" data-id=\"1d31967\" data-element_type=\"widget\" data-widget_type=\"image.default\">\n\t\t\t\t<div class=\"elementor-widget-container\">\n\t\t\t\t\t\t\t\t\t\t\t\t\t\t\t\t<a href=\"https:\/\/www.webofscience.com\/wos\/woscc\/summary\/a4f34012-6346-4be6-9472-4e1fafa85c1c-abf829bb\/relevance\/1\">\n\t\t\t\t\t\t\t<img loading=\"lazy\" decoding=\"async\" width=\"700\" height=\"692\" src=\"https:\/\/www.upo.es\/investiga\/HUM-680\/wp-content\/uploads\/2023\/11\/1371214170022.jpg\" class=\"elementor-animation-grow attachment-large size-large wp-image-2202\" alt=\"\" srcset=\"https:\/\/www.upo.es\/investiga\/HUM-680\/wp-content\/uploads\/2023\/11\/1371214170022.jpg 700w, https:\/\/www.upo.es\/investiga\/HUM-680\/wp-content\/uploads\/2023\/11\/1371214170022-300x297.jpg 300w\" sizes=\"(max-width: 700px) 100vw, 700px\" \/>\t\t\t\t\t\t\t\t<\/a>\n\t\t\t\t\t\t\t\t\t\t\t\t\t\t\t<\/div>\n\t\t\t\t<\/div>\n\t\t\t\t\t<\/div>\n\t\t<\/div>\n\t\t\t\t\t<\/div>\n\t\t<\/section>\n\t\t\t\t\t<\/div>\n\t\t<\/div>\n\t\t\t\t<div class=\"elementor-column elementor-col-33 elementor-inner-column elementor-element elementor-element-9d3139e\" data-id=\"9d3139e\" data-element_type=\"column\">\n\t\t\t<div class=\"elementor-widget-wrap elementor-element-populated\">\n\t\t\t\t\t\t<section class=\"elementor-section elementor-inner-section elementor-element elementor-element-0617130 elementor-section-boxed elementor-section-height-default elementor-section-height-default\" data-id=\"0617130\" data-element_type=\"section\">\n\t\t\t\t\t\t<div class=\"elementor-container elementor-column-gap-default\">\n\t\t\t\t\t<div class=\"elementor-column elementor-col-50 elementor-inner-column elementor-element elementor-element-44ca5bb\" data-id=\"44ca5bb\" data-element_type=\"column\">\n\t\t\t<div class=\"elementor-widget-wrap elementor-element-populated\">\n\t\t\t\t\t\t<div class=\"elementor-element elementor-element-aa6a51d elementor-widget elementor-widget-image\" data-id=\"aa6a51d\" data-element_type=\"widget\" data-widget_type=\"image.default\">\n\t\t\t\t<div class=\"elementor-widget-container\">\n\t\t\t\t\t\t\t\t\t\t\t\t\t\t\t\t<a href=\"https:\/\/orcid.org\/0000-0002-9830-930X\">\n\t\t\t\t\t\t\t<img loading=\"lazy\" decoding=\"async\" width=\"150\" height=\"150\" src=\"https:\/\/www.upo.es\/investiga\/HUM-680\/wp-content\/uploads\/2023\/11\/logo-ORCID-150x150.png\" class=\"elementor-animation-grow attachment-thumbnail size-thumbnail wp-image-2059\" alt=\"\" srcset=\"https:\/\/www.upo.es\/investiga\/HUM-680\/wp-content\/uploads\/2023\/11\/logo-ORCID-150x150.png 150w, https:\/\/www.upo.es\/investiga\/HUM-680\/wp-content\/uploads\/2023\/11\/logo-ORCID-300x300.png 300w, https:\/\/www.upo.es\/investiga\/HUM-680\/wp-content\/uploads\/2023\/11\/logo-ORCID-768x768.png 768w, https:\/\/www.upo.es\/investiga\/HUM-680\/wp-content\/uploads\/2023\/11\/logo-ORCID.png 800w\" sizes=\"(max-width: 150px) 100vw, 150px\" \/>\t\t\t\t\t\t\t\t<\/a>\n\t\t\t\t\t\t\t\t\t\t\t\t\t\t\t<\/div>\n\t\t\t\t<\/div>\n\t\t\t\t\t<\/div>\n\t\t<\/div>\n\t\t\t\t<div class=\"elementor-column elementor-col-50 elementor-inner-column elementor-element elementor-element-94b9b6f\" data-id=\"94b9b6f\" data-element_type=\"column\">\n\t\t\t<div class=\"elementor-widget-wrap elementor-element-populated\">\n\t\t\t\t\t\t<div class=\"elementor-element elementor-element-aa3fe72 elementor-widget elementor-widget-image\" data-id=\"aa3fe72\" data-element_type=\"widget\" data-widget_type=\"image.default\">\n\t\t\t\t<div class=\"elementor-widget-container\">\n\t\t\t\t\t\t\t\t\t\t\t\t\t\t\t\t<a href=\"https:\/\/dialnet.unirioja.es\/servlet\/autor?codigo=327247\">\n\t\t\t\t\t\t\t<img loading=\"lazy\" decoding=\"async\" width=\"150\" height=\"150\" src=\"https:\/\/www.upo.es\/investiga\/HUM-680\/wp-content\/uploads\/2023\/11\/dialnet-logo-150x150.png\" class=\"elementor-animation-grow attachment-thumbnail size-thumbnail wp-image-2057\" alt=\"\" srcset=\"https:\/\/www.upo.es\/investiga\/HUM-680\/wp-content\/uploads\/2023\/11\/dialnet-logo-150x150.png 150w, https:\/\/www.upo.es\/investiga\/HUM-680\/wp-content\/uploads\/2023\/11\/dialnet-logo-300x300.png 300w, https:\/\/www.upo.es\/investiga\/HUM-680\/wp-content\/uploads\/2023\/11\/dialnet-logo.png 400w\" sizes=\"(max-width: 150px) 100vw, 150px\" \/>\t\t\t\t\t\t\t\t<\/a>\n\t\t\t\t\t\t\t\t\t\t\t\t\t\t\t<\/div>\n\t\t\t\t<\/div>\n\t\t\t\t\t<\/div>\n\t\t<\/div>\n\t\t\t\t\t<\/div>\n\t\t<\/section>\n\t\t\t\t\t<\/div>\n\t\t<\/div>\n\t\t\t\t\t<\/div>\n\t\t<\/section>\n\t\t\t\t\t<\/div>\n\t\t<\/div>\n\t\t\t\t\t<\/div>\n\t\t<\/section>\n\t\t\t\t<\/div>\n\t\t","protected":false},"excerpt":{"rendered":"<p>Geometry, Frans Floris (1557) Estudios sobre Europa, el mundo mediterr\u00e1neoy su difusi\u00f3n atl\u00e1ntica(HUM 680) Montserrat Cachero Vinuesa Montserrat Cachero Vinuesa es licenciada en Econom\u00eda por la Universidad de Sevilla y doctora en Historia por el European University Institute de Florencia. Profesora del \u00e1rea de Historia e Instituciones Econ\u00f3micas de la [&hellip;]<\/p>\n","protected":false},"author":1,"featured_media":0,"parent":0,"menu_order":0,"comment_status":"closed","ping_status":"closed","template":"page-templates\/template-pagebuilder-full-width.php","meta":{"footnotes":""},"_links":{"self":[{"href":"https:\/\/www.upo.es\/investiga\/HUM-680\/wp-json\/wp\/v2\/pages\/1708"}],"collection":[{"href":"https:\/\/www.upo.es\/investiga\/HUM-680\/wp-json\/wp\/v2\/pages"}],"about":[{"href":"https:\/\/www.upo.es\/investiga\/HUM-680\/wp-json\/wp\/v2\/types\/page"}],"author":[{"embeddable":true,"href":"https:\/\/www.upo.es\/investiga\/HUM-680\/wp-json\/wp\/v2\/users\/1"}],"replies":[{"embeddable":true,"href":"https:\/\/www.upo.es\/investiga\/HUM-680\/wp-json\/wp\/v2\/comments?post=1708"}],"version-history":[{"count":20,"href":"https:\/\/www.upo.es\/investiga\/HUM-680\/wp-json\/wp\/v2\/pages\/1708\/revisions"}],"predecessor-version":[{"id":3775,"href":"https:\/\/www.upo.es\/investiga\/HUM-680\/wp-json\/wp\/v2\/pages\/1708\/revisions\/3775"}],"wp:attachment":[{"href":"https:\/\/www.upo.es\/investiga\/HUM-680\/wp-json\/wp\/v2\/media?parent=1708"}],"curies":[{"name":"wp","href":"https:\/\/api.w.org\/{rel}","templated":true}]}}