{"id":1760,"date":"2023-11-28T16:05:13","date_gmt":"2023-11-28T16:05:13","guid":{"rendered":"https:\/\/www.upo.es\/investiga\/HUM-680\/?page_id=1760"},"modified":"2024-12-20T18:38:02","modified_gmt":"2024-12-20T18:38:02","slug":"alberto-jose-campillo","status":"publish","type":"page","link":"https:\/\/www.upo.es\/investiga\/HUM-680\/alberto-jose-campillo\/","title":{"rendered":"Alberto Jos\u00e9 Campillo Pardo"},"content":{"rendered":"\t\t<div data-elementor-type=\"wp-page\" data-elementor-id=\"1760\" class=\"elementor elementor-1760\">\n\t\t\t\t\t\t<section class=\"elementor-section elementor-top-section elementor-element elementor-element-3b84096 elementor-section-full_width elementor-section-stretched elementor-section-height-default elementor-section-height-default\" data-id=\"3b84096\" data-element_type=\"section\" data-settings=\"{&quot;stretch_section&quot;:&quot;section-stretched&quot;,&quot;background_background&quot;:&quot;classic&quot;}\">\n\t\t\t\t\t\t<div class=\"elementor-container elementor-column-gap-default\">\n\t\t\t\t\t<div class=\"elementor-column elementor-col-100 elementor-top-column elementor-element elementor-element-a5b1340\" data-id=\"a5b1340\" data-element_type=\"column\">\n\t\t\t<div class=\"elementor-widget-wrap elementor-element-populated\">\n\t\t\t\t\t\t<div class=\"elementor-element elementor-element-f376a99 elementor-widget elementor-widget-text-editor\" data-id=\"f376a99\" data-element_type=\"widget\" data-widget_type=\"text-editor.default\">\n\t\t\t\t<div class=\"elementor-widget-container\">\n\t\t\t\t\t\t\t\t\t<p style=\"text-align: right;\"><em>Geometry<\/em>, Frans Floris (1557)<\/p>\t\t\t\t\t\t\t\t<\/div>\n\t\t\t\t<\/div>\n\t\t\t\t<div class=\"elementor-element elementor-element-3d5c754 elementor-widget__width-initial elementor-widget elementor-widget-heading\" data-id=\"3d5c754\" data-element_type=\"widget\" data-widget_type=\"heading.default\">\n\t\t\t\t<div class=\"elementor-widget-container\">\n\t\t\t\t\t<h2 class=\"elementor-heading-title elementor-size-default\">Estudios sobre Europa, <br>el mundo mediterr\u00e1neo<br>y su difusi\u00f3n atl\u00e1ntica<br>(HUM 680)<\/h2>\t\t\t\t<\/div>\n\t\t\t\t<\/div>\n\t\t\t\t\t<\/div>\n\t\t<\/div>\n\t\t\t\t\t<\/div>\n\t\t<\/section>\n\t\t\t\t<section class=\"elementor-section elementor-top-section elementor-element elementor-element-c2bd9d8 elementor-section-boxed elementor-section-height-default elementor-section-height-default\" data-id=\"c2bd9d8\" data-element_type=\"section\">\n\t\t\t\t\t\t<div class=\"elementor-container elementor-column-gap-default\">\n\t\t\t\t\t<div class=\"elementor-column elementor-col-100 elementor-top-column elementor-element elementor-element-b7e40e2\" data-id=\"b7e40e2\" data-element_type=\"column\">\n\t\t\t<div class=\"elementor-widget-wrap elementor-element-populated\">\n\t\t\t\t\t\t<div class=\"elementor-element elementor-element-f65dc10 elementor-widget elementor-widget-heading\" data-id=\"f65dc10\" data-element_type=\"widget\" data-widget_type=\"heading.default\">\n\t\t\t\t<div class=\"elementor-widget-container\">\n\t\t\t\t\t<h2 class=\"elementor-heading-title elementor-size-default\">Alberto Jos\u00e9 Campillo Pardo<\/h2>\t\t\t\t<\/div>\n\t\t\t\t<\/div>\n\t\t\t\t\t<\/div>\n\t\t<\/div>\n\t\t\t\t\t<\/div>\n\t\t<\/section>\n\t\t\t\t<section class=\"elementor-section elementor-top-section elementor-element elementor-element-53e2dc6 elementor-section-boxed elementor-section-height-default elementor-section-height-default\" data-id=\"53e2dc6\" data-element_type=\"section\">\n\t\t\t\t\t\t<div class=\"elementor-container elementor-column-gap-default\">\n\t\t\t\t\t<div class=\"elementor-column elementor-col-50 elementor-top-column elementor-element elementor-element-e71adc4\" data-id=\"e71adc4\" data-element_type=\"column\" data-settings=\"{&quot;background_background&quot;:&quot;gradient&quot;}\">\n\t\t\t<div class=\"elementor-widget-wrap elementor-element-populated\">\n\t\t\t\t\t\t<div class=\"elementor-element elementor-element-786c579 elementor-widget elementor-widget-image\" data-id=\"786c579\" data-element_type=\"widget\" data-widget_type=\"image.default\">\n\t\t\t\t<div class=\"elementor-widget-container\">\n\t\t\t\t\t\t\t\t\t\t\t\t\t\t\t<img fetchpriority=\"high\" decoding=\"async\" width=\"750\" height=\"720\" src=\"https:\/\/www.upo.es\/investiga\/HUM-680\/wp-content\/uploads\/2024\/03\/campillopng-1024x983.png\" class=\"attachment-large size-large wp-image-3007\" alt=\"\" srcset=\"https:\/\/www.upo.es\/investiga\/HUM-680\/wp-content\/uploads\/2024\/03\/campillopng-1024x983.png 1024w, https:\/\/www.upo.es\/investiga\/HUM-680\/wp-content\/uploads\/2024\/03\/campillopng-300x288.png 300w, https:\/\/www.upo.es\/investiga\/HUM-680\/wp-content\/uploads\/2024\/03\/campillopng-768x738.png 768w, https:\/\/www.upo.es\/investiga\/HUM-680\/wp-content\/uploads\/2024\/03\/campillopng.png 1110w\" sizes=\"(max-width: 750px) 100vw, 750px\" \/>\t\t\t\t\t\t\t\t\t\t\t\t\t\t\t<\/div>\n\t\t\t\t<\/div>\n\t\t\t\t\t<\/div>\n\t\t<\/div>\n\t\t\t\t<div class=\"elementor-column elementor-col-50 elementor-top-column elementor-element elementor-element-a501a67\" data-id=\"a501a67\" data-element_type=\"column\">\n\t\t\t<div class=\"elementor-widget-wrap elementor-element-populated\">\n\t\t\t\t\t\t<div class=\"elementor-element elementor-element-66d1161 elementor-widget elementor-widget-text-editor\" data-id=\"66d1161\" data-element_type=\"widget\" data-widget_type=\"text-editor.default\">\n\t\t\t\t<div class=\"elementor-widget-container\">\n\t\t\t\t\t\t\t\t\t<p style=\"text-align: justify;\">Alberto Jos\u00e9 Campillo Pardo es Doctor en Historia por la Universidad de Sevilla. Obtuvo su licenciatura en Ciencias Pol\u00edticas en la Universidad del Rosario, Colombia, y su m\u00e1ster en Historia en la Universidad de los Andes, tambi\u00e9n en Colombia. Sus investigaciones se han centrado en dos \u00e1reas principales: la circulaci\u00f3n del conocimiento entre Espa\u00f1a y Nueva Granada a comienzos de la Edad Moderna y la censura inquisitorial y gubernamental en la Monarqu\u00eda Hisp\u00e1nica. Ha publicado varios trabajos sobre estos temas con editoriales de gran impacto, como Brill, Palgrave MacMillan, Comares y la Universidad de Sevilla, incluyendo 2 libros, 9 cap\u00edtulos de libro y un art\u00edculo en revista cient\u00edfica. Entre estas publicaciones se destaca la monograf\u00eda <em>Censura, expurgo y control en la biblioteca colonial neogranadina<\/em> (Bogot\u00e1, 2017), publicada por la Editorial de la Universidad del Rosario, una de las editoriales acad\u00e9micas m\u00e1s importantes de Colombia y Am\u00e9rica Latina. El libro es el primer estudio sistem\u00e1tico sobre la censura inquisitorial durante el periodo colonial neogranadino, con un amplio enfoque en las pr\u00e1cticas expurgatorias.<\/p><p style=\"text-align: justify;\">Se doctor\u00f3 en 2021, distinci\u00f3n \u00absobresaliente<em> cum laude<\/em>\u00ab, con la tesis <em>Comerciantes, censores y bibliotecas: circulaci\u00f3n del conocimiento entre Espa\u00f1a y Nueva Granada en el siglo XVIII<\/em>, publicada en marzo de 2023 en coedici\u00f3n entre la Universidad del Rosario y la Universidad Javeriana de Colombia y la Universidad Aut\u00f3noma del Estado de M\u00e9xico. Formar\u00e1 parte de la colecci\u00f3n Biblioteca Latinoamericana de Culturas del libro y se imprimir\u00e1 en ambos pa\u00edses. Esta monograf\u00eda representa una de las aportaciones cient\u00edficas m\u00e1s relevantes en torno a la historia de las relaciones culturales entre la Europa de la Ilustraci\u00f3n y la Am\u00e9rica del siglo XVIII, centr\u00e1ndose en Nueva Granada como conector de ambos espacios. Este trabajo se apoya en una ingente investigaci\u00f3n archiv\u00edstica procedente de los fondos del Archivo de Indias de Sevilla, lo que dota al libro de una gran originalidad y le permite revisar varios lugares comunes y conceptos err\u00f3neos sobre la materia.<\/p><p style=\"text-align: justify;\">Tras su doctorado obtuvo una beca postdoctoral Margarita Salas, con financiaci\u00f3n del programa europeo \u00abNext Generation\u00bb, en la Universidad de Sevilla. Debido a la naturaleza de este contrato postdoctoral, que persigue la movilidad acad\u00e9mica, Campillo ha estado trabajando como investigador visitante en el grupo de investigaci\u00f3n PAIDI HUM-680 <em>Europa, el mundo mediterr\u00e1neo y su difusi\u00f3n atl\u00e1ntica<\/em> de la Universidad Pablo de Olavide, dirigido por Manuel Herrero S\u00e1nchez. Su proyecto de investigaci\u00f3n se titula <em>Jos\u00e9 Celestino Mutis y la red de conocimiento cient\u00edfico en Nueva Granada, siglo XVIII<\/em>, que analiza la existencia de una red de circulaci\u00f3n del conocimiento cient\u00edfico a nivel mundial en la que Mutis tuvo una participaci\u00f3n preponderante. Con ello se pretende demostrar que en la Baja Edad Moderna se produjo una primera globalizaci\u00f3n, no s\u00f3lo en t\u00e9rminos econ\u00f3micos sino tambi\u00e9n en una dimensi\u00f3n cultural. Para este proyecto, la metodolog\u00eda utilizada es el An\u00e1lisis de Redes Sociales aplicado a la Historia, lo que le permite potenciar el estudio de esta red con herramientas tecnol\u00f3gicas, gr\u00e1ficas y geogr\u00e1ficas.<\/p><p style=\"text-align: justify;\">Entre las actividades de la beca Margarita Salas, Campillo tiene asignados 6 cr\u00e9ditos docentes, equivalentes a 60 horas, en las asignaturas de \u00abEuropa y el Mundo en la Edad Moderna\u00bb, \u00abHistoria Moderna\u00bb y la asignatura impartida en ingl\u00e9s \u00abEarly Modern History\u00bb, adem\u00e1s de la supervisi\u00f3n de un TFG sobre el tr\u00e1fico de esclavos en Nueva Granada. Esto se suma a las 465 horas lectivas que ha impartido en Colombia. Por otro lado, tambi\u00e9n ha organizado varias conferencias y seminarios, dentro de las actividades del PAIDI HUM-680, entre las que destacan el ciclo de conferencias <em>Europa, el Mundo y su difusi\u00f3n atI\u00e1ntica 2022<\/em>, y el congreso internacional <em>Patrimonio escrito en circulaci\u00f3n: redes culturales y comerciales en la Edad Moderna<\/em> que tuvo lugar en Bogot\u00e1, Colombia, los d\u00edas 5 y 6 de diciembre de 2022, en la Universidad del Rosario. Este \u00faltimo cont\u00f3 con participantes de diferentes pa\u00edses como Colombia, EE.UU., Espa\u00f1a, Austria y Alemania, y actualmente, est\u00e1 editando un volumen del congreso, dada la alta calidad de los paneles, con Natalia Maillard \u00c1lvarez (UPO), miembro del grupo de investigaci\u00f3n PAIDI HUM-680.<\/p><p style=\"text-align: justify;\">Adem\u00e1s de su investigaci\u00f3n principal como becario Margarita Salas, Campillo ha venido consolidando una red acad\u00e9mica internacional, que ha dado como resultado la publicaci\u00f3n y edici\u00f3n de un volumen colectivo, titulado <em>Libros que hay y los que se han hallado: bibliotecas religiosas en la Am\u00e9rica lb\u00e9rica<\/em>, junto con Idalia Garc\u00eda (UNAM) y Ana Cecilia Montiel (UAEMex), que public\u00f3 en 2023 la Universidad del Rosario, y un volumen monogr\u00e1fico titulado <em>Contra la barbarie del hombre, el mayor bien de la cultura escrita: jesuitas en la Am\u00e9rica Espa\u00f1ola<\/em>, que public\u00f3 la revista IHS. Antiguos Jesuitas en lberoamerica. Adem\u00e1s, tiene dos pr\u00f3ximos cap\u00edtulos en coautor\u00eda con la Dra. Idalia Garc\u00eda (UNAM), titulados<em> Bibliotecas privadas en la Nueva Espa\u00f1a: un proyecto en marcha<\/em> y <em>Perseguidos en las colonias espa\u00f1olas, censura inquisitorial y circulaci\u00f3n de libros cient\u00edficos en Nueva Espa\u00f1a y Nueva Granada<\/em>, publicados por Brill en 2023, en vol\u00famenes de la colecci\u00f3n \u00abBiblioteca de la Palabra Escrita\u00bb. Adem\u00e1s, es IP del grupo de investigaci\u00f3n<em> Patrimonio Cultural e Hist\u00f3rico (COL001187)<\/em>, de la Universidad del Rosario, Colombia.<\/p>\t\t\t\t\t\t\t\t<\/div>\n\t\t\t\t<\/div>\n\t\t\t\t<section class=\"elementor-section elementor-inner-section elementor-element elementor-element-b2ee58d elementor-section-boxed elementor-section-height-default elementor-section-height-default\" data-id=\"b2ee58d\" data-element_type=\"section\">\n\t\t\t\t\t\t<div class=\"elementor-container elementor-column-gap-default\">\n\t\t\t\t\t<div class=\"elementor-column elementor-col-50 elementor-inner-column elementor-element elementor-element-e60e87e\" data-id=\"e60e87e\" data-element_type=\"column\">\n\t\t\t<div class=\"elementor-widget-wrap elementor-element-populated\">\n\t\t\t\t\t\t<section class=\"elementor-section elementor-inner-section elementor-element elementor-element-a8decdf elementor-section-boxed elementor-section-height-default elementor-section-height-default\" data-id=\"a8decdf\" data-element_type=\"section\">\n\t\t\t\t\t\t<div class=\"elementor-container elementor-column-gap-default\">\n\t\t\t\t\t<div class=\"elementor-column elementor-col-50 elementor-inner-column elementor-element elementor-element-056c689\" data-id=\"056c689\" data-element_type=\"column\">\n\t\t\t<div class=\"elementor-widget-wrap elementor-element-populated\">\n\t\t\t\t\t\t<div class=\"elementor-element elementor-element-ba42ae2 elementor-widget elementor-widget-image\" data-id=\"ba42ae2\" data-element_type=\"widget\" data-widget_type=\"image.default\">\n\t\t\t\t<div class=\"elementor-widget-container\">\n\t\t\t\t\t\t\t\t\t\t\t\t\t\t\t\t<a href=\"https:\/\/scholar.google.com\/citations?user=bLp5wFQAAAAJ&#038;hl=es\">\n\t\t\t\t\t\t\t<img decoding=\"async\" width=\"150\" height=\"150\" src=\"https:\/\/www.upo.es\/investiga\/HUM-680\/wp-content\/uploads\/2023\/11\/Google_Scholar_logo.svg-150x150.png\" class=\"elementor-animation-grow attachment-thumbnail size-thumbnail wp-image-2063\" alt=\"\" srcset=\"https:\/\/www.upo.es\/investiga\/HUM-680\/wp-content\/uploads\/2023\/11\/Google_Scholar_logo.svg-150x150.png 150w, https:\/\/www.upo.es\/investiga\/HUM-680\/wp-content\/uploads\/2023\/11\/Google_Scholar_logo.svg-300x300.png 300w, https:\/\/www.upo.es\/investiga\/HUM-680\/wp-content\/uploads\/2023\/11\/Google_Scholar_logo.svg-1024x1024.png 1024w, https:\/\/www.upo.es\/investiga\/HUM-680\/wp-content\/uploads\/2023\/11\/Google_Scholar_logo.svg-768x768.png 768w, https:\/\/www.upo.es\/investiga\/HUM-680\/wp-content\/uploads\/2023\/11\/Google_Scholar_logo.svg-1536x1536.png 1536w, https:\/\/www.upo.es\/investiga\/HUM-680\/wp-content\/uploads\/2023\/11\/Google_Scholar_logo.svg.png 2048w\" sizes=\"(max-width: 150px) 100vw, 150px\" \/>\t\t\t\t\t\t\t\t<\/a>\n\t\t\t\t\t\t\t\t\t\t\t\t\t\t\t<\/div>\n\t\t\t\t<\/div>\n\t\t\t\t\t<\/div>\n\t\t<\/div>\n\t\t\t\t<div class=\"elementor-column elementor-col-50 elementor-inner-column elementor-element elementor-element-dee154c\" data-id=\"dee154c\" data-element_type=\"column\">\n\t\t\t<div class=\"elementor-widget-wrap elementor-element-populated\">\n\t\t\t\t\t\t<div class=\"elementor-element elementor-element-04e310c elementor-widget elementor-widget-image\" data-id=\"04e310c\" data-element_type=\"widget\" data-widget_type=\"image.default\">\n\t\t\t\t<div class=\"elementor-widget-container\">\n\t\t\t\t\t\t\t\t\t\t\t\t\t\t\t\t<a href=\"https:\/\/us.academia.edu\/AlbertoCampillo\">\n\t\t\t\t\t\t\t<img decoding=\"async\" width=\"360\" height=\"270\" src=\"https:\/\/www.upo.es\/investiga\/HUM-680\/wp-content\/uploads\/2023\/11\/1_wnzfchY0lc5EIUoOPENhTw.png\" class=\"elementor-animation-grow attachment-large size-large wp-image-2056\" alt=\"\" srcset=\"https:\/\/www.upo.es\/investiga\/HUM-680\/wp-content\/uploads\/2023\/11\/1_wnzfchY0lc5EIUoOPENhTw.png 360w, https:\/\/www.upo.es\/investiga\/HUM-680\/wp-content\/uploads\/2023\/11\/1_wnzfchY0lc5EIUoOPENhTw-300x225.png 300w\" sizes=\"(max-width: 360px) 100vw, 360px\" \/>\t\t\t\t\t\t\t\t<\/a>\n\t\t\t\t\t\t\t\t\t\t\t\t\t\t\t<\/div>\n\t\t\t\t<\/div>\n\t\t\t\t\t<\/div>\n\t\t<\/div>\n\t\t\t\t\t<\/div>\n\t\t<\/section>\n\t\t\t\t\t<\/div>\n\t\t<\/div>\n\t\t\t\t<div class=\"elementor-column elementor-col-50 elementor-inner-column elementor-element elementor-element-f5e21e5\" data-id=\"f5e21e5\" data-element_type=\"column\">\n\t\t\t<div class=\"elementor-widget-wrap elementor-element-populated\">\n\t\t\t\t\t\t<section class=\"elementor-section elementor-inner-section elementor-element elementor-element-dedd125 elementor-section-boxed elementor-section-height-default elementor-section-height-default\" data-id=\"dedd125\" data-element_type=\"section\">\n\t\t\t\t\t\t<div class=\"elementor-container elementor-column-gap-default\">\n\t\t\t\t\t<div class=\"elementor-column elementor-col-50 elementor-inner-column elementor-element elementor-element-426782d\" data-id=\"426782d\" data-element_type=\"column\">\n\t\t\t<div class=\"elementor-widget-wrap elementor-element-populated\">\n\t\t\t\t\t\t<div class=\"elementor-element elementor-element-4de5e1a elementor-widget elementor-widget-image\" data-id=\"4de5e1a\" data-element_type=\"widget\" data-widget_type=\"image.default\">\n\t\t\t\t<div class=\"elementor-widget-container\">\n\t\t\t\t\t\t\t\t\t\t\t\t\t\t\t\t<a href=\"https:\/\/orcid.org\/0000-0002-8075-1124\">\n\t\t\t\t\t\t\t<img loading=\"lazy\" decoding=\"async\" width=\"150\" height=\"150\" src=\"https:\/\/www.upo.es\/investiga\/HUM-680\/wp-content\/uploads\/2023\/11\/logo-ORCID-150x150.png\" class=\"elementor-animation-grow attachment-thumbnail size-thumbnail wp-image-2059\" alt=\"\" srcset=\"https:\/\/www.upo.es\/investiga\/HUM-680\/wp-content\/uploads\/2023\/11\/logo-ORCID-150x150.png 150w, https:\/\/www.upo.es\/investiga\/HUM-680\/wp-content\/uploads\/2023\/11\/logo-ORCID-300x300.png 300w, https:\/\/www.upo.es\/investiga\/HUM-680\/wp-content\/uploads\/2023\/11\/logo-ORCID-768x768.png 768w, https:\/\/www.upo.es\/investiga\/HUM-680\/wp-content\/uploads\/2023\/11\/logo-ORCID.png 800w\" sizes=\"(max-width: 150px) 100vw, 150px\" \/>\t\t\t\t\t\t\t\t<\/a>\n\t\t\t\t\t\t\t\t\t\t\t\t\t\t\t<\/div>\n\t\t\t\t<\/div>\n\t\t\t\t\t<\/div>\n\t\t<\/div>\n\t\t\t\t<div class=\"elementor-column elementor-col-50 elementor-inner-column elementor-element elementor-element-005e141\" data-id=\"005e141\" data-element_type=\"column\">\n\t\t\t<div class=\"elementor-widget-wrap elementor-element-populated\">\n\t\t\t\t\t\t<div class=\"elementor-element elementor-element-4cf7860 elementor-widget elementor-widget-image\" data-id=\"4cf7860\" data-element_type=\"widget\" data-widget_type=\"image.default\">\n\t\t\t\t<div class=\"elementor-widget-container\">\n\t\t\t\t\t\t\t\t\t\t\t\t\t\t\t\t<a href=\"https:\/\/dialnet.unirioja.es\/servlet\/autor?codigo=5436109\">\n\t\t\t\t\t\t\t<img loading=\"lazy\" decoding=\"async\" width=\"150\" height=\"150\" src=\"https:\/\/www.upo.es\/investiga\/HUM-680\/wp-content\/uploads\/2023\/11\/dialnet-logo-150x150.png\" class=\"elementor-animation-grow attachment-thumbnail size-thumbnail wp-image-2057\" alt=\"\" srcset=\"https:\/\/www.upo.es\/investiga\/HUM-680\/wp-content\/uploads\/2023\/11\/dialnet-logo-150x150.png 150w, https:\/\/www.upo.es\/investiga\/HUM-680\/wp-content\/uploads\/2023\/11\/dialnet-logo-300x300.png 300w, https:\/\/www.upo.es\/investiga\/HUM-680\/wp-content\/uploads\/2023\/11\/dialnet-logo.png 400w\" sizes=\"(max-width: 150px) 100vw, 150px\" \/>\t\t\t\t\t\t\t\t<\/a>\n\t\t\t\t\t\t\t\t\t\t\t\t\t\t\t<\/div>\n\t\t\t\t<\/div>\n\t\t\t\t\t<\/div>\n\t\t<\/div>\n\t\t\t\t\t<\/div>\n\t\t<\/section>\n\t\t\t\t\t<\/div>\n\t\t<\/div>\n\t\t\t\t\t<\/div>\n\t\t<\/section>\n\t\t\t\t\t<\/div>\n\t\t<\/div>\n\t\t\t\t\t<\/div>\n\t\t<\/section>\n\t\t\t\t<\/div>\n\t\t","protected":false},"excerpt":{"rendered":"<p>Geometry, Frans Floris (1557) Estudios sobre Europa, el mundo mediterr\u00e1neoy su difusi\u00f3n atl\u00e1ntica(HUM 680) Alberto Jos\u00e9 Campillo Pardo Alberto Jos\u00e9 Campillo Pardo es Doctor en Historia por la Universidad de Sevilla. Obtuvo su licenciatura en Ciencias Pol\u00edticas en la Universidad del Rosario, Colombia, y su m\u00e1ster en Historia en la [&hellip;]<\/p>\n","protected":false},"author":1,"featured_media":0,"parent":0,"menu_order":0,"comment_status":"closed","ping_status":"closed","template":"page-templates\/template-pagebuilder-full-width.php","meta":{"footnotes":""},"_links":{"self":[{"href":"https:\/\/www.upo.es\/investiga\/HUM-680\/wp-json\/wp\/v2\/pages\/1760"}],"collection":[{"href":"https:\/\/www.upo.es\/investiga\/HUM-680\/wp-json\/wp\/v2\/pages"}],"about":[{"href":"https:\/\/www.upo.es\/investiga\/HUM-680\/wp-json\/wp\/v2\/types\/page"}],"author":[{"embeddable":true,"href":"https:\/\/www.upo.es\/investiga\/HUM-680\/wp-json\/wp\/v2\/users\/1"}],"replies":[{"embeddable":true,"href":"https:\/\/www.upo.es\/investiga\/HUM-680\/wp-json\/wp\/v2\/comments?post=1760"}],"version-history":[{"count":44,"href":"https:\/\/www.upo.es\/investiga\/HUM-680\/wp-json\/wp\/v2\/pages\/1760\/revisions"}],"predecessor-version":[{"id":3697,"href":"https:\/\/www.upo.es\/investiga\/HUM-680\/wp-json\/wp\/v2\/pages\/1760\/revisions\/3697"}],"wp:attachment":[{"href":"https:\/\/www.upo.es\/investiga\/HUM-680\/wp-json\/wp\/v2\/media?parent=1760"}],"curies":[{"name":"wp","href":"https:\/\/api.w.org\/{rel}","templated":true}]}}