{"id":1793,"date":"2023-11-29T18:26:51","date_gmt":"2023-11-29T18:26:51","guid":{"rendered":"https:\/\/www.upo.es\/investiga\/HUM-680\/?page_id=1793"},"modified":"2024-12-20T19:57:06","modified_gmt":"2024-12-20T19:57:06","slug":"cristina-bravo-lozano","status":"publish","type":"page","link":"https:\/\/www.upo.es\/investiga\/HUM-680\/cristina-bravo-lozano\/","title":{"rendered":"Cristina Bravo Lozano"},"content":{"rendered":"\t\t<div data-elementor-type=\"wp-page\" data-elementor-id=\"1793\" class=\"elementor elementor-1793\">\n\t\t\t\t\t\t<section class=\"elementor-section elementor-top-section elementor-element elementor-element-982ab50 elementor-section-full_width elementor-section-stretched elementor-section-height-default elementor-section-height-default\" data-id=\"982ab50\" data-element_type=\"section\" data-settings=\"{&quot;stretch_section&quot;:&quot;section-stretched&quot;,&quot;background_background&quot;:&quot;classic&quot;}\">\n\t\t\t\t\t\t<div class=\"elementor-container elementor-column-gap-default\">\n\t\t\t\t\t<div class=\"elementor-column elementor-col-100 elementor-top-column elementor-element elementor-element-b037a62\" data-id=\"b037a62\" data-element_type=\"column\">\n\t\t\t<div class=\"elementor-widget-wrap elementor-element-populated\">\n\t\t\t\t\t\t<div class=\"elementor-element elementor-element-6d3e566 elementor-widget elementor-widget-text-editor\" data-id=\"6d3e566\" data-element_type=\"widget\" data-widget_type=\"text-editor.default\">\n\t\t\t\t<div class=\"elementor-widget-container\">\n\t\t\t\t\t\t\t\t\t<p style=\"text-align: right;\"><em>Geometry<\/em>, Frans Floris (1557)<\/p>\t\t\t\t\t\t\t\t<\/div>\n\t\t\t\t<\/div>\n\t\t\t\t<div class=\"elementor-element elementor-element-fc4219a elementor-widget__width-initial elementor-widget elementor-widget-heading\" data-id=\"fc4219a\" data-element_type=\"widget\" data-widget_type=\"heading.default\">\n\t\t\t\t<div class=\"elementor-widget-container\">\n\t\t\t\t\t<h2 class=\"elementor-heading-title elementor-size-default\">Estudios sobre Europa, <br>el mundo mediterr\u00e1neo<br>y su difusi\u00f3n atl\u00e1ntica<br>(HUM 680)<\/h2>\t\t\t\t<\/div>\n\t\t\t\t<\/div>\n\t\t\t\t\t<\/div>\n\t\t<\/div>\n\t\t\t\t\t<\/div>\n\t\t<\/section>\n\t\t\t\t<section class=\"elementor-section elementor-top-section elementor-element elementor-element-b8b8831 elementor-section-boxed elementor-section-height-default elementor-section-height-default\" data-id=\"b8b8831\" data-element_type=\"section\">\n\t\t\t\t\t\t<div class=\"elementor-container elementor-column-gap-default\">\n\t\t\t\t\t<div class=\"elementor-column elementor-col-100 elementor-top-column elementor-element elementor-element-d6763d4\" data-id=\"d6763d4\" data-element_type=\"column\">\n\t\t\t<div class=\"elementor-widget-wrap elementor-element-populated\">\n\t\t\t\t\t\t<div class=\"elementor-element elementor-element-a992c98 elementor-widget elementor-widget-heading\" data-id=\"a992c98\" data-element_type=\"widget\" data-widget_type=\"heading.default\">\n\t\t\t\t<div class=\"elementor-widget-container\">\n\t\t\t\t\t<h2 class=\"elementor-heading-title elementor-size-default\">Cristina Bravo Lozano<\/h2>\t\t\t\t<\/div>\n\t\t\t\t<\/div>\n\t\t\t\t\t<\/div>\n\t\t<\/div>\n\t\t\t\t\t<\/div>\n\t\t<\/section>\n\t\t\t\t<section class=\"elementor-section elementor-top-section elementor-element elementor-element-a00fe24 elementor-section-boxed elementor-section-height-default elementor-section-height-default\" data-id=\"a00fe24\" data-element_type=\"section\">\n\t\t\t\t\t\t<div class=\"elementor-container elementor-column-gap-default\">\n\t\t\t\t\t<div class=\"elementor-column elementor-col-50 elementor-top-column elementor-element elementor-element-92d64cd\" data-id=\"92d64cd\" data-element_type=\"column\" data-settings=\"{&quot;background_background&quot;:&quot;gradient&quot;}\">\n\t\t\t<div class=\"elementor-widget-wrap elementor-element-populated\">\n\t\t\t\t\t\t<div class=\"elementor-element elementor-element-7ef6ae9 elementor-widget elementor-widget-image\" data-id=\"7ef6ae9\" data-element_type=\"widget\" data-widget_type=\"image.default\">\n\t\t\t\t<div class=\"elementor-widget-container\">\n\t\t\t\t\t\t\t\t\t\t\t\t\t\t\t<img fetchpriority=\"high\" decoding=\"async\" width=\"750\" height=\"720\" src=\"https:\/\/www.upo.es\/investiga\/HUM-680\/wp-content\/uploads\/2023\/11\/cristina-1024x983.png\" class=\"attachment-large size-large wp-image-1600\" alt=\"\" srcset=\"https:\/\/www.upo.es\/investiga\/HUM-680\/wp-content\/uploads\/2023\/11\/cristina-1024x983.png 1024w, https:\/\/www.upo.es\/investiga\/HUM-680\/wp-content\/uploads\/2023\/11\/cristina-300x288.png 300w, https:\/\/www.upo.es\/investiga\/HUM-680\/wp-content\/uploads\/2023\/11\/cristina-768x738.png 768w, https:\/\/www.upo.es\/investiga\/HUM-680\/wp-content\/uploads\/2023\/11\/cristina.png 1110w\" sizes=\"(max-width: 750px) 100vw, 750px\" \/>\t\t\t\t\t\t\t\t\t\t\t\t\t\t\t<\/div>\n\t\t\t\t<\/div>\n\t\t\t\t\t<\/div>\n\t\t<\/div>\n\t\t\t\t<div class=\"elementor-column elementor-col-50 elementor-top-column elementor-element elementor-element-35effdb\" data-id=\"35effdb\" data-element_type=\"column\">\n\t\t\t<div class=\"elementor-widget-wrap elementor-element-populated\">\n\t\t\t\t\t\t<div class=\"elementor-element elementor-element-d9e5132 elementor-widget elementor-widget-text-editor\" data-id=\"d9e5132\" data-element_type=\"widget\" data-widget_type=\"text-editor.default\">\n\t\t\t\t<div class=\"elementor-widget-container\">\n\t\t\t\t\t\t\t\t\t<p style=\"text-align: justify;\">(Guadalajara, 1986). Licenciada en Historia, con calificaci\u00f3n final de Premio Extraordinario, por la Universidad de Alcal\u00e1 (2009), ha cursado el M\u00e1ster Interuniversitario en Estudios Avanzados \u201cMonarqu\u00eda de Espa\u00f1a, ss. XVI-XVIII\u201d. Especialidad Investigaci\u00f3n (ANECA 2011-00024) en la Universidad Aut\u00f3noma de Madrid (2010) y el M\u00e1ster en Formaci\u00f3n del Profesorado. Especialidad Geograf\u00eda e Historia por la Universidad de Alcal\u00e1 (2012). Durante los cursos acad\u00e9micos 2010-2014 se benefici\u00f3 del Programa Propio para la Formaci\u00f3n del Personal Investigador de la Universidad Aut\u00f3noma de Madrid, en correlaci\u00f3n con su doctorado en Historia Moderna. Su tesis mereci\u00f3 la calificaci\u00f3n de Sobresaliente cum laude por unanimidad, con menci\u00f3n internacional por las Universidades Aut\u00f3noma de Madrid y de Cantabria (2014). Sus l\u00edneas de investigaci\u00f3n se orientan hacia el estudio de las relaciones entre la monarqu\u00eda de Espa\u00f1a y los \u00faltimos Estuardo durante la segunda mitad del siglo XVII y principios del siglo XVIII, los v\u00ednculos religiosos y culturales entre la pen\u00ednsula Ib\u00e9rica e Irlanda a lo largo del Seiscientos, la actividad diplom\u00e1tica de las embajadas espa\u00f1olas en Londres, La Haya, Copenhague y Hamburgo, as\u00ed como la pol\u00edtica confesional de Carlos II en el Norte de Europa, objeto de estudio en sus contratos postdoctorales Juan de la Cierva-Formaci\u00f3n (FJCI-2014-21225) en la Universidad Pablo de Olavide (2015-2017) y Juan de la Cierva-Incorporaci\u00f3n (IJCI-2016-30430) en la Universidad Aut\u00f3noma de Madrid (2018-2019). En la actualidad, es investigadora Tom\u00e1s y Valiente en el Madrid Institute for Advanced Study (MIAS), centro mixto UAM-Casa de Vel\u00e1zquez y miembro de las redes NETIAS y UBIAS, con el proyecto \u201cMonopolio, competencia y defensa territorial. La monarqu\u00eda de Espa\u00f1a ante el establecimiento escoc\u00e9s en Dari\u00e9n, 1695-1700\u201d. Gracias a esta experiencia postdoctoral ha consolidado sus l\u00edneas de investigaci\u00f3n sobre las relaciones hispano-irlandesas en el siglo XVII, la actividad diplom\u00e1tica y la pol\u00edtica confesional espa\u00f1ola en el Norte de Europa, y su respuesta ante la expansi\u00f3n escocesa en Am\u00e9rica.<\/p><p style=\"text-align: justify;\">Es autora de la monograf\u00eda <em>Spain and the Irish Mission, 1609-1707<\/em> (Routledge, 2019). Resultado de su tesis doctoral, esta investigaci\u00f3n sit\u00faa la Misi\u00f3n de Irlanda dentro de la estrategia pol\u00edtica y confesional de la monarqu\u00eda de Espa\u00f1a para la <em>conservaci\u00f3n<\/em> del catolicismo <em>brit\u00e1nico<\/em>. Adem\u00e1s de la coedici\u00f3n de 11 libros -5 en prensa-, ha coordinado 4 monogr\u00e1ficos de revista en <em>Hispania<\/em>, <em>Cheiron<\/em>, <em>Revista Complutense de Historia de Am\u00e9rica <\/em>y <em>Mo.Do. digitale<\/em>. Los 25 art\u00edculos cient\u00edficos en revistas indexadas ofrecen una novedosa interpretaci\u00f3n del proselitismo de las capillas diplom\u00e1ticas y los aspectos protocolarios, jurisdiccionales y de inmunidad de las embajadas en Madrid y el Norte de Europa; o pol\u00edticas celebraciones cortesanas por los \u00e9xitos de la Casa de Austria. Cuenta con 23 cap\u00edtulos de libro en editoriales recogidas en SPI donde aborda la diplomacia, el ceremonial, el papel pol\u00edtico de la mujer y aspectos culturales que replantean la postura internacional de la monarqu\u00eda de Espa\u00f1a bajo Carlos II.<\/p><p style=\"text-align: justify;\">Estos resultados se han alcanzado gracias a la docena de estancias predoctorales y postdoctorales que ha desarrollado en Europa y Am\u00e9rica. Su labor de investigaci\u00f3n se ha desarrollado en el marco de distintos proyectos nacionales, auton\u00f3micos, europeos e internacionales, as\u00ed como las actividades de Ayudas Hispanex (MECD). Su capacidad de gesti\u00f3n viene avalada por la participaci\u00f3n en el proyecto europeo RISE como miembro del <em>Manager Support Team <\/em>de \u201cFailure: Reversing the Genealogies of Unsuccess, 16th-19th centuries (Grant Agreement No. 823998. European Commision, H2020-MSCA-RISE-2018) y WP leader del WP 5 dedicado a la comunicaci\u00f3n y difusi\u00f3n cient\u00edfica. Su liderazgo de equipos de trabajo se observa en la direcci\u00f3n (IP), del Proyecto de J\u00f3venes Investigadores de la Comunidad de Madrid, \u201cReloj de Indias: la proyecci\u00f3n europea en el Atl\u00e1ntico, 1665-1700\u201d (SI1-PJI-2019-00270) y la codirecci\u00f3n (CoIP), junto a Manuel Herrero, del proyecto del Plan Nacional ATLANREX \u201cUna monarqu\u00eda polic\u00e9ntrica de rep\u00fablicas urbanas ante la rivalidad europea en el Atl\u00e1ntico ib\u00e9rico (1640-1713)\u201d (PID2022-14501NB-I00). Los resultados se han presentado en m\u00e1s de medio centenar de foros nacionales e internacionales. Esta actividad se ha visto complementada con la organizaci\u00f3n y secretar\u00eda de m\u00e1s de una treintena de seminarios y congresos, dentro y fuera de Espa\u00f1a. Todo ello, le ha permitido obtener 1 sexenio de investigaci\u00f3n (2015-2021).<\/p><p style=\"text-align: justify;\">Ha desarrollado una intensa actividad docente en distintas universidades espa\u00f1olas y extranjeras, incluyendo estancias Erasmus+ KA103 (Mil\u00e1n y Lovaina), docencia para mayores, la coordinaci\u00f3n y colaboraci\u00f3n en distintos proyectos de innovaci\u00f3n docente, la participaci\u00f3n como miembro del proyecto Erasmus+ Strategic Partnership \u201cTeaching European History in the 21st century\u201d (2019-1-NL01-KA203-060532), la asistencia a m\u00e1s de una treintena de cursos de Formaci\u00f3n Docente (UPO y UAM) y la obtenci\u00f3n del T\u00edtulo de Experta en Docencia Universitaria (UAM, 2020). Su capacidad para la supervisi\u00f3n acad\u00e9mica y seguimiento formativo del alumnado viene determinada por la coordinaci\u00f3n de las Pr\u00e1cticas Externas en el Grado de Historia (UAM), la direcci\u00f3n de 12 TFM -7 en cotutela-, 4 TFG -2 en cotutela- y la codirecci\u00f3n de 3 tesis doctorales en curso.<\/p><p style=\"text-align: justify;\">Su vocaci\u00f3n por la diseminaci\u00f3n cient\u00edfica le llev\u00f3 a asumir entre 2019 y 2023 la direcci\u00f3n de <em>Tiempos Modernos. Revista electr\u00f3nica de Historia Moderna<\/em>, pionera en Espa\u00f1a en publicar en Open Access. Es rese\u00f1able su inter\u00e9s por fomentar la transferencia a la sociedad mediante la publicaci\u00f3n de distintos art\u00edculos y la coordinaci\u00f3n de un dossier en <em>La Aventura de la Historia<\/em>, as\u00ed como la adaptaci\u00f3n y el art\u00edculo explicativo del tablero \u201cEl juego de la paz\u201d, publicado por <em>Desperta Ferro<\/em>; la organizaci\u00f3n de una recreaci\u00f3n hist\u00f3rica en la <em>Feria de la Historia<\/em> (Sevilla, 2016), colaboraciones radiof\u00f3nicas en el programa <em>Gran Repertorio<\/em> de Radio Cl\u00e1sica (RNE), y co-comisariar la exposici\u00f3n <em>Testigo de la Historia. Yunquera, 1669-1677<\/em> (Yunquera de Henares, 2019-2020).<\/p>\t\t\t\t\t\t\t\t<\/div>\n\t\t\t\t<\/div>\n\t\t\t\t<section class=\"elementor-section elementor-inner-section elementor-element elementor-element-1864dfe elementor-section-boxed elementor-section-height-default elementor-section-height-default\" data-id=\"1864dfe\" data-element_type=\"section\">\n\t\t\t\t\t\t<div class=\"elementor-container elementor-column-gap-default\">\n\t\t\t\t\t<div class=\"elementor-column elementor-col-33 elementor-inner-column elementor-element elementor-element-26ac97c\" data-id=\"26ac97c\" data-element_type=\"column\">\n\t\t\t<div class=\"elementor-widget-wrap elementor-element-populated\">\n\t\t\t\t\t\t<section class=\"elementor-section elementor-inner-section elementor-element elementor-element-c37eabf elementor-section-boxed elementor-section-height-default elementor-section-height-default\" data-id=\"c37eabf\" data-element_type=\"section\">\n\t\t\t\t\t\t<div class=\"elementor-container elementor-column-gap-default\">\n\t\t\t\t\t<div class=\"elementor-column elementor-col-50 elementor-inner-column elementor-element elementor-element-0f0427d\" data-id=\"0f0427d\" data-element_type=\"column\">\n\t\t\t<div class=\"elementor-widget-wrap elementor-element-populated\">\n\t\t\t\t\t\t<div class=\"elementor-element elementor-element-733bff7 elementor-widget elementor-widget-image\" data-id=\"733bff7\" data-element_type=\"widget\" data-widget_type=\"image.default\">\n\t\t\t\t<div class=\"elementor-widget-container\">\n\t\t\t\t\t\t\t\t\t\t\t\t\t\t\t\t<a href=\"https:\/\/scholar.google.com\/citations?user=oC1b_foAAAAJ\">\n\t\t\t\t\t\t\t<img decoding=\"async\" width=\"150\" height=\"150\" src=\"https:\/\/www.upo.es\/investiga\/HUM-680\/wp-content\/uploads\/2023\/11\/Google_Scholar_logo.svg-150x150.png\" class=\"elementor-animation-grow attachment-thumbnail size-thumbnail wp-image-2063\" alt=\"\" srcset=\"https:\/\/www.upo.es\/investiga\/HUM-680\/wp-content\/uploads\/2023\/11\/Google_Scholar_logo.svg-150x150.png 150w, https:\/\/www.upo.es\/investiga\/HUM-680\/wp-content\/uploads\/2023\/11\/Google_Scholar_logo.svg-300x300.png 300w, https:\/\/www.upo.es\/investiga\/HUM-680\/wp-content\/uploads\/2023\/11\/Google_Scholar_logo.svg-1024x1024.png 1024w, https:\/\/www.upo.es\/investiga\/HUM-680\/wp-content\/uploads\/2023\/11\/Google_Scholar_logo.svg-768x768.png 768w, https:\/\/www.upo.es\/investiga\/HUM-680\/wp-content\/uploads\/2023\/11\/Google_Scholar_logo.svg-1536x1536.png 1536w, https:\/\/www.upo.es\/investiga\/HUM-680\/wp-content\/uploads\/2023\/11\/Google_Scholar_logo.svg.png 2048w\" sizes=\"(max-width: 150px) 100vw, 150px\" \/>\t\t\t\t\t\t\t\t<\/a>\n\t\t\t\t\t\t\t\t\t\t\t\t\t\t\t<\/div>\n\t\t\t\t<\/div>\n\t\t\t\t\t<\/div>\n\t\t<\/div>\n\t\t\t\t<div class=\"elementor-column elementor-col-50 elementor-inner-column elementor-element elementor-element-f67e4f1\" data-id=\"f67e4f1\" data-element_type=\"column\">\n\t\t\t<div class=\"elementor-widget-wrap elementor-element-populated\">\n\t\t\t\t\t\t<div class=\"elementor-element elementor-element-cb7fba9 elementor-widget elementor-widget-image\" data-id=\"cb7fba9\" data-element_type=\"widget\" data-widget_type=\"image.default\">\n\t\t\t\t<div class=\"elementor-widget-container\">\n\t\t\t\t\t\t\t\t\t\t\t\t\t\t\t\t<a href=\"https:\/\/uam.academia.edu\/CristinaBravoLozano\">\n\t\t\t\t\t\t\t<img decoding=\"async\" width=\"360\" height=\"270\" src=\"https:\/\/www.upo.es\/investiga\/HUM-680\/wp-content\/uploads\/2023\/11\/1_wnzfchY0lc5EIUoOPENhTw.png\" class=\"elementor-animation-grow attachment-large size-large wp-image-2056\" alt=\"\" srcset=\"https:\/\/www.upo.es\/investiga\/HUM-680\/wp-content\/uploads\/2023\/11\/1_wnzfchY0lc5EIUoOPENhTw.png 360w, https:\/\/www.upo.es\/investiga\/HUM-680\/wp-content\/uploads\/2023\/11\/1_wnzfchY0lc5EIUoOPENhTw-300x225.png 300w\" sizes=\"(max-width: 360px) 100vw, 360px\" \/>\t\t\t\t\t\t\t\t<\/a>\n\t\t\t\t\t\t\t\t\t\t\t\t\t\t\t<\/div>\n\t\t\t\t<\/div>\n\t\t\t\t\t<\/div>\n\t\t<\/div>\n\t\t\t\t\t<\/div>\n\t\t<\/section>\n\t\t\t\t\t<\/div>\n\t\t<\/div>\n\t\t\t\t<div class=\"elementor-column elementor-col-33 elementor-inner-column elementor-element elementor-element-b8dff30\" data-id=\"b8dff30\" data-element_type=\"column\">\n\t\t\t<div class=\"elementor-widget-wrap elementor-element-populated\">\n\t\t\t\t\t\t<section class=\"elementor-section elementor-inner-section elementor-element elementor-element-632c442 elementor-section-boxed elementor-section-height-default elementor-section-height-default\" data-id=\"632c442\" data-element_type=\"section\">\n\t\t\t\t\t\t<div class=\"elementor-container elementor-column-gap-default\">\n\t\t\t\t\t<div class=\"elementor-column elementor-col-100 elementor-inner-column elementor-element elementor-element-b0b98cd\" data-id=\"b0b98cd\" data-element_type=\"column\">\n\t\t\t<div class=\"elementor-widget-wrap elementor-element-populated\">\n\t\t\t\t\t\t<div class=\"elementor-element elementor-element-92e4f68 elementor-widget elementor-widget-image\" data-id=\"92e4f68\" data-element_type=\"widget\" data-widget_type=\"image.default\">\n\t\t\t\t<div class=\"elementor-widget-container\">\n\t\t\t\t\t\t\t\t\t\t\t\t\t\t\t\t<a href=\"https:\/\/portalcientifico.uam.es\/es\/ipublic\/researcher\/264583\">\n\t\t\t\t\t\t\t<img loading=\"lazy\" decoding=\"async\" width=\"481\" height=\"481\" src=\"https:\/\/www.upo.es\/investiga\/HUM-680\/wp-content\/uploads\/2023\/11\/UAM_logo_grande.png\" class=\"elementor-animation-grow attachment-large size-large wp-image-2061\" alt=\"\" srcset=\"https:\/\/www.upo.es\/investiga\/HUM-680\/wp-content\/uploads\/2023\/11\/UAM_logo_grande.png 481w, https:\/\/www.upo.es\/investiga\/HUM-680\/wp-content\/uploads\/2023\/11\/UAM_logo_grande-300x300.png 300w, https:\/\/www.upo.es\/investiga\/HUM-680\/wp-content\/uploads\/2023\/11\/UAM_logo_grande-150x150.png 150w\" sizes=\"(max-width: 481px) 100vw, 481px\" \/>\t\t\t\t\t\t\t\t<\/a>\n\t\t\t\t\t\t\t\t\t\t\t\t\t\t\t<\/div>\n\t\t\t\t<\/div>\n\t\t\t\t\t<\/div>\n\t\t<\/div>\n\t\t\t\t\t<\/div>\n\t\t<\/section>\n\t\t\t\t\t<\/div>\n\t\t<\/div>\n\t\t\t\t<div class=\"elementor-column elementor-col-33 elementor-inner-column elementor-element elementor-element-ed5f239\" data-id=\"ed5f239\" data-element_type=\"column\">\n\t\t\t<div class=\"elementor-widget-wrap elementor-element-populated\">\n\t\t\t\t\t\t<section class=\"elementor-section elementor-inner-section elementor-element elementor-element-da1fef4 elementor-section-boxed elementor-section-height-default elementor-section-height-default\" data-id=\"da1fef4\" data-element_type=\"section\">\n\t\t\t\t\t\t<div class=\"elementor-container elementor-column-gap-default\">\n\t\t\t\t\t<div class=\"elementor-column elementor-col-50 elementor-inner-column elementor-element elementor-element-ae85773\" data-id=\"ae85773\" data-element_type=\"column\">\n\t\t\t<div class=\"elementor-widget-wrap elementor-element-populated\">\n\t\t\t\t\t\t<div class=\"elementor-element elementor-element-2e4b2eb elementor-widget elementor-widget-image\" data-id=\"2e4b2eb\" data-element_type=\"widget\" data-widget_type=\"image.default\">\n\t\t\t\t<div class=\"elementor-widget-container\">\n\t\t\t\t\t\t\t\t\t\t\t\t\t\t\t\t<a href=\"https:\/\/orcid.org\/0000-0001-9919-1270\">\n\t\t\t\t\t\t\t<img loading=\"lazy\" decoding=\"async\" width=\"150\" height=\"150\" src=\"https:\/\/www.upo.es\/investiga\/HUM-680\/wp-content\/uploads\/2023\/11\/logo-ORCID-150x150.png\" class=\"elementor-animation-grow attachment-thumbnail size-thumbnail wp-image-2059\" alt=\"\" srcset=\"https:\/\/www.upo.es\/investiga\/HUM-680\/wp-content\/uploads\/2023\/11\/logo-ORCID-150x150.png 150w, https:\/\/www.upo.es\/investiga\/HUM-680\/wp-content\/uploads\/2023\/11\/logo-ORCID-300x300.png 300w, https:\/\/www.upo.es\/investiga\/HUM-680\/wp-content\/uploads\/2023\/11\/logo-ORCID-768x768.png 768w, https:\/\/www.upo.es\/investiga\/HUM-680\/wp-content\/uploads\/2023\/11\/logo-ORCID.png 800w\" sizes=\"(max-width: 150px) 100vw, 150px\" \/>\t\t\t\t\t\t\t\t<\/a>\n\t\t\t\t\t\t\t\t\t\t\t\t\t\t\t<\/div>\n\t\t\t\t<\/div>\n\t\t\t\t\t<\/div>\n\t\t<\/div>\n\t\t\t\t<div class=\"elementor-column elementor-col-50 elementor-inner-column elementor-element elementor-element-a5de2a4\" data-id=\"a5de2a4\" data-element_type=\"column\">\n\t\t\t<div class=\"elementor-widget-wrap elementor-element-populated\">\n\t\t\t\t\t\t<div class=\"elementor-element elementor-element-ae113c4 elementor-widget elementor-widget-image\" data-id=\"ae113c4\" data-element_type=\"widget\" data-widget_type=\"image.default\">\n\t\t\t\t<div class=\"elementor-widget-container\">\n\t\t\t\t\t\t\t\t\t\t\t\t\t\t\t\t<a href=\"https:\/\/dialnet.unirioja.es\/servlet\/autor?codigo=3226307\">\n\t\t\t\t\t\t\t<img loading=\"lazy\" decoding=\"async\" width=\"150\" height=\"150\" src=\"https:\/\/www.upo.es\/investiga\/HUM-680\/wp-content\/uploads\/2023\/11\/dialnet-logo-150x150.png\" class=\"elementor-animation-grow attachment-thumbnail size-thumbnail wp-image-2057\" alt=\"\" srcset=\"https:\/\/www.upo.es\/investiga\/HUM-680\/wp-content\/uploads\/2023\/11\/dialnet-logo-150x150.png 150w, https:\/\/www.upo.es\/investiga\/HUM-680\/wp-content\/uploads\/2023\/11\/dialnet-logo-300x300.png 300w, https:\/\/www.upo.es\/investiga\/HUM-680\/wp-content\/uploads\/2023\/11\/dialnet-logo.png 400w\" sizes=\"(max-width: 150px) 100vw, 150px\" \/>\t\t\t\t\t\t\t\t<\/a>\n\t\t\t\t\t\t\t\t\t\t\t\t\t\t\t<\/div>\n\t\t\t\t<\/div>\n\t\t\t\t\t<\/div>\n\t\t<\/div>\n\t\t\t\t\t<\/div>\n\t\t<\/section>\n\t\t\t\t\t<\/div>\n\t\t<\/div>\n\t\t\t\t\t<\/div>\n\t\t<\/section>\n\t\t\t\t\t<\/div>\n\t\t<\/div>\n\t\t\t\t\t<\/div>\n\t\t<\/section>\n\t\t\t\t<\/div>\n\t\t","protected":false},"excerpt":{"rendered":"<p>Geometry, Frans Floris (1557) Estudios sobre Europa, el mundo mediterr\u00e1neoy su difusi\u00f3n atl\u00e1ntica(HUM 680) Cristina Bravo Lozano (Guadalajara, 1986). Licenciada en Historia, con calificaci\u00f3n final de Premio Extraordinario, por la Universidad de Alcal\u00e1 (2009), ha cursado el M\u00e1ster Interuniversitario en Estudios Avanzados \u201cMonarqu\u00eda de Espa\u00f1a, ss. XVI-XVIII\u201d. Especialidad Investigaci\u00f3n (ANECA [&hellip;]<\/p>\n","protected":false},"author":1,"featured_media":0,"parent":0,"menu_order":0,"comment_status":"closed","ping_status":"closed","template":"page-templates\/template-pagebuilder-full-width.php","meta":{"footnotes":""},"_links":{"self":[{"href":"https:\/\/www.upo.es\/investiga\/HUM-680\/wp-json\/wp\/v2\/pages\/1793"}],"collection":[{"href":"https:\/\/www.upo.es\/investiga\/HUM-680\/wp-json\/wp\/v2\/pages"}],"about":[{"href":"https:\/\/www.upo.es\/investiga\/HUM-680\/wp-json\/wp\/v2\/types\/page"}],"author":[{"embeddable":true,"href":"https:\/\/www.upo.es\/investiga\/HUM-680\/wp-json\/wp\/v2\/users\/1"}],"replies":[{"embeddable":true,"href":"https:\/\/www.upo.es\/investiga\/HUM-680\/wp-json\/wp\/v2\/comments?post=1793"}],"version-history":[{"count":37,"href":"https:\/\/www.upo.es\/investiga\/HUM-680\/wp-json\/wp\/v2\/pages\/1793\/revisions"}],"predecessor-version":[{"id":3719,"href":"https:\/\/www.upo.es\/investiga\/HUM-680\/wp-json\/wp\/v2\/pages\/1793\/revisions\/3719"}],"wp:attachment":[{"href":"https:\/\/www.upo.es\/investiga\/HUM-680\/wp-json\/wp\/v2\/media?parent=1793"}],"curies":[{"name":"wp","href":"https:\/\/api.w.org\/{rel}","templated":true}]}}